{"id":2481,"date":"2020-04-18T16:03:27","date_gmt":"2020-04-18T16:03:27","guid":{"rendered":"https:\/\/costanatura41.com\/whirlpool\/"},"modified":"2025-05-26T15:38:19","modified_gmt":"2025-05-26T15:38:19","slug":"jacuzzi","status":"publish","type":"page","link":"https:\/\/costanatura41.com\/de\/der-urlaubsort\/jacuzzi\/","title":{"rendered":"Whirlpool"},"content":{"rendered":"\n<p>Der Jacuzzi befindet sich neben dem Pool mit einem tollen Blick auf das Meer und ist das ganze Jahr \u00fcber ge\u00f6ffnet.<\/p>\n\n\n\n<!--more details anzeigen-->\n\n\n\n<p>Hinweis: Badeanz\u00fcge sind im Jacuzzi nicht erlaubt.<\/p>\n","protected":false},"excerpt":{"rendered":"<p>Der Jacuzzi befindet sich neben dem Pool mit einem tollen Blick auf das Meer und ist das ganze Jahr \u00fcber ge\u00f6ffnet.<\/p>\n","protected":false},"author":7,"featured_media":3866,"parent":2484,"menu_order":4,"comment_status":"closed","ping_status":"closed","template":"template-boxed-page.php","meta":{"_monsterinsights_skip_tracking":false,"_monsterinsights_sitenote_active":false,"_monsterinsights_sitenote_note":"","_monsterinsights_sitenote_category":0,"jetpack_post_was_ever_published":false,"footnotes":""},"class_list":["post-2481","page","type-page","status-publish","has-post-thumbnail","hentry"],"yoast_head":"<!-- This site is optimized with the Yoast SEO plugin v27.3 - https:\/\/yoast.com\/product\/yoast-seo-wordpress\/ -->\n<title>Whirlpool - COSTANATURA 41<\/title>\n<meta name=\"robots\" content=\"index, follow, max-snippet:-1, max-image-preview:large, max-video-preview:-1\" \/>\n<link rel=\"canonical\" href=\"https:\/\/costanatura41.com\/de\/der-urlaubsort\/jacuzzi\/\" \/>\n<meta property=\"og:locale\" content=\"de_DE\" \/>\n<meta property=\"og:type\" content=\"article\" \/>\n<meta property=\"og:title\" content=\"Whirlpool - COSTANATURA 41\" \/>\n<meta property=\"og:description\" content=\"Der Jacuzzi befindet sich neben dem Pool mit einem tollen Blick auf das Meer und ist das ganze Jahr \u00fcber ge\u00f6ffnet.\" \/>\n<meta property=\"og:url\" content=\"https:\/\/costanatura41.com\/de\/der-urlaubsort\/jacuzzi\/\" \/>\n<meta property=\"og:site_name\" content=\"COSTANATURA 41\" \/>\n<meta property=\"article:modified_time\" content=\"2025-05-26T15:38:19+00:00\" \/>\n<meta property=\"og:image\" content=\"https:\/\/costanatura41.com\/wp-content\/uploads\/sites\/18\/2025\/05\/costanatura-jacuzzi-view-7.jpg\" \/>\n\t<meta property=\"og:image:width\" content=\"1280\" \/>\n\t<meta property=\"og:image:height\" content=\"960\" \/>\n\t<meta property=\"og:image:type\" content=\"image\/jpeg\" \/>\n<meta name=\"twitter:card\" content=\"summary_large_image\" \/>\n<meta name=\"twitter:label1\" content=\"Gesch\u00e4tzte Lesezeit\" \/>\n\t<meta name=\"twitter:data1\" content=\"1 Minute\" \/>\n<script type=\"application\/ld+json\" class=\"yoast-schema-graph\">{\"@context\":\"https:\\\/\\\/schema.org\",\"@graph\":[{\"@type\":\"WebPage\",\"@id\":\"https:\\\/\\\/costanatura41.com\\\/de\\\/der-urlaubsort\\\/jacuzzi\\\/\",\"url\":\"https:\\\/\\\/costanatura41.com\\\/de\\\/der-urlaubsort\\\/jacuzzi\\\/\",\"name\":\"Whirlpool - COSTANATURA 41\",\"isPartOf\":{\"@id\":\"https:\\\/\\\/costanatura41.com\\\/de\\\/#website\"},\"primaryImageOfPage\":{\"@id\":\"https:\\\/\\\/costanatura41.com\\\/de\\\/der-urlaubsort\\\/jacuzzi\\\/#primaryimage\"},\"image\":{\"@id\":\"https:\\\/\\\/costanatura41.com\\\/de\\\/der-urlaubsort\\\/jacuzzi\\\/#primaryimage\"},\"thumbnailUrl\":\"https:\\\/\\\/i0.wp.com\\\/costanatura41.com\\\/wp-content\\\/uploads\\\/sites\\\/18\\\/2025\\\/05\\\/costanatura-jacuzzi-view-7.jpg?fit=1280%2C960&ssl=1\",\"datePublished\":\"2020-04-18T16:03:27+00:00\",\"dateModified\":\"2025-05-26T15:38:19+00:00\",\"breadcrumb\":{\"@id\":\"https:\\\/\\\/costanatura41.com\\\/de\\\/der-urlaubsort\\\/jacuzzi\\\/#breadcrumb\"},\"inLanguage\":\"de-DE\",\"potentialAction\":[{\"@type\":\"ReadAction\",\"target\":[\"https:\\\/\\\/costanatura41.com\\\/de\\\/der-urlaubsort\\\/jacuzzi\\\/\"]}]},{\"@type\":\"ImageObject\",\"inLanguage\":\"de-DE\",\"@id\":\"https:\\\/\\\/costanatura41.com\\\/de\\\/der-urlaubsort\\\/jacuzzi\\\/#primaryimage\",\"url\":\"https:\\\/\\\/i0.wp.com\\\/costanatura41.com\\\/wp-content\\\/uploads\\\/sites\\\/18\\\/2025\\\/05\\\/costanatura-jacuzzi-view-7.jpg?fit=1280%2C960&ssl=1\",\"contentUrl\":\"https:\\\/\\\/i0.wp.com\\\/costanatura41.com\\\/wp-content\\\/uploads\\\/sites\\\/18\\\/2025\\\/05\\\/costanatura-jacuzzi-view-7.jpg?fit=1280%2C960&ssl=1\",\"width\":1280,\"height\":960},{\"@type\":\"BreadcrumbList\",\"@id\":\"https:\\\/\\\/costanatura41.com\\\/de\\\/der-urlaubsort\\\/jacuzzi\\\/#breadcrumb\",\"itemListElement\":[{\"@type\":\"ListItem\",\"position\":1,\"name\":\"Home\",\"item\":\"https:\\\/\\\/costanatura41.com\\\/de\\\/\"},{\"@type\":\"ListItem\",\"position\":2,\"name\":\"Das Resort\",\"item\":\"https:\\\/\\\/costanatura41.com\\\/de\\\/der-urlaubsort\\\/\"},{\"@type\":\"ListItem\",\"position\":3,\"name\":\"Whirlpool\"}]},{\"@type\":\"WebSite\",\"@id\":\"https:\\\/\\\/costanatura41.com\\\/de\\\/#website\",\"url\":\"https:\\\/\\\/costanatura41.com\\\/de\\\/\",\"name\":\"Costanatura 41\",\"description\":\"Naturist Holiday Rent\",\"publisher\":{\"@id\":\"https:\\\/\\\/costanatura41.com\\\/de\\\/#organization\"},\"potentialAction\":[{\"@type\":\"SearchAction\",\"target\":{\"@type\":\"EntryPoint\",\"urlTemplate\":\"https:\\\/\\\/costanatura41.com\\\/de\\\/?s={search_term_string}\"},\"query-input\":{\"@type\":\"PropertyValueSpecification\",\"valueRequired\":true,\"valueName\":\"search_term_string\"}}],\"inLanguage\":\"de-DE\"},{\"@type\":\"Organization\",\"@id\":\"https:\\\/\\\/costanatura41.com\\\/de\\\/#organization\",\"name\":\"Costa Natura Apartment 41\",\"url\":\"https:\\\/\\\/costanatura41.com\\\/de\\\/\",\"logo\":{\"@type\":\"ImageObject\",\"inLanguage\":\"de-DE\",\"@id\":\"https:\\\/\\\/costanatura41.com\\\/de\\\/#\\\/schema\\\/logo\\\/image\\\/\",\"url\":\"\",\"contentUrl\":\"\",\"caption\":\"Costa Natura Apartment 41\"},\"image\":{\"@id\":\"https:\\\/\\\/costanatura41.com\\\/de\\\/#\\\/schema\\\/logo\\\/image\\\/\"}}]}<\/script>\n<!-- \/ Yoast SEO plugin. -->","yoast_head_json":{"title":"Whirlpool - COSTANATURA 41","robots":{"index":"index","follow":"follow","max-snippet":"max-snippet:-1","max-image-preview":"max-image-preview:large","max-video-preview":"max-video-preview:-1"},"canonical":"https:\/\/costanatura41.com\/de\/der-urlaubsort\/jacuzzi\/","og_locale":"de_DE","og_type":"article","og_title":"Whirlpool - COSTANATURA 41","og_description":"Der Jacuzzi befindet sich neben dem Pool mit einem tollen Blick auf das Meer und ist das ganze Jahr \u00fcber ge\u00f6ffnet.","og_url":"https:\/\/costanatura41.com\/de\/der-urlaubsort\/jacuzzi\/","og_site_name":"COSTANATURA 41","article_modified_time":"2025-05-26T15:38:19+00:00","og_image":[{"width":1280,"height":960,"url":"https:\/\/costanatura41.com\/wp-content\/uploads\/sites\/18\/2025\/05\/costanatura-jacuzzi-view-7.jpg","type":"image\/jpeg"}],"twitter_card":"summary_large_image","twitter_misc":{"Gesch\u00e4tzte Lesezeit":"1 Minute"},"schema":{"@context":"https:\/\/schema.org","@graph":[{"@type":"WebPage","@id":"https:\/\/costanatura41.com\/de\/der-urlaubsort\/jacuzzi\/","url":"https:\/\/costanatura41.com\/de\/der-urlaubsort\/jacuzzi\/","name":"Whirlpool - COSTANATURA 41","isPartOf":{"@id":"https:\/\/costanatura41.com\/de\/#website"},"primaryImageOfPage":{"@id":"https:\/\/costanatura41.com\/de\/der-urlaubsort\/jacuzzi\/#primaryimage"},"image":{"@id":"https:\/\/costanatura41.com\/de\/der-urlaubsort\/jacuzzi\/#primaryimage"},"thumbnailUrl":"https:\/\/i0.wp.com\/costanatura41.com\/wp-content\/uploads\/sites\/18\/2025\/05\/costanatura-jacuzzi-view-7.jpg?fit=1280%2C960&ssl=1","datePublished":"2020-04-18T16:03:27+00:00","dateModified":"2025-05-26T15:38:19+00:00","breadcrumb":{"@id":"https:\/\/costanatura41.com\/de\/der-urlaubsort\/jacuzzi\/#breadcrumb"},"inLanguage":"de-DE","potentialAction":[{"@type":"ReadAction","target":["https:\/\/costanatura41.com\/de\/der-urlaubsort\/jacuzzi\/"]}]},{"@type":"ImageObject","inLanguage":"de-DE","@id":"https:\/\/costanatura41.com\/de\/der-urlaubsort\/jacuzzi\/#primaryimage","url":"https:\/\/i0.wp.com\/costanatura41.com\/wp-content\/uploads\/sites\/18\/2025\/05\/costanatura-jacuzzi-view-7.jpg?fit=1280%2C960&ssl=1","contentUrl":"https:\/\/i0.wp.com\/costanatura41.com\/wp-content\/uploads\/sites\/18\/2025\/05\/costanatura-jacuzzi-view-7.jpg?fit=1280%2C960&ssl=1","width":1280,"height":960},{"@type":"BreadcrumbList","@id":"https:\/\/costanatura41.com\/de\/der-urlaubsort\/jacuzzi\/#breadcrumb","itemListElement":[{"@type":"ListItem","position":1,"name":"Home","item":"https:\/\/costanatura41.com\/de\/"},{"@type":"ListItem","position":2,"name":"Das Resort","item":"https:\/\/costanatura41.com\/de\/der-urlaubsort\/"},{"@type":"ListItem","position":3,"name":"Whirlpool"}]},{"@type":"WebSite","@id":"https:\/\/costanatura41.com\/de\/#website","url":"https:\/\/costanatura41.com\/de\/","name":"Costanatura 41","description":"Naturist Holiday Rent","publisher":{"@id":"https:\/\/costanatura41.com\/de\/#organization"},"potentialAction":[{"@type":"SearchAction","target":{"@type":"EntryPoint","urlTemplate":"https:\/\/costanatura41.com\/de\/?s={search_term_string}"},"query-input":{"@type":"PropertyValueSpecification","valueRequired":true,"valueName":"search_term_string"}}],"inLanguage":"de-DE"},{"@type":"Organization","@id":"https:\/\/costanatura41.com\/de\/#organization","name":"Costa Natura Apartment 41","url":"https:\/\/costanatura41.com\/de\/","logo":{"@type":"ImageObject","inLanguage":"de-DE","@id":"https:\/\/costanatura41.com\/de\/#\/schema\/logo\/image\/","url":"","contentUrl":"","caption":"Costa Natura Apartment 41"},"image":{"@id":"https:\/\/costanatura41.com\/de\/#\/schema\/logo\/image\/"}}]}},"jetpack_sharing_enabled":true,"jetpack_shortlink":"https:\/\/wp.me\/PaF7DC-E1","jetpack-related-posts":[{"id":25,"url":"https:\/\/costanatura41.com\/resort\/jacuzzi\/","url_meta":{"origin":2481,"position":0},"title":"Jacuzzi","author":"Costa Natura 41","date":"19. Juli 2018","format":false,"excerpt":"The jacuzzi is located next to the pool with a great view of the sea and is open all year round. Note: Swimsuits are not allowed in the jacuzzi.","rel":"","context":"\u00c4hnlicher Beitrag","block_context":{"text":"\u00c4hnlicher Beitrag","link":""},"img":{"alt_text":"","src":"https:\/\/i0.wp.com\/costanatura41.com\/wp-content\/uploads\/sites\/18\/2025\/05\/costanatura-jacuzzi-view-7.jpg?fit=1200%2C900&ssl=1&resize=350%2C200","width":350,"height":200,"srcset":"https:\/\/i0.wp.com\/costanatura41.com\/wp-content\/uploads\/sites\/18\/2025\/05\/costanatura-jacuzzi-view-7.jpg?fit=1200%2C900&ssl=1&resize=350%2C200 1x, https:\/\/i0.wp.com\/costanatura41.com\/wp-content\/uploads\/sites\/18\/2025\/05\/costanatura-jacuzzi-view-7.jpg?fit=1200%2C900&ssl=1&resize=525%2C300 1.5x, https:\/\/i0.wp.com\/costanatura41.com\/wp-content\/uploads\/sites\/18\/2025\/05\/costanatura-jacuzzi-view-7.jpg?fit=1200%2C900&ssl=1&resize=700%2C400 2x, https:\/\/i0.wp.com\/costanatura41.com\/wp-content\/uploads\/sites\/18\/2025\/05\/costanatura-jacuzzi-view-7.jpg?fit=1200%2C900&ssl=1&resize=1050%2C600 3x"},"classes":[]},{"id":2163,"url":"https:\/\/costanatura41.com\/es\/el-resort\/jacuzzi\/","url_meta":{"origin":2481,"position":1},"title":"Jacuzzi","author":"Costa Natura 41","date":"2. April 2020","format":false,"excerpt":"El jacuzzi est\u00e1 situado junto a la piscina con una gran vista al mar y est\u00e1 abierto todo el a\u00f1o. Nota: No se permiten trajes de ba\u00f1o en el jacuzzi.","rel":"","context":"\u00c4hnlicher Beitrag","block_context":{"text":"\u00c4hnlicher Beitrag","link":""},"img":{"alt_text":"","src":"https:\/\/i0.wp.com\/costanatura41.com\/wp-content\/uploads\/sites\/18\/2025\/05\/costanatura-jacuzzi-view-7.jpg?fit=1200%2C900&ssl=1&resize=350%2C200","width":350,"height":200,"srcset":"https:\/\/i0.wp.com\/costanatura41.com\/wp-content\/uploads\/sites\/18\/2025\/05\/costanatura-jacuzzi-view-7.jpg?fit=1200%2C900&ssl=1&resize=350%2C200 1x, https:\/\/i0.wp.com\/costanatura41.com\/wp-content\/uploads\/sites\/18\/2025\/05\/costanatura-jacuzzi-view-7.jpg?fit=1200%2C900&ssl=1&resize=525%2C300 1.5x, https:\/\/i0.wp.com\/costanatura41.com\/wp-content\/uploads\/sites\/18\/2025\/05\/costanatura-jacuzzi-view-7.jpg?fit=1200%2C900&ssl=1&resize=700%2C400 2x, https:\/\/i0.wp.com\/costanatura41.com\/wp-content\/uploads\/sites\/18\/2025\/05\/costanatura-jacuzzi-view-7.jpg?fit=1200%2C900&ssl=1&resize=1050%2C600 3x"},"classes":[]},{"id":2264,"url":"https:\/\/costanatura41.com\/fr\/le-resort\/jacuzzi\/","url_meta":{"origin":2481,"position":2},"title":"Jacuzzi","author":"Costa Natura 41","date":"11. April 2020","format":false,"excerpt":"Le jacuzzi est situ\u00e9 \u00e0 c\u00f4t\u00e9 de la piscine avec une vue imprenable sur la mer et est ouvert toute l\u2019ann\u00e9e. Remarque : Les maillots de bain ne sont pas autoris\u00e9s dans le jacuzzi.","rel":"","context":"\u00c4hnlicher Beitrag","block_context":{"text":"\u00c4hnlicher Beitrag","link":""},"img":{"alt_text":"","src":"https:\/\/i0.wp.com\/costanatura41.com\/wp-content\/uploads\/sites\/18\/2025\/05\/costanatura-jacuzzi-view-7.jpg?fit=1200%2C900&ssl=1&resize=350%2C200","width":350,"height":200,"srcset":"https:\/\/i0.wp.com\/costanatura41.com\/wp-content\/uploads\/sites\/18\/2025\/05\/costanatura-jacuzzi-view-7.jpg?fit=1200%2C900&ssl=1&resize=350%2C200 1x, https:\/\/i0.wp.com\/costanatura41.com\/wp-content\/uploads\/sites\/18\/2025\/05\/costanatura-jacuzzi-view-7.jpg?fit=1200%2C900&ssl=1&resize=525%2C300 1.5x, https:\/\/i0.wp.com\/costanatura41.com\/wp-content\/uploads\/sites\/18\/2025\/05\/costanatura-jacuzzi-view-7.jpg?fit=1200%2C900&ssl=1&resize=700%2C400 2x, https:\/\/i0.wp.com\/costanatura41.com\/wp-content\/uploads\/sites\/18\/2025\/05\/costanatura-jacuzzi-view-7.jpg?fit=1200%2C900&ssl=1&resize=1050%2C600 3x"},"classes":[]},{"id":3962,"url":"https:\/\/costanatura41.com\/de\/der-urlaubsort\/sauna-2\/","url_meta":{"origin":2481,"position":3},"title":"Sauna","author":"Costa Natura 41","date":"25. Mai 2025","format":false,"excerpt":"Die Sauna befindet sich in unmittelbarer N\u00e4he des Schwimmbeckens und verf\u00fcgt \u00fcber eine Glasfront, die einen beeindruckenden Ausblick auf das Schwimmbecken, den Jacuzzi, das Restaurant und nicht zuletzt das davor liegende Meer bietet. Es handelt sich um eine Wellnessecke direkt am Mittelmeer, eine einzigartige Erfahrung in Costa Natura.","rel":"","context":"\u00c4hnlicher Beitrag","block_context":{"text":"\u00c4hnlicher Beitrag","link":""},"img":{"alt_text":"","src":"https:\/\/i0.wp.com\/costanatura41.com\/wp-content\/uploads\/sites\/18\/2025\/05\/costanatura-sauna-view-2.jpg?fit=1200%2C900&ssl=1&resize=350%2C200","width":350,"height":200,"srcset":"https:\/\/i0.wp.com\/costanatura41.com\/wp-content\/uploads\/sites\/18\/2025\/05\/costanatura-sauna-view-2.jpg?fit=1200%2C900&ssl=1&resize=350%2C200 1x, https:\/\/i0.wp.com\/costanatura41.com\/wp-content\/uploads\/sites\/18\/2025\/05\/costanatura-sauna-view-2.jpg?fit=1200%2C900&ssl=1&resize=525%2C300 1.5x, https:\/\/i0.wp.com\/costanatura41.com\/wp-content\/uploads\/sites\/18\/2025\/05\/costanatura-sauna-view-2.jpg?fit=1200%2C900&ssl=1&resize=700%2C400 2x, https:\/\/i0.wp.com\/costanatura41.com\/wp-content\/uploads\/sites\/18\/2025\/05\/costanatura-sauna-view-2.jpg?fit=1200%2C900&ssl=1&resize=1050%2C600 3x"},"classes":[]},{"id":3944,"url":"https:\/\/costanatura41.com\/resort\/sauna\/","url_meta":{"origin":2481,"position":4},"title":"Sauna","author":"Costa Natura 41","date":"25. Mai 2025","format":false,"excerpt":"The sauna is located next to the swimming pool, with a glass front that offers great views of the pool, the jacuzzi, the restaurant, and \u2014 not least \u2014 the sea in front. It\u2019s a wellness corner right in front of the Mediterranean Sea, a unique experience at Costa Natura.","rel":"","context":"\u00c4hnlicher Beitrag","block_context":{"text":"\u00c4hnlicher Beitrag","link":""},"img":{"alt_text":"","src":"https:\/\/i0.wp.com\/costanatura41.com\/wp-content\/uploads\/sites\/18\/2025\/05\/costanatura-sauna-view-2.jpg?fit=1200%2C900&ssl=1&resize=350%2C200","width":350,"height":200,"srcset":"https:\/\/i0.wp.com\/costanatura41.com\/wp-content\/uploads\/sites\/18\/2025\/05\/costanatura-sauna-view-2.jpg?fit=1200%2C900&ssl=1&resize=350%2C200 1x, https:\/\/i0.wp.com\/costanatura41.com\/wp-content\/uploads\/sites\/18\/2025\/05\/costanatura-sauna-view-2.jpg?fit=1200%2C900&ssl=1&resize=525%2C300 1.5x, https:\/\/i0.wp.com\/costanatura41.com\/wp-content\/uploads\/sites\/18\/2025\/05\/costanatura-sauna-view-2.jpg?fit=1200%2C900&ssl=1&resize=700%2C400 2x, https:\/\/i0.wp.com\/costanatura41.com\/wp-content\/uploads\/sites\/18\/2025\/05\/costanatura-sauna-view-2.jpg?fit=1200%2C900&ssl=1&resize=1050%2C600 3x"},"classes":[]},{"id":19,"url":"https:\/\/costanatura41.com\/resort\/","url_meta":{"origin":2481,"position":5},"title":"The Resort","author":"Costa Natura 41","date":"19. Juli 2025","format":false,"excerpt":"Costa Natura is a Naturist resort village with 200 apartments in a beautiful and well maintained Mediterranean garden. It is located right on Costa Natura beach, Spain\u2019s first Naturist beach. The resort features a large salt water pool, restaurant by the sea, gym, jacuzzi, sauna, volley ball court and p\u00e9tanque\u2026","rel":"","context":"\u00c4hnlicher Beitrag","block_context":{"text":"\u00c4hnlicher Beitrag","link":""},"img":{"alt_text":"","src":"","width":0,"height":0},"classes":[]}],"_links":{"self":[{"href":"https:\/\/costanatura41.com\/de\/wp-json\/wp\/v2\/pages\/2481","targetHints":{"allow":["GET"]}}],"collection":[{"href":"https:\/\/costanatura41.com\/de\/wp-json\/wp\/v2\/pages"}],"about":[{"href":"https:\/\/costanatura41.com\/de\/wp-json\/wp\/v2\/types\/page"}],"author":[{"embeddable":true,"href":"https:\/\/costanatura41.com\/de\/wp-json\/wp\/v2\/users\/7"}],"replies":[{"embeddable":true,"href":"https:\/\/costanatura41.com\/de\/wp-json\/wp\/v2\/comments?post=2481"}],"version-history":[{"count":0,"href":"https:\/\/costanatura41.com\/de\/wp-json\/wp\/v2\/pages\/2481\/revisions"}],"up":[{"embeddable":true,"href":"https:\/\/costanatura41.com\/de\/wp-json\/wp\/v2\/pages\/2484"}],"wp:featuredmedia":[{"embeddable":true,"href":"https:\/\/costanatura41.com\/de\/wp-json\/wp\/v2\/media\/3866"}],"wp:attachment":[{"href":"https:\/\/costanatura41.com\/de\/wp-json\/wp\/v2\/media?parent=2481"}],"curies":[{"name":"wp","href":"https:\/\/api.w.org\/{rel}","templated":true}]}}