{"id":2483,"date":"2020-04-18T16:03:27","date_gmt":"2020-04-18T16:03:27","guid":{"rendered":"https:\/\/costanatura41.com\/eingezaeunte-parkplaetze\/"},"modified":"2025-05-26T15:45:54","modified_gmt":"2025-05-26T15:45:54","slug":"eingezaeunte-parkplaetze","status":"publish","type":"page","link":"https:\/\/costanatura41.com\/de\/der-urlaubsort\/eingezaeunte-parkplaetze\/","title":{"rendered":"Eingez\u00e4unte Parkpl\u00e4tze"},"content":{"rendered":"\n<p>Costa Natura bietet kostenlose Parkpl\u00e4tze f\u00fcr alle Wohng\u00e4ste, sicher und sicher auf dem Resortgel\u00e4nde.<\/p>\n\n\n\n<!--more details anzeigen-->\n\n\n\n<p>Mehr als die H\u00e4lfte der Parkpl\u00e4tze sind \u00fcberdacht, um Ihr Auto vor der Hitze zu sch\u00fctzen.<\/p>\n","protected":false},"excerpt":{"rendered":"<p>Costa Natura bietet kostenlose Parkpl\u00e4tze f\u00fcr alle Wohng\u00e4ste, sicher und sicher auf dem Resortgel\u00e4nde.<\/p>\n","protected":false},"author":7,"featured_media":867,"parent":2484,"menu_order":7,"comment_status":"closed","ping_status":"closed","template":"template-boxed-page.php","meta":{"_monsterinsights_skip_tracking":false,"_monsterinsights_sitenote_active":false,"_monsterinsights_sitenote_note":"","_monsterinsights_sitenote_category":0,"jetpack_post_was_ever_published":false,"footnotes":""},"class_list":["post-2483","page","type-page","status-publish","has-post-thumbnail","hentry"],"yoast_head":"<!-- This site is optimized with the Yoast SEO plugin v27.3 - https:\/\/yoast.com\/product\/yoast-seo-wordpress\/ -->\n<title>Eingez\u00e4unte Parkpl\u00e4tze - COSTANATURA 41<\/title>\n<meta name=\"robots\" content=\"index, follow, max-snippet:-1, max-image-preview:large, max-video-preview:-1\" \/>\n<link rel=\"canonical\" href=\"https:\/\/costanatura41.com\/de\/der-urlaubsort\/eingezaeunte-parkplaetze\/\" \/>\n<meta property=\"og:locale\" content=\"de_DE\" \/>\n<meta property=\"og:type\" content=\"article\" \/>\n<meta property=\"og:title\" content=\"Eingez\u00e4unte Parkpl\u00e4tze - COSTANATURA 41\" \/>\n<meta property=\"og:description\" content=\"Costa Natura bietet kostenlose Parkpl\u00e4tze f\u00fcr alle Wohng\u00e4ste, sicher und sicher auf dem Resortgel\u00e4nde.\" \/>\n<meta property=\"og:url\" content=\"https:\/\/costanatura41.com\/de\/der-urlaubsort\/eingezaeunte-parkplaetze\/\" \/>\n<meta property=\"og:site_name\" content=\"COSTANATURA 41\" \/>\n<meta property=\"article:modified_time\" content=\"2025-05-26T15:45:54+00:00\" \/>\n<meta property=\"og:image\" content=\"https:\/\/costanatura41.com\/wp-content\/uploads\/sites\/18\/2019\/05\/cn-parking-1.jpg\" \/>\n\t<meta property=\"og:image:width\" content=\"2560\" \/>\n\t<meta property=\"og:image:height\" content=\"1920\" \/>\n\t<meta property=\"og:image:type\" content=\"image\/jpeg\" \/>\n<meta name=\"twitter:card\" content=\"summary_large_image\" \/>\n<meta name=\"twitter:label1\" content=\"Gesch\u00e4tzte Lesezeit\" \/>\n\t<meta name=\"twitter:data1\" content=\"1 Minute\" \/>\n<script type=\"application\/ld+json\" class=\"yoast-schema-graph\">{\"@context\":\"https:\\\/\\\/schema.org\",\"@graph\":[{\"@type\":\"WebPage\",\"@id\":\"https:\\\/\\\/costanatura41.com\\\/de\\\/der-urlaubsort\\\/eingezaeunte-parkplaetze\\\/\",\"url\":\"https:\\\/\\\/costanatura41.com\\\/de\\\/der-urlaubsort\\\/eingezaeunte-parkplaetze\\\/\",\"name\":\"Eingez\u00e4unte Parkpl\u00e4tze - COSTANATURA 41\",\"isPartOf\":{\"@id\":\"https:\\\/\\\/costanatura41.com\\\/de\\\/#website\"},\"primaryImageOfPage\":{\"@id\":\"https:\\\/\\\/costanatura41.com\\\/de\\\/der-urlaubsort\\\/eingezaeunte-parkplaetze\\\/#primaryimage\"},\"image\":{\"@id\":\"https:\\\/\\\/costanatura41.com\\\/de\\\/der-urlaubsort\\\/eingezaeunte-parkplaetze\\\/#primaryimage\"},\"thumbnailUrl\":\"https:\\\/\\\/i0.wp.com\\\/costanatura41.com\\\/wp-content\\\/uploads\\\/sites\\\/18\\\/2019\\\/05\\\/cn-parking-1.jpg?fit=2560%2C1920&ssl=1\",\"datePublished\":\"2020-04-18T16:03:27+00:00\",\"dateModified\":\"2025-05-26T15:45:54+00:00\",\"breadcrumb\":{\"@id\":\"https:\\\/\\\/costanatura41.com\\\/de\\\/der-urlaubsort\\\/eingezaeunte-parkplaetze\\\/#breadcrumb\"},\"inLanguage\":\"de-DE\",\"potentialAction\":[{\"@type\":\"ReadAction\",\"target\":[\"https:\\\/\\\/costanatura41.com\\\/de\\\/der-urlaubsort\\\/eingezaeunte-parkplaetze\\\/\"]}]},{\"@type\":\"ImageObject\",\"inLanguage\":\"de-DE\",\"@id\":\"https:\\\/\\\/costanatura41.com\\\/de\\\/der-urlaubsort\\\/eingezaeunte-parkplaetze\\\/#primaryimage\",\"url\":\"https:\\\/\\\/i0.wp.com\\\/costanatura41.com\\\/wp-content\\\/uploads\\\/sites\\\/18\\\/2019\\\/05\\\/cn-parking-1.jpg?fit=2560%2C1920&ssl=1\",\"contentUrl\":\"https:\\\/\\\/i0.wp.com\\\/costanatura41.com\\\/wp-content\\\/uploads\\\/sites\\\/18\\\/2019\\\/05\\\/cn-parking-1.jpg?fit=2560%2C1920&ssl=1\",\"width\":2560,\"height\":1920},{\"@type\":\"BreadcrumbList\",\"@id\":\"https:\\\/\\\/costanatura41.com\\\/de\\\/der-urlaubsort\\\/eingezaeunte-parkplaetze\\\/#breadcrumb\",\"itemListElement\":[{\"@type\":\"ListItem\",\"position\":1,\"name\":\"Home\",\"item\":\"https:\\\/\\\/costanatura41.com\\\/de\\\/\"},{\"@type\":\"ListItem\",\"position\":2,\"name\":\"Das Resort\",\"item\":\"https:\\\/\\\/costanatura41.com\\\/de\\\/der-urlaubsort\\\/\"},{\"@type\":\"ListItem\",\"position\":3,\"name\":\"Eingez\u00e4unte Parkpl\u00e4tze\"}]},{\"@type\":\"WebSite\",\"@id\":\"https:\\\/\\\/costanatura41.com\\\/de\\\/#website\",\"url\":\"https:\\\/\\\/costanatura41.com\\\/de\\\/\",\"name\":\"Costanatura 41\",\"description\":\"Naturist Holiday Rent\",\"publisher\":{\"@id\":\"https:\\\/\\\/costanatura41.com\\\/de\\\/#organization\"},\"potentialAction\":[{\"@type\":\"SearchAction\",\"target\":{\"@type\":\"EntryPoint\",\"urlTemplate\":\"https:\\\/\\\/costanatura41.com\\\/de\\\/?s={search_term_string}\"},\"query-input\":{\"@type\":\"PropertyValueSpecification\",\"valueRequired\":true,\"valueName\":\"search_term_string\"}}],\"inLanguage\":\"de-DE\"},{\"@type\":\"Organization\",\"@id\":\"https:\\\/\\\/costanatura41.com\\\/de\\\/#organization\",\"name\":\"Costa Natura Apartment 41\",\"url\":\"https:\\\/\\\/costanatura41.com\\\/de\\\/\",\"logo\":{\"@type\":\"ImageObject\",\"inLanguage\":\"de-DE\",\"@id\":\"https:\\\/\\\/costanatura41.com\\\/de\\\/#\\\/schema\\\/logo\\\/image\\\/\",\"url\":\"\",\"contentUrl\":\"\",\"caption\":\"Costa Natura Apartment 41\"},\"image\":{\"@id\":\"https:\\\/\\\/costanatura41.com\\\/de\\\/#\\\/schema\\\/logo\\\/image\\\/\"}}]}<\/script>\n<!-- \/ Yoast SEO plugin. -->","yoast_head_json":{"title":"Eingez\u00e4unte Parkpl\u00e4tze - COSTANATURA 41","robots":{"index":"index","follow":"follow","max-snippet":"max-snippet:-1","max-image-preview":"max-image-preview:large","max-video-preview":"max-video-preview:-1"},"canonical":"https:\/\/costanatura41.com\/de\/der-urlaubsort\/eingezaeunte-parkplaetze\/","og_locale":"de_DE","og_type":"article","og_title":"Eingez\u00e4unte Parkpl\u00e4tze - COSTANATURA 41","og_description":"Costa Natura bietet kostenlose Parkpl\u00e4tze f\u00fcr alle Wohng\u00e4ste, sicher und sicher auf dem Resortgel\u00e4nde.","og_url":"https:\/\/costanatura41.com\/de\/der-urlaubsort\/eingezaeunte-parkplaetze\/","og_site_name":"COSTANATURA 41","article_modified_time":"2025-05-26T15:45:54+00:00","og_image":[{"width":2560,"height":1920,"url":"https:\/\/costanatura41.com\/wp-content\/uploads\/sites\/18\/2019\/05\/cn-parking-1.jpg","type":"image\/jpeg"}],"twitter_card":"summary_large_image","twitter_misc":{"Gesch\u00e4tzte Lesezeit":"1 Minute"},"schema":{"@context":"https:\/\/schema.org","@graph":[{"@type":"WebPage","@id":"https:\/\/costanatura41.com\/de\/der-urlaubsort\/eingezaeunte-parkplaetze\/","url":"https:\/\/costanatura41.com\/de\/der-urlaubsort\/eingezaeunte-parkplaetze\/","name":"Eingez\u00e4unte Parkpl\u00e4tze - COSTANATURA 41","isPartOf":{"@id":"https:\/\/costanatura41.com\/de\/#website"},"primaryImageOfPage":{"@id":"https:\/\/costanatura41.com\/de\/der-urlaubsort\/eingezaeunte-parkplaetze\/#primaryimage"},"image":{"@id":"https:\/\/costanatura41.com\/de\/der-urlaubsort\/eingezaeunte-parkplaetze\/#primaryimage"},"thumbnailUrl":"https:\/\/i0.wp.com\/costanatura41.com\/wp-content\/uploads\/sites\/18\/2019\/05\/cn-parking-1.jpg?fit=2560%2C1920&ssl=1","datePublished":"2020-04-18T16:03:27+00:00","dateModified":"2025-05-26T15:45:54+00:00","breadcrumb":{"@id":"https:\/\/costanatura41.com\/de\/der-urlaubsort\/eingezaeunte-parkplaetze\/#breadcrumb"},"inLanguage":"de-DE","potentialAction":[{"@type":"ReadAction","target":["https:\/\/costanatura41.com\/de\/der-urlaubsort\/eingezaeunte-parkplaetze\/"]}]},{"@type":"ImageObject","inLanguage":"de-DE","@id":"https:\/\/costanatura41.com\/de\/der-urlaubsort\/eingezaeunte-parkplaetze\/#primaryimage","url":"https:\/\/i0.wp.com\/costanatura41.com\/wp-content\/uploads\/sites\/18\/2019\/05\/cn-parking-1.jpg?fit=2560%2C1920&ssl=1","contentUrl":"https:\/\/i0.wp.com\/costanatura41.com\/wp-content\/uploads\/sites\/18\/2019\/05\/cn-parking-1.jpg?fit=2560%2C1920&ssl=1","width":2560,"height":1920},{"@type":"BreadcrumbList","@id":"https:\/\/costanatura41.com\/de\/der-urlaubsort\/eingezaeunte-parkplaetze\/#breadcrumb","itemListElement":[{"@type":"ListItem","position":1,"name":"Home","item":"https:\/\/costanatura41.com\/de\/"},{"@type":"ListItem","position":2,"name":"Das Resort","item":"https:\/\/costanatura41.com\/de\/der-urlaubsort\/"},{"@type":"ListItem","position":3,"name":"Eingez\u00e4unte Parkpl\u00e4tze"}]},{"@type":"WebSite","@id":"https:\/\/costanatura41.com\/de\/#website","url":"https:\/\/costanatura41.com\/de\/","name":"Costanatura 41","description":"Naturist Holiday Rent","publisher":{"@id":"https:\/\/costanatura41.com\/de\/#organization"},"potentialAction":[{"@type":"SearchAction","target":{"@type":"EntryPoint","urlTemplate":"https:\/\/costanatura41.com\/de\/?s={search_term_string}"},"query-input":{"@type":"PropertyValueSpecification","valueRequired":true,"valueName":"search_term_string"}}],"inLanguage":"de-DE"},{"@type":"Organization","@id":"https:\/\/costanatura41.com\/de\/#organization","name":"Costa Natura Apartment 41","url":"https:\/\/costanatura41.com\/de\/","logo":{"@type":"ImageObject","inLanguage":"de-DE","@id":"https:\/\/costanatura41.com\/de\/#\/schema\/logo\/image\/","url":"","contentUrl":"","caption":"Costa Natura Apartment 41"},"image":{"@id":"https:\/\/costanatura41.com\/de\/#\/schema\/logo\/image\/"}}]}},"jetpack_sharing_enabled":true,"jetpack_shortlink":"https:\/\/wp.me\/PaF7DC-E3","jetpack-related-posts":[{"id":2518,"url":"https:\/\/costanatura41.com\/de\/richtungen\/","url_meta":{"origin":2483,"position":0},"title":"Richtungen","author":"Costa Natura 41","date":"18. April 2020","format":false,"excerpt":"Anfahrt zur Costa Natura vom Flughafen Malaga (AGP) 1 Nehmen Sie die A-7 in Richtung Algeciras\/Cadiz. Diese Stra\u00dfe verl\u00e4uft parallel zur K\u00fcste.Bleiben Sie auf der A-7 (geb\u00fchrenfrei) oder nehmen Sie die AP-7 (Mautstra\u00dfe), die schneller und weniger besch\u00e4ftigt ist. Wenn Sie sich f\u00fcr den AP-7 entscheiden, betr\u00e4gt die Geb\u00fchr insgesamt\u2026","rel":"","context":"\u00c4hnlicher Beitrag","block_context":{"text":"\u00c4hnlicher Beitrag","link":""},"img":{"alt_text":"Map with directions from Malaga airport.","src":"https:\/\/i0.wp.com\/costanatura41.com\/wp-content\/uploads\/sites\/18\/2019\/08\/directions-from-agp-1-1.jpg?fit=2546%2C1592&ssl=1&resize=350%2C200","width":350,"height":200,"srcset":"https:\/\/i0.wp.com\/costanatura41.com\/wp-content\/uploads\/sites\/18\/2019\/08\/directions-from-agp-1-1.jpg?fit=2546%2C1592&ssl=1&resize=350%2C200 1x, https:\/\/i0.wp.com\/costanatura41.com\/wp-content\/uploads\/sites\/18\/2019\/08\/directions-from-agp-1-1.jpg?fit=2546%2C1592&ssl=1&resize=525%2C300 1.5x, https:\/\/i0.wp.com\/costanatura41.com\/wp-content\/uploads\/sites\/18\/2019\/08\/directions-from-agp-1-1.jpg?fit=2546%2C1592&ssl=1&resize=700%2C400 2x, https:\/\/i0.wp.com\/costanatura41.com\/wp-content\/uploads\/sites\/18\/2019\/08\/directions-from-agp-1-1.jpg?fit=2546%2C1592&ssl=1&resize=1050%2C600 3x, https:\/\/i0.wp.com\/costanatura41.com\/wp-content\/uploads\/sites\/18\/2019\/08\/directions-from-agp-1-1.jpg?fit=2546%2C1592&ssl=1&resize=1400%2C800 4x"},"classes":[]},{"id":2482,"url":"https:\/\/costanatura41.com\/de\/der-urlaubsort\/restaurant\/","url_meta":{"origin":2483,"position":1},"title":"Restaurant","author":"Costa Natura 41","date":"18. April 2020","format":false,"excerpt":"Das Costa Natura verf\u00fcgt \u00fcber ein eigenes Restaurant, das den ganzen Tag \u00fcber Speisen und Getr\u00e4nke serviert. Mittag- und Abendessen bieten eine Vielzahl von lokalen und internationalen Speisen. Es ist ein gro\u00dfartiger Ort, um Kontakte zu kn\u00fcpfen und ein paar Tage in der Woche gibt es Unterhaltung am Abend. Das\u2026","rel":"","context":"\u00c4hnlicher Beitrag","block_context":{"text":"\u00c4hnlicher Beitrag","link":""},"img":{"alt_text":"Restaurant an der Costa Natura von der Poolseite aus gesehen.","src":"https:\/\/i0.wp.com\/costanatura41.com\/wp-content\/uploads\/sites\/18\/2019\/08\/costanatura-pool-view-4.jpg?fit=1200%2C900&ssl=1&resize=350%2C200","width":350,"height":200,"srcset":"https:\/\/i0.wp.com\/costanatura41.com\/wp-content\/uploads\/sites\/18\/2019\/08\/costanatura-pool-view-4.jpg?fit=1200%2C900&ssl=1&resize=350%2C200 1x, https:\/\/i0.wp.com\/costanatura41.com\/wp-content\/uploads\/sites\/18\/2019\/08\/costanatura-pool-view-4.jpg?fit=1200%2C900&ssl=1&resize=525%2C300 1.5x, https:\/\/i0.wp.com\/costanatura41.com\/wp-content\/uploads\/sites\/18\/2019\/08\/costanatura-pool-view-4.jpg?fit=1200%2C900&ssl=1&resize=700%2C400 2x, https:\/\/i0.wp.com\/costanatura41.com\/wp-content\/uploads\/sites\/18\/2019\/08\/costanatura-pool-view-4.jpg?fit=1200%2C900&ssl=1&resize=1050%2C600 3x"},"classes":[]},{"id":2486,"url":"https:\/\/costanatura41.com\/de\/der-urlaubsort\/schwimmbad\/","url_meta":{"origin":2483,"position":2},"title":"Schwimmbad","author":"Costa Natura 41","date":"18. April 2020","format":false,"excerpt":"Der gro\u00dfe Salzwasserpool ist solarbeheizt und das ganze Jahr \u00fcber ge\u00f6ffnet. Es gibt auch einen kleinen Kleinkinderpool. Tags\u00fcber werden das Schwimmbad und die Umgebung f\u00fcr Bewegung, Spa\u00df und Spiele, Wassergymnastik, Sonnenbaden und die Verbindung mit Menschen genutzt. Das Restaurant befindet sich direkt neben dem Pool, wo Sie ein kaltes Getr\u00e4nk\u2026","rel":"","context":"\u00c4hnlicher Beitrag","block_context":{"text":"\u00c4hnlicher Beitrag","link":""},"img":{"alt_text":"","src":"https:\/\/i0.wp.com\/costanatura41.com\/wp-content\/uploads\/sites\/18\/2019\/08\/costanatura-pool-view-2.jpg?fit=1200%2C900&ssl=1&resize=350%2C200","width":350,"height":200,"srcset":"https:\/\/i0.wp.com\/costanatura41.com\/wp-content\/uploads\/sites\/18\/2019\/08\/costanatura-pool-view-2.jpg?fit=1200%2C900&ssl=1&resize=350%2C200 1x, https:\/\/i0.wp.com\/costanatura41.com\/wp-content\/uploads\/sites\/18\/2019\/08\/costanatura-pool-view-2.jpg?fit=1200%2C900&ssl=1&resize=525%2C300 1.5x, https:\/\/i0.wp.com\/costanatura41.com\/wp-content\/uploads\/sites\/18\/2019\/08\/costanatura-pool-view-2.jpg?fit=1200%2C900&ssl=1&resize=700%2C400 2x, https:\/\/i0.wp.com\/costanatura41.com\/wp-content\/uploads\/sites\/18\/2019\/08\/costanatura-pool-view-2.jpg?fit=1200%2C900&ssl=1&resize=1050%2C600 3x"},"classes":[]},{"id":2514,"url":"https:\/\/costanatura41.com\/de\/der-urlaubsort\/trainingseinrichtungen-spielplatz\/","url_meta":{"origin":2483,"position":3},"title":"Trainingseinrichtungen &amp; Spielplatz","author":"Costa Natura 41","date":"18. April 2020","format":false,"excerpt":"Costa Natura bietet vielf\u00e4ltige M\u00f6glichkeiten, aktiv zu bleiben und Spa\u00df zu haben. Trainieren Sie im Fitnessstudio, nehmen Sie an einem Volleyballspiel teil, genie\u00dfen Sie eine Partie P\u00e9tanque am Meer oder erkunden Sie die K\u00fcste mit dem Kajak. Es gibt auch einen Au\u00dfenspielplatz, auf dem Kinder frei spielen k\u00f6nnen. P\u00e9tanque am\u2026","rel":"","context":"\u00c4hnlicher Beitrag","block_context":{"text":"\u00c4hnlicher Beitrag","link":""},"img":{"alt_text":"","src":"https:\/\/i0.wp.com\/costanatura41.com\/wp-content\/uploads\/sites\/18\/2019\/08\/cn-petanque-2.jpg?fit=1200%2C900&ssl=1&resize=350%2C200","width":350,"height":200,"srcset":"https:\/\/i0.wp.com\/costanatura41.com\/wp-content\/uploads\/sites\/18\/2019\/08\/cn-petanque-2.jpg?fit=1200%2C900&ssl=1&resize=350%2C200 1x, https:\/\/i0.wp.com\/costanatura41.com\/wp-content\/uploads\/sites\/18\/2019\/08\/cn-petanque-2.jpg?fit=1200%2C900&ssl=1&resize=525%2C300 1.5x, https:\/\/i0.wp.com\/costanatura41.com\/wp-content\/uploads\/sites\/18\/2019\/08\/cn-petanque-2.jpg?fit=1200%2C900&ssl=1&resize=700%2C400 2x, https:\/\/i0.wp.com\/costanatura41.com\/wp-content\/uploads\/sites\/18\/2019\/08\/cn-petanque-2.jpg?fit=1200%2C900&ssl=1&resize=1050%2C600 3x"},"classes":[]},{"id":2487,"url":"https:\/\/costanatura41.com\/de\/der-urlaubsort\/naturist-strand\/","url_meta":{"origin":2483,"position":4},"title":"FKK-Strand","author":"Costa Natura 41","date":"18. April 2020","format":false,"excerpt":"Der sandige und in einigen Bereichen kiesige Strand vor der Costa Natura ist ein offizieller Naturist Beach, zu dem Sie direkten Zugang vom Resort haben. Eine warme Empfehlung ist, Ihren Tag mit dem Sonnenaufgang am Strand zu beginnen. Sie k\u00f6nnen auch einen Spaziergang entlang des Strandes machen (mit Kleidung, wenn\u2026","rel":"","context":"\u00c4hnlicher Beitrag","block_context":{"text":"\u00c4hnlicher Beitrag","link":""},"img":{"alt_text":"FKK-Strand vor Costa Natura von der Terrasse des Resorts aus gesehen.","src":"https:\/\/i0.wp.com\/costanatura41.com\/wp-content\/uploads\/sites\/18\/2019\/09\/cn-beach-view-1.jpg?fit=1200%2C900&ssl=1&resize=350%2C200","width":350,"height":200,"srcset":"https:\/\/i0.wp.com\/costanatura41.com\/wp-content\/uploads\/sites\/18\/2019\/09\/cn-beach-view-1.jpg?fit=1200%2C900&ssl=1&resize=350%2C200 1x, https:\/\/i0.wp.com\/costanatura41.com\/wp-content\/uploads\/sites\/18\/2019\/09\/cn-beach-view-1.jpg?fit=1200%2C900&ssl=1&resize=525%2C300 1.5x, https:\/\/i0.wp.com\/costanatura41.com\/wp-content\/uploads\/sites\/18\/2019\/09\/cn-beach-view-1.jpg?fit=1200%2C900&ssl=1&resize=700%2C400 2x, https:\/\/i0.wp.com\/costanatura41.com\/wp-content\/uploads\/sites\/18\/2019\/09\/cn-beach-view-1.jpg?fit=1200%2C900&ssl=1&resize=1050%2C600 3x"},"classes":[]},{"id":2489,"url":"https:\/\/costanatura41.com\/de\/die-nachbarschaft\/wandern\/","url_meta":{"origin":2483,"position":5},"title":"Wandern und Wandern","author":"Costa Natura 41","date":"18. April 2020","format":false,"excerpt":"Andalusien bietet eine F\u00fclle von Wander- und Wanderm\u00f6glichkeiten. El Caminito del Rey ist nichts f\u00fcr Feint-Herz! Eine einfachere Option ist der Paseo Maritimo in Estepona. El Caminito del Rey El Caminito del Rey ist ein Gehweg, der an den steilen Mauern einer engen Schlucht in El Chorro in der Provinz\u2026","rel":"","context":"\u00c4hnlicher Beitrag","block_context":{"text":"\u00c4hnlicher Beitrag","link":""},"img":{"alt_text":"","src":"https:\/\/i0.wp.com\/costanatura41.com\/wp-content\/uploads\/sites\/18\/2019\/08\/el-caminito-del-rey-1.jpg?fit=1200%2C675&ssl=1&resize=350%2C200","width":350,"height":200,"srcset":"https:\/\/i0.wp.com\/costanatura41.com\/wp-content\/uploads\/sites\/18\/2019\/08\/el-caminito-del-rey-1.jpg?fit=1200%2C675&ssl=1&resize=350%2C200 1x, https:\/\/i0.wp.com\/costanatura41.com\/wp-content\/uploads\/sites\/18\/2019\/08\/el-caminito-del-rey-1.jpg?fit=1200%2C675&ssl=1&resize=525%2C300 1.5x, https:\/\/i0.wp.com\/costanatura41.com\/wp-content\/uploads\/sites\/18\/2019\/08\/el-caminito-del-rey-1.jpg?fit=1200%2C675&ssl=1&resize=700%2C400 2x, https:\/\/i0.wp.com\/costanatura41.com\/wp-content\/uploads\/sites\/18\/2019\/08\/el-caminito-del-rey-1.jpg?fit=1200%2C675&ssl=1&resize=1050%2C600 3x"},"classes":[]}],"_links":{"self":[{"href":"https:\/\/costanatura41.com\/de\/wp-json\/wp\/v2\/pages\/2483","targetHints":{"allow":["GET"]}}],"collection":[{"href":"https:\/\/costanatura41.com\/de\/wp-json\/wp\/v2\/pages"}],"about":[{"href":"https:\/\/costanatura41.com\/de\/wp-json\/wp\/v2\/types\/page"}],"author":[{"embeddable":true,"href":"https:\/\/costanatura41.com\/de\/wp-json\/wp\/v2\/users\/7"}],"replies":[{"embeddable":true,"href":"https:\/\/costanatura41.com\/de\/wp-json\/wp\/v2\/comments?post=2483"}],"version-history":[{"count":0,"href":"https:\/\/costanatura41.com\/de\/wp-json\/wp\/v2\/pages\/2483\/revisions"}],"up":[{"embeddable":true,"href":"https:\/\/costanatura41.com\/de\/wp-json\/wp\/v2\/pages\/2484"}],"wp:featuredmedia":[{"embeddable":true,"href":"https:\/\/costanatura41.com\/de\/wp-json\/wp\/v2\/media\/867"}],"wp:attachment":[{"href":"https:\/\/costanatura41.com\/de\/wp-json\/wp\/v2\/media?parent=2483"}],"curies":[{"name":"wp","href":"https:\/\/api.w.org\/{rel}","templated":true}]}}