{"id":2484,"date":"2020-04-18T16:03:27","date_gmt":"2020-04-18T16:03:27","guid":{"rendered":"https:\/\/costanatura41.com\/das-resort\/"},"modified":"2025-11-28T12:00:47","modified_gmt":"2025-11-28T12:00:47","slug":"der-urlaubsort","status":"publish","type":"page","link":"https:\/\/costanatura41.com\/de\/der-urlaubsort\/","title":{"rendered":"Das Resort"},"content":{"rendered":"\t\t<div data-elementor-type=\"wp-page\" data-elementor-id=\"2484\" class=\"elementor elementor-2484 elementor-19\">\n\t\t\t\t\t\t<section class=\"elementor-section elementor-top-section elementor-element elementor-element-639034c3 elementor-section-boxed elementor-section-height-default elementor-section-height-default\" data-id=\"639034c3\" data-element_type=\"section\" data-e-type=\"section\">\n\t\t\t\t\t\t<div class=\"elementor-container elementor-column-gap-default\">\n\t\t\t\t\t<div class=\"elementor-column elementor-col-100 elementor-top-column elementor-element elementor-element-5d900763\" data-id=\"5d900763\" data-element_type=\"column\" data-e-type=\"column\">\n\t\t\t<div class=\"elementor-widget-wrap elementor-element-populated\">\n\t\t\t\t\t\t<div class=\"elementor-element elementor-element-41c03d7c elementor-widget elementor-widget-text-editor\" data-id=\"41c03d7c\" data-element_type=\"widget\" data-e-type=\"widget\" data-widget_type=\"text-editor.default\">\n\t\t\t\t<div class=\"elementor-widget-container\">\n\t\t\t\t\t\t\t\t\t<p style=\"text-align: left;\">Costa Natura ist ein Naturist Resort Dorf mit 200 Wohnungen in einem sch\u00f6nen und gepflegten mediterranen Garten. Es liegt direkt am Strand Costa Natura, Spaniens erstem Naturistenstrand. Das Resort verf\u00fcgt \u00fcber einen gro\u00dfen Salzwasserpool, ein Restaurant am Meer, einen Fitnessraum, einen Whirlpool, eine Sauna, einen Volleyballplatz und einen P\u00e9tanque-Platz.<\/p><p style=\"text-align: left;\">Klicken Sie <a href=\"https:\/\/goo.gl\/maps\/x83KdKZEwyrXgq458\" target=\"_blank\" rel=\"noopener noreferrer\">hier<\/a> f\u00fcr den Standort der Karte.<\/p>\t\t\t\t\t\t\t\t<\/div>\n\t\t\t\t<\/div>\n\t\t\t\t\t<\/div>\n\t\t<\/div>\n\t\t\t\t\t<\/div>\n\t\t<\/section>\n\t\t\t\t<\/div>\n\t\t","protected":false},"excerpt":{"rendered":"<p>Costa Natura ist ein Naturist Resort Dorf mit 200 Wohnungen in einem sch\u00f6nen und gepflegten mediterranen Garten. Es liegt direkt am Strand Costa Natura, Spaniens erstem Naturistenstrand. Das Resort verf\u00fcgt \u00fcber einen gro\u00dfen Salzwasserpool, ein Restaurant am Meer, einen Fitnessraum, einen Whirlpool, eine Sauna, einen Volleyballplatz und einen P\u00e9tanque-Platz. Klicken Sie hier f\u00fcr den Standort &hellip; <a href=\"https:\/\/costanatura41.com\/de\/der-urlaubsort\/\" class=\"more-link\">Continue reading<span class=\"screen-reader-text\"> &#8222;Das Resort&#8220;<\/span><\/a><\/p>\n","protected":false},"author":7,"featured_media":0,"parent":0,"menu_order":0,"comment_status":"closed","ping_status":"closed","template":"template-full-width-grid-page.php","meta":{"_monsterinsights_skip_tracking":false,"_monsterinsights_sitenote_active":false,"_monsterinsights_sitenote_note":"","_monsterinsights_sitenote_category":0,"jetpack_post_was_ever_published":false,"footnotes":""},"class_list":["post-2484","page","type-page","status-publish","hentry"],"yoast_head":"<!-- This site is optimized with the Yoast SEO plugin v27.1.1 - https:\/\/yoast.com\/product\/yoast-seo-wordpress\/ -->\n<title>Costa Natura Resort - COSTANATURA 41<\/title>\n<meta name=\"description\" content=\"Das Resort an der Costa Natura verf\u00fcgt \u00fcber einen gro\u00dfen Salzwasserpool, einen Whirlpool, ein Restaurant und einen eingez\u00e4unten Parkplatz. Direkter Zugang zum Naturistenstrand.\" \/>\n<meta name=\"robots\" content=\"index, follow, max-snippet:-1, max-image-preview:large, max-video-preview:-1\" \/>\n<link rel=\"canonical\" href=\"https:\/\/costanatura41.com\/de\/der-urlaubsort\/\" \/>\n<meta property=\"og:locale\" content=\"de_DE\" \/>\n<meta property=\"og:type\" content=\"article\" \/>\n<meta property=\"og:title\" content=\"Costa Natura Resort - COSTANATURA 41\" \/>\n<meta property=\"og:description\" content=\"Das Resort an der Costa Natura verf\u00fcgt \u00fcber einen gro\u00dfen Salzwasserpool, einen Whirlpool, ein Restaurant und einen eingez\u00e4unten Parkplatz. Direkter Zugang zum Naturistenstrand.\" \/>\n<meta property=\"og:url\" content=\"https:\/\/costanatura41.com\/de\/der-urlaubsort\/\" \/>\n<meta property=\"og:site_name\" content=\"COSTANATURA 41\" \/>\n<meta property=\"article:modified_time\" content=\"2025-11-28T12:00:47+00:00\" \/>\n<meta name=\"twitter:card\" content=\"summary_large_image\" \/>\n<meta name=\"twitter:label1\" content=\"Gesch\u00e4tzte Lesezeit\" \/>\n\t<meta name=\"twitter:data1\" content=\"1 Minute\" \/>\n<script type=\"application\/ld+json\" class=\"yoast-schema-graph\">{\"@context\":\"https:\/\/schema.org\",\"@graph\":[{\"@type\":\"WebPage\",\"@id\":\"https:\/\/costanatura41.com\/de\/der-urlaubsort\/\",\"url\":\"https:\/\/costanatura41.com\/de\/der-urlaubsort\/\",\"name\":\"Costa Natura Resort - COSTANATURA 41\",\"isPartOf\":{\"@id\":\"https:\/\/costanatura41.com\/de\/#website\"},\"datePublished\":\"2020-04-18T16:03:27+00:00\",\"dateModified\":\"2025-11-28T12:00:47+00:00\",\"description\":\"Das Resort an der Costa Natura verf\u00fcgt \u00fcber einen gro\u00dfen Salzwasserpool, einen Whirlpool, ein Restaurant und einen eingez\u00e4unten Parkplatz. Direkter Zugang zum Naturistenstrand.\",\"breadcrumb\":{\"@id\":\"https:\/\/costanatura41.com\/de\/der-urlaubsort\/#breadcrumb\"},\"inLanguage\":\"de-DE\",\"potentialAction\":[{\"@type\":\"ReadAction\",\"target\":[\"https:\/\/costanatura41.com\/de\/der-urlaubsort\/\"]}]},{\"@type\":\"BreadcrumbList\",\"@id\":\"https:\/\/costanatura41.com\/de\/der-urlaubsort\/#breadcrumb\",\"itemListElement\":[{\"@type\":\"ListItem\",\"position\":1,\"name\":\"Home\",\"item\":\"https:\/\/costanatura41.com\/de\/\"},{\"@type\":\"ListItem\",\"position\":2,\"name\":\"Das Resort\"}]},{\"@type\":\"WebSite\",\"@id\":\"https:\/\/costanatura41.com\/de\/#website\",\"url\":\"https:\/\/costanatura41.com\/de\/\",\"name\":\"Costanatura 41\",\"description\":\"Naturist Holiday Rent\",\"publisher\":{\"@id\":\"https:\/\/costanatura41.com\/de\/#organization\"},\"potentialAction\":[{\"@type\":\"SearchAction\",\"target\":{\"@type\":\"EntryPoint\",\"urlTemplate\":\"https:\/\/costanatura41.com\/de\/?s={search_term_string}\"},\"query-input\":{\"@type\":\"PropertyValueSpecification\",\"valueRequired\":true,\"valueName\":\"search_term_string\"}}],\"inLanguage\":\"de-DE\"},{\"@type\":\"Organization\",\"@id\":\"https:\/\/costanatura41.com\/de\/#organization\",\"name\":\"Costa Natura Apartment 41\",\"url\":\"https:\/\/costanatura41.com\/de\/\",\"logo\":{\"@type\":\"ImageObject\",\"inLanguage\":\"de-DE\",\"@id\":\"https:\/\/costanatura41.com\/de\/#\/schema\/logo\/image\/\",\"url\":\"\",\"contentUrl\":\"\",\"caption\":\"Costa Natura Apartment 41\"},\"image\":{\"@id\":\"https:\/\/costanatura41.com\/de\/#\/schema\/logo\/image\/\"}}]}<\/script>\n<!-- \/ Yoast SEO plugin. -->","yoast_head_json":{"title":"Costa Natura Resort - COSTANATURA 41","description":"Das Resort an der Costa Natura verf\u00fcgt \u00fcber einen gro\u00dfen Salzwasserpool, einen Whirlpool, ein Restaurant und einen eingez\u00e4unten Parkplatz. Direkter Zugang zum Naturistenstrand.","robots":{"index":"index","follow":"follow","max-snippet":"max-snippet:-1","max-image-preview":"max-image-preview:large","max-video-preview":"max-video-preview:-1"},"canonical":"https:\/\/costanatura41.com\/de\/der-urlaubsort\/","og_locale":"de_DE","og_type":"article","og_title":"Costa Natura Resort - COSTANATURA 41","og_description":"Das Resort an der Costa Natura verf\u00fcgt \u00fcber einen gro\u00dfen Salzwasserpool, einen Whirlpool, ein Restaurant und einen eingez\u00e4unten Parkplatz. Direkter Zugang zum Naturistenstrand.","og_url":"https:\/\/costanatura41.com\/de\/der-urlaubsort\/","og_site_name":"COSTANATURA 41","article_modified_time":"2025-11-28T12:00:47+00:00","twitter_card":"summary_large_image","twitter_misc":{"Gesch\u00e4tzte Lesezeit":"1 Minute"},"schema":{"@context":"https:\/\/schema.org","@graph":[{"@type":"WebPage","@id":"https:\/\/costanatura41.com\/de\/der-urlaubsort\/","url":"https:\/\/costanatura41.com\/de\/der-urlaubsort\/","name":"Costa Natura Resort - COSTANATURA 41","isPartOf":{"@id":"https:\/\/costanatura41.com\/de\/#website"},"datePublished":"2020-04-18T16:03:27+00:00","dateModified":"2025-11-28T12:00:47+00:00","description":"Das Resort an der Costa Natura verf\u00fcgt \u00fcber einen gro\u00dfen Salzwasserpool, einen Whirlpool, ein Restaurant und einen eingez\u00e4unten Parkplatz. Direkter Zugang zum Naturistenstrand.","breadcrumb":{"@id":"https:\/\/costanatura41.com\/de\/der-urlaubsort\/#breadcrumb"},"inLanguage":"de-DE","potentialAction":[{"@type":"ReadAction","target":["https:\/\/costanatura41.com\/de\/der-urlaubsort\/"]}]},{"@type":"BreadcrumbList","@id":"https:\/\/costanatura41.com\/de\/der-urlaubsort\/#breadcrumb","itemListElement":[{"@type":"ListItem","position":1,"name":"Home","item":"https:\/\/costanatura41.com\/de\/"},{"@type":"ListItem","position":2,"name":"Das Resort"}]},{"@type":"WebSite","@id":"https:\/\/costanatura41.com\/de\/#website","url":"https:\/\/costanatura41.com\/de\/","name":"Costanatura 41","description":"Naturist Holiday Rent","publisher":{"@id":"https:\/\/costanatura41.com\/de\/#organization"},"potentialAction":[{"@type":"SearchAction","target":{"@type":"EntryPoint","urlTemplate":"https:\/\/costanatura41.com\/de\/?s={search_term_string}"},"query-input":{"@type":"PropertyValueSpecification","valueRequired":true,"valueName":"search_term_string"}}],"inLanguage":"de-DE"},{"@type":"Organization","@id":"https:\/\/costanatura41.com\/de\/#organization","name":"Costa Natura Apartment 41","url":"https:\/\/costanatura41.com\/de\/","logo":{"@type":"ImageObject","inLanguage":"de-DE","@id":"https:\/\/costanatura41.com\/de\/#\/schema\/logo\/image\/","url":"","contentUrl":"","caption":"Costa Natura Apartment 41"},"image":{"@id":"https:\/\/costanatura41.com\/de\/#\/schema\/logo\/image\/"}}]}},"jetpack_sharing_enabled":true,"jetpack_shortlink":"https:\/\/wp.me\/PaF7DC-E4","jetpack-related-posts":[{"id":2524,"url":"https:\/\/costanatura41.com\/de\/galerie\/","url_meta":{"origin":2484,"position":0},"title":"Galerie","author":"Costa Natura 41","date":"18. April 2020","format":false,"excerpt":"Die Galerieseite ist eine umfangreichere Sammlung von Bildern. Hier k\u00f6nnen Sie die Wohnung und ihre Terrassen, den Naturistenstrand und das Resort mit den sch\u00f6nen und gepflegten G\u00e4rten sehen. Die Wohnung Die Wohnung wurde komplett renoviert, um einen hohen Standard mit einem Auge f\u00fcr Details und Qualit\u00e4t und mit einem modernen\u2026","rel":"","context":"\u00c4hnlicher Beitrag","block_context":{"text":"\u00c4hnlicher Beitrag","link":""},"img":{"alt_text":"Dining table seen from the kitchen.","src":"https:\/\/i0.wp.com\/costanatura41.com\/wp-content\/uploads\/sites\/18\/2022\/09\/cn41-dining-room-4.jpg?resize=350%2C200","width":350,"height":200,"srcset":"https:\/\/i0.wp.com\/costanatura41.com\/wp-content\/uploads\/sites\/18\/2022\/09\/cn41-dining-room-4.jpg?resize=350%2C200 1x, https:\/\/i0.wp.com\/costanatura41.com\/wp-content\/uploads\/sites\/18\/2022\/09\/cn41-dining-room-4.jpg?resize=525%2C300 1.5x, https:\/\/i0.wp.com\/costanatura41.com\/wp-content\/uploads\/sites\/18\/2022\/09\/cn41-dining-room-4.jpg?resize=700%2C400 2x, https:\/\/i0.wp.com\/costanatura41.com\/wp-content\/uploads\/sites\/18\/2022\/09\/cn41-dining-room-4.jpg?resize=1050%2C600 3x, https:\/\/i0.wp.com\/costanatura41.com\/wp-content\/uploads\/sites\/18\/2022\/09\/cn41-dining-room-4.jpg?resize=1400%2C800 4x"},"classes":[]},{"id":2487,"url":"https:\/\/costanatura41.com\/de\/der-urlaubsort\/naturist-strand\/","url_meta":{"origin":2484,"position":1},"title":"FKK-Strand","author":"Costa Natura 41","date":"18. April 2020","format":false,"excerpt":"Der sandige und in einigen Bereichen kiesige Strand vor der Costa Natura ist ein offizieller Naturist Beach, zu dem Sie direkten Zugang vom Resort haben. Eine warme Empfehlung ist, Ihren Tag mit dem Sonnenaufgang am Strand zu beginnen. Sie k\u00f6nnen auch einen Spaziergang entlang des Strandes machen (mit Kleidung, wenn\u2026","rel":"","context":"\u00c4hnlicher Beitrag","block_context":{"text":"\u00c4hnlicher Beitrag","link":""},"img":{"alt_text":"FKK-Strand vor Costa Natura von der Terrasse des Resorts aus gesehen.","src":"https:\/\/i0.wp.com\/costanatura41.com\/wp-content\/uploads\/sites\/18\/2019\/09\/cn-beach-view-1.jpg?fit=1200%2C900&ssl=1&resize=350%2C200","width":350,"height":200,"srcset":"https:\/\/i0.wp.com\/costanatura41.com\/wp-content\/uploads\/sites\/18\/2019\/09\/cn-beach-view-1.jpg?fit=1200%2C900&ssl=1&resize=350%2C200 1x, https:\/\/i0.wp.com\/costanatura41.com\/wp-content\/uploads\/sites\/18\/2019\/09\/cn-beach-view-1.jpg?fit=1200%2C900&ssl=1&resize=525%2C300 1.5x, https:\/\/i0.wp.com\/costanatura41.com\/wp-content\/uploads\/sites\/18\/2019\/09\/cn-beach-view-1.jpg?fit=1200%2C900&ssl=1&resize=700%2C400 2x, https:\/\/i0.wp.com\/costanatura41.com\/wp-content\/uploads\/sites\/18\/2019\/09\/cn-beach-view-1.jpg?fit=1200%2C900&ssl=1&resize=1050%2C600 3x"},"classes":[]},{"id":2507,"url":"https:\/\/costanatura41.com\/de\/","url_meta":{"origin":2484,"position":2},"title":"FKK Ferienwohnung in S\u00fcdspanien","author":"Costa Natura 41","date":"18. April 2025","format":false,"excerpt":"Jetzt buchen Costa Natura 41 - Ihre Naturist Ferienwohnung in S\u00fcdspanien Willkommen in dieser fabelhaften Wohnung in S\u00fcdspanien. Hier k\u00f6nnen Sie einen FKK-Urlaub kombiniert mit allen Annehmlichkeiten des modernen Lebens genie\u00dfen.Vor allem wurde es 2019 komplett renoviert, um einen hohen Standard mit einem modernen skandinavischen Lebensstil im Hinterkopf zu haben.\u2026","rel":"","context":"\u00c4hnlicher Beitrag","block_context":{"text":"\u00c4hnlicher Beitrag","link":""},"img":{"alt_text":"","src":"https:\/\/i0.wp.com\/costanatura41.com\/wp-content\/uploads\/sites\/18\/2022\/07\/cn-pool-view-3-4.jpg?fit=1200%2C900&ssl=1&resize=350%2C200","width":350,"height":200,"srcset":"https:\/\/i0.wp.com\/costanatura41.com\/wp-content\/uploads\/sites\/18\/2022\/07\/cn-pool-view-3-4.jpg?fit=1200%2C900&ssl=1&resize=350%2C200 1x, https:\/\/i0.wp.com\/costanatura41.com\/wp-content\/uploads\/sites\/18\/2022\/07\/cn-pool-view-3-4.jpg?fit=1200%2C900&ssl=1&resize=525%2C300 1.5x, https:\/\/i0.wp.com\/costanatura41.com\/wp-content\/uploads\/sites\/18\/2022\/07\/cn-pool-view-3-4.jpg?fit=1200%2C900&ssl=1&resize=700%2C400 2x, https:\/\/i0.wp.com\/costanatura41.com\/wp-content\/uploads\/sites\/18\/2022\/07\/cn-pool-view-3-4.jpg?fit=1200%2C900&ssl=1&resize=1050%2C600 3x"},"classes":[]},{"id":2517,"url":"https:\/\/costanatura41.com\/de\/naturismus\/","url_meta":{"origin":2484,"position":3},"title":"Naturismus","author":"Costa Natura 41","date":"18. April 2020","format":false,"excerpt":"Naturismus ist eine Lifestyle-Wahl. Die Internationale Naturisten-F\u00f6deration(INF) definiert den Naturismus so: \"Es ist eine Lebensweise im Einklang mit der Natur, ausgedr\u00fcckt durch soziale Nacktheit, verbunden mit Selbstachtung, Toleranz unterschiedlicher Ansichten und Respekt f\u00fcr die Umwelt\".Naturismus ist die Praxis, nackt zu gehen, vor allem in einem gemischten sozialen Umfeld und ist\u2026","rel":"","context":"\u00c4hnlicher Beitrag","block_context":{"text":"\u00c4hnlicher Beitrag","link":""},"img":{"alt_text":"FKK-Strand vor Costa Natura von der Nordseite aus gesehen.","src":"https:\/\/i0.wp.com\/costanatura41.com\/wp-content\/uploads\/sites\/18\/2019\/09\/beach-view-2.jpg?resize=350%2C200&ssl=1","width":350,"height":200},"classes":[]},{"id":3962,"url":"https:\/\/costanatura41.com\/de\/der-urlaubsort\/sauna-2\/","url_meta":{"origin":2484,"position":4},"title":"Sauna","author":"Costa Natura 41","date":"25. Mai 2025","format":false,"excerpt":"Die Sauna befindet sich in unmittelbarer N\u00e4he des Schwimmbeckens und verf\u00fcgt \u00fcber eine Glasfront, die einen beeindruckenden Ausblick auf das Schwimmbecken, den Jacuzzi, das Restaurant und nicht zuletzt das davor liegende Meer bietet. Es handelt sich um eine Wellnessecke direkt am Mittelmeer, eine einzigartige Erfahrung in Costa Natura.","rel":"","context":"\u00c4hnlicher Beitrag","block_context":{"text":"\u00c4hnlicher Beitrag","link":""},"img":{"alt_text":"","src":"https:\/\/i0.wp.com\/costanatura41.com\/wp-content\/uploads\/sites\/18\/2025\/05\/costanatura-sauna-view-2.jpg?fit=1200%2C900&ssl=1&resize=350%2C200","width":350,"height":200,"srcset":"https:\/\/i0.wp.com\/costanatura41.com\/wp-content\/uploads\/sites\/18\/2025\/05\/costanatura-sauna-view-2.jpg?fit=1200%2C900&ssl=1&resize=350%2C200 1x, https:\/\/i0.wp.com\/costanatura41.com\/wp-content\/uploads\/sites\/18\/2025\/05\/costanatura-sauna-view-2.jpg?fit=1200%2C900&ssl=1&resize=525%2C300 1.5x, https:\/\/i0.wp.com\/costanatura41.com\/wp-content\/uploads\/sites\/18\/2025\/05\/costanatura-sauna-view-2.jpg?fit=1200%2C900&ssl=1&resize=700%2C400 2x, https:\/\/i0.wp.com\/costanatura41.com\/wp-content\/uploads\/sites\/18\/2025\/05\/costanatura-sauna-view-2.jpg?fit=1200%2C900&ssl=1&resize=1050%2C600 3x"},"classes":[]},{"id":2488,"url":"https:\/\/costanatura41.com\/de\/die-nachbarschaft\/cafes-und-restaurants\/","url_meta":{"origin":2484,"position":5},"title":"Caf\u00e9s und Restaurants","author":"Costa Natura 41","date":"18. April 2020","format":false,"excerpt":"Estepona liegt nur eine kurze Fahrt von der Costa Natura entfernt. Es hat eine gro\u00dfe Auswahl an Caf\u00e9s und Restaurants in der Altstadt, im Hafen und im Stadtzentrum. La Casa del Rey La Casa del Rey ist eine Weinbar-Gastro-Bar mit einer sehr angenehmen Atmosph\u00e4re. Sie haben Sitzgelegenheiten im Freien in\u2026","rel":"","context":"\u00c4hnlicher Beitrag","block_context":{"text":"\u00c4hnlicher Beitrag","link":""},"img":{"alt_text":"","src":"https:\/\/i0.wp.com\/costanatura41.com\/wp-content\/uploads\/sites\/18\/2019\/05\/estepona-restaurant-1.jpg?fit=1200%2C900&ssl=1&resize=350%2C200","width":350,"height":200,"srcset":"https:\/\/i0.wp.com\/costanatura41.com\/wp-content\/uploads\/sites\/18\/2019\/05\/estepona-restaurant-1.jpg?fit=1200%2C900&ssl=1&resize=350%2C200 1x, https:\/\/i0.wp.com\/costanatura41.com\/wp-content\/uploads\/sites\/18\/2019\/05\/estepona-restaurant-1.jpg?fit=1200%2C900&ssl=1&resize=525%2C300 1.5x, https:\/\/i0.wp.com\/costanatura41.com\/wp-content\/uploads\/sites\/18\/2019\/05\/estepona-restaurant-1.jpg?fit=1200%2C900&ssl=1&resize=700%2C400 2x, https:\/\/i0.wp.com\/costanatura41.com\/wp-content\/uploads\/sites\/18\/2019\/05\/estepona-restaurant-1.jpg?fit=1200%2C900&ssl=1&resize=1050%2C600 3x"},"classes":[]}],"_links":{"self":[{"href":"https:\/\/costanatura41.com\/de\/wp-json\/wp\/v2\/pages\/2484","targetHints":{"allow":["GET"]}}],"collection":[{"href":"https:\/\/costanatura41.com\/de\/wp-json\/wp\/v2\/pages"}],"about":[{"href":"https:\/\/costanatura41.com\/de\/wp-json\/wp\/v2\/types\/page"}],"author":[{"embeddable":true,"href":"https:\/\/costanatura41.com\/de\/wp-json\/wp\/v2\/users\/7"}],"replies":[{"embeddable":true,"href":"https:\/\/costanatura41.com\/de\/wp-json\/wp\/v2\/comments?post=2484"}],"version-history":[{"count":0,"href":"https:\/\/costanatura41.com\/de\/wp-json\/wp\/v2\/pages\/2484\/revisions"}],"wp:attachment":[{"href":"https:\/\/costanatura41.com\/de\/wp-json\/wp\/v2\/media?parent=2484"}],"curies":[{"name":"wp","href":"https:\/\/api.w.org\/{rel}","templated":true}]}}