{"id":2487,"date":"2020-04-18T16:03:29","date_gmt":"2020-04-18T16:03:29","guid":{"rendered":"https:\/\/costanatura41.com\/naturist-beach\/"},"modified":"2025-11-28T07:57:14","modified_gmt":"2025-11-28T07:57:14","slug":"naturist-strand","status":"publish","type":"page","link":"https:\/\/costanatura41.com\/de\/der-urlaubsort\/naturist-strand\/","title":{"rendered":"FKK-Strand"},"content":{"rendered":"\n<p>Der sandige und in einigen Bereichen kiesige Strand vor der Costa Natura ist ein offizieller Naturist Beach, zu dem Sie direkten Zugang vom Resort haben.<\/p>\n\n\n\n<!--more details anzeigen-->\n\n\n\n<p>Eine warme Empfehlung ist, Ihren Tag mit dem Sonnenaufgang am Strand zu beginnen. Sie k\u00f6nnen auch einen Spaziergang entlang des Strandes machen (mit Kleidung, wenn Sie f\u00fcr einen langen Spaziergang gehen), oder gehen Sie f\u00fcr einen morgendlichen Schwimmen im Meer.<\/p>\n\n\n\n<p>Der Strand ist an den Wochenenden und in den Sommerferien sowohl von Touristen als auch von Einheimischen gut besucht; Sowie Paare und Familien.<\/p>\n\n\n\n<p>An klaren Tagen sieht man sowohl Gibraltar als auch Marokko am Horizont.<\/p>\n\n\n\n<p>Die Strandbar Renato es ist vom Strand aus \u00fcber ein paar Treppen und durch direkten Zugang vom Resort aus erreichbar.<\/p>\n","protected":false},"excerpt":{"rendered":"<p>Der sandige und in einigen Bereichen kiesige Strand vor der Costa Natura ist ein offizieller Naturist Beach, zu dem Sie direkten Zugang vom Resort haben.<\/p>\n","protected":false},"author":7,"featured_media":1928,"parent":2484,"menu_order":1,"comment_status":"closed","ping_status":"closed","template":"template-boxed-page.php","meta":{"_monsterinsights_skip_tracking":false,"_monsterinsights_sitenote_active":false,"_monsterinsights_sitenote_note":"","_monsterinsights_sitenote_category":0,"jetpack_post_was_ever_published":false,"footnotes":""},"class_list":["post-2487","page","type-page","status-publish","has-post-thumbnail","hentry"],"yoast_head":"<!-- This site is optimized with the Yoast SEO plugin v27.4 - https:\/\/yoast.com\/product\/yoast-seo-wordpress\/ -->\n<title>FKK-Strand - COSTANATURA 41<\/title>\n<meta name=\"description\" content=\"Der sandige und in einigen Bereichen kiesige Strand vor der Costa Natura ist ein offizieller Naturist Beach, zu dem Sie direkten Zugang vom Resort haben.\" \/>\n<meta name=\"robots\" content=\"index, follow, max-snippet:-1, max-image-preview:large, max-video-preview:-1\" \/>\n<link rel=\"canonical\" href=\"https:\/\/costanatura41.com\/de\/der-urlaubsort\/naturist-strand\/\" \/>\n<meta property=\"og:locale\" content=\"de_DE\" \/>\n<meta property=\"og:type\" content=\"article\" \/>\n<meta property=\"og:title\" content=\"FKK-Strand - COSTANATURA 41\" \/>\n<meta property=\"og:description\" content=\"Der sandige und in einigen Bereichen kiesige Strand vor der Costa Natura ist ein offizieller Naturist Beach, zu dem Sie direkten Zugang vom Resort haben.\" \/>\n<meta property=\"og:url\" content=\"https:\/\/costanatura41.com\/de\/der-urlaubsort\/naturist-strand\/\" \/>\n<meta property=\"og:site_name\" content=\"COSTANATURA 41\" \/>\n<meta property=\"article:modified_time\" content=\"2025-11-28T07:57:14+00:00\" \/>\n<meta property=\"og:image\" content=\"https:\/\/costanatura41.com\/wp-content\/uploads\/sites\/18\/2019\/09\/cn-beach-view-1.jpg\" \/>\n\t<meta property=\"og:image:width\" content=\"2560\" \/>\n\t<meta property=\"og:image:height\" content=\"1920\" \/>\n\t<meta property=\"og:image:type\" content=\"image\/jpeg\" \/>\n<meta name=\"twitter:card\" content=\"summary_large_image\" \/>\n<meta name=\"twitter:label1\" content=\"Gesch\u00e4tzte Lesezeit\" \/>\n\t<meta name=\"twitter:data1\" content=\"1 Minute\" \/>\n<script type=\"application\/ld+json\" class=\"yoast-schema-graph\">{\"@context\":\"https:\\\/\\\/schema.org\",\"@graph\":[{\"@type\":\"WebPage\",\"@id\":\"https:\\\/\\\/costanatura41.com\\\/de\\\/der-urlaubsort\\\/naturist-strand\\\/\",\"url\":\"https:\\\/\\\/costanatura41.com\\\/de\\\/der-urlaubsort\\\/naturist-strand\\\/\",\"name\":\"FKK-Strand - COSTANATURA 41\",\"isPartOf\":{\"@id\":\"https:\\\/\\\/costanatura41.com\\\/de\\\/#website\"},\"primaryImageOfPage\":{\"@id\":\"https:\\\/\\\/costanatura41.com\\\/de\\\/der-urlaubsort\\\/naturist-strand\\\/#primaryimage\"},\"image\":{\"@id\":\"https:\\\/\\\/costanatura41.com\\\/de\\\/der-urlaubsort\\\/naturist-strand\\\/#primaryimage\"},\"thumbnailUrl\":\"https:\\\/\\\/i0.wp.com\\\/costanatura41.com\\\/wp-content\\\/uploads\\\/sites\\\/18\\\/2019\\\/09\\\/cn-beach-view-1.jpg?fit=2560%2C1920&ssl=1\",\"datePublished\":\"2020-04-18T16:03:29+00:00\",\"dateModified\":\"2025-11-28T07:57:14+00:00\",\"description\":\"Der sandige und in einigen Bereichen kiesige Strand vor der Costa Natura ist ein offizieller Naturist Beach, zu dem Sie direkten Zugang vom Resort haben.\",\"breadcrumb\":{\"@id\":\"https:\\\/\\\/costanatura41.com\\\/de\\\/der-urlaubsort\\\/naturist-strand\\\/#breadcrumb\"},\"inLanguage\":\"de-DE\",\"potentialAction\":[{\"@type\":\"ReadAction\",\"target\":[\"https:\\\/\\\/costanatura41.com\\\/de\\\/der-urlaubsort\\\/naturist-strand\\\/\"]}]},{\"@type\":\"ImageObject\",\"inLanguage\":\"de-DE\",\"@id\":\"https:\\\/\\\/costanatura41.com\\\/de\\\/der-urlaubsort\\\/naturist-strand\\\/#primaryimage\",\"url\":\"https:\\\/\\\/i0.wp.com\\\/costanatura41.com\\\/wp-content\\\/uploads\\\/sites\\\/18\\\/2019\\\/09\\\/cn-beach-view-1.jpg?fit=2560%2C1920&ssl=1\",\"contentUrl\":\"https:\\\/\\\/i0.wp.com\\\/costanatura41.com\\\/wp-content\\\/uploads\\\/sites\\\/18\\\/2019\\\/09\\\/cn-beach-view-1.jpg?fit=2560%2C1920&ssl=1\",\"width\":2560,\"height\":1920,\"caption\":\"FKK-Strand vor Costa Natura von der Terrasse des Resorts aus gesehen.\"},{\"@type\":\"BreadcrumbList\",\"@id\":\"https:\\\/\\\/costanatura41.com\\\/de\\\/der-urlaubsort\\\/naturist-strand\\\/#breadcrumb\",\"itemListElement\":[{\"@type\":\"ListItem\",\"position\":1,\"name\":\"Home\",\"item\":\"https:\\\/\\\/costanatura41.com\\\/de\\\/\"},{\"@type\":\"ListItem\",\"position\":2,\"name\":\"Das Resort\",\"item\":\"https:\\\/\\\/costanatura41.com\\\/de\\\/der-urlaubsort\\\/\"},{\"@type\":\"ListItem\",\"position\":3,\"name\":\"FKK-Strand\"}]},{\"@type\":\"WebSite\",\"@id\":\"https:\\\/\\\/costanatura41.com\\\/de\\\/#website\",\"url\":\"https:\\\/\\\/costanatura41.com\\\/de\\\/\",\"name\":\"Costanatura 41\",\"description\":\"Naturist Holiday Rent\",\"publisher\":{\"@id\":\"https:\\\/\\\/costanatura41.com\\\/de\\\/#organization\"},\"potentialAction\":[{\"@type\":\"SearchAction\",\"target\":{\"@type\":\"EntryPoint\",\"urlTemplate\":\"https:\\\/\\\/costanatura41.com\\\/de\\\/?s={search_term_string}\"},\"query-input\":{\"@type\":\"PropertyValueSpecification\",\"valueRequired\":true,\"valueName\":\"search_term_string\"}}],\"inLanguage\":\"de-DE\"},{\"@type\":\"Organization\",\"@id\":\"https:\\\/\\\/costanatura41.com\\\/de\\\/#organization\",\"name\":\"Costa Natura Apartment 41\",\"url\":\"https:\\\/\\\/costanatura41.com\\\/de\\\/\",\"logo\":{\"@type\":\"ImageObject\",\"inLanguage\":\"de-DE\",\"@id\":\"https:\\\/\\\/costanatura41.com\\\/de\\\/#\\\/schema\\\/logo\\\/image\\\/\",\"url\":\"\",\"contentUrl\":\"\",\"caption\":\"Costa Natura Apartment 41\"},\"image\":{\"@id\":\"https:\\\/\\\/costanatura41.com\\\/de\\\/#\\\/schema\\\/logo\\\/image\\\/\"}}]}<\/script>\n<!-- \/ Yoast SEO plugin. -->","yoast_head_json":{"title":"FKK-Strand - COSTANATURA 41","description":"Der sandige und in einigen Bereichen kiesige Strand vor der Costa Natura ist ein offizieller Naturist Beach, zu dem Sie direkten Zugang vom Resort haben.","robots":{"index":"index","follow":"follow","max-snippet":"max-snippet:-1","max-image-preview":"max-image-preview:large","max-video-preview":"max-video-preview:-1"},"canonical":"https:\/\/costanatura41.com\/de\/der-urlaubsort\/naturist-strand\/","og_locale":"de_DE","og_type":"article","og_title":"FKK-Strand - COSTANATURA 41","og_description":"Der sandige und in einigen Bereichen kiesige Strand vor der Costa Natura ist ein offizieller Naturist Beach, zu dem Sie direkten Zugang vom Resort haben.","og_url":"https:\/\/costanatura41.com\/de\/der-urlaubsort\/naturist-strand\/","og_site_name":"COSTANATURA 41","article_modified_time":"2025-11-28T07:57:14+00:00","og_image":[{"width":2560,"height":1920,"url":"https:\/\/costanatura41.com\/wp-content\/uploads\/sites\/18\/2019\/09\/cn-beach-view-1.jpg","type":"image\/jpeg"}],"twitter_card":"summary_large_image","twitter_misc":{"Gesch\u00e4tzte Lesezeit":"1 Minute"},"schema":{"@context":"https:\/\/schema.org","@graph":[{"@type":"WebPage","@id":"https:\/\/costanatura41.com\/de\/der-urlaubsort\/naturist-strand\/","url":"https:\/\/costanatura41.com\/de\/der-urlaubsort\/naturist-strand\/","name":"FKK-Strand - COSTANATURA 41","isPartOf":{"@id":"https:\/\/costanatura41.com\/de\/#website"},"primaryImageOfPage":{"@id":"https:\/\/costanatura41.com\/de\/der-urlaubsort\/naturist-strand\/#primaryimage"},"image":{"@id":"https:\/\/costanatura41.com\/de\/der-urlaubsort\/naturist-strand\/#primaryimage"},"thumbnailUrl":"https:\/\/i0.wp.com\/costanatura41.com\/wp-content\/uploads\/sites\/18\/2019\/09\/cn-beach-view-1.jpg?fit=2560%2C1920&ssl=1","datePublished":"2020-04-18T16:03:29+00:00","dateModified":"2025-11-28T07:57:14+00:00","description":"Der sandige und in einigen Bereichen kiesige Strand vor der Costa Natura ist ein offizieller Naturist Beach, zu dem Sie direkten Zugang vom Resort haben.","breadcrumb":{"@id":"https:\/\/costanatura41.com\/de\/der-urlaubsort\/naturist-strand\/#breadcrumb"},"inLanguage":"de-DE","potentialAction":[{"@type":"ReadAction","target":["https:\/\/costanatura41.com\/de\/der-urlaubsort\/naturist-strand\/"]}]},{"@type":"ImageObject","inLanguage":"de-DE","@id":"https:\/\/costanatura41.com\/de\/der-urlaubsort\/naturist-strand\/#primaryimage","url":"https:\/\/i0.wp.com\/costanatura41.com\/wp-content\/uploads\/sites\/18\/2019\/09\/cn-beach-view-1.jpg?fit=2560%2C1920&ssl=1","contentUrl":"https:\/\/i0.wp.com\/costanatura41.com\/wp-content\/uploads\/sites\/18\/2019\/09\/cn-beach-view-1.jpg?fit=2560%2C1920&ssl=1","width":2560,"height":1920,"caption":"FKK-Strand vor Costa Natura von der Terrasse des Resorts aus gesehen."},{"@type":"BreadcrumbList","@id":"https:\/\/costanatura41.com\/de\/der-urlaubsort\/naturist-strand\/#breadcrumb","itemListElement":[{"@type":"ListItem","position":1,"name":"Home","item":"https:\/\/costanatura41.com\/de\/"},{"@type":"ListItem","position":2,"name":"Das Resort","item":"https:\/\/costanatura41.com\/de\/der-urlaubsort\/"},{"@type":"ListItem","position":3,"name":"FKK-Strand"}]},{"@type":"WebSite","@id":"https:\/\/costanatura41.com\/de\/#website","url":"https:\/\/costanatura41.com\/de\/","name":"Costanatura 41","description":"Naturist Holiday Rent","publisher":{"@id":"https:\/\/costanatura41.com\/de\/#organization"},"potentialAction":[{"@type":"SearchAction","target":{"@type":"EntryPoint","urlTemplate":"https:\/\/costanatura41.com\/de\/?s={search_term_string}"},"query-input":{"@type":"PropertyValueSpecification","valueRequired":true,"valueName":"search_term_string"}}],"inLanguage":"de-DE"},{"@type":"Organization","@id":"https:\/\/costanatura41.com\/de\/#organization","name":"Costa Natura Apartment 41","url":"https:\/\/costanatura41.com\/de\/","logo":{"@type":"ImageObject","inLanguage":"de-DE","@id":"https:\/\/costanatura41.com\/de\/#\/schema\/logo\/image\/","url":"","contentUrl":"","caption":"Costa Natura Apartment 41"},"image":{"@id":"https:\/\/costanatura41.com\/de\/#\/schema\/logo\/image\/"}}]}},"jetpack_sharing_enabled":true,"jetpack_shortlink":"https:\/\/wp.me\/PaF7DC-E7","jetpack-related-posts":[{"id":2524,"url":"https:\/\/costanatura41.com\/de\/galerie\/","url_meta":{"origin":2487,"position":0},"title":"Galerie","author":"Costa Natura 41","date":"18. April 2020","format":false,"excerpt":"Die Galerieseite ist eine umfangreichere Sammlung von Bildern. Hier k\u00f6nnen Sie die Wohnung und ihre Terrassen, den Naturistenstrand und das Resort mit den sch\u00f6nen und gepflegten G\u00e4rten sehen. Die Wohnung Die Wohnung wurde komplett renoviert, um einen hohen Standard mit einem Auge f\u00fcr Details und Qualit\u00e4t und mit einem modernen\u2026","rel":"","context":"\u00c4hnlicher Beitrag","block_context":{"text":"\u00c4hnlicher Beitrag","link":""},"img":{"alt_text":"Dining table seen from the kitchen.","src":"https:\/\/i0.wp.com\/costanatura41.com\/wp-content\/uploads\/sites\/18\/2022\/09\/cn41-dining-room-4.jpg?resize=350%2C200","width":350,"height":200,"srcset":"https:\/\/i0.wp.com\/costanatura41.com\/wp-content\/uploads\/sites\/18\/2022\/09\/cn41-dining-room-4.jpg?resize=350%2C200 1x, https:\/\/i0.wp.com\/costanatura41.com\/wp-content\/uploads\/sites\/18\/2022\/09\/cn41-dining-room-4.jpg?resize=525%2C300 1.5x, https:\/\/i0.wp.com\/costanatura41.com\/wp-content\/uploads\/sites\/18\/2022\/09\/cn41-dining-room-4.jpg?resize=700%2C400 2x, https:\/\/i0.wp.com\/costanatura41.com\/wp-content\/uploads\/sites\/18\/2022\/09\/cn41-dining-room-4.jpg?resize=1050%2C600 3x, https:\/\/i0.wp.com\/costanatura41.com\/wp-content\/uploads\/sites\/18\/2022\/09\/cn41-dining-room-4.jpg?resize=1400%2C800 4x"},"classes":[]},{"id":2517,"url":"https:\/\/costanatura41.com\/de\/naturismus\/","url_meta":{"origin":2487,"position":1},"title":"Naturismus","author":"Costa Natura 41","date":"18. April 2020","format":false,"excerpt":"Naturismus ist eine Lifestyle-Wahl. Die Internationale Naturisten-F\u00f6deration(INF) definiert den Naturismus so: \"Es ist eine Lebensweise im Einklang mit der Natur, ausgedr\u00fcckt durch soziale Nacktheit, verbunden mit Selbstachtung, Toleranz unterschiedlicher Ansichten und Respekt f\u00fcr die Umwelt\".Naturismus ist die Praxis, nackt zu gehen, vor allem in einem gemischten sozialen Umfeld und ist\u2026","rel":"","context":"\u00c4hnlicher Beitrag","block_context":{"text":"\u00c4hnlicher Beitrag","link":""},"img":{"alt_text":"FKK-Strand vor Costa Natura von der Nordseite aus gesehen.","src":"https:\/\/i0.wp.com\/costanatura41.com\/wp-content\/uploads\/sites\/18\/2019\/09\/beach-view-2.jpg?resize=350%2C200&ssl=1","width":350,"height":200},"classes":[]},{"id":2507,"url":"https:\/\/costanatura41.com\/de\/","url_meta":{"origin":2487,"position":2},"title":"FKK Ferienwohnung in S\u00fcdspanien","author":"Costa Natura 41","date":"18. April 2025","format":false,"excerpt":"Jetzt buchen Costa Natura 41 - Ihre Naturist Ferienwohnung in S\u00fcdspanien Willkommen in dieser fabelhaften Wohnung in S\u00fcdspanien. Hier k\u00f6nnen Sie einen FKK-Urlaub kombiniert mit allen Annehmlichkeiten des modernen Lebens genie\u00dfen.Vor allem wurde es 2019 komplett renoviert, um einen hohen Standard mit einem modernen skandinavischen Lebensstil im Hinterkopf zu haben.\u2026","rel":"","context":"\u00c4hnlicher Beitrag","block_context":{"text":"\u00c4hnlicher Beitrag","link":""},"img":{"alt_text":"","src":"https:\/\/i0.wp.com\/costanatura41.com\/wp-content\/uploads\/sites\/18\/2022\/07\/cn-pool-view-3-4.jpg?fit=1200%2C900&ssl=1&resize=350%2C200","width":350,"height":200,"srcset":"https:\/\/i0.wp.com\/costanatura41.com\/wp-content\/uploads\/sites\/18\/2022\/07\/cn-pool-view-3-4.jpg?fit=1200%2C900&ssl=1&resize=350%2C200 1x, https:\/\/i0.wp.com\/costanatura41.com\/wp-content\/uploads\/sites\/18\/2022\/07\/cn-pool-view-3-4.jpg?fit=1200%2C900&ssl=1&resize=525%2C300 1.5x, https:\/\/i0.wp.com\/costanatura41.com\/wp-content\/uploads\/sites\/18\/2022\/07\/cn-pool-view-3-4.jpg?fit=1200%2C900&ssl=1&resize=700%2C400 2x, https:\/\/i0.wp.com\/costanatura41.com\/wp-content\/uploads\/sites\/18\/2022\/07\/cn-pool-view-3-4.jpg?fit=1200%2C900&ssl=1&resize=1050%2C600 3x"},"classes":[]},{"id":2518,"url":"https:\/\/costanatura41.com\/de\/richtungen\/","url_meta":{"origin":2487,"position":3},"title":"Richtungen","author":"Costa Natura 41","date":"18. April 2020","format":false,"excerpt":"Anfahrt zur Costa Natura vom Flughafen Malaga (AGP) 1 Nehmen Sie die A-7 in Richtung Algeciras\/Cadiz. Diese Stra\u00dfe verl\u00e4uft parallel zur K\u00fcste.Bleiben Sie auf der A-7 (geb\u00fchrenfrei) oder nehmen Sie die AP-7 (Mautstra\u00dfe), die schneller und weniger besch\u00e4ftigt ist. Wenn Sie sich f\u00fcr den AP-7 entscheiden, betr\u00e4gt die Geb\u00fchr insgesamt\u2026","rel":"","context":"\u00c4hnlicher Beitrag","block_context":{"text":"\u00c4hnlicher Beitrag","link":""},"img":{"alt_text":"Map with directions from Malaga airport.","src":"https:\/\/i0.wp.com\/costanatura41.com\/wp-content\/uploads\/sites\/18\/2019\/08\/directions-from-agp-1-1.jpg?fit=2546%2C1592&ssl=1&resize=350%2C200","width":350,"height":200,"srcset":"https:\/\/i0.wp.com\/costanatura41.com\/wp-content\/uploads\/sites\/18\/2019\/08\/directions-from-agp-1-1.jpg?fit=2546%2C1592&ssl=1&resize=350%2C200 1x, https:\/\/i0.wp.com\/costanatura41.com\/wp-content\/uploads\/sites\/18\/2019\/08\/directions-from-agp-1-1.jpg?fit=2546%2C1592&ssl=1&resize=525%2C300 1.5x, https:\/\/i0.wp.com\/costanatura41.com\/wp-content\/uploads\/sites\/18\/2019\/08\/directions-from-agp-1-1.jpg?fit=2546%2C1592&ssl=1&resize=700%2C400 2x, https:\/\/i0.wp.com\/costanatura41.com\/wp-content\/uploads\/sites\/18\/2019\/08\/directions-from-agp-1-1.jpg?fit=2546%2C1592&ssl=1&resize=1050%2C600 3x, https:\/\/i0.wp.com\/costanatura41.com\/wp-content\/uploads\/sites\/18\/2019\/08\/directions-from-agp-1-1.jpg?fit=2546%2C1592&ssl=1&resize=1400%2C800 4x"},"classes":[]},{"id":2491,"url":"https:\/\/costanatura41.com\/de\/die-nachbarschaft\/","url_meta":{"origin":2487,"position":4},"title":"Die Nachbarschaft","author":"Costa Natura 41","date":"18. April 2020","format":false,"excerpt":"Costa Natura liegt am s\u00fcdlichen Stadtrand von Estepona. Bei Ebbe f\u00fchrt Sie ein 45-minuten-Spaziergang entlang des Strandes zum Hafen. Weitere 10-15 Minuten Gehzeit und Sie sind in der Innenstadt. Sie k\u00f6nnen auch den Bus direkt vor dem Resort oder ein Taxi vor dem Hotel Elba nehmen. Alternativ k\u00f6nnen Sie eine\u2026","rel":"","context":"\u00c4hnlicher Beitrag","block_context":{"text":"\u00c4hnlicher Beitrag","link":""},"img":{"alt_text":"","src":"","width":0,"height":0},"classes":[]},{"id":2484,"url":"https:\/\/costanatura41.com\/de\/der-urlaubsort\/","url_meta":{"origin":2487,"position":5},"title":"Das Resort","author":"Costa Natura 41","date":"18. April 2020","format":false,"excerpt":"Costa Natura ist ein Naturist Resort Dorf mit 200 Wohnungen in einem sch\u00f6nen und gepflegten mediterranen Garten. Es liegt direkt am Strand Costa Natura, Spaniens erstem Naturistenstrand. Das Resort verf\u00fcgt \u00fcber einen gro\u00dfen Salzwasserpool, ein Restaurant am Meer, einen Fitnessraum, einen Whirlpool, eine Sauna, einen Volleyballplatz und einen P\u00e9tanque-Platz.Klicken Sie\u2026","rel":"","context":"\u00c4hnlicher Beitrag","block_context":{"text":"\u00c4hnlicher Beitrag","link":""},"img":{"alt_text":"","src":"","width":0,"height":0},"classes":[]}],"_links":{"self":[{"href":"https:\/\/costanatura41.com\/de\/wp-json\/wp\/v2\/pages\/2487","targetHints":{"allow":["GET"]}}],"collection":[{"href":"https:\/\/costanatura41.com\/de\/wp-json\/wp\/v2\/pages"}],"about":[{"href":"https:\/\/costanatura41.com\/de\/wp-json\/wp\/v2\/types\/page"}],"author":[{"embeddable":true,"href":"https:\/\/costanatura41.com\/de\/wp-json\/wp\/v2\/users\/7"}],"replies":[{"embeddable":true,"href":"https:\/\/costanatura41.com\/de\/wp-json\/wp\/v2\/comments?post=2487"}],"version-history":[{"count":0,"href":"https:\/\/costanatura41.com\/de\/wp-json\/wp\/v2\/pages\/2487\/revisions"}],"up":[{"embeddable":true,"href":"https:\/\/costanatura41.com\/de\/wp-json\/wp\/v2\/pages\/2484"}],"wp:featuredmedia":[{"embeddable":true,"href":"https:\/\/costanatura41.com\/de\/wp-json\/wp\/v2\/media\/1928"}],"wp:attachment":[{"href":"https:\/\/costanatura41.com\/de\/wp-json\/wp\/v2\/media?parent=2487"}],"curies":[{"name":"wp","href":"https:\/\/api.w.org\/{rel}","templated":true}]}}