{"id":2489,"date":"2020-04-18T16:03:29","date_gmt":"2020-04-18T16:03:29","guid":{"rendered":"https:\/\/costanatura41.com\/wandern-und-wandern\/"},"modified":"2025-11-27T20:10:42","modified_gmt":"2025-11-27T20:10:42","slug":"wandern","status":"publish","type":"page","link":"https:\/\/costanatura41.com\/de\/die-nachbarschaft\/wandern\/","title":{"rendered":"Wandern und Wandern"},"content":{"rendered":"\n<p>Andalusien bietet eine F\u00fclle von Wander- und Wanderm\u00f6glichkeiten. El Caminito del Rey ist nichts f\u00fcr Feint-Herz! Eine einfachere Option ist der Paseo Maritimo in Estepona.<\/p>\n\n\n\n<!--more details anzeigen-->\n\n\n\n<h2 class=\"wp-block-heading\">El Caminito del Rey<\/h2>\n\n\n\n<p>El Caminito del Rey ist ein Gehweg, der an den steilen Mauern einer engen Schlucht in El Chorro in der Provinz Malaga angeheftet ist.<br> Bevor es 2015 komplett renoviert und wiederer\u00f6ffnet wurde, galt er als der gef\u00e4hrlichste Weg der Welt.<\/p>\n\n\n\n<div class=\"wp-block-jetpack-tiled-gallery aligncenter is-style-rectangular\"><div class=\"tiled-gallery__gallery\"><div class=\"tiled-gallery__row\"><div class=\"tiled-gallery__col\"><figure class=\"tiled-gallery__item\"><img decoding=\"async\" role=\"button\" tabindex=\"0\" aria-label=\"Bild\u00a01 von 2 im Vollbildmodus \u00f6ffnen\"srcset=\"https:\/\/i0.wp.com\/costanatura41.com\/wp-content\/uploads\/sites\/3\/2019\/08\/el-caminito-del-rey-2.jpg?strip=info&#038;w=600&#038;ssl=1 600w,https:\/\/i0.wp.com\/costanatura41.com\/wp-content\/uploads\/sites\/3\/2019\/08\/el-caminito-del-rey-2.jpg?strip=info&#038;w=900&#038;ssl=1 900w,https:\/\/i0.wp.com\/costanatura41.com\/wp-content\/uploads\/sites\/3\/2019\/08\/el-caminito-del-rey-2.jpg?strip=info&#038;w=1200&#038;ssl=1 1200w,https:\/\/i0.wp.com\/costanatura41.com\/wp-content\/uploads\/sites\/3\/2019\/08\/el-caminito-del-rey-2.jpg?strip=info&#038;w=1400&#038;ssl=1 1400w\" alt=\"\" data-height=\"840\" data-id=\"667\" data-link=\"https:\/\/costanatura41.com\/neighborhood\/walking-hiking\/el-caminito-del-rey-2\/\" data-url=\"https:\/\/costanatura41.com\/wp-content\/uploads\/sites\/3\/2019\/08\/el-caminito-del-rey-2.jpg\" data-width=\"1400\" src=\"https:\/\/i0.wp.com\/costanatura41.com\/wp-content\/uploads\/sites\/3\/2019\/08\/el-caminito-del-rey-2.jpg?ssl=1\"><\/figure><\/div><div class=\"tiled-gallery__col\"><figure class=\"tiled-gallery__item\"><img decoding=\"async\" role=\"button\" tabindex=\"0\" aria-label=\"Bild\u00a02 von 2 im Vollbildmodus \u00f6ffnen\"srcset=\"https:\/\/i2.wp.com\/costanatura41.com\/wp-content\/uploads\/sites\/3\/2019\/08\/el-caminito-del-rey-1.jpg?strip=info&#038;w=600&#038;ssl=1 600w,https:\/\/i2.wp.com\/costanatura41.com\/wp-content\/uploads\/sites\/3\/2019\/08\/el-caminito-del-rey-1.jpg?strip=info&#038;w=900&#038;ssl=1 900w,https:\/\/i2.wp.com\/costanatura41.com\/wp-content\/uploads\/sites\/3\/2019\/08\/el-caminito-del-rey-1.jpg?strip=info&#038;w=1200&#038;ssl=1 1200w,https:\/\/i2.wp.com\/costanatura41.com\/wp-content\/uploads\/sites\/3\/2019\/08\/el-caminito-del-rey-1.jpg?strip=info&#038;w=1500&#038;ssl=1 1500w,https:\/\/i2.wp.com\/costanatura41.com\/wp-content\/uploads\/sites\/3\/2019\/08\/el-caminito-del-rey-1.jpg?strip=info&#038;w=1600&#038;ssl=1 1600w\" alt=\"\" data-height=\"900\" data-id=\"633\" data-link=\"https:\/\/costanatura41.com\/el-caminito-del-rey-1\/\" data-url=\"https:\/\/costanatura41.com\/wp-content\/uploads\/sites\/3\/2019\/08\/el-caminito-del-rey-1.jpg\" data-width=\"1600\" src=\"https:\/\/i2.wp.com\/costanatura41.com\/wp-content\/uploads\/sites\/3\/2019\/08\/el-caminito-del-rey-1.jpg?ssl=1\"><\/figure><\/div><\/div><\/div><\/div>\n\n\n\n<a href=\"https:\/\/goo.gl\/maps\/enLhfqAaaT3De2NR9\" class=\"more-link\" target=\"_blank\" rel=\"noopener noreferrer\">Standort anzeigen<\/a>\n\n\n\n<hr class=\"wp-block-separator has-css-opacity\"\/>\n\n\n\n<h2 class=\"wp-block-heading\">Wandmalereien<\/h2>\n\n\n\n<p>Eine einfachere Wahl ist es, durch die Stra\u00dfen von Estepona zu gehen und die erstaunlichen Wandmalereien zu genie\u00dfen, die die Seiten vieler Geb\u00e4ude schm\u00fccken.<\/p>\n\n\n\n<div class=\"wp-block-jetpack-tiled-gallery aligncenter is-style-rectangular\"><div class=\"\"><div class=\"tiled-gallery__gallery\"><div class=\"tiled-gallery__row\"><div class=\"tiled-gallery__col\" style=\"flex-basis:50.00000%\"><figure class=\"tiled-gallery__item\"><img decoding=\"async\" role=\"button\" tabindex=\"0\" aria-label=\"Bild\u00a01 von 2 im Vollbildmodus \u00f6ffnen\"srcset=\"https:\/\/i0.wp.com\/costanatura41.com\/wp-content\/uploads\/sites\/3\/2019\/08\/estepona-walls-1.jpg?strip=info&#038;w=600&#038;ssl=1 600w,https:\/\/i0.wp.com\/costanatura41.com\/wp-content\/uploads\/sites\/3\/2019\/08\/estepona-walls-1.jpg?strip=info&#038;w=900&#038;ssl=1 900w,https:\/\/i0.wp.com\/costanatura41.com\/wp-content\/uploads\/sites\/3\/2019\/08\/estepona-walls-1.jpg?strip=info&#038;w=1200&#038;ssl=1 1200w,https:\/\/i0.wp.com\/costanatura41.com\/wp-content\/uploads\/sites\/3\/2019\/08\/estepona-walls-1.jpg?strip=info&#038;w=1500&#038;ssl=1 1500w,https:\/\/i0.wp.com\/costanatura41.com\/wp-content\/uploads\/sites\/3\/2019\/08\/estepona-walls-1.jpg?strip=info&#038;w=1800&#038;ssl=1 1800w,https:\/\/i0.wp.com\/costanatura41.com\/wp-content\/uploads\/sites\/3\/2019\/08\/estepona-walls-1.jpg?strip=info&#038;w=2000&#038;ssl=1 2000w\" alt=\"\" data-height=\"1920\" data-id=\"595\" data-link=\"https:\/\/costanatura41.com\/estepona-walls-1\/\" data-url=\"https:\/\/costanatura41.com\/wp-content\/uploads\/sites\/3\/2019\/08\/estepona-walls-1.jpg\" data-width=\"2560\" src=\"https:\/\/i0.wp.com\/costanatura41.com\/wp-content\/uploads\/sites\/3\/2019\/08\/estepona-walls-1.jpg?ssl=1\" data-amp-layout=\"responsive\"\/><\/figure><\/div><div class=\"tiled-gallery__col\" style=\"flex-basis:50.00000%\"><figure class=\"tiled-gallery__item\"><img decoding=\"async\" role=\"button\" tabindex=\"0\" aria-label=\"Bild\u00a02 von 2 im Vollbildmodus \u00f6ffnen\"srcset=\"https:\/\/i0.wp.com\/costanatura41.com\/wp-content\/uploads\/sites\/3\/2019\/05\/estepona-7.jpg?strip=info&#038;w=600&#038;ssl=1 600w,https:\/\/i0.wp.com\/costanatura41.com\/wp-content\/uploads\/sites\/3\/2019\/05\/estepona-7.jpg?strip=info&#038;w=900&#038;ssl=1 900w,https:\/\/i0.wp.com\/costanatura41.com\/wp-content\/uploads\/sites\/3\/2019\/05\/estepona-7.jpg?strip=info&#038;w=1200&#038;ssl=1 1200w,https:\/\/i0.wp.com\/costanatura41.com\/wp-content\/uploads\/sites\/3\/2019\/05\/estepona-7.jpg?strip=info&#038;w=1500&#038;ssl=1 1500w,https:\/\/i0.wp.com\/costanatura41.com\/wp-content\/uploads\/sites\/3\/2019\/05\/estepona-7.jpg?strip=info&#038;w=1800&#038;ssl=1 1800w,https:\/\/i0.wp.com\/costanatura41.com\/wp-content\/uploads\/sites\/3\/2019\/05\/estepona-7.jpg?strip=info&#038;w=2000&#038;ssl=1 2000w\" alt=\"\" data-height=\"1920\" data-id=\"352\" data-link=\"https:\/\/costanatura41.com\/estepona-7\/\" data-url=\"https:\/\/costanatura41.com\/wp-content\/uploads\/sites\/3\/2019\/05\/estepona-7.jpg\" data-width=\"2560\" src=\"https:\/\/i0.wp.com\/costanatura41.com\/wp-content\/uploads\/sites\/3\/2019\/05\/estepona-7.jpg?ssl=1\" data-amp-layout=\"responsive\"\/><\/figure><\/div><\/div><\/div><\/div><\/div>\n\n\n\n<a href=\"https:\/\/goo.gl\/maps\/i6ddqa1KSBHeinHe8\" class=\"more-link\" target=\"_blank\" rel=\"noopener noreferrer\">Standort anzeigen<\/a>\n","protected":false},"excerpt":{"rendered":"<p>Andalusien bietet eine F\u00fclle von Wander- und Wanderm\u00f6glichkeiten. El Caminito del Rey ist nichts f\u00fcr Feint-Herz! Eine einfachere Option ist der Paseo Maritimo in Estepona.<\/p>\n","protected":false},"author":3,"featured_media":1290,"parent":2491,"menu_order":3,"comment_status":"closed","ping_status":"closed","template":"template-boxed-page.php","meta":{"_monsterinsights_skip_tracking":false,"_monsterinsights_sitenote_active":false,"_monsterinsights_sitenote_note":"","_monsterinsights_sitenote_category":0,"footnotes":""},"class_list":["post-2489","page","type-page","status-publish","has-post-thumbnail","hentry"],"yoast_head":"<!-- This site is optimized with the Yoast SEO plugin v27.5 - https:\/\/yoast.com\/product\/yoast-seo-wordpress\/ -->\n<title>Wandern und Wandern - COSTANATURA 41<\/title>\n<meta name=\"robots\" content=\"index, follow, max-snippet:-1, max-image-preview:large, max-video-preview:-1\" \/>\n<link rel=\"canonical\" href=\"https:\/\/costanatura41.com\/de\/die-nachbarschaft\/wandern\/\" \/>\n<meta property=\"og:locale\" content=\"de_DE\" \/>\n<meta property=\"og:type\" content=\"article\" \/>\n<meta property=\"og:title\" content=\"Wandern und Wandern - COSTANATURA 41\" \/>\n<meta property=\"og:description\" content=\"Andalusien bietet eine F\u00fclle von Wander- und Wanderm\u00f6glichkeiten. El Caminito del Rey ist nichts f\u00fcr Feint-Herz! Eine einfachere Option ist der Paseo Maritimo in Estepona.\" \/>\n<meta property=\"og:url\" content=\"https:\/\/costanatura41.com\/de\/die-nachbarschaft\/wandern\/\" \/>\n<meta property=\"og:site_name\" content=\"COSTANATURA 41\" \/>\n<meta property=\"article:modified_time\" content=\"2025-11-27T20:10:42+00:00\" \/>\n<meta property=\"og:image\" content=\"https:\/\/costanatura41.com\/wp-content\/uploads\/sites\/3\/2019\/08\/el-caminito-del-rey-1.jpg\" \/>\n\t<meta property=\"og:image:width\" content=\"1600\" \/>\n\t<meta property=\"og:image:height\" content=\"900\" \/>\n\t<meta property=\"og:image:type\" content=\"image\/jpeg\" \/>\n<meta name=\"twitter:card\" content=\"summary_large_image\" \/>\n<meta name=\"twitter:label1\" content=\"Gesch\u00e4tzte Lesezeit\" \/>\n\t<meta name=\"twitter:data1\" content=\"2 Minute\" \/>\n<script type=\"application\/ld+json\" class=\"yoast-schema-graph\">{\"@context\":\"https:\\\/\\\/schema.org\",\"@graph\":[{\"@type\":\"WebPage\",\"@id\":\"https:\\\/\\\/costanatura41.com\\\/de\\\/die-nachbarschaft\\\/wandern\\\/\",\"url\":\"https:\\\/\\\/costanatura41.com\\\/de\\\/die-nachbarschaft\\\/wandern\\\/\",\"name\":\"Wandern und Wandern - COSTANATURA 41\",\"isPartOf\":{\"@id\":\"https:\\\/\\\/costanatura41.com\\\/de\\\/#website\"},\"primaryImageOfPage\":{\"@id\":\"https:\\\/\\\/costanatura41.com\\\/de\\\/die-nachbarschaft\\\/wandern\\\/#primaryimage\"},\"image\":{\"@id\":\"https:\\\/\\\/costanatura41.com\\\/de\\\/die-nachbarschaft\\\/wandern\\\/#primaryimage\"},\"thumbnailUrl\":\"https:\\\/\\\/i0.wp.com\\\/costanatura41.com\\\/wp-content\\\/uploads\\\/sites\\\/3\\\/2019\\\/08\\\/el-caminito-del-rey-1.jpg?fit=1600%2C900&ssl=1\",\"datePublished\":\"2020-04-18T16:03:29+00:00\",\"dateModified\":\"2025-11-27T20:10:42+00:00\",\"breadcrumb\":{\"@id\":\"https:\\\/\\\/costanatura41.com\\\/de\\\/die-nachbarschaft\\\/wandern\\\/#breadcrumb\"},\"inLanguage\":\"de\",\"potentialAction\":[{\"@type\":\"ReadAction\",\"target\":[\"https:\\\/\\\/costanatura41.com\\\/de\\\/die-nachbarschaft\\\/wandern\\\/\"]}]},{\"@type\":\"ImageObject\",\"inLanguage\":\"de\",\"@id\":\"https:\\\/\\\/costanatura41.com\\\/de\\\/die-nachbarschaft\\\/wandern\\\/#primaryimage\",\"url\":\"https:\\\/\\\/i0.wp.com\\\/costanatura41.com\\\/wp-content\\\/uploads\\\/sites\\\/3\\\/2019\\\/08\\\/el-caminito-del-rey-1.jpg?fit=1600%2C900&ssl=1\",\"contentUrl\":\"https:\\\/\\\/i0.wp.com\\\/costanatura41.com\\\/wp-content\\\/uploads\\\/sites\\\/3\\\/2019\\\/08\\\/el-caminito-del-rey-1.jpg?fit=1600%2C900&ssl=1\",\"width\":1600,\"height\":900},{\"@type\":\"BreadcrumbList\",\"@id\":\"https:\\\/\\\/costanatura41.com\\\/de\\\/die-nachbarschaft\\\/wandern\\\/#breadcrumb\",\"itemListElement\":[{\"@type\":\"ListItem\",\"position\":1,\"name\":\"Home\",\"item\":\"https:\\\/\\\/costanatura41.com\\\/de\\\/\"},{\"@type\":\"ListItem\",\"position\":2,\"name\":\"Die Nachbarschaft\",\"item\":\"https:\\\/\\\/costanatura41.com\\\/de\\\/die-nachbarschaft\\\/\"},{\"@type\":\"ListItem\",\"position\":3,\"name\":\"Wandern und Wandern\"}]},{\"@type\":\"WebSite\",\"@id\":\"https:\\\/\\\/costanatura41.com\\\/de\\\/#website\",\"url\":\"https:\\\/\\\/costanatura41.com\\\/de\\\/\",\"name\":\"Costanatura 41\",\"description\":\"Naturist Holiday Rent\",\"publisher\":{\"@id\":\"https:\\\/\\\/costanatura41.com\\\/de\\\/#organization\"},\"potentialAction\":[{\"@type\":\"SearchAction\",\"target\":{\"@type\":\"EntryPoint\",\"urlTemplate\":\"https:\\\/\\\/costanatura41.com\\\/de\\\/?s={search_term_string}\"},\"query-input\":{\"@type\":\"PropertyValueSpecification\",\"valueRequired\":true,\"valueName\":\"search_term_string\"}}],\"inLanguage\":\"de\"},{\"@type\":\"Organization\",\"@id\":\"https:\\\/\\\/costanatura41.com\\\/de\\\/#organization\",\"name\":\"Costa Natura Apartment 41\",\"url\":\"https:\\\/\\\/costanatura41.com\\\/de\\\/\",\"logo\":{\"@type\":\"ImageObject\",\"inLanguage\":\"de\",\"@id\":\"https:\\\/\\\/costanatura41.com\\\/de\\\/#\\\/schema\\\/logo\\\/image\\\/\",\"url\":\"\",\"contentUrl\":\"\",\"caption\":\"Costa Natura Apartment 41\"},\"image\":{\"@id\":\"https:\\\/\\\/costanatura41.com\\\/de\\\/#\\\/schema\\\/logo\\\/image\\\/\"}}]}<\/script>\n<!-- \/ Yoast SEO plugin. -->","yoast_head_json":{"title":"Wandern und Wandern - COSTANATURA 41","robots":{"index":"index","follow":"follow","max-snippet":"max-snippet:-1","max-image-preview":"max-image-preview:large","max-video-preview":"max-video-preview:-1"},"canonical":"https:\/\/costanatura41.com\/de\/die-nachbarschaft\/wandern\/","og_locale":"de_DE","og_type":"article","og_title":"Wandern und Wandern - COSTANATURA 41","og_description":"Andalusien bietet eine F\u00fclle von Wander- und Wanderm\u00f6glichkeiten. El Caminito del Rey ist nichts f\u00fcr Feint-Herz! Eine einfachere Option ist der Paseo Maritimo in Estepona.","og_url":"https:\/\/costanatura41.com\/de\/die-nachbarschaft\/wandern\/","og_site_name":"COSTANATURA 41","article_modified_time":"2025-11-27T20:10:42+00:00","og_image":[{"width":1600,"height":900,"url":"https:\/\/costanatura41.com\/wp-content\/uploads\/sites\/3\/2019\/08\/el-caminito-del-rey-1.jpg","type":"image\/jpeg"}],"twitter_card":"summary_large_image","twitter_misc":{"Gesch\u00e4tzte Lesezeit":"2 Minute"},"schema":{"@context":"https:\/\/schema.org","@graph":[{"@type":"WebPage","@id":"https:\/\/costanatura41.com\/de\/die-nachbarschaft\/wandern\/","url":"https:\/\/costanatura41.com\/de\/die-nachbarschaft\/wandern\/","name":"Wandern und Wandern - COSTANATURA 41","isPartOf":{"@id":"https:\/\/costanatura41.com\/de\/#website"},"primaryImageOfPage":{"@id":"https:\/\/costanatura41.com\/de\/die-nachbarschaft\/wandern\/#primaryimage"},"image":{"@id":"https:\/\/costanatura41.com\/de\/die-nachbarschaft\/wandern\/#primaryimage"},"thumbnailUrl":"https:\/\/i0.wp.com\/costanatura41.com\/wp-content\/uploads\/sites\/3\/2019\/08\/el-caminito-del-rey-1.jpg?fit=1600%2C900&ssl=1","datePublished":"2020-04-18T16:03:29+00:00","dateModified":"2025-11-27T20:10:42+00:00","breadcrumb":{"@id":"https:\/\/costanatura41.com\/de\/die-nachbarschaft\/wandern\/#breadcrumb"},"inLanguage":"de","potentialAction":[{"@type":"ReadAction","target":["https:\/\/costanatura41.com\/de\/die-nachbarschaft\/wandern\/"]}]},{"@type":"ImageObject","inLanguage":"de","@id":"https:\/\/costanatura41.com\/de\/die-nachbarschaft\/wandern\/#primaryimage","url":"https:\/\/i0.wp.com\/costanatura41.com\/wp-content\/uploads\/sites\/3\/2019\/08\/el-caminito-del-rey-1.jpg?fit=1600%2C900&ssl=1","contentUrl":"https:\/\/i0.wp.com\/costanatura41.com\/wp-content\/uploads\/sites\/3\/2019\/08\/el-caminito-del-rey-1.jpg?fit=1600%2C900&ssl=1","width":1600,"height":900},{"@type":"BreadcrumbList","@id":"https:\/\/costanatura41.com\/de\/die-nachbarschaft\/wandern\/#breadcrumb","itemListElement":[{"@type":"ListItem","position":1,"name":"Home","item":"https:\/\/costanatura41.com\/de\/"},{"@type":"ListItem","position":2,"name":"Die Nachbarschaft","item":"https:\/\/costanatura41.com\/de\/die-nachbarschaft\/"},{"@type":"ListItem","position":3,"name":"Wandern und Wandern"}]},{"@type":"WebSite","@id":"https:\/\/costanatura41.com\/de\/#website","url":"https:\/\/costanatura41.com\/de\/","name":"Costanatura 41","description":"Naturist Holiday Rent","publisher":{"@id":"https:\/\/costanatura41.com\/de\/#organization"},"potentialAction":[{"@type":"SearchAction","target":{"@type":"EntryPoint","urlTemplate":"https:\/\/costanatura41.com\/de\/?s={search_term_string}"},"query-input":{"@type":"PropertyValueSpecification","valueRequired":true,"valueName":"search_term_string"}}],"inLanguage":"de"},{"@type":"Organization","@id":"https:\/\/costanatura41.com\/de\/#organization","name":"Costa Natura Apartment 41","url":"https:\/\/costanatura41.com\/de\/","logo":{"@type":"ImageObject","inLanguage":"de","@id":"https:\/\/costanatura41.com\/de\/#\/schema\/logo\/image\/","url":"","contentUrl":"","caption":"Costa Natura Apartment 41"},"image":{"@id":"https:\/\/costanatura41.com\/de\/#\/schema\/logo\/image\/"}}]}},"jetpack_sharing_enabled":true,"jetpack_shortlink":"https:\/\/wp.me\/PaF7DC-E9","jetpack-related-posts":[{"id":76,"url":"https:\/\/costanatura41.com\/neighborhood\/walking-hiking\/","url_meta":{"origin":2489,"position":0},"title":"Walking and Hiking","author":"Costa Natura 41","date":"19. Juli 2018","format":false,"excerpt":"Andalusia offers a wealth of walking and hiking options. El Caminito del Rey is not for the feint-hearted! An easier option is the Paseo Maritimo in Estepona. El Caminito del Rey El Caminito del Rey is a walkway, pinned along the steep walls of a narrow gorge in El Chorro,\u2026","rel":"","context":"\u00c4hnlicher Beitrag","block_context":{"text":"\u00c4hnlicher Beitrag","link":""},"img":{"alt_text":"","src":"https:\/\/i0.wp.com\/costanatura41.com\/wp-content\/uploads\/sites\/3\/2019\/08\/el-caminito-del-rey-2.jpg?fit=1200%2C720&ssl=1&resize=350%2C200","width":350,"height":200,"srcset":"https:\/\/i0.wp.com\/costanatura41.com\/wp-content\/uploads\/sites\/3\/2019\/08\/el-caminito-del-rey-2.jpg?fit=1200%2C720&ssl=1&resize=350%2C200 1x, https:\/\/i0.wp.com\/costanatura41.com\/wp-content\/uploads\/sites\/3\/2019\/08\/el-caminito-del-rey-2.jpg?fit=1200%2C720&ssl=1&resize=525%2C300 1.5x, https:\/\/i0.wp.com\/costanatura41.com\/wp-content\/uploads\/sites\/3\/2019\/08\/el-caminito-del-rey-2.jpg?fit=1200%2C720&ssl=1&resize=700%2C400 2x, https:\/\/i0.wp.com\/costanatura41.com\/wp-content\/uploads\/sites\/3\/2019\/08\/el-caminito-del-rey-2.jpg?fit=1200%2C720&ssl=1&resize=1050%2C600 3x"},"classes":[]},{"id":2167,"url":"https:\/\/costanatura41.com\/es\/el-barrio\/caminar-y-caminar\/","url_meta":{"origin":2489,"position":1},"title":"Caminar y caminar","author":"Costa Natura 41","date":"2. April 2020","format":false,"excerpt":"Andaluc\u00eda ofrece una gran variedad de opciones de senderismo y senderismo. \u00a1El Caminito del Rey no es para los de coraz\u00f3n! Una opci\u00f3n m\u00e1s f\u00e1cil es el Paseo Mar\u00edtimo en Estepona. El Caminito del Rey El Caminito del Rey es una pasarela, anclada a lo largo de las escarpadas paredes\u2026","rel":"","context":"\u00c4hnlicher Beitrag","block_context":{"text":"\u00c4hnlicher Beitrag","link":""},"img":{"alt_text":"","src":"https:\/\/i0.wp.com\/costanatura41.com\/wp-content\/uploads\/sites\/3\/2019\/08\/el-caminito-del-rey-2.jpg?fit=1200%2C720&ssl=1&resize=350%2C200","width":350,"height":200,"srcset":"https:\/\/i0.wp.com\/costanatura41.com\/wp-content\/uploads\/sites\/3\/2019\/08\/el-caminito-del-rey-2.jpg?fit=1200%2C720&ssl=1&resize=350%2C200 1x, https:\/\/i0.wp.com\/costanatura41.com\/wp-content\/uploads\/sites\/3\/2019\/08\/el-caminito-del-rey-2.jpg?fit=1200%2C720&ssl=1&resize=525%2C300 1.5x, https:\/\/i0.wp.com\/costanatura41.com\/wp-content\/uploads\/sites\/3\/2019\/08\/el-caminito-del-rey-2.jpg?fit=1200%2C720&ssl=1&resize=700%2C400 2x, https:\/\/i0.wp.com\/costanatura41.com\/wp-content\/uploads\/sites\/3\/2019\/08\/el-caminito-del-rey-2.jpg?fit=1200%2C720&ssl=1&resize=1050%2C600 3x"},"classes":[]},{"id":2488,"url":"https:\/\/costanatura41.com\/de\/die-nachbarschaft\/cafes-und-restaurants\/","url_meta":{"origin":2489,"position":2},"title":"Caf\u00e9s und Restaurants","author":"Costa Natura 41","date":"18. April 2020","format":false,"excerpt":"Estepona liegt nur eine kurze Fahrt von der Costa Natura entfernt. Es hat eine gro\u00dfe Auswahl an Caf\u00e9s und Restaurants in der Altstadt, im Hafen und im Stadtzentrum. La Casa del Rey La Casa del Rey ist eine Weinbar-Gastro-Bar mit einer sehr angenehmen Atmosph\u00e4re. Sie haben Sitzgelegenheiten im Freien in\u2026","rel":"","context":"\u00c4hnlicher Beitrag","block_context":{"text":"\u00c4hnlicher Beitrag","link":""},"img":{"alt_text":"","src":"https:\/\/i0.wp.com\/costanatura41.com\/wp-content\/uploads\/sites\/3\/2019\/05\/estepona-restaurant-1.jpg?fit=1200%2C900&ssl=1&resize=350%2C200","width":350,"height":200,"srcset":"https:\/\/i0.wp.com\/costanatura41.com\/wp-content\/uploads\/sites\/3\/2019\/05\/estepona-restaurant-1.jpg?fit=1200%2C900&ssl=1&resize=350%2C200 1x, https:\/\/i0.wp.com\/costanatura41.com\/wp-content\/uploads\/sites\/3\/2019\/05\/estepona-restaurant-1.jpg?fit=1200%2C900&ssl=1&resize=525%2C300 1.5x, https:\/\/i0.wp.com\/costanatura41.com\/wp-content\/uploads\/sites\/3\/2019\/05\/estepona-restaurant-1.jpg?fit=1200%2C900&ssl=1&resize=700%2C400 2x, https:\/\/i0.wp.com\/costanatura41.com\/wp-content\/uploads\/sites\/3\/2019\/05\/estepona-restaurant-1.jpg?fit=1200%2C900&ssl=1&resize=1050%2C600 3x"},"classes":[]},{"id":2440,"url":"https:\/\/costanatura41.com\/fr\/le-quartier\/marche-et-randonnee\/","url_meta":{"origin":2489,"position":3},"title":"Marche et randonn\u00e9e","author":"Costa Natura 41","date":"12. April 2020","format":false,"excerpt":"L\u2019Andalousie offre une multitude d\u2019options de marche et de randonn\u00e9e. El Caminito del Rey n\u2019est pas pour le c\u0153ur feinte! Une option plus facile est le Paseo Maritimo \u00e0 Estepona. El Caminito del Rey El Caminito del Rey est une passerelle, \u00e9pingl\u00e9e le long des murs escarp\u00e9s d\u2019une gorge \u00e9troite\u2026","rel":"","context":"\u00c4hnlicher Beitrag","block_context":{"text":"\u00c4hnlicher Beitrag","link":""},"img":{"alt_text":"","src":"https:\/\/i0.wp.com\/costanatura41.com\/wp-content\/uploads\/sites\/3\/2019\/08\/el-caminito-del-rey-2.jpg?fit=1200%2C720&ssl=1&resize=350%2C200","width":350,"height":200,"srcset":"https:\/\/i0.wp.com\/costanatura41.com\/wp-content\/uploads\/sites\/3\/2019\/08\/el-caminito-del-rey-2.jpg?fit=1200%2C720&ssl=1&resize=350%2C200 1x, https:\/\/i0.wp.com\/costanatura41.com\/wp-content\/uploads\/sites\/3\/2019\/08\/el-caminito-del-rey-2.jpg?fit=1200%2C720&ssl=1&resize=525%2C300 1.5x, https:\/\/i0.wp.com\/costanatura41.com\/wp-content\/uploads\/sites\/3\/2019\/08\/el-caminito-del-rey-2.jpg?fit=1200%2C720&ssl=1&resize=700%2C400 2x, https:\/\/i0.wp.com\/costanatura41.com\/wp-content\/uploads\/sites\/3\/2019\/08\/el-caminito-del-rey-2.jpg?fit=1200%2C720&ssl=1&resize=1050%2C600 3x"},"classes":[]},{"id":2517,"url":"https:\/\/costanatura41.com\/de\/naturismus\/","url_meta":{"origin":2489,"position":4},"title":"Naturismus","author":"Costa Natura 41","date":"18. April 2020","format":false,"excerpt":"Naturismus ist eine Lifestyle-Wahl. Die Internationale Naturisten-F\u00f6deration(INF) definiert den Naturismus so: \"Es ist eine Lebensweise im Einklang mit der Natur, ausgedr\u00fcckt durch soziale Nacktheit, verbunden mit Selbstachtung, Toleranz unterschiedlicher Ansichten und Respekt f\u00fcr die Umwelt\".Naturismus ist die Praxis, nackt zu gehen, vor allem in einem gemischten sozialen Umfeld und ist\u2026","rel":"","context":"\u00c4hnlicher Beitrag","block_context":{"text":"\u00c4hnlicher Beitrag","link":""},"img":{"alt_text":"FKK-Strand vor Costa Natura von der Nordseite aus gesehen.","src":"https:\/\/i0.wp.com\/costanatura41.com\/wp-content\/uploads\/sites\/3\/2019\/09\/beach-view-2.jpg?resize=350%2C200&ssl=1","width":350,"height":200},"classes":[]},{"id":2507,"url":"https:\/\/costanatura41.com\/de\/","url_meta":{"origin":2489,"position":5},"title":"FKK Ferienwohnung in S\u00fcdspanien","author":"Costa Natura 41","date":"18. April 2025","format":false,"excerpt":"Jetzt buchen Costa Natura 41 - Ihre Naturist Ferienwohnung in S\u00fcdspanien Willkommen in dieser fabelhaften Wohnung in S\u00fcdspanien. Hier k\u00f6nnen Sie einen FKK-Urlaub kombiniert mit allen Annehmlichkeiten des modernen Lebens genie\u00dfen.Vor allem wurde es 2019 komplett renoviert, um einen hohen Standard mit einem modernen skandinavischen Lebensstil im Hinterkopf zu haben.\u2026","rel":"","context":"\u00c4hnlicher Beitrag","block_context":{"text":"\u00c4hnlicher Beitrag","link":""},"img":{"alt_text":"","src":"https:\/\/i0.wp.com\/costanatura41.com\/wp-content\/uploads\/sites\/3\/2022\/07\/cn-pool-view-3-4.jpg?fit=1200%2C900&ssl=1&resize=350%2C200","width":350,"height":200,"srcset":"https:\/\/i0.wp.com\/costanatura41.com\/wp-content\/uploads\/sites\/3\/2022\/07\/cn-pool-view-3-4.jpg?fit=1200%2C900&ssl=1&resize=350%2C200 1x, https:\/\/i0.wp.com\/costanatura41.com\/wp-content\/uploads\/sites\/3\/2022\/07\/cn-pool-view-3-4.jpg?fit=1200%2C900&ssl=1&resize=525%2C300 1.5x, https:\/\/i0.wp.com\/costanatura41.com\/wp-content\/uploads\/sites\/3\/2022\/07\/cn-pool-view-3-4.jpg?fit=1200%2C900&ssl=1&resize=700%2C400 2x, https:\/\/i0.wp.com\/costanatura41.com\/wp-content\/uploads\/sites\/3\/2022\/07\/cn-pool-view-3-4.jpg?fit=1200%2C900&ssl=1&resize=1050%2C600 3x"},"classes":[]}],"_links":{"self":[{"href":"https:\/\/costanatura41.com\/de\/wp-json\/wp\/v2\/pages\/2489","targetHints":{"allow":["GET"]}}],"collection":[{"href":"https:\/\/costanatura41.com\/de\/wp-json\/wp\/v2\/pages"}],"about":[{"href":"https:\/\/costanatura41.com\/de\/wp-json\/wp\/v2\/types\/page"}],"author":[{"embeddable":true,"href":"https:\/\/costanatura41.com\/de\/wp-json\/wp\/v2\/users\/3"}],"replies":[{"embeddable":true,"href":"https:\/\/costanatura41.com\/de\/wp-json\/wp\/v2\/comments?post=2489"}],"version-history":[{"count":0,"href":"https:\/\/costanatura41.com\/de\/wp-json\/wp\/v2\/pages\/2489\/revisions"}],"up":[{"embeddable":true,"href":"https:\/\/costanatura41.com\/de\/wp-json\/wp\/v2\/pages\/2491"}],"wp:featuredmedia":[{"embeddable":true,"href":"https:\/\/costanatura41.com\/de\/wp-json\/wp\/v2\/media\/1290"}],"wp:attachment":[{"href":"https:\/\/costanatura41.com\/de\/wp-json\/wp\/v2\/media?parent=2489"}],"curies":[{"name":"wp","href":"https:\/\/api.w.org\/{rel}","templated":true}]}}