{"id":2490,"date":"2020-04-18T16:03:31","date_gmt":"2020-04-18T16:03:31","guid":{"rendered":"https:\/\/costanatura41.com\/maerkte\/"},"modified":"2025-11-22T10:35:57","modified_gmt":"2025-11-22T10:35:57","slug":"maerkte","status":"publish","type":"page","link":"https:\/\/costanatura41.com\/de\/die-nachbarschaft\/maerkte\/","title":{"rendered":"M\u00e4rkte"},"content":{"rendered":"\n<p>In Estepona gibt es mittwochs einen lokalen Stra\u00dfenmarkt, auf dem Sie alle m\u00f6glichen Dinge kaufen k\u00f6nnen, darunter Obst und Gem\u00fcse. Der Sonntagsmarkt im Hafen hat das, was wir &#8222;mehr touristische Sachen&#8220; nennen.<\/p>\n\n\n\n<!--more details anzeigen-->\n\n\n\n<h2 class=\"wp-block-heading\">Mittwoch Markt<\/h2>\n\n\n\n<p>Obst und Gem\u00fcse sind in S\u00fcdeuropa sehr schmackhaft und Aromen und Farben sind sehr intensiv. Nutzen Sie die Gelegenheit, diese Edelsteine von lokalen Produzenten auf dem Mittwochsmarkt in Estepona zu pfl\u00fccken.<\/p>\n\n\n\n<div class=\"wp-block-jetpack-tiled-gallery aligncenter is-style-rectangular\"><div class=\"tiled-gallery__gallery\"><div class=\"tiled-gallery__row\"><div class=\"tiled-gallery__col\"><figure class=\"tiled-gallery__item\"><img decoding=\"async\" role=\"button\" tabindex=\"0\" aria-label=\"Bild\u00a01 von 2 im Vollbildmodus \u00f6ffnen\"srcset=\"https:\/\/i2.wp.com\/costanatura41.com\/wp-content\/uploads\/sites\/18\/2019\/09\/estepona-wednesday-market-1.jpg?strip=info&#038;w=600&#038;ssl=1 600w,https:\/\/i2.wp.com\/costanatura41.com\/wp-content\/uploads\/sites\/18\/2019\/09\/estepona-wednesday-market-1.jpg?strip=info&#038;w=900&#038;ssl=1 900w,https:\/\/i2.wp.com\/costanatura41.com\/wp-content\/uploads\/sites\/18\/2019\/09\/estepona-wednesday-market-1.jpg?strip=info&#038;w=1200&#038;ssl=1 1200w,https:\/\/i2.wp.com\/costanatura41.com\/wp-content\/uploads\/sites\/18\/2019\/09\/estepona-wednesday-market-1.jpg?strip=info&#038;w=1500&#038;ssl=1 1500w,https:\/\/i2.wp.com\/costanatura41.com\/wp-content\/uploads\/sites\/18\/2019\/09\/estepona-wednesday-market-1.jpg?strip=info&#038;w=1800&#038;ssl=1 1800w,https:\/\/i2.wp.com\/costanatura41.com\/wp-content\/uploads\/sites\/18\/2019\/09\/estepona-wednesday-market-1.jpg?strip=info&#038;w=2000&#038;ssl=1 2000w\" alt=\"\" data-height=\"1920\" data-id=\"2012\" data-link=\"https:\/\/costanatura41.com\/estepona-wednesday-market-1\/\" data-url=\"https:\/\/costanatura41.com\/wp-content\/uploads\/sites\/18\/2019\/09\/estepona-wednesday-market-1.jpg\" data-width=\"2560\" src=\"https:\/\/i2.wp.com\/costanatura41.com\/wp-content\/uploads\/sites\/18\/2019\/09\/estepona-wednesday-market-1.jpg?ssl=1\" data-amp-layout=\"responsive\"\/><\/figure><\/div><div class=\"tiled-gallery__col\"><figure class=\"tiled-gallery__item\"><img decoding=\"async\" role=\"button\" tabindex=\"0\" aria-label=\"Bild\u00a02 von 2 im Vollbildmodus \u00f6ffnen\"srcset=\"https:\/\/i0.wp.com\/costanatura41.com\/wp-content\/uploads\/sites\/18\/2019\/09\/estepona-wednesday-market-2.jpg?strip=info&#038;w=600&#038;ssl=1 600w,https:\/\/i0.wp.com\/costanatura41.com\/wp-content\/uploads\/sites\/18\/2019\/09\/estepona-wednesday-market-2.jpg?strip=info&#038;w=900&#038;ssl=1 900w,https:\/\/i0.wp.com\/costanatura41.com\/wp-content\/uploads\/sites\/18\/2019\/09\/estepona-wednesday-market-2.jpg?strip=info&#038;w=1200&#038;ssl=1 1200w,https:\/\/i0.wp.com\/costanatura41.com\/wp-content\/uploads\/sites\/18\/2019\/09\/estepona-wednesday-market-2.jpg?strip=info&#038;w=1500&#038;ssl=1 1500w,https:\/\/i0.wp.com\/costanatura41.com\/wp-content\/uploads\/sites\/18\/2019\/09\/estepona-wednesday-market-2.jpg?strip=info&#038;w=1800&#038;ssl=1 1800w,https:\/\/i0.wp.com\/costanatura41.com\/wp-content\/uploads\/sites\/18\/2019\/09\/estepona-wednesday-market-2.jpg?strip=info&#038;w=2000&#038;ssl=1 2000w\" alt=\"\" data-height=\"1920\" data-id=\"2008\" data-link=\"https:\/\/costanatura41.com\/estepona-wednesday-market-2\/\" data-url=\"https:\/\/costanatura41.com\/wp-content\/uploads\/sites\/18\/2019\/09\/estepona-wednesday-market-2.jpg\" data-width=\"2560\" src=\"https:\/\/i0.wp.com\/costanatura41.com\/wp-content\/uploads\/sites\/18\/2019\/09\/estepona-wednesday-market-2.jpg?ssl=1\" data-amp-layout=\"responsive\"\/><\/figure><\/div><\/div><\/div><\/div>\n\n\n\n<a href=\"https:\/\/goo.gl\/maps\/YTUrRnsWFASZREkc9\" class=\"more-link\" target=\"_blank\" rel=\"noopener noreferrer\">Standort anzeigen<\/a>\n\n\n\n<hr class=\"wp-block-separator has-css-opacity\"\/>\n\n\n\n<h2 class=\"wp-block-heading\">Sonntagsmarkt<\/h2>\n\n\n\n<p>Jeden Sonntag gibt es einen Markt im Hafen von Estepona, wo Sie eine gro\u00dfe Vielfalt an Dingen finden. Es ist ein Erlebnis, einfach da zu sein und das Ambiente zu genie\u00dfen.<\/p>\n\n\n\n<div class=\"wp-block-jetpack-tiled-gallery aligncenter is-style-rectangular\"><div class=\"tiled-gallery__gallery\"><div class=\"tiled-gallery__row\"><div class=\"tiled-gallery__col\"><figure class=\"tiled-gallery__item\"><img decoding=\"async\" role=\"button\" tabindex=\"0\" aria-label=\"Bild\u00a01 von 2 im Vollbildmodus \u00f6ffnen\"srcset=\"https:\/\/i0.wp.com\/costanatura41.com\/wp-content\/uploads\/sites\/18\/2019\/09\/etspeona-sunday-market-3.jpg?strip=info&#038;w=600&#038;ssl=1 600w,https:\/\/i0.wp.com\/costanatura41.com\/wp-content\/uploads\/sites\/18\/2019\/09\/etspeona-sunday-market-3.jpg?strip=info&#038;w=900&#038;ssl=1 900w,https:\/\/i0.wp.com\/costanatura41.com\/wp-content\/uploads\/sites\/18\/2019\/09\/etspeona-sunday-market-3.jpg?strip=info&#038;w=1200&#038;ssl=1 1200w,https:\/\/i0.wp.com\/costanatura41.com\/wp-content\/uploads\/sites\/18\/2019\/09\/etspeona-sunday-market-3.jpg?strip=info&#038;w=1500&#038;ssl=1 1500w,https:\/\/i0.wp.com\/costanatura41.com\/wp-content\/uploads\/sites\/18\/2019\/09\/etspeona-sunday-market-3.jpg?strip=info&#038;w=1800&#038;ssl=1 1800w,https:\/\/i0.wp.com\/costanatura41.com\/wp-content\/uploads\/sites\/18\/2019\/09\/etspeona-sunday-market-3.jpg?strip=info&#038;w=2000&#038;ssl=1 2000w\" alt=\"\" data-height=\"1920\" data-id=\"1918\" data-link=\"https:\/\/costanatura41.com\/etspeona-sunday-market-3\/\" data-url=\"https:\/\/costanatura41.com\/wp-content\/uploads\/sites\/18\/2019\/09\/etspeona-sunday-market-3.jpg\" data-width=\"2560\" src=\"https:\/\/i0.wp.com\/costanatura41.com\/wp-content\/uploads\/sites\/18\/2019\/09\/etspeona-sunday-market-3.jpg?ssl=1\" data-amp-layout=\"responsive\"\/><\/figure><\/div><div class=\"tiled-gallery__col\"><figure class=\"tiled-gallery__item\"><img decoding=\"async\" role=\"button\" tabindex=\"0\" aria-label=\"Bild\u00a02 von 2 im Vollbildmodus \u00f6ffnen\"srcset=\"https:\/\/i0.wp.com\/costanatura41.com\/wp-content\/uploads\/sites\/18\/2019\/09\/estepona-sunday-market-4.jpg?strip=info&#038;w=600&#038;ssl=1 600w,https:\/\/i0.wp.com\/costanatura41.com\/wp-content\/uploads\/sites\/18\/2019\/09\/estepona-sunday-market-4.jpg?strip=info&#038;w=900&#038;ssl=1 900w,https:\/\/i0.wp.com\/costanatura41.com\/wp-content\/uploads\/sites\/18\/2019\/09\/estepona-sunday-market-4.jpg?strip=info&#038;w=1200&#038;ssl=1 1200w,https:\/\/i0.wp.com\/costanatura41.com\/wp-content\/uploads\/sites\/18\/2019\/09\/estepona-sunday-market-4.jpg?strip=info&#038;w=1500&#038;ssl=1 1500w,https:\/\/i0.wp.com\/costanatura41.com\/wp-content\/uploads\/sites\/18\/2019\/09\/estepona-sunday-market-4.jpg?strip=info&#038;w=1800&#038;ssl=1 1800w,https:\/\/i0.wp.com\/costanatura41.com\/wp-content\/uploads\/sites\/18\/2019\/09\/estepona-sunday-market-4.jpg?strip=info&#038;w=1920&#038;ssl=1 1920w\" alt=\"\" data-height=\"2560\" data-id=\"1930\" data-link=\"https:\/\/costanatura41.com\/estepona-sunday-market-4\/\" data-url=\"https:\/\/costanatura41.com\/wp-content\/uploads\/sites\/18\/2019\/09\/estepona-sunday-market-4.jpg\" data-width=\"1920\" src=\"https:\/\/i0.wp.com\/costanatura41.com\/wp-content\/uploads\/sites\/18\/2019\/09\/estepona-sunday-market-4.jpg?ssl=1\" data-amp-layout=\"responsive\"\/><\/figure><\/div><\/div><\/div><\/div>\n\n\n\n<a href=\"https:\/\/goo.gl\/maps\/M1eJKNz8LBttD8g18\" class=\"more-link\" target=\"_blank\" rel=\"noopener noreferrer\">Standort anzeigen<\/a>\n","protected":false},"excerpt":{"rendered":"<p>In Estepona gibt es mittwochs einen lokalen Stra\u00dfenmarkt, auf dem Sie alle m\u00f6glichen Dinge kaufen k\u00f6nnen, darunter Obst und Gem\u00fcse. Der Sonntagsmarkt im Hafen hat das, was wir &#8222;mehr touristische Sachen&#8220; nennen.<\/p>\n","protected":false},"author":7,"featured_media":1888,"parent":2491,"menu_order":4,"comment_status":"closed","ping_status":"closed","template":"template-boxed-page.php","meta":{"_monsterinsights_skip_tracking":false,"_monsterinsights_sitenote_active":false,"_monsterinsights_sitenote_note":"","_monsterinsights_sitenote_category":0,"jetpack_post_was_ever_published":false,"footnotes":""},"class_list":["post-2490","page","type-page","status-publish","has-post-thumbnail","hentry"],"yoast_head":"<!-- This site is optimized with the Yoast SEO plugin v27.1.1 - https:\/\/yoast.com\/product\/yoast-seo-wordpress\/ -->\n<title>M\u00e4rkte - COSTANATURA 41<\/title>\n<meta name=\"robots\" content=\"index, follow, max-snippet:-1, max-image-preview:large, max-video-preview:-1\" \/>\n<link rel=\"canonical\" href=\"https:\/\/costanatura41.com\/de\/die-nachbarschaft\/maerkte\/\" \/>\n<meta property=\"og:locale\" content=\"de_DE\" \/>\n<meta property=\"og:type\" content=\"article\" \/>\n<meta property=\"og:title\" content=\"M\u00e4rkte - COSTANATURA 41\" \/>\n<meta property=\"og:description\" content=\"In Estepona gibt es mittwochs einen lokalen Stra\u00dfenmarkt, auf dem Sie alle m\u00f6glichen Dinge kaufen k\u00f6nnen, darunter Obst und Gem\u00fcse. Der Sonntagsmarkt im Hafen hat das, was wir &#8222;mehr touristische Sachen&#8220; nennen.\" \/>\n<meta property=\"og:url\" content=\"https:\/\/costanatura41.com\/de\/die-nachbarschaft\/maerkte\/\" \/>\n<meta property=\"og:site_name\" content=\"COSTANATURA 41\" \/>\n<meta property=\"article:modified_time\" content=\"2025-11-22T10:35:57+00:00\" \/>\n<meta property=\"og:image\" content=\"https:\/\/costanatura41.com\/wp-content\/uploads\/sites\/18\/2019\/09\/estepona-sunday-market-1.jpg\" \/>\n\t<meta property=\"og:image:width\" content=\"2560\" \/>\n\t<meta property=\"og:image:height\" content=\"1920\" \/>\n\t<meta property=\"og:image:type\" content=\"image\/jpeg\" \/>\n<meta name=\"twitter:card\" content=\"summary_large_image\" \/>\n<meta name=\"twitter:label1\" content=\"Gesch\u00e4tzte Lesezeit\" \/>\n\t<meta name=\"twitter:data1\" content=\"2 Minute\" \/>\n<script type=\"application\/ld+json\" class=\"yoast-schema-graph\">{\"@context\":\"https:\/\/schema.org\",\"@graph\":[{\"@type\":\"WebPage\",\"@id\":\"https:\/\/costanatura41.com\/de\/die-nachbarschaft\/maerkte\/\",\"url\":\"https:\/\/costanatura41.com\/de\/die-nachbarschaft\/maerkte\/\",\"name\":\"M\u00e4rkte - COSTANATURA 41\",\"isPartOf\":{\"@id\":\"https:\/\/costanatura41.com\/de\/#website\"},\"primaryImageOfPage\":{\"@id\":\"https:\/\/costanatura41.com\/de\/die-nachbarschaft\/maerkte\/#primaryimage\"},\"image\":{\"@id\":\"https:\/\/costanatura41.com\/de\/die-nachbarschaft\/maerkte\/#primaryimage\"},\"thumbnailUrl\":\"https:\/\/i0.wp.com\/costanatura41.com\/wp-content\/uploads\/sites\/18\/2019\/09\/estepona-sunday-market-1.jpg?fit=2560%2C1920&ssl=1\",\"datePublished\":\"2020-04-18T16:03:31+00:00\",\"dateModified\":\"2025-11-22T10:35:57+00:00\",\"breadcrumb\":{\"@id\":\"https:\/\/costanatura41.com\/de\/die-nachbarschaft\/maerkte\/#breadcrumb\"},\"inLanguage\":\"de-DE\",\"potentialAction\":[{\"@type\":\"ReadAction\",\"target\":[\"https:\/\/costanatura41.com\/de\/die-nachbarschaft\/maerkte\/\"]}]},{\"@type\":\"ImageObject\",\"inLanguage\":\"de-DE\",\"@id\":\"https:\/\/costanatura41.com\/de\/die-nachbarschaft\/maerkte\/#primaryimage\",\"url\":\"https:\/\/i0.wp.com\/costanatura41.com\/wp-content\/uploads\/sites\/18\/2019\/09\/estepona-sunday-market-1.jpg?fit=2560%2C1920&ssl=1\",\"contentUrl\":\"https:\/\/i0.wp.com\/costanatura41.com\/wp-content\/uploads\/sites\/18\/2019\/09\/estepona-sunday-market-1.jpg?fit=2560%2C1920&ssl=1\",\"width\":2560,\"height\":1920},{\"@type\":\"BreadcrumbList\",\"@id\":\"https:\/\/costanatura41.com\/de\/die-nachbarschaft\/maerkte\/#breadcrumb\",\"itemListElement\":[{\"@type\":\"ListItem\",\"position\":1,\"name\":\"Home\",\"item\":\"https:\/\/costanatura41.com\/de\/\"},{\"@type\":\"ListItem\",\"position\":2,\"name\":\"Die Nachbarschaft\",\"item\":\"https:\/\/costanatura41.com\/de\/die-nachbarschaft\/\"},{\"@type\":\"ListItem\",\"position\":3,\"name\":\"M\u00e4rkte\"}]},{\"@type\":\"WebSite\",\"@id\":\"https:\/\/costanatura41.com\/de\/#website\",\"url\":\"https:\/\/costanatura41.com\/de\/\",\"name\":\"Costanatura 41\",\"description\":\"Naturist Holiday Rent\",\"publisher\":{\"@id\":\"https:\/\/costanatura41.com\/de\/#organization\"},\"potentialAction\":[{\"@type\":\"SearchAction\",\"target\":{\"@type\":\"EntryPoint\",\"urlTemplate\":\"https:\/\/costanatura41.com\/de\/?s={search_term_string}\"},\"query-input\":{\"@type\":\"PropertyValueSpecification\",\"valueRequired\":true,\"valueName\":\"search_term_string\"}}],\"inLanguage\":\"de-DE\"},{\"@type\":\"Organization\",\"@id\":\"https:\/\/costanatura41.com\/de\/#organization\",\"name\":\"Costa Natura Apartment 41\",\"url\":\"https:\/\/costanatura41.com\/de\/\",\"logo\":{\"@type\":\"ImageObject\",\"inLanguage\":\"de-DE\",\"@id\":\"https:\/\/costanatura41.com\/de\/#\/schema\/logo\/image\/\",\"url\":\"\",\"contentUrl\":\"\",\"caption\":\"Costa Natura Apartment 41\"},\"image\":{\"@id\":\"https:\/\/costanatura41.com\/de\/#\/schema\/logo\/image\/\"}}]}<\/script>\n<!-- \/ Yoast SEO plugin. -->","yoast_head_json":{"title":"M\u00e4rkte - COSTANATURA 41","robots":{"index":"index","follow":"follow","max-snippet":"max-snippet:-1","max-image-preview":"max-image-preview:large","max-video-preview":"max-video-preview:-1"},"canonical":"https:\/\/costanatura41.com\/de\/die-nachbarschaft\/maerkte\/","og_locale":"de_DE","og_type":"article","og_title":"M\u00e4rkte - COSTANATURA 41","og_description":"In Estepona gibt es mittwochs einen lokalen Stra\u00dfenmarkt, auf dem Sie alle m\u00f6glichen Dinge kaufen k\u00f6nnen, darunter Obst und Gem\u00fcse. Der Sonntagsmarkt im Hafen hat das, was wir &#8222;mehr touristische Sachen&#8220; nennen.","og_url":"https:\/\/costanatura41.com\/de\/die-nachbarschaft\/maerkte\/","og_site_name":"COSTANATURA 41","article_modified_time":"2025-11-22T10:35:57+00:00","og_image":[{"width":2560,"height":1920,"url":"https:\/\/costanatura41.com\/wp-content\/uploads\/sites\/18\/2019\/09\/estepona-sunday-market-1.jpg","type":"image\/jpeg"}],"twitter_card":"summary_large_image","twitter_misc":{"Gesch\u00e4tzte Lesezeit":"2 Minute"},"schema":{"@context":"https:\/\/schema.org","@graph":[{"@type":"WebPage","@id":"https:\/\/costanatura41.com\/de\/die-nachbarschaft\/maerkte\/","url":"https:\/\/costanatura41.com\/de\/die-nachbarschaft\/maerkte\/","name":"M\u00e4rkte - COSTANATURA 41","isPartOf":{"@id":"https:\/\/costanatura41.com\/de\/#website"},"primaryImageOfPage":{"@id":"https:\/\/costanatura41.com\/de\/die-nachbarschaft\/maerkte\/#primaryimage"},"image":{"@id":"https:\/\/costanatura41.com\/de\/die-nachbarschaft\/maerkte\/#primaryimage"},"thumbnailUrl":"https:\/\/i0.wp.com\/costanatura41.com\/wp-content\/uploads\/sites\/18\/2019\/09\/estepona-sunday-market-1.jpg?fit=2560%2C1920&ssl=1","datePublished":"2020-04-18T16:03:31+00:00","dateModified":"2025-11-22T10:35:57+00:00","breadcrumb":{"@id":"https:\/\/costanatura41.com\/de\/die-nachbarschaft\/maerkte\/#breadcrumb"},"inLanguage":"de-DE","potentialAction":[{"@type":"ReadAction","target":["https:\/\/costanatura41.com\/de\/die-nachbarschaft\/maerkte\/"]}]},{"@type":"ImageObject","inLanguage":"de-DE","@id":"https:\/\/costanatura41.com\/de\/die-nachbarschaft\/maerkte\/#primaryimage","url":"https:\/\/i0.wp.com\/costanatura41.com\/wp-content\/uploads\/sites\/18\/2019\/09\/estepona-sunday-market-1.jpg?fit=2560%2C1920&ssl=1","contentUrl":"https:\/\/i0.wp.com\/costanatura41.com\/wp-content\/uploads\/sites\/18\/2019\/09\/estepona-sunday-market-1.jpg?fit=2560%2C1920&ssl=1","width":2560,"height":1920},{"@type":"BreadcrumbList","@id":"https:\/\/costanatura41.com\/de\/die-nachbarschaft\/maerkte\/#breadcrumb","itemListElement":[{"@type":"ListItem","position":1,"name":"Home","item":"https:\/\/costanatura41.com\/de\/"},{"@type":"ListItem","position":2,"name":"Die Nachbarschaft","item":"https:\/\/costanatura41.com\/de\/die-nachbarschaft\/"},{"@type":"ListItem","position":3,"name":"M\u00e4rkte"}]},{"@type":"WebSite","@id":"https:\/\/costanatura41.com\/de\/#website","url":"https:\/\/costanatura41.com\/de\/","name":"Costanatura 41","description":"Naturist Holiday Rent","publisher":{"@id":"https:\/\/costanatura41.com\/de\/#organization"},"potentialAction":[{"@type":"SearchAction","target":{"@type":"EntryPoint","urlTemplate":"https:\/\/costanatura41.com\/de\/?s={search_term_string}"},"query-input":{"@type":"PropertyValueSpecification","valueRequired":true,"valueName":"search_term_string"}}],"inLanguage":"de-DE"},{"@type":"Organization","@id":"https:\/\/costanatura41.com\/de\/#organization","name":"Costa Natura Apartment 41","url":"https:\/\/costanatura41.com\/de\/","logo":{"@type":"ImageObject","inLanguage":"de-DE","@id":"https:\/\/costanatura41.com\/de\/#\/schema\/logo\/image\/","url":"","contentUrl":"","caption":"Costa Natura Apartment 41"},"image":{"@id":"https:\/\/costanatura41.com\/de\/#\/schema\/logo\/image\/"}}]}},"jetpack_sharing_enabled":true,"jetpack_shortlink":"https:\/\/wp.me\/PaF7DC-Ea","jetpack-related-posts":[{"id":2518,"url":"https:\/\/costanatura41.com\/de\/richtungen\/","url_meta":{"origin":2490,"position":0},"title":"Richtungen","author":"Costa Natura 41","date":"18. April 2020","format":false,"excerpt":"Anfahrt zur Costa Natura vom Flughafen Malaga (AGP) 1 Nehmen Sie die A-7 in Richtung Algeciras\/Cadiz. Diese Stra\u00dfe verl\u00e4uft parallel zur K\u00fcste.Bleiben Sie auf der A-7 (geb\u00fchrenfrei) oder nehmen Sie die AP-7 (Mautstra\u00dfe), die schneller und weniger besch\u00e4ftigt ist. Wenn Sie sich f\u00fcr den AP-7 entscheiden, betr\u00e4gt die Geb\u00fchr insgesamt\u2026","rel":"","context":"\u00c4hnlicher Beitrag","block_context":{"text":"\u00c4hnlicher Beitrag","link":""},"img":{"alt_text":"Map with directions from Malaga airport.","src":"https:\/\/i0.wp.com\/costanatura41.com\/wp-content\/uploads\/sites\/18\/2019\/08\/directions-from-agp-1-1.jpg?fit=2546%2C1592&ssl=1&resize=350%2C200","width":350,"height":200,"srcset":"https:\/\/i0.wp.com\/costanatura41.com\/wp-content\/uploads\/sites\/18\/2019\/08\/directions-from-agp-1-1.jpg?fit=2546%2C1592&ssl=1&resize=350%2C200 1x, https:\/\/i0.wp.com\/costanatura41.com\/wp-content\/uploads\/sites\/18\/2019\/08\/directions-from-agp-1-1.jpg?fit=2546%2C1592&ssl=1&resize=525%2C300 1.5x, https:\/\/i0.wp.com\/costanatura41.com\/wp-content\/uploads\/sites\/18\/2019\/08\/directions-from-agp-1-1.jpg?fit=2546%2C1592&ssl=1&resize=700%2C400 2x, https:\/\/i0.wp.com\/costanatura41.com\/wp-content\/uploads\/sites\/18\/2019\/08\/directions-from-agp-1-1.jpg?fit=2546%2C1592&ssl=1&resize=1050%2C600 3x, https:\/\/i0.wp.com\/costanatura41.com\/wp-content\/uploads\/sites\/18\/2019\/08\/directions-from-agp-1-1.jpg?fit=2546%2C1592&ssl=1&resize=1400%2C800 4x"},"classes":[]},{"id":2491,"url":"https:\/\/costanatura41.com\/de\/die-nachbarschaft\/","url_meta":{"origin":2490,"position":1},"title":"Die Nachbarschaft","author":"Costa Natura 41","date":"18. April 2020","format":false,"excerpt":"Costa Natura liegt am s\u00fcdlichen Stadtrand von Estepona. Bei Ebbe f\u00fchrt Sie ein 45-minuten-Spaziergang entlang des Strandes zum Hafen. Weitere 10-15 Minuten Gehzeit und Sie sind in der Innenstadt. Sie k\u00f6nnen auch den Bus direkt vor dem Resort oder ein Taxi vor dem Hotel Elba nehmen. Alternativ k\u00f6nnen Sie eine\u2026","rel":"","context":"\u00c4hnlicher Beitrag","block_context":{"text":"\u00c4hnlicher Beitrag","link":""},"img":{"alt_text":"","src":"","width":0,"height":0},"classes":[]},{"id":2488,"url":"https:\/\/costanatura41.com\/de\/die-nachbarschaft\/cafes-und-restaurants\/","url_meta":{"origin":2490,"position":2},"title":"Caf\u00e9s und Restaurants","author":"Costa Natura 41","date":"18. April 2020","format":false,"excerpt":"Estepona liegt nur eine kurze Fahrt von der Costa Natura entfernt. Es hat eine gro\u00dfe Auswahl an Caf\u00e9s und Restaurants in der Altstadt, im Hafen und im Stadtzentrum. La Casa del Rey La Casa del Rey ist eine Weinbar-Gastro-Bar mit einer sehr angenehmen Atmosph\u00e4re. Sie haben Sitzgelegenheiten im Freien in\u2026","rel":"","context":"\u00c4hnlicher Beitrag","block_context":{"text":"\u00c4hnlicher Beitrag","link":""},"img":{"alt_text":"","src":"https:\/\/i0.wp.com\/costanatura41.com\/wp-content\/uploads\/sites\/18\/2019\/05\/estepona-restaurant-1.jpg?fit=1200%2C900&ssl=1&resize=350%2C200","width":350,"height":200,"srcset":"https:\/\/i0.wp.com\/costanatura41.com\/wp-content\/uploads\/sites\/18\/2019\/05\/estepona-restaurant-1.jpg?fit=1200%2C900&ssl=1&resize=350%2C200 1x, https:\/\/i0.wp.com\/costanatura41.com\/wp-content\/uploads\/sites\/18\/2019\/05\/estepona-restaurant-1.jpg?fit=1200%2C900&ssl=1&resize=525%2C300 1.5x, https:\/\/i0.wp.com\/costanatura41.com\/wp-content\/uploads\/sites\/18\/2019\/05\/estepona-restaurant-1.jpg?fit=1200%2C900&ssl=1&resize=700%2C400 2x, https:\/\/i0.wp.com\/costanatura41.com\/wp-content\/uploads\/sites\/18\/2019\/05\/estepona-restaurant-1.jpg?fit=1200%2C900&ssl=1&resize=1050%2C600 3x"},"classes":[]},{"id":2517,"url":"https:\/\/costanatura41.com\/de\/naturismus\/","url_meta":{"origin":2490,"position":3},"title":"Naturismus","author":"Costa Natura 41","date":"18. April 2020","format":false,"excerpt":"Naturismus ist eine Lifestyle-Wahl. Die Internationale Naturisten-F\u00f6deration(INF) definiert den Naturismus so: \"Es ist eine Lebensweise im Einklang mit der Natur, ausgedr\u00fcckt durch soziale Nacktheit, verbunden mit Selbstachtung, Toleranz unterschiedlicher Ansichten und Respekt f\u00fcr die Umwelt\".Naturismus ist die Praxis, nackt zu gehen, vor allem in einem gemischten sozialen Umfeld und ist\u2026","rel":"","context":"\u00c4hnlicher Beitrag","block_context":{"text":"\u00c4hnlicher Beitrag","link":""},"img":{"alt_text":"FKK-Strand vor Costa Natura von der Nordseite aus gesehen.","src":"https:\/\/i0.wp.com\/costanatura41.com\/wp-content\/uploads\/sites\/18\/2019\/09\/beach-view-2.jpg?resize=350%2C200&ssl=1","width":350,"height":200},"classes":[]},{"id":2482,"url":"https:\/\/costanatura41.com\/de\/der-urlaubsort\/restaurant\/","url_meta":{"origin":2490,"position":4},"title":"Restaurant","author":"Costa Natura 41","date":"18. April 2020","format":false,"excerpt":"Das Costa Natura verf\u00fcgt \u00fcber ein eigenes Restaurant, das den ganzen Tag \u00fcber Speisen und Getr\u00e4nke serviert. Mittag- und Abendessen bieten eine Vielzahl von lokalen und internationalen Speisen. Es ist ein gro\u00dfartiger Ort, um Kontakte zu kn\u00fcpfen und ein paar Tage in der Woche gibt es Unterhaltung am Abend. Das\u2026","rel":"","context":"\u00c4hnlicher Beitrag","block_context":{"text":"\u00c4hnlicher Beitrag","link":""},"img":{"alt_text":"Restaurant an der Costa Natura von der Poolseite aus gesehen.","src":"https:\/\/i0.wp.com\/costanatura41.com\/wp-content\/uploads\/sites\/18\/2019\/08\/costanatura-pool-view-4.jpg?fit=1200%2C900&ssl=1&resize=350%2C200","width":350,"height":200,"srcset":"https:\/\/i0.wp.com\/costanatura41.com\/wp-content\/uploads\/sites\/18\/2019\/08\/costanatura-pool-view-4.jpg?fit=1200%2C900&ssl=1&resize=350%2C200 1x, https:\/\/i0.wp.com\/costanatura41.com\/wp-content\/uploads\/sites\/18\/2019\/08\/costanatura-pool-view-4.jpg?fit=1200%2C900&ssl=1&resize=525%2C300 1.5x, https:\/\/i0.wp.com\/costanatura41.com\/wp-content\/uploads\/sites\/18\/2019\/08\/costanatura-pool-view-4.jpg?fit=1200%2C900&ssl=1&resize=700%2C400 2x, https:\/\/i0.wp.com\/costanatura41.com\/wp-content\/uploads\/sites\/18\/2019\/08\/costanatura-pool-view-4.jpg?fit=1200%2C900&ssl=1&resize=1050%2C600 3x"},"classes":[]},{"id":2507,"url":"https:\/\/costanatura41.com\/de\/","url_meta":{"origin":2490,"position":5},"title":"FKK Ferienwohnung in S\u00fcdspanien","author":"Costa Natura 41","date":"18. April 2025","format":false,"excerpt":"Jetzt buchen Costa Natura 41 - Ihre Naturist Ferienwohnung in S\u00fcdspanien Willkommen in dieser fabelhaften Wohnung in S\u00fcdspanien. Hier k\u00f6nnen Sie einen FKK-Urlaub kombiniert mit allen Annehmlichkeiten des modernen Lebens genie\u00dfen.Vor allem wurde es 2019 komplett renoviert, um einen hohen Standard mit einem modernen skandinavischen Lebensstil im Hinterkopf zu haben.\u2026","rel":"","context":"\u00c4hnlicher Beitrag","block_context":{"text":"\u00c4hnlicher Beitrag","link":""},"img":{"alt_text":"","src":"https:\/\/i0.wp.com\/costanatura41.com\/wp-content\/uploads\/sites\/18\/2022\/07\/cn-pool-view-3-4.jpg?fit=1200%2C900&ssl=1&resize=350%2C200","width":350,"height":200,"srcset":"https:\/\/i0.wp.com\/costanatura41.com\/wp-content\/uploads\/sites\/18\/2022\/07\/cn-pool-view-3-4.jpg?fit=1200%2C900&ssl=1&resize=350%2C200 1x, https:\/\/i0.wp.com\/costanatura41.com\/wp-content\/uploads\/sites\/18\/2022\/07\/cn-pool-view-3-4.jpg?fit=1200%2C900&ssl=1&resize=525%2C300 1.5x, https:\/\/i0.wp.com\/costanatura41.com\/wp-content\/uploads\/sites\/18\/2022\/07\/cn-pool-view-3-4.jpg?fit=1200%2C900&ssl=1&resize=700%2C400 2x, https:\/\/i0.wp.com\/costanatura41.com\/wp-content\/uploads\/sites\/18\/2022\/07\/cn-pool-view-3-4.jpg?fit=1200%2C900&ssl=1&resize=1050%2C600 3x"},"classes":[]}],"_links":{"self":[{"href":"https:\/\/costanatura41.com\/de\/wp-json\/wp\/v2\/pages\/2490","targetHints":{"allow":["GET"]}}],"collection":[{"href":"https:\/\/costanatura41.com\/de\/wp-json\/wp\/v2\/pages"}],"about":[{"href":"https:\/\/costanatura41.com\/de\/wp-json\/wp\/v2\/types\/page"}],"author":[{"embeddable":true,"href":"https:\/\/costanatura41.com\/de\/wp-json\/wp\/v2\/users\/7"}],"replies":[{"embeddable":true,"href":"https:\/\/costanatura41.com\/de\/wp-json\/wp\/v2\/comments?post=2490"}],"version-history":[{"count":0,"href":"https:\/\/costanatura41.com\/de\/wp-json\/wp\/v2\/pages\/2490\/revisions"}],"up":[{"embeddable":true,"href":"https:\/\/costanatura41.com\/de\/wp-json\/wp\/v2\/pages\/2491"}],"wp:featuredmedia":[{"embeddable":true,"href":"https:\/\/costanatura41.com\/de\/wp-json\/wp\/v2\/media\/1888"}],"wp:attachment":[{"href":"https:\/\/costanatura41.com\/de\/wp-json\/wp\/v2\/media?parent=2490"}],"curies":[{"name":"wp","href":"https:\/\/api.w.org\/{rel}","templated":true}]}}