{"id":2491,"date":"2020-04-18T16:03:31","date_gmt":"2020-04-18T16:03:31","guid":{"rendered":"https:\/\/costanatura41.com\/die-nachbarschaft\/"},"modified":"2025-11-27T20:12:49","modified_gmt":"2025-11-27T20:12:49","slug":"die-nachbarschaft","status":"publish","type":"page","link":"https:\/\/costanatura41.com\/de\/die-nachbarschaft\/","title":{"rendered":"Die Nachbarschaft"},"content":{"rendered":"\t\t<div data-elementor-type=\"wp-post\" data-elementor-id=\"2491\" class=\"elementor elementor-2491 elementor-102\">\n\t\t\t\t\t\t<section class=\"elementor-section elementor-top-section elementor-element elementor-element-21664885 elementor-section-boxed elementor-section-height-default elementor-section-height-default\" data-id=\"21664885\" data-element_type=\"section\" data-e-type=\"section\">\n\t\t\t\t\t\t<div class=\"elementor-container elementor-column-gap-default\">\n\t\t\t\t\t<div class=\"elementor-column elementor-col-100 elementor-top-column elementor-element elementor-element-33ddb139\" data-id=\"33ddb139\" data-element_type=\"column\" data-e-type=\"column\">\n\t\t\t<div class=\"elementor-widget-wrap elementor-element-populated\">\n\t\t\t\t\t\t<div class=\"elementor-element elementor-element-6ea7a639 elementor-widget elementor-widget-text-editor\" data-id=\"6ea7a639\" data-element_type=\"widget\" data-e-type=\"widget\" data-widget_type=\"text-editor.default\">\n\t\t\t\t<div class=\"elementor-widget-container\">\n\t\t\t\t\t\t\t\t\t<p>Costa Natura liegt am s\u00fcdlichen Stadtrand von Estepona. Bei Ebbe f\u00fchrt Sie ein 45-minuten-Spaziergang entlang des Strandes zum Hafen. Weitere 10-15 Minuten Gehzeit und Sie sind in der Innenstadt. Sie k\u00f6nnen auch den Bus direkt vor dem Resort oder ein Taxi vor dem Hotel Elba nehmen. Alternativ k\u00f6nnen Sie eine Taxi <a href=\"http:\/\/radiotaxi-estepona.com\" target=\"_blank\" rel=\"noopener noreferrer\">online<\/a> bestellen, wenn Sie eines f\u00fcr eine bestimmte Uhrzeit brauchen.<\/p>\t\t\t\t\t\t\t\t<\/div>\n\t\t\t\t<\/div>\n\t\t\t\t\t<\/div>\n\t\t<\/div>\n\t\t\t\t\t<\/div>\n\t\t<\/section>\n\t\t\t\t<\/div>\n\t\t","protected":false},"excerpt":{"rendered":"<p>Costa Natura liegt am s\u00fcdlichen Stadtrand von Estepona. Bei Ebbe f\u00fchrt Sie ein 45-minuten-Spaziergang entlang des Strandes zum Hafen. Weitere 10-15 Minuten Gehzeit und Sie sind in der Innenstadt. Sie k\u00f6nnen auch den Bus direkt vor dem Resort oder ein Taxi vor dem Hotel Elba nehmen. Alternativ k\u00f6nnen Sie eine Taxi online bestellen, wenn Sie &hellip; <a href=\"https:\/\/costanatura41.com\/de\/die-nachbarschaft\/\" class=\"more-link\">Continue reading<span class=\"screen-reader-text\"> &#8222;Die Nachbarschaft&#8220;<\/span><\/a><\/p>\n","protected":false},"author":7,"featured_media":0,"parent":0,"menu_order":0,"comment_status":"closed","ping_status":"closed","template":"template-full-width-grid-page.php","meta":{"_monsterinsights_skip_tracking":false,"_monsterinsights_sitenote_active":false,"_monsterinsights_sitenote_note":"","_monsterinsights_sitenote_category":0,"jetpack_post_was_ever_published":false,"footnotes":""},"class_list":["post-2491","page","type-page","status-publish","hentry"],"yoast_head":"<!-- This site is optimized with the Yoast SEO plugin v27.4 - https:\/\/yoast.com\/product\/yoast-seo-wordpress\/ -->\n<title>Die Nachbarschaft - COSTANATURA 41<\/title>\n<meta name=\"description\" content=\"Costa Natura liegt direkt am s\u00fcdlichen Stadtrand von Estepona\" \/>\n<meta name=\"robots\" content=\"index, follow, max-snippet:-1, max-image-preview:large, max-video-preview:-1\" \/>\n<link rel=\"canonical\" href=\"https:\/\/costanatura41.com\/de\/die-nachbarschaft\/\" \/>\n<meta property=\"og:locale\" content=\"de_DE\" \/>\n<meta property=\"og:type\" content=\"article\" \/>\n<meta property=\"og:title\" content=\"Die Nachbarschaft - COSTANATURA 41\" \/>\n<meta property=\"og:description\" content=\"Costa Natura liegt direkt am s\u00fcdlichen Stadtrand von Estepona\" \/>\n<meta property=\"og:url\" content=\"https:\/\/costanatura41.com\/de\/die-nachbarschaft\/\" \/>\n<meta property=\"og:site_name\" content=\"COSTANATURA 41\" \/>\n<meta property=\"article:modified_time\" content=\"2025-11-27T20:12:49+00:00\" \/>\n<meta name=\"twitter:card\" content=\"summary_large_image\" \/>\n<meta name=\"twitter:label1\" content=\"Gesch\u00e4tzte Lesezeit\" \/>\n\t<meta name=\"twitter:data1\" content=\"1 Minute\" \/>\n<script type=\"application\/ld+json\" class=\"yoast-schema-graph\">{\"@context\":\"https:\\\/\\\/schema.org\",\"@graph\":[{\"@type\":\"WebPage\",\"@id\":\"https:\\\/\\\/costanatura41.com\\\/de\\\/die-nachbarschaft\\\/\",\"url\":\"https:\\\/\\\/costanatura41.com\\\/de\\\/die-nachbarschaft\\\/\",\"name\":\"Die Nachbarschaft - COSTANATURA 41\",\"isPartOf\":{\"@id\":\"https:\\\/\\\/costanatura41.com\\\/de\\\/#website\"},\"datePublished\":\"2020-04-18T16:03:31+00:00\",\"dateModified\":\"2025-11-27T20:12:49+00:00\",\"description\":\"Costa Natura liegt direkt am s\u00fcdlichen Stadtrand von Estepona\",\"breadcrumb\":{\"@id\":\"https:\\\/\\\/costanatura41.com\\\/de\\\/die-nachbarschaft\\\/#breadcrumb\"},\"inLanguage\":\"de-DE\",\"potentialAction\":[{\"@type\":\"ReadAction\",\"target\":[\"https:\\\/\\\/costanatura41.com\\\/de\\\/die-nachbarschaft\\\/\"]}]},{\"@type\":\"BreadcrumbList\",\"@id\":\"https:\\\/\\\/costanatura41.com\\\/de\\\/die-nachbarschaft\\\/#breadcrumb\",\"itemListElement\":[{\"@type\":\"ListItem\",\"position\":1,\"name\":\"Home\",\"item\":\"https:\\\/\\\/costanatura41.com\\\/de\\\/\"},{\"@type\":\"ListItem\",\"position\":2,\"name\":\"Die Nachbarschaft\"}]},{\"@type\":\"WebSite\",\"@id\":\"https:\\\/\\\/costanatura41.com\\\/de\\\/#website\",\"url\":\"https:\\\/\\\/costanatura41.com\\\/de\\\/\",\"name\":\"Costanatura 41\",\"description\":\"Naturist Holiday Rent\",\"publisher\":{\"@id\":\"https:\\\/\\\/costanatura41.com\\\/de\\\/#organization\"},\"potentialAction\":[{\"@type\":\"SearchAction\",\"target\":{\"@type\":\"EntryPoint\",\"urlTemplate\":\"https:\\\/\\\/costanatura41.com\\\/de\\\/?s={search_term_string}\"},\"query-input\":{\"@type\":\"PropertyValueSpecification\",\"valueRequired\":true,\"valueName\":\"search_term_string\"}}],\"inLanguage\":\"de-DE\"},{\"@type\":\"Organization\",\"@id\":\"https:\\\/\\\/costanatura41.com\\\/de\\\/#organization\",\"name\":\"Costa Natura Apartment 41\",\"url\":\"https:\\\/\\\/costanatura41.com\\\/de\\\/\",\"logo\":{\"@type\":\"ImageObject\",\"inLanguage\":\"de-DE\",\"@id\":\"https:\\\/\\\/costanatura41.com\\\/de\\\/#\\\/schema\\\/logo\\\/image\\\/\",\"url\":\"\",\"contentUrl\":\"\",\"caption\":\"Costa Natura Apartment 41\"},\"image\":{\"@id\":\"https:\\\/\\\/costanatura41.com\\\/de\\\/#\\\/schema\\\/logo\\\/image\\\/\"}}]}<\/script>\n<!-- \/ Yoast SEO plugin. -->","yoast_head_json":{"title":"Die Nachbarschaft - COSTANATURA 41","description":"Costa Natura liegt direkt am s\u00fcdlichen Stadtrand von Estepona","robots":{"index":"index","follow":"follow","max-snippet":"max-snippet:-1","max-image-preview":"max-image-preview:large","max-video-preview":"max-video-preview:-1"},"canonical":"https:\/\/costanatura41.com\/de\/die-nachbarschaft\/","og_locale":"de_DE","og_type":"article","og_title":"Die Nachbarschaft - COSTANATURA 41","og_description":"Costa Natura liegt direkt am s\u00fcdlichen Stadtrand von Estepona","og_url":"https:\/\/costanatura41.com\/de\/die-nachbarschaft\/","og_site_name":"COSTANATURA 41","article_modified_time":"2025-11-27T20:12:49+00:00","twitter_card":"summary_large_image","twitter_misc":{"Gesch\u00e4tzte Lesezeit":"1 Minute"},"schema":{"@context":"https:\/\/schema.org","@graph":[{"@type":"WebPage","@id":"https:\/\/costanatura41.com\/de\/die-nachbarschaft\/","url":"https:\/\/costanatura41.com\/de\/die-nachbarschaft\/","name":"Die Nachbarschaft - COSTANATURA 41","isPartOf":{"@id":"https:\/\/costanatura41.com\/de\/#website"},"datePublished":"2020-04-18T16:03:31+00:00","dateModified":"2025-11-27T20:12:49+00:00","description":"Costa Natura liegt direkt am s\u00fcdlichen Stadtrand von Estepona","breadcrumb":{"@id":"https:\/\/costanatura41.com\/de\/die-nachbarschaft\/#breadcrumb"},"inLanguage":"de-DE","potentialAction":[{"@type":"ReadAction","target":["https:\/\/costanatura41.com\/de\/die-nachbarschaft\/"]}]},{"@type":"BreadcrumbList","@id":"https:\/\/costanatura41.com\/de\/die-nachbarschaft\/#breadcrumb","itemListElement":[{"@type":"ListItem","position":1,"name":"Home","item":"https:\/\/costanatura41.com\/de\/"},{"@type":"ListItem","position":2,"name":"Die Nachbarschaft"}]},{"@type":"WebSite","@id":"https:\/\/costanatura41.com\/de\/#website","url":"https:\/\/costanatura41.com\/de\/","name":"Costanatura 41","description":"Naturist Holiday Rent","publisher":{"@id":"https:\/\/costanatura41.com\/de\/#organization"},"potentialAction":[{"@type":"SearchAction","target":{"@type":"EntryPoint","urlTemplate":"https:\/\/costanatura41.com\/de\/?s={search_term_string}"},"query-input":{"@type":"PropertyValueSpecification","valueRequired":true,"valueName":"search_term_string"}}],"inLanguage":"de-DE"},{"@type":"Organization","@id":"https:\/\/costanatura41.com\/de\/#organization","name":"Costa Natura Apartment 41","url":"https:\/\/costanatura41.com\/de\/","logo":{"@type":"ImageObject","inLanguage":"de-DE","@id":"https:\/\/costanatura41.com\/de\/#\/schema\/logo\/image\/","url":"","contentUrl":"","caption":"Costa Natura Apartment 41"},"image":{"@id":"https:\/\/costanatura41.com\/de\/#\/schema\/logo\/image\/"}}]}},"jetpack_sharing_enabled":true,"jetpack_shortlink":"https:\/\/wp.me\/PaF7DC-Eb","jetpack-related-posts":[{"id":2487,"url":"https:\/\/costanatura41.com\/de\/der-urlaubsort\/naturist-strand\/","url_meta":{"origin":2491,"position":0},"title":"FKK-Strand","author":"Costa Natura 41","date":"18. April 2020","format":false,"excerpt":"Der sandige und in einigen Bereichen kiesige Strand vor der Costa Natura ist ein offizieller Naturist Beach, zu dem Sie direkten Zugang vom Resort haben. Eine warme Empfehlung ist, Ihren Tag mit dem Sonnenaufgang am Strand zu beginnen. Sie k\u00f6nnen auch einen Spaziergang entlang des Strandes machen (mit Kleidung, wenn\u2026","rel":"","context":"\u00c4hnlicher Beitrag","block_context":{"text":"\u00c4hnlicher Beitrag","link":""},"img":{"alt_text":"FKK-Strand vor Costa Natura von der Terrasse des Resorts aus gesehen.","src":"https:\/\/i0.wp.com\/costanatura41.com\/wp-content\/uploads\/sites\/18\/2019\/09\/cn-beach-view-1.jpg?fit=1200%2C900&ssl=1&resize=350%2C200","width":350,"height":200,"srcset":"https:\/\/i0.wp.com\/costanatura41.com\/wp-content\/uploads\/sites\/18\/2019\/09\/cn-beach-view-1.jpg?fit=1200%2C900&ssl=1&resize=350%2C200 1x, https:\/\/i0.wp.com\/costanatura41.com\/wp-content\/uploads\/sites\/18\/2019\/09\/cn-beach-view-1.jpg?fit=1200%2C900&ssl=1&resize=525%2C300 1.5x, https:\/\/i0.wp.com\/costanatura41.com\/wp-content\/uploads\/sites\/18\/2019\/09\/cn-beach-view-1.jpg?fit=1200%2C900&ssl=1&resize=700%2C400 2x, https:\/\/i0.wp.com\/costanatura41.com\/wp-content\/uploads\/sites\/18\/2019\/09\/cn-beach-view-1.jpg?fit=1200%2C900&ssl=1&resize=1050%2C600 3x"},"classes":[]},{"id":2514,"url":"https:\/\/costanatura41.com\/de\/der-urlaubsort\/trainingseinrichtungen-spielplatz\/","url_meta":{"origin":2491,"position":1},"title":"Trainingseinrichtungen &amp; Spielplatz","author":"Costa Natura 41","date":"18. April 2020","format":false,"excerpt":"Costa Natura bietet vielf\u00e4ltige M\u00f6glichkeiten, aktiv zu bleiben und Spa\u00df zu haben. Trainieren Sie im Fitnessstudio, nehmen Sie an einem Volleyballspiel teil, genie\u00dfen Sie eine Partie P\u00e9tanque am Meer oder erkunden Sie die K\u00fcste mit dem Kajak. Es gibt auch einen Au\u00dfenspielplatz, auf dem Kinder frei spielen k\u00f6nnen. P\u00e9tanque am\u2026","rel":"","context":"\u00c4hnlicher Beitrag","block_context":{"text":"\u00c4hnlicher Beitrag","link":""},"img":{"alt_text":"","src":"https:\/\/i0.wp.com\/costanatura41.com\/wp-content\/uploads\/sites\/18\/2019\/08\/cn-petanque-2.jpg?fit=1200%2C900&ssl=1&resize=350%2C200","width":350,"height":200,"srcset":"https:\/\/i0.wp.com\/costanatura41.com\/wp-content\/uploads\/sites\/18\/2019\/08\/cn-petanque-2.jpg?fit=1200%2C900&ssl=1&resize=350%2C200 1x, https:\/\/i0.wp.com\/costanatura41.com\/wp-content\/uploads\/sites\/18\/2019\/08\/cn-petanque-2.jpg?fit=1200%2C900&ssl=1&resize=525%2C300 1.5x, https:\/\/i0.wp.com\/costanatura41.com\/wp-content\/uploads\/sites\/18\/2019\/08\/cn-petanque-2.jpg?fit=1200%2C900&ssl=1&resize=700%2C400 2x, https:\/\/i0.wp.com\/costanatura41.com\/wp-content\/uploads\/sites\/18\/2019\/08\/cn-petanque-2.jpg?fit=1200%2C900&ssl=1&resize=1050%2C600 3x"},"classes":[]},{"id":2524,"url":"https:\/\/costanatura41.com\/de\/galerie\/","url_meta":{"origin":2491,"position":2},"title":"Galerie","author":"Costa Natura 41","date":"18. April 2020","format":false,"excerpt":"Die Galerieseite ist eine umfangreichere Sammlung von Bildern. Hier k\u00f6nnen Sie die Wohnung und ihre Terrassen, den Naturistenstrand und das Resort mit den sch\u00f6nen und gepflegten G\u00e4rten sehen. Die Wohnung Die Wohnung wurde komplett renoviert, um einen hohen Standard mit einem Auge f\u00fcr Details und Qualit\u00e4t und mit einem modernen\u2026","rel":"","context":"\u00c4hnlicher Beitrag","block_context":{"text":"\u00c4hnlicher Beitrag","link":""},"img":{"alt_text":"Dining table seen from the kitchen.","src":"https:\/\/i0.wp.com\/costanatura41.com\/wp-content\/uploads\/sites\/18\/2022\/09\/cn41-dining-room-4.jpg?resize=350%2C200","width":350,"height":200,"srcset":"https:\/\/i0.wp.com\/costanatura41.com\/wp-content\/uploads\/sites\/18\/2022\/09\/cn41-dining-room-4.jpg?resize=350%2C200 1x, https:\/\/i0.wp.com\/costanatura41.com\/wp-content\/uploads\/sites\/18\/2022\/09\/cn41-dining-room-4.jpg?resize=525%2C300 1.5x, https:\/\/i0.wp.com\/costanatura41.com\/wp-content\/uploads\/sites\/18\/2022\/09\/cn41-dining-room-4.jpg?resize=700%2C400 2x, https:\/\/i0.wp.com\/costanatura41.com\/wp-content\/uploads\/sites\/18\/2022\/09\/cn41-dining-room-4.jpg?resize=1050%2C600 3x, https:\/\/i0.wp.com\/costanatura41.com\/wp-content\/uploads\/sites\/18\/2022\/09\/cn41-dining-room-4.jpg?resize=1400%2C800 4x"},"classes":[]},{"id":2517,"url":"https:\/\/costanatura41.com\/de\/naturismus\/","url_meta":{"origin":2491,"position":3},"title":"Naturismus","author":"Costa Natura 41","date":"18. April 2020","format":false,"excerpt":"Naturismus ist eine Lifestyle-Wahl. Die Internationale Naturisten-F\u00f6deration(INF) definiert den Naturismus so: \"Es ist eine Lebensweise im Einklang mit der Natur, ausgedr\u00fcckt durch soziale Nacktheit, verbunden mit Selbstachtung, Toleranz unterschiedlicher Ansichten und Respekt f\u00fcr die Umwelt\".Naturismus ist die Praxis, nackt zu gehen, vor allem in einem gemischten sozialen Umfeld und ist\u2026","rel":"","context":"\u00c4hnlicher Beitrag","block_context":{"text":"\u00c4hnlicher Beitrag","link":""},"img":{"alt_text":"FKK-Strand vor Costa Natura von der Nordseite aus gesehen.","src":"https:\/\/i0.wp.com\/costanatura41.com\/wp-content\/uploads\/sites\/18\/2019\/09\/beach-view-2.jpg?resize=350%2C200&ssl=1","width":350,"height":200},"classes":[]},{"id":2518,"url":"https:\/\/costanatura41.com\/de\/richtungen\/","url_meta":{"origin":2491,"position":4},"title":"Richtungen","author":"Costa Natura 41","date":"18. April 2020","format":false,"excerpt":"Anfahrt zur Costa Natura vom Flughafen Malaga (AGP) 1 Nehmen Sie die A-7 in Richtung Algeciras\/Cadiz. Diese Stra\u00dfe verl\u00e4uft parallel zur K\u00fcste.Bleiben Sie auf der A-7 (geb\u00fchrenfrei) oder nehmen Sie die AP-7 (Mautstra\u00dfe), die schneller und weniger besch\u00e4ftigt ist. Wenn Sie sich f\u00fcr den AP-7 entscheiden, betr\u00e4gt die Geb\u00fchr insgesamt\u2026","rel":"","context":"\u00c4hnlicher Beitrag","block_context":{"text":"\u00c4hnlicher Beitrag","link":""},"img":{"alt_text":"Map with directions from Malaga airport.","src":"https:\/\/i0.wp.com\/costanatura41.com\/wp-content\/uploads\/sites\/18\/2019\/08\/directions-from-agp-1-1.jpg?fit=2546%2C1592&ssl=1&resize=350%2C200","width":350,"height":200,"srcset":"https:\/\/i0.wp.com\/costanatura41.com\/wp-content\/uploads\/sites\/18\/2019\/08\/directions-from-agp-1-1.jpg?fit=2546%2C1592&ssl=1&resize=350%2C200 1x, https:\/\/i0.wp.com\/costanatura41.com\/wp-content\/uploads\/sites\/18\/2019\/08\/directions-from-agp-1-1.jpg?fit=2546%2C1592&ssl=1&resize=525%2C300 1.5x, https:\/\/i0.wp.com\/costanatura41.com\/wp-content\/uploads\/sites\/18\/2019\/08\/directions-from-agp-1-1.jpg?fit=2546%2C1592&ssl=1&resize=700%2C400 2x, https:\/\/i0.wp.com\/costanatura41.com\/wp-content\/uploads\/sites\/18\/2019\/08\/directions-from-agp-1-1.jpg?fit=2546%2C1592&ssl=1&resize=1050%2C600 3x, https:\/\/i0.wp.com\/costanatura41.com\/wp-content\/uploads\/sites\/18\/2019\/08\/directions-from-agp-1-1.jpg?fit=2546%2C1592&ssl=1&resize=1400%2C800 4x"},"classes":[]},{"id":2490,"url":"https:\/\/costanatura41.com\/de\/die-nachbarschaft\/maerkte\/","url_meta":{"origin":2491,"position":5},"title":"M\u00e4rkte","author":"Costa Natura 41","date":"18. April 2020","format":false,"excerpt":"In Estepona gibt es mittwochs einen lokalen Stra\u00dfenmarkt, auf dem Sie alle m\u00f6glichen Dinge kaufen k\u00f6nnen, darunter Obst und Gem\u00fcse. Der Sonntagsmarkt im Hafen hat das, was wir \"mehr touristische Sachen\" nennen. Mittwoch Markt Obst und Gem\u00fcse sind in S\u00fcdeuropa sehr schmackhaft und Aromen und Farben sind sehr intensiv. Nutzen\u2026","rel":"","context":"\u00c4hnlicher Beitrag","block_context":{"text":"\u00c4hnlicher Beitrag","link":""},"img":{"alt_text":"","src":"https:\/\/i0.wp.com\/costanatura41.com\/wp-content\/uploads\/sites\/18\/2019\/09\/estepona-sunday-market-1.jpg?fit=1200%2C900&ssl=1&resize=350%2C200","width":350,"height":200,"srcset":"https:\/\/i0.wp.com\/costanatura41.com\/wp-content\/uploads\/sites\/18\/2019\/09\/estepona-sunday-market-1.jpg?fit=1200%2C900&ssl=1&resize=350%2C200 1x, https:\/\/i0.wp.com\/costanatura41.com\/wp-content\/uploads\/sites\/18\/2019\/09\/estepona-sunday-market-1.jpg?fit=1200%2C900&ssl=1&resize=525%2C300 1.5x, https:\/\/i0.wp.com\/costanatura41.com\/wp-content\/uploads\/sites\/18\/2019\/09\/estepona-sunday-market-1.jpg?fit=1200%2C900&ssl=1&resize=700%2C400 2x, https:\/\/i0.wp.com\/costanatura41.com\/wp-content\/uploads\/sites\/18\/2019\/09\/estepona-sunday-market-1.jpg?fit=1200%2C900&ssl=1&resize=1050%2C600 3x"},"classes":[]}],"_links":{"self":[{"href":"https:\/\/costanatura41.com\/de\/wp-json\/wp\/v2\/pages\/2491","targetHints":{"allow":["GET"]}}],"collection":[{"href":"https:\/\/costanatura41.com\/de\/wp-json\/wp\/v2\/pages"}],"about":[{"href":"https:\/\/costanatura41.com\/de\/wp-json\/wp\/v2\/types\/page"}],"author":[{"embeddable":true,"href":"https:\/\/costanatura41.com\/de\/wp-json\/wp\/v2\/users\/7"}],"replies":[{"embeddable":true,"href":"https:\/\/costanatura41.com\/de\/wp-json\/wp\/v2\/comments?post=2491"}],"version-history":[{"count":0,"href":"https:\/\/costanatura41.com\/de\/wp-json\/wp\/v2\/pages\/2491\/revisions"}],"wp:attachment":[{"href":"https:\/\/costanatura41.com\/de\/wp-json\/wp\/v2\/media?parent=2491"}],"curies":[{"name":"wp","href":"https:\/\/api.w.org\/{rel}","templated":true}]}}