{"id":2495,"date":"2020-04-18T16:03:34","date_gmt":"2020-04-18T16:03:34","guid":{"rendered":"https:\/\/costanatura41.com\/preise\/"},"modified":"2026-02-22T18:52:08","modified_gmt":"2026-02-22T18:52:08","slug":"preise","status":"publish","type":"page","link":"https:\/\/costanatura41.com\/de\/preise\/","title":{"rendered":"Preise"},"content":{"rendered":"\t\t<div data-elementor-type=\"wp-post\" data-elementor-id=\"2495\" class=\"elementor elementor-2495 elementor-750\">\n\t\t\t\t\t\t<section class=\"elementor-section elementor-top-section elementor-element elementor-element-7263198 elementor-section-boxed elementor-section-height-default elementor-section-height-default\" data-id=\"7263198\" data-element_type=\"section\" data-e-type=\"section\">\n\t\t\t\t\t\t<div class=\"elementor-container elementor-column-gap-default\">\n\t\t\t\t\t<div class=\"elementor-column elementor-col-100 elementor-top-column elementor-element elementor-element-3d9c28f\" data-id=\"3d9c28f\" data-element_type=\"column\" data-e-type=\"column\">\n\t\t\t<div class=\"elementor-widget-wrap elementor-element-populated\">\n\t\t\t\t\t\t<div class=\"elementor-element elementor-element-4e14202 elementor-widget elementor-widget-text-editor\" data-id=\"4e14202\" data-element_type=\"widget\" data-e-type=\"widget\" data-widget_type=\"text-editor.default\">\n\t\t\t\t<div class=\"elementor-widget-container\">\n\t\t\t\t\t\t\t\t\t<p>Die Mietpreise f\u00fcr die Saison 2026\/2027 :\u00a0<\/p>\t\t\t\t\t\t\t\t<\/div>\n\t\t\t\t<\/div>\n\t\t\t\t<section class=\"elementor-section elementor-inner-section elementor-element elementor-element-174118d elementor-section-boxed elementor-section-height-default elementor-section-height-default\" data-id=\"174118d\" data-element_type=\"section\" data-e-type=\"section\">\n\t\t\t\t\t\t<div class=\"elementor-container elementor-column-gap-default\">\n\t\t\t\t\t<div class=\"elementor-column elementor-col-50 elementor-inner-column elementor-element elementor-element-9234ee5\" data-id=\"9234ee5\" data-element_type=\"column\" data-e-type=\"column\">\n\t\t\t<div class=\"elementor-widget-wrap elementor-element-populated\">\n\t\t\t\t\t\t<div class=\"elementor-element elementor-element-208e4ed elementor-widget elementor-widget-html\" data-id=\"208e4ed\" data-element_type=\"widget\" data-e-type=\"widget\" data-widget_type=\"html.default\">\n\t\t\t\t<div class=\"elementor-widget-container\">\n\t\t\t\t\t<table>\n<thead>\n<tr>\n<th id=\"HEADER\">Monat<\/th>\n<th id=\"HEADER\">Preis pro Nacht<\/th>\n<\/tr>\n<\/thead>\n<tbody>\n<tr>\n<td>Januar<\/td>\n<td>91 \u20ac<\/td>\n<\/tr>\n<tr>\n<td>Februar<\/td>\n<td>91 \u20ac<\/td>\n<\/tr>\n<tr>\n<td>M\u00e4rz<\/td>\n<td>121 \u20ac<\/td>\n<\/tr>\n<tr>\n<td>April<\/td>\n<td>121 \u20ac<\/td>\n<\/tr>\n<tr>\n<td>Mai<\/td>\n<td>154 \u20ac<\/td>\n<\/tr>\n<tr>\n<td>Juni<\/td>\n<td>154 \u20ac<\/td>\n<\/tr>\n<\/tbody>\n<\/table>\t\t\t\t<\/div>\n\t\t\t\t<\/div>\n\t\t\t\t\t<\/div>\n\t\t<\/div>\n\t\t\t\t<div class=\"elementor-column elementor-col-50 elementor-inner-column elementor-element elementor-element-bc91491\" data-id=\"bc91491\" data-element_type=\"column\" data-e-type=\"column\">\n\t\t\t<div class=\"elementor-widget-wrap elementor-element-populated\">\n\t\t\t\t\t\t<div class=\"elementor-element elementor-element-304d8e5 elementor-widget elementor-widget-html\" data-id=\"304d8e5\" data-element_type=\"widget\" data-e-type=\"widget\" data-widget_type=\"html.default\">\n\t\t\t\t<div class=\"elementor-widget-container\">\n\t\t\t\t\t<table>\n<thead><tr>\n<th>Monat<\/th>\n<th>Preis pro Nacht<\/th>\n<\/tr>\n<tr>\n<td>Juli<\/td>\n<td>186 \u20ac<\/td>\n<\/tr>\n<tr>\n<td>August<\/td>\n<td>186 \u20ac<\/td>\n<\/tr>\n<tr>\n<td>September<\/td>\n<td>186 \u20ac<\/td>\n<\/tr>\n<tr>\n<td>Oktober<\/td>\n<td>154 \u20ac<\/td>\n<\/tr>\n<tr>\n<td>November<\/td>\n<td>91 \u20ac<\/td>\n<\/tr>\n<tr>\n<td>Dezember<\/td>\n<td>91 \u20ac<\/td>\n<\/tr>\n<\/tbody>\n<\/table>\t\t\t\t<\/div>\n\t\t\t\t<\/div>\n\t\t\t\t\t<\/div>\n\t\t<\/div>\n\t\t\t\t\t<\/div>\n\t\t<\/section>\n\t\t\t\t<div class=\"elementor-element elementor-element-94338a5 elementor-widget elementor-widget-text-editor\" data-id=\"94338a5\" data-element_type=\"widget\" data-e-type=\"widget\" data-widget_type=\"text-editor.default\">\n\t\t\t\t<div class=\"elementor-widget-container\">\n\t\t\t\t\t\t\t\t\t<p>Alle Preise basieren auf 2 Personen und beinhalten Steuern. Zus\u00e4tzliche G\u00e4ste sind 10\u20ac pro Person und Nacht. Mindestaufenthalt von 3 N\u00e4chten erforderlich. Die Endreinigung wird bei einem Aufenthalt von weniger als 5 N\u00e4chten berechnet.  <\/p><p>Im preis inbegriffen ist der kostenfreie Zugang zu allen Annehmlichkeiten der Costa Natura wie Pool, Whirlpool und Sauna. Sie k\u00f6nnen auch an Veranstaltungen wie Yoga, Pilates und Wassergymnastik teilnehmen, wenn diese angeboten werden. In den Sommermonaten gibt es t\u00e4glich spezielle Veranstaltungen f\u00fcr Kinder.  <\/p>\t\t\t\t\t\t\t\t<\/div>\n\t\t\t\t<\/div>\n\t\t\t\t<div class=\"elementor-element elementor-element-7706fca elementor-widget elementor-widget-heading\" data-id=\"7706fca\" data-element_type=\"widget\" data-e-type=\"widget\" data-widget_type=\"heading.default\">\n\t\t\t\t<div class=\"elementor-widget-container\">\n\t\t\t\t\t<h4 class=\"elementor-heading-title elementor-size-default\">Long Stay Angebot - von November bis M\u00e4rz<\/h4>\t\t\t\t<\/div>\n\t\t\t\t<\/div>\n\t\t\t\t<section class=\"elementor-section elementor-inner-section elementor-element elementor-element-725cdcc elementor-section-boxed elementor-section-height-default elementor-section-height-default\" data-id=\"725cdcc\" data-element_type=\"section\" data-e-type=\"section\">\n\t\t\t\t\t\t<div class=\"elementor-container elementor-column-gap-default\">\n\t\t\t\t\t<div class=\"elementor-column elementor-col-50 elementor-inner-column elementor-element elementor-element-bece634\" data-id=\"bece634\" data-element_type=\"column\" data-e-type=\"column\">\n\t\t\t<div class=\"elementor-widget-wrap elementor-element-populated\">\n\t\t\t\t\t\t<div class=\"elementor-element elementor-element-7cbcea2 elementor-widget elementor-widget-html\" data-id=\"7cbcea2\" data-element_type=\"widget\" data-e-type=\"widget\" data-widget_type=\"html.default\">\n\t\t\t\t<div class=\"elementor-widget-container\">\n\t\t\t\t\t<table>\n<thead>\n<tr>\n<th id=\"HEADER\">Monat<\/th>\n<th id=\"HEADER\">Preis pro Nacht <br> (Mindestaufenthalt 30 Tage)<\/th>\n<\/tr>\n<\/thead>\n<tbody>\n<tr>\n<td>November<\/td>\n<td>57 \u20ac<\/td>\n<\/tr>\n<tr>\n<td>Dezember<\/td>\n<td>57 \u20ac<\/td>\n<\/tr>\n\n<\/tbody>\n<\/table>\t\t\t\t<\/div>\n\t\t\t\t<\/div>\n\t\t\t\t\t<\/div>\n\t\t<\/div>\n\t\t\t\t<div class=\"elementor-column elementor-col-50 elementor-inner-column elementor-element elementor-element-757cd4e\" data-id=\"757cd4e\" data-element_type=\"column\" data-e-type=\"column\">\n\t\t\t<div class=\"elementor-widget-wrap elementor-element-populated\">\n\t\t\t\t\t\t<div class=\"elementor-element elementor-element-2eba84f elementor-widget elementor-widget-html\" data-id=\"2eba84f\" data-element_type=\"widget\" data-e-type=\"widget\" data-widget_type=\"html.default\">\n\t\t\t\t<div class=\"elementor-widget-container\">\n\t\t\t\t\t<table>\n<thead>\n<tr>\n<th id=\"HEADER\">Monat<\/th>\n<th id=\"HEADER\">Preis pro Nacht <br> (Mindestaufenthalt 30 Tage)<\/th>\n<\/tr>\n<\/thead>\n<tbody>\n\n<tr>\n<td>Januar<\/td>\n<td>57 \u20ac<\/td>\n<\/tr>\n<tr>\n<td>Februar<\/td>\n<td>57 \u20ac<\/td>\n<\/tr>\n<tr>\n<td>M\u00e4rz<\/td>\n<td>57 \u20ac<\/td>\n<\/tr>\n<\/tbody>\n<\/table>\t\t\t\t<\/div>\n\t\t\t\t<\/div>\n\t\t\t\t\t<\/div>\n\t\t<\/div>\n\t\t\t\t\t<\/div>\n\t\t<\/section>\n\t\t\t\t\t<\/div>\n\t\t<\/div>\n\t\t\t\t\t<\/div>\n\t\t<\/section>\n\t\t\t\t<section class=\"elementor-section elementor-top-section elementor-element elementor-element-dfe3e7c elementor-section-boxed elementor-section-height-default elementor-section-height-default\" data-id=\"dfe3e7c\" data-element_type=\"section\" data-e-type=\"section\">\n\t\t\t\t\t\t<div class=\"elementor-container elementor-column-gap-default\">\n\t\t\t\t\t<div class=\"elementor-column elementor-col-100 elementor-top-column elementor-element elementor-element-773ffd8\" data-id=\"773ffd8\" data-element_type=\"column\" data-e-type=\"column\">\n\t\t\t<div class=\"elementor-widget-wrap elementor-element-populated\">\n\t\t\t\t\t\t<div class=\"elementor-element elementor-element-8099d16 elementor-widget elementor-widget-html\" data-id=\"8099d16\" data-element_type=\"widget\" data-e-type=\"widget\" data-widget_type=\"html.default\">\n\t\t\t\t<div class=\"elementor-widget-container\">\n\t\t\t\t\t<div class=\"elementor-element elementor-element-2a11e70 elementor-widget elementor-align-center elementor-widget-button\" data-id=\"2a11e70\">\n\t\t\t\t<div class=\"elementor-widget-container\">\n\t\t\t\t\t<div class=\"elementor-button-wrapper\">\n\t\t\t<a href=\"https:\/\/costanatura.com\/accommodation\/apartment-41\/\" class=\"elementor-button-link elementor-button elementor-size-md\" target=\"_blank\" role=\"button\">\n\t\t\t\t\t\t<span class=\"elementor-button-content-wrapper\">\n\t\t\t\t\t\t<span class=\"elementor-button-text\">Jetzt buchen<\/span>\n\t\t<\/span>\n\t\t\t\t\t<\/a>\n\t\t<\/div>\n\t\t\t\t<\/div>\n\t\t\t\t<\/div>\t\t\t\t<\/div>\n\t\t\t\t<\/div>\n\t\t\t\t\t<\/div>\n\t\t<\/div>\n\t\t\t\t\t<\/div>\n\t\t<\/section>\n\t\t\t\t<\/div>\n\t\t","protected":false},"excerpt":{"rendered":"<p>Die Mietpreise f\u00fcr die Saison 2026\/2027 :\u00a0 Monat Preis pro Nacht Januar 91 \u20ac Februar 91 \u20ac M\u00e4rz 121 \u20ac April 121 \u20ac Mai 154 \u20ac Juni 154 \u20ac Monat Preis pro Nacht Juli 186 \u20ac August 186 \u20ac September 186 \u20ac Oktober 154 \u20ac November 91 \u20ac Dezember 91 \u20ac Alle Preise basieren auf &hellip; <a href=\"https:\/\/costanatura41.com\/de\/preise\/\" class=\"more-link\">Continue reading<span class=\"screen-reader-text\"> &#8222;Preise&#8220;<\/span><\/a><\/p>\n","protected":false},"author":3,"featured_media":0,"parent":0,"menu_order":0,"comment_status":"closed","ping_status":"closed","template":"template-full-width-page.php","meta":{"_monsterinsights_skip_tracking":false,"_monsterinsights_sitenote_active":false,"_monsterinsights_sitenote_note":"","_monsterinsights_sitenote_category":0,"jetpack_post_was_ever_published":false,"footnotes":""},"class_list":["post-2495","page","type-page","status-publish","hentry"],"yoast_head":"<!-- This site is optimized with the Yoast SEO plugin v27.4 - https:\/\/yoast.com\/product\/yoast-seo-wordpress\/ -->\n<title>Mietpreise - COSTANATURA 41<\/title>\n<meta name=\"description\" content=\"Mietpreise f\u00fcr Wohnung 41 f\u00fcr die Saison.\" \/>\n<meta name=\"robots\" content=\"index, follow, max-snippet:-1, max-image-preview:large, max-video-preview:-1\" \/>\n<link rel=\"canonical\" href=\"https:\/\/costanatura41.com\/de\/preise\/\" \/>\n<meta property=\"og:locale\" content=\"de_DE\" \/>\n<meta property=\"og:type\" content=\"article\" \/>\n<meta property=\"og:title\" content=\"Mietpreise - COSTANATURA 41\" \/>\n<meta property=\"og:description\" content=\"Mietpreise f\u00fcr Wohnung 41 f\u00fcr die Saison.\" \/>\n<meta property=\"og:url\" content=\"https:\/\/costanatura41.com\/de\/preise\/\" \/>\n<meta property=\"og:site_name\" content=\"COSTANATURA 41\" \/>\n<meta property=\"article:modified_time\" content=\"2026-02-22T18:52:08+00:00\" \/>\n<meta name=\"twitter:card\" content=\"summary_large_image\" \/>\n<meta name=\"twitter:label1\" content=\"Gesch\u00e4tzte Lesezeit\" \/>\n\t<meta name=\"twitter:data1\" content=\"1 Minute\" \/>\n<script type=\"application\/ld+json\" class=\"yoast-schema-graph\">{\"@context\":\"https:\\\/\\\/schema.org\",\"@graph\":[{\"@type\":\"WebPage\",\"@id\":\"https:\\\/\\\/costanatura41.com\\\/de\\\/preise\\\/\",\"url\":\"https:\\\/\\\/costanatura41.com\\\/de\\\/preise\\\/\",\"name\":\"Mietpreise - COSTANATURA 41\",\"isPartOf\":{\"@id\":\"https:\\\/\\\/costanatura41.com\\\/de\\\/#website\"},\"datePublished\":\"2020-04-18T16:03:34+00:00\",\"dateModified\":\"2026-02-22T18:52:08+00:00\",\"description\":\"Mietpreise f\u00fcr Wohnung 41 f\u00fcr die Saison.\",\"breadcrumb\":{\"@id\":\"https:\\\/\\\/costanatura41.com\\\/de\\\/preise\\\/#breadcrumb\"},\"inLanguage\":\"de\",\"potentialAction\":[{\"@type\":\"ReadAction\",\"target\":[\"https:\\\/\\\/costanatura41.com\\\/de\\\/preise\\\/\"]}]},{\"@type\":\"BreadcrumbList\",\"@id\":\"https:\\\/\\\/costanatura41.com\\\/de\\\/preise\\\/#breadcrumb\",\"itemListElement\":[{\"@type\":\"ListItem\",\"position\":1,\"name\":\"Home\",\"item\":\"https:\\\/\\\/costanatura41.com\\\/de\\\/\"},{\"@type\":\"ListItem\",\"position\":2,\"name\":\"Preise\"}]},{\"@type\":\"WebSite\",\"@id\":\"https:\\\/\\\/costanatura41.com\\\/de\\\/#website\",\"url\":\"https:\\\/\\\/costanatura41.com\\\/de\\\/\",\"name\":\"Costanatura 41\",\"description\":\"Naturist Holiday Rent\",\"publisher\":{\"@id\":\"https:\\\/\\\/costanatura41.com\\\/de\\\/#organization\"},\"potentialAction\":[{\"@type\":\"SearchAction\",\"target\":{\"@type\":\"EntryPoint\",\"urlTemplate\":\"https:\\\/\\\/costanatura41.com\\\/de\\\/?s={search_term_string}\"},\"query-input\":{\"@type\":\"PropertyValueSpecification\",\"valueRequired\":true,\"valueName\":\"search_term_string\"}}],\"inLanguage\":\"de\"},{\"@type\":\"Organization\",\"@id\":\"https:\\\/\\\/costanatura41.com\\\/de\\\/#organization\",\"name\":\"Costa Natura Apartment 41\",\"url\":\"https:\\\/\\\/costanatura41.com\\\/de\\\/\",\"logo\":{\"@type\":\"ImageObject\",\"inLanguage\":\"de\",\"@id\":\"https:\\\/\\\/costanatura41.com\\\/de\\\/#\\\/schema\\\/logo\\\/image\\\/\",\"url\":\"\",\"contentUrl\":\"\",\"caption\":\"Costa Natura Apartment 41\"},\"image\":{\"@id\":\"https:\\\/\\\/costanatura41.com\\\/de\\\/#\\\/schema\\\/logo\\\/image\\\/\"}}]}<\/script>\n<!-- \/ Yoast SEO plugin. -->","yoast_head_json":{"title":"Mietpreise - COSTANATURA 41","description":"Mietpreise f\u00fcr Wohnung 41 f\u00fcr die Saison.","robots":{"index":"index","follow":"follow","max-snippet":"max-snippet:-1","max-image-preview":"max-image-preview:large","max-video-preview":"max-video-preview:-1"},"canonical":"https:\/\/costanatura41.com\/de\/preise\/","og_locale":"de_DE","og_type":"article","og_title":"Mietpreise - COSTANATURA 41","og_description":"Mietpreise f\u00fcr Wohnung 41 f\u00fcr die Saison.","og_url":"https:\/\/costanatura41.com\/de\/preise\/","og_site_name":"COSTANATURA 41","article_modified_time":"2026-02-22T18:52:08+00:00","twitter_card":"summary_large_image","twitter_misc":{"Gesch\u00e4tzte Lesezeit":"1 Minute"},"schema":{"@context":"https:\/\/schema.org","@graph":[{"@type":"WebPage","@id":"https:\/\/costanatura41.com\/de\/preise\/","url":"https:\/\/costanatura41.com\/de\/preise\/","name":"Mietpreise - COSTANATURA 41","isPartOf":{"@id":"https:\/\/costanatura41.com\/de\/#website"},"datePublished":"2020-04-18T16:03:34+00:00","dateModified":"2026-02-22T18:52:08+00:00","description":"Mietpreise f\u00fcr Wohnung 41 f\u00fcr die Saison.","breadcrumb":{"@id":"https:\/\/costanatura41.com\/de\/preise\/#breadcrumb"},"inLanguage":"de","potentialAction":[{"@type":"ReadAction","target":["https:\/\/costanatura41.com\/de\/preise\/"]}]},{"@type":"BreadcrumbList","@id":"https:\/\/costanatura41.com\/de\/preise\/#breadcrumb","itemListElement":[{"@type":"ListItem","position":1,"name":"Home","item":"https:\/\/costanatura41.com\/de\/"},{"@type":"ListItem","position":2,"name":"Preise"}]},{"@type":"WebSite","@id":"https:\/\/costanatura41.com\/de\/#website","url":"https:\/\/costanatura41.com\/de\/","name":"Costanatura 41","description":"Naturist Holiday Rent","publisher":{"@id":"https:\/\/costanatura41.com\/de\/#organization"},"potentialAction":[{"@type":"SearchAction","target":{"@type":"EntryPoint","urlTemplate":"https:\/\/costanatura41.com\/de\/?s={search_term_string}"},"query-input":{"@type":"PropertyValueSpecification","valueRequired":true,"valueName":"search_term_string"}}],"inLanguage":"de"},{"@type":"Organization","@id":"https:\/\/costanatura41.com\/de\/#organization","name":"Costa Natura Apartment 41","url":"https:\/\/costanatura41.com\/de\/","logo":{"@type":"ImageObject","inLanguage":"de","@id":"https:\/\/costanatura41.com\/de\/#\/schema\/logo\/image\/","url":"","contentUrl":"","caption":"Costa Natura Apartment 41"},"image":{"@id":"https:\/\/costanatura41.com\/de\/#\/schema\/logo\/image\/"}}]}},"jetpack_sharing_enabled":true,"jetpack_shortlink":"https:\/\/wp.me\/PaF7DC-Ef","jetpack-related-posts":[{"id":750,"url":"https:\/\/costanatura41.com\/rates\/","url_meta":{"origin":2495,"position":0},"title":"Rates","author":"Costa Natura 41","date":"10. August 2019","format":false,"excerpt":"The rental rates for the 2026\/2027 season:\u00a0 Month Price per night January 91 \u20ac February 91 \u20ac March 121 \u20ac April 121 \u20ac May 154 \u20ac June 154 \u20ac Month Price per night July 186 \u20ac August 186 \u20ac September 186 \u20ac October 154 \u20ac November 91 \u20ac December 91\u2026","rel":"","context":"\u00c4hnlicher Beitrag","block_context":{"text":"\u00c4hnlicher Beitrag","link":""},"img":{"alt_text":"","src":"","width":0,"height":0},"classes":[]},{"id":2280,"url":"https:\/\/costanatura41.com\/fr\/tarifs\/","url_meta":{"origin":2495,"position":1},"title":"Tarifs","author":"Costa Natura 41","date":"11. April 2020","format":false,"excerpt":"Les tarifs de location pour la saison 2026\/2027 :\u00a0 Mois Prix par nuit Janvier 91 \u20ac F\u00e9vrier 91 \u20ac Mars 121 \u20ac Avril 121 \u20ac Mai 154 \u20ac Juin 154 \u20ac Mois Prix par nuit Juillet 186 \u20ac Ao\u00fbt 186 \u20ac Septembre 186 \u20ac Octobre 154 \u20ac Novembre 91 \u20ac\u2026","rel":"","context":"\u00c4hnlicher Beitrag","block_context":{"text":"\u00c4hnlicher Beitrag","link":""},"img":{"alt_text":"","src":"","width":0,"height":0},"classes":[]},{"id":2177,"url":"https:\/\/costanatura41.com\/es\/tarifas\/","url_meta":{"origin":2495,"position":2},"title":"Tarifas","author":"Costa Natura 41","date":"2. April 2020","format":false,"excerpt":"Las tarifas de alquiler para la temporada 2026\/2027 :\u00a0 Mes Precio por noche Enero 91 \u20ac Febrero 91 \u20ac Marzo 121 \u20ac Abril 121 \u20ac Mayo 154 \u20ac Junio 154 \u20ac Mes Precio por noche Julio 186 \u20ac Agosto 186 \u20ac Septiembre 186 \u20ac Octubre 154 \u20ac Noviembre 91 \u20ac\u2026","rel":"","context":"\u00c4hnlicher Beitrag","block_context":{"text":"\u00c4hnlicher Beitrag","link":""},"img":{"alt_text":"","src":"","width":0,"height":0},"classes":[]},{"id":2486,"url":"https:\/\/costanatura41.com\/de\/der-urlaubsort\/schwimmbad\/","url_meta":{"origin":2495,"position":3},"title":"Schwimmbad","author":"Costa Natura 41","date":"18. April 2020","format":false,"excerpt":"Der gro\u00dfe Salzwasserpool ist solarbeheizt und das ganze Jahr \u00fcber ge\u00f6ffnet. Es gibt auch einen kleinen Kleinkinderpool. Tags\u00fcber werden das Schwimmbad und die Umgebung f\u00fcr Bewegung, Spa\u00df und Spiele, Wassergymnastik, Sonnenbaden und die Verbindung mit Menschen genutzt. Das Restaurant befindet sich direkt neben dem Pool, wo Sie ein kaltes Getr\u00e4nk\u2026","rel":"","context":"\u00c4hnlicher Beitrag","block_context":{"text":"\u00c4hnlicher Beitrag","link":""},"img":{"alt_text":"","src":"https:\/\/i0.wp.com\/costanatura41.com\/wp-content\/uploads\/sites\/3\/2019\/08\/costanatura-pool-view-2.jpg?fit=1200%2C900&ssl=1&resize=350%2C200","width":350,"height":200,"srcset":"https:\/\/i0.wp.com\/costanatura41.com\/wp-content\/uploads\/sites\/3\/2019\/08\/costanatura-pool-view-2.jpg?fit=1200%2C900&ssl=1&resize=350%2C200 1x, https:\/\/i0.wp.com\/costanatura41.com\/wp-content\/uploads\/sites\/3\/2019\/08\/costanatura-pool-view-2.jpg?fit=1200%2C900&ssl=1&resize=525%2C300 1.5x, https:\/\/i0.wp.com\/costanatura41.com\/wp-content\/uploads\/sites\/3\/2019\/08\/costanatura-pool-view-2.jpg?fit=1200%2C900&ssl=1&resize=700%2C400 2x, https:\/\/i0.wp.com\/costanatura41.com\/wp-content\/uploads\/sites\/3\/2019\/08\/costanatura-pool-view-2.jpg?fit=1200%2C900&ssl=1&resize=1050%2C600 3x"},"classes":[]},{"id":2517,"url":"https:\/\/costanatura41.com\/de\/naturismus\/","url_meta":{"origin":2495,"position":4},"title":"Naturismus","author":"Costa Natura 41","date":"18. April 2020","format":false,"excerpt":"Naturismus ist eine Lifestyle-Wahl. Die Internationale Naturisten-F\u00f6deration(INF) definiert den Naturismus so: \"Es ist eine Lebensweise im Einklang mit der Natur, ausgedr\u00fcckt durch soziale Nacktheit, verbunden mit Selbstachtung, Toleranz unterschiedlicher Ansichten und Respekt f\u00fcr die Umwelt\".Naturismus ist die Praxis, nackt zu gehen, vor allem in einem gemischten sozialen Umfeld und ist\u2026","rel":"","context":"\u00c4hnlicher Beitrag","block_context":{"text":"\u00c4hnlicher Beitrag","link":""},"img":{"alt_text":"FKK-Strand vor Costa Natura von der Nordseite aus gesehen.","src":"https:\/\/i0.wp.com\/costanatura41.com\/wp-content\/uploads\/sites\/3\/2019\/09\/beach-view-2.jpg?resize=350%2C200&ssl=1","width":350,"height":200},"classes":[]},{"id":2489,"url":"https:\/\/costanatura41.com\/de\/die-nachbarschaft\/wandern\/","url_meta":{"origin":2495,"position":5},"title":"Wandern und Wandern","author":"Costa Natura 41","date":"18. April 2020","format":false,"excerpt":"Andalusien bietet eine F\u00fclle von Wander- und Wanderm\u00f6glichkeiten. El Caminito del Rey ist nichts f\u00fcr Feint-Herz! Eine einfachere Option ist der Paseo Maritimo in Estepona. El Caminito del Rey El Caminito del Rey ist ein Gehweg, der an den steilen Mauern einer engen Schlucht in El Chorro in der Provinz\u2026","rel":"","context":"\u00c4hnlicher Beitrag","block_context":{"text":"\u00c4hnlicher Beitrag","link":""},"img":{"alt_text":"","src":"https:\/\/i0.wp.com\/costanatura41.com\/wp-content\/uploads\/sites\/3\/2019\/08\/el-caminito-del-rey-1.jpg?fit=1200%2C675&ssl=1&resize=350%2C200","width":350,"height":200,"srcset":"https:\/\/i0.wp.com\/costanatura41.com\/wp-content\/uploads\/sites\/3\/2019\/08\/el-caminito-del-rey-1.jpg?fit=1200%2C675&ssl=1&resize=350%2C200 1x, https:\/\/i0.wp.com\/costanatura41.com\/wp-content\/uploads\/sites\/3\/2019\/08\/el-caminito-del-rey-1.jpg?fit=1200%2C675&ssl=1&resize=525%2C300 1.5x, https:\/\/i0.wp.com\/costanatura41.com\/wp-content\/uploads\/sites\/3\/2019\/08\/el-caminito-del-rey-1.jpg?fit=1200%2C675&ssl=1&resize=700%2C400 2x, https:\/\/i0.wp.com\/costanatura41.com\/wp-content\/uploads\/sites\/3\/2019\/08\/el-caminito-del-rey-1.jpg?fit=1200%2C675&ssl=1&resize=1050%2C600 3x"},"classes":[]}],"_links":{"self":[{"href":"https:\/\/costanatura41.com\/de\/wp-json\/wp\/v2\/pages\/2495","targetHints":{"allow":["GET"]}}],"collection":[{"href":"https:\/\/costanatura41.com\/de\/wp-json\/wp\/v2\/pages"}],"about":[{"href":"https:\/\/costanatura41.com\/de\/wp-json\/wp\/v2\/types\/page"}],"author":[{"embeddable":true,"href":"https:\/\/costanatura41.com\/de\/wp-json\/wp\/v2\/users\/3"}],"replies":[{"embeddable":true,"href":"https:\/\/costanatura41.com\/de\/wp-json\/wp\/v2\/comments?post=2495"}],"version-history":[{"count":3,"href":"https:\/\/costanatura41.com\/de\/wp-json\/wp\/v2\/pages\/2495\/revisions"}],"predecessor-version":[{"id":4647,"href":"https:\/\/costanatura41.com\/de\/wp-json\/wp\/v2\/pages\/2495\/revisions\/4647"}],"wp:attachment":[{"href":"https:\/\/costanatura41.com\/de\/wp-json\/wp\/v2\/media?parent=2495"}],"curies":[{"name":"wp","href":"https:\/\/api.w.org\/{rel}","templated":true}]}}