{"id":3420,"date":"2022-07-21T21:14:50","date_gmt":"2022-07-21T21:14:50","guid":{"rendered":"https:\/\/costanatura41.com\/gast\/lichtschalter\/"},"modified":"2025-12-27T21:28:11","modified_gmt":"2025-12-27T21:28:11","slug":"lichtschalter","status":"publish","type":"page","link":"https:\/\/costanatura41.com\/de\/gast\/lichtschalter\/","title":{"rendered":"Lichtschalter"},"content":{"rendered":"","protected":true},"excerpt":{"rendered":"","protected":true},"author":7,"featured_media":0,"parent":3416,"menu_order":1,"comment_status":"closed","ping_status":"closed","template":"template-boxed-page.php","meta":{"_monsterinsights_skip_tracking":false,"_monsterinsights_sitenote_active":false,"_monsterinsights_sitenote_note":"","_monsterinsights_sitenote_category":0,"jetpack_post_was_ever_published":false,"footnotes":""},"class_list":["post-3420","page","type-page","status-publish","post-password-required","hentry"],"yoast_head":"<!-- This site is optimized with the Yoast SEO plugin v27.3 - https:\/\/yoast.com\/product\/yoast-seo-wordpress\/ -->\n<title>Lichtschalter - COSTANATURA 41<\/title>\n<meta name=\"robots\" content=\"noindex, nofollow\" \/>\n<meta property=\"og:locale\" content=\"de_DE\" \/>\n<meta property=\"og:type\" content=\"article\" \/>\n<meta property=\"og:title\" content=\"Lichtschalter - COSTANATURA 41\" \/>\n<meta property=\"og:description\" content=\"Es gibt keinen Textauszug, da dies ein gesch\u00fctzter Beitrag ist.\" \/>\n<meta property=\"og:url\" content=\"https:\/\/costanatura41.com\/de\/gast\/lichtschalter\/\" \/>\n<meta property=\"og:site_name\" content=\"COSTANATURA 41\" \/>\n<meta property=\"article:modified_time\" content=\"2025-12-27T21:28:11+00:00\" \/>\n<meta name=\"twitter:card\" content=\"summary_large_image\" \/>\n<meta name=\"twitter:label1\" content=\"Gesch\u00e4tzte Lesezeit\" \/>\n\t<meta name=\"twitter:data1\" content=\"1 Minute\" \/>\n<script type=\"application\/ld+json\" class=\"yoast-schema-graph\">{\"@context\":\"https:\\\/\\\/schema.org\",\"@graph\":[{\"@type\":\"WebPage\",\"@id\":\"https:\\\/\\\/costanatura41.com\\\/de\\\/gast\\\/lichtschalter\\\/\",\"url\":\"https:\\\/\\\/costanatura41.com\\\/de\\\/gast\\\/lichtschalter\\\/\",\"name\":\"Lichtschalter - COSTANATURA 41\",\"isPartOf\":{\"@id\":\"https:\\\/\\\/costanatura41.com\\\/de\\\/#website\"},\"datePublished\":\"2022-07-21T21:14:50+00:00\",\"dateModified\":\"2025-12-27T21:28:11+00:00\",\"breadcrumb\":{\"@id\":\"https:\\\/\\\/costanatura41.com\\\/de\\\/gast\\\/lichtschalter\\\/#breadcrumb\"},\"inLanguage\":\"de-DE\"},{\"@type\":\"WebSite\",\"@id\":\"https:\\\/\\\/costanatura41.com\\\/de\\\/#website\",\"url\":\"https:\\\/\\\/costanatura41.com\\\/de\\\/\",\"name\":\"Costanatura 41\",\"description\":\"Naturist Holiday Rent\",\"publisher\":{\"@id\":\"https:\\\/\\\/costanatura41.com\\\/de\\\/#organization\"},\"potentialAction\":[{\"@type\":\"SearchAction\",\"target\":{\"@type\":\"EntryPoint\",\"urlTemplate\":\"https:\\\/\\\/costanatura41.com\\\/de\\\/?s={search_term_string}\"},\"query-input\":{\"@type\":\"PropertyValueSpecification\",\"valueRequired\":true,\"valueName\":\"search_term_string\"}}],\"inLanguage\":\"de-DE\"},{\"@type\":\"Organization\",\"@id\":\"https:\\\/\\\/costanatura41.com\\\/de\\\/#organization\",\"name\":\"Costa Natura Apartment 41\",\"url\":\"https:\\\/\\\/costanatura41.com\\\/de\\\/\",\"logo\":{\"@type\":\"ImageObject\",\"inLanguage\":\"de-DE\",\"@id\":\"https:\\\/\\\/costanatura41.com\\\/de\\\/#\\\/schema\\\/logo\\\/image\\\/\",\"url\":\"\",\"contentUrl\":\"\",\"caption\":\"Costa Natura Apartment 41\"},\"image\":{\"@id\":\"https:\\\/\\\/costanatura41.com\\\/de\\\/#\\\/schema\\\/logo\\\/image\\\/\"}}]}<\/script>\n<!-- \/ Yoast SEO plugin. -->","yoast_head_json":{"title":"Lichtschalter - COSTANATURA 41","robots":{"index":"noindex","follow":"nofollow"},"og_locale":"de_DE","og_type":"article","og_title":"Lichtschalter - COSTANATURA 41","og_description":"Es gibt keinen Textauszug, da dies ein gesch\u00fctzter Beitrag ist.","og_url":"https:\/\/costanatura41.com\/de\/gast\/lichtschalter\/","og_site_name":"COSTANATURA 41","article_modified_time":"2025-12-27T21:28:11+00:00","twitter_card":"summary_large_image","twitter_misc":{"Gesch\u00e4tzte Lesezeit":"1 Minute"},"schema":{"@context":"https:\/\/schema.org","@graph":[{"@type":"WebPage","@id":"https:\/\/costanatura41.com\/de\/gast\/lichtschalter\/","url":"https:\/\/costanatura41.com\/de\/gast\/lichtschalter\/","name":"Lichtschalter - COSTANATURA 41","isPartOf":{"@id":"https:\/\/costanatura41.com\/de\/#website"},"datePublished":"2022-07-21T21:14:50+00:00","dateModified":"2025-12-27T21:28:11+00:00","breadcrumb":{"@id":"https:\/\/costanatura41.com\/de\/gast\/lichtschalter\/#breadcrumb"},"inLanguage":"de-DE"},{"@type":"WebSite","@id":"https:\/\/costanatura41.com\/de\/#website","url":"https:\/\/costanatura41.com\/de\/","name":"Costanatura 41","description":"Naturist Holiday Rent","publisher":{"@id":"https:\/\/costanatura41.com\/de\/#organization"},"potentialAction":[{"@type":"SearchAction","target":{"@type":"EntryPoint","urlTemplate":"https:\/\/costanatura41.com\/de\/?s={search_term_string}"},"query-input":{"@type":"PropertyValueSpecification","valueRequired":true,"valueName":"search_term_string"}}],"inLanguage":"de-DE"},{"@type":"Organization","@id":"https:\/\/costanatura41.com\/de\/#organization","name":"Costa Natura Apartment 41","url":"https:\/\/costanatura41.com\/de\/","logo":{"@type":"ImageObject","inLanguage":"de-DE","@id":"https:\/\/costanatura41.com\/de\/#\/schema\/logo\/image\/","url":"","contentUrl":"","caption":"Costa Natura Apartment 41"},"image":{"@id":"https:\/\/costanatura41.com\/de\/#\/schema\/logo\/image\/"}}]}},"jetpack_sharing_enabled":true,"jetpack_shortlink":"https:\/\/wp.me\/PaF7DC-Ta","jetpack-related-posts":[{"id":2487,"url":"https:\/\/costanatura41.com\/de\/der-urlaubsort\/naturist-strand\/","url_meta":{"origin":3420,"position":0},"title":"FKK-Strand","author":"Costa Natura 41","date":"18. April 2020","format":false,"excerpt":"Der sandige und in einigen Bereichen kiesige Strand vor der Costa Natura ist ein offizieller Naturist Beach, zu dem Sie direkten Zugang vom Resort haben. Eine warme Empfehlung ist, Ihren Tag mit dem Sonnenaufgang am Strand zu beginnen. Sie k\u00f6nnen auch einen Spaziergang entlang des Strandes machen (mit Kleidung, wenn\u2026","rel":"","context":"\u00c4hnlicher Beitrag","block_context":{"text":"\u00c4hnlicher Beitrag","link":""},"img":{"alt_text":"FKK-Strand vor Costa Natura von der Terrasse des Resorts aus gesehen.","src":"https:\/\/i0.wp.com\/costanatura41.com\/wp-content\/uploads\/sites\/18\/2019\/09\/cn-beach-view-1.jpg?fit=1200%2C900&ssl=1&resize=350%2C200","width":350,"height":200,"srcset":"https:\/\/i0.wp.com\/costanatura41.com\/wp-content\/uploads\/sites\/18\/2019\/09\/cn-beach-view-1.jpg?fit=1200%2C900&ssl=1&resize=350%2C200 1x, https:\/\/i0.wp.com\/costanatura41.com\/wp-content\/uploads\/sites\/18\/2019\/09\/cn-beach-view-1.jpg?fit=1200%2C900&ssl=1&resize=525%2C300 1.5x, https:\/\/i0.wp.com\/costanatura41.com\/wp-content\/uploads\/sites\/18\/2019\/09\/cn-beach-view-1.jpg?fit=1200%2C900&ssl=1&resize=700%2C400 2x, https:\/\/i0.wp.com\/costanatura41.com\/wp-content\/uploads\/sites\/18\/2019\/09\/cn-beach-view-1.jpg?fit=1200%2C900&ssl=1&resize=1050%2C600 3x"},"classes":[]},{"id":2517,"url":"https:\/\/costanatura41.com\/de\/naturismus\/","url_meta":{"origin":3420,"position":1},"title":"Naturismus","author":"Costa Natura 41","date":"18. April 2020","format":false,"excerpt":"Naturismus ist eine Lifestyle-Wahl. Die Internationale Naturisten-F\u00f6deration(INF) definiert den Naturismus so: \"Es ist eine Lebensweise im Einklang mit der Natur, ausgedr\u00fcckt durch soziale Nacktheit, verbunden mit Selbstachtung, Toleranz unterschiedlicher Ansichten und Respekt f\u00fcr die Umwelt\".Naturismus ist die Praxis, nackt zu gehen, vor allem in einem gemischten sozialen Umfeld und ist\u2026","rel":"","context":"\u00c4hnlicher Beitrag","block_context":{"text":"\u00c4hnlicher Beitrag","link":""},"img":{"alt_text":"FKK-Strand vor Costa Natura von der Nordseite aus gesehen.","src":"https:\/\/i0.wp.com\/costanatura41.com\/wp-content\/uploads\/sites\/18\/2019\/09\/beach-view-2.jpg?resize=350%2C200&ssl=1","width":350,"height":200},"classes":[]},{"id":2514,"url":"https:\/\/costanatura41.com\/de\/der-urlaubsort\/trainingseinrichtungen-spielplatz\/","url_meta":{"origin":3420,"position":2},"title":"Trainingseinrichtungen &amp; Spielplatz","author":"Costa Natura 41","date":"18. April 2020","format":false,"excerpt":"Costa Natura bietet vielf\u00e4ltige M\u00f6glichkeiten, aktiv zu bleiben und Spa\u00df zu haben. Trainieren Sie im Fitnessstudio, nehmen Sie an einem Volleyballspiel teil, genie\u00dfen Sie eine Partie P\u00e9tanque am Meer oder erkunden Sie die K\u00fcste mit dem Kajak. Es gibt auch einen Au\u00dfenspielplatz, auf dem Kinder frei spielen k\u00f6nnen. P\u00e9tanque am\u2026","rel":"","context":"\u00c4hnlicher Beitrag","block_context":{"text":"\u00c4hnlicher Beitrag","link":""},"img":{"alt_text":"","src":"https:\/\/i0.wp.com\/costanatura41.com\/wp-content\/uploads\/sites\/18\/2019\/08\/cn-petanque-2.jpg?fit=1200%2C900&ssl=1&resize=350%2C200","width":350,"height":200,"srcset":"https:\/\/i0.wp.com\/costanatura41.com\/wp-content\/uploads\/sites\/18\/2019\/08\/cn-petanque-2.jpg?fit=1200%2C900&ssl=1&resize=350%2C200 1x, https:\/\/i0.wp.com\/costanatura41.com\/wp-content\/uploads\/sites\/18\/2019\/08\/cn-petanque-2.jpg?fit=1200%2C900&ssl=1&resize=525%2C300 1.5x, https:\/\/i0.wp.com\/costanatura41.com\/wp-content\/uploads\/sites\/18\/2019\/08\/cn-petanque-2.jpg?fit=1200%2C900&ssl=1&resize=700%2C400 2x, https:\/\/i0.wp.com\/costanatura41.com\/wp-content\/uploads\/sites\/18\/2019\/08\/cn-petanque-2.jpg?fit=1200%2C900&ssl=1&resize=1050%2C600 3x"},"classes":[]},{"id":2482,"url":"https:\/\/costanatura41.com\/de\/der-urlaubsort\/restaurant\/","url_meta":{"origin":3420,"position":3},"title":"Restaurant","author":"Costa Natura 41","date":"18. April 2020","format":false,"excerpt":"Das Costa Natura verf\u00fcgt \u00fcber ein eigenes Restaurant, das den ganzen Tag \u00fcber Speisen und Getr\u00e4nke serviert. Mittag- und Abendessen bieten eine Vielzahl von lokalen und internationalen Speisen. Es ist ein gro\u00dfartiger Ort, um Kontakte zu kn\u00fcpfen und ein paar Tage in der Woche gibt es Unterhaltung am Abend. Das\u2026","rel":"","context":"\u00c4hnlicher Beitrag","block_context":{"text":"\u00c4hnlicher Beitrag","link":""},"img":{"alt_text":"Restaurant an der Costa Natura von der Poolseite aus gesehen.","src":"https:\/\/i0.wp.com\/costanatura41.com\/wp-content\/uploads\/sites\/18\/2019\/08\/costanatura-pool-view-4.jpg?fit=1200%2C900&ssl=1&resize=350%2C200","width":350,"height":200,"srcset":"https:\/\/i0.wp.com\/costanatura41.com\/wp-content\/uploads\/sites\/18\/2019\/08\/costanatura-pool-view-4.jpg?fit=1200%2C900&ssl=1&resize=350%2C200 1x, https:\/\/i0.wp.com\/costanatura41.com\/wp-content\/uploads\/sites\/18\/2019\/08\/costanatura-pool-view-4.jpg?fit=1200%2C900&ssl=1&resize=525%2C300 1.5x, https:\/\/i0.wp.com\/costanatura41.com\/wp-content\/uploads\/sites\/18\/2019\/08\/costanatura-pool-view-4.jpg?fit=1200%2C900&ssl=1&resize=700%2C400 2x, https:\/\/i0.wp.com\/costanatura41.com\/wp-content\/uploads\/sites\/18\/2019\/08\/costanatura-pool-view-4.jpg?fit=1200%2C900&ssl=1&resize=1050%2C600 3x"},"classes":[]},{"id":2518,"url":"https:\/\/costanatura41.com\/de\/richtungen\/","url_meta":{"origin":3420,"position":4},"title":"Richtungen","author":"Costa Natura 41","date":"18. April 2020","format":false,"excerpt":"Anfahrt zur Costa Natura vom Flughafen Malaga (AGP) 1 Nehmen Sie die A-7 in Richtung Algeciras\/Cadiz. Diese Stra\u00dfe verl\u00e4uft parallel zur K\u00fcste.Bleiben Sie auf der A-7 (geb\u00fchrenfrei) oder nehmen Sie die AP-7 (Mautstra\u00dfe), die schneller und weniger besch\u00e4ftigt ist. Wenn Sie sich f\u00fcr den AP-7 entscheiden, betr\u00e4gt die Geb\u00fchr insgesamt\u2026","rel":"","context":"\u00c4hnlicher Beitrag","block_context":{"text":"\u00c4hnlicher Beitrag","link":""},"img":{"alt_text":"Map with directions from Malaga airport.","src":"https:\/\/i0.wp.com\/costanatura41.com\/wp-content\/uploads\/sites\/18\/2019\/08\/directions-from-agp-1-1.jpg?fit=2546%2C1592&ssl=1&resize=350%2C200","width":350,"height":200,"srcset":"https:\/\/i0.wp.com\/costanatura41.com\/wp-content\/uploads\/sites\/18\/2019\/08\/directions-from-agp-1-1.jpg?fit=2546%2C1592&ssl=1&resize=350%2C200 1x, https:\/\/i0.wp.com\/costanatura41.com\/wp-content\/uploads\/sites\/18\/2019\/08\/directions-from-agp-1-1.jpg?fit=2546%2C1592&ssl=1&resize=525%2C300 1.5x, https:\/\/i0.wp.com\/costanatura41.com\/wp-content\/uploads\/sites\/18\/2019\/08\/directions-from-agp-1-1.jpg?fit=2546%2C1592&ssl=1&resize=700%2C400 2x, https:\/\/i0.wp.com\/costanatura41.com\/wp-content\/uploads\/sites\/18\/2019\/08\/directions-from-agp-1-1.jpg?fit=2546%2C1592&ssl=1&resize=1050%2C600 3x, https:\/\/i0.wp.com\/costanatura41.com\/wp-content\/uploads\/sites\/18\/2019\/08\/directions-from-agp-1-1.jpg?fit=2546%2C1592&ssl=1&resize=1400%2C800 4x"},"classes":[]},{"id":2507,"url":"https:\/\/costanatura41.com\/de\/","url_meta":{"origin":3420,"position":5},"title":"FKK Ferienwohnung in S\u00fcdspanien","author":"Costa Natura 41","date":"18. April 2025","format":false,"excerpt":"Jetzt buchen Costa Natura 41 - Ihre Naturist Ferienwohnung in S\u00fcdspanien Willkommen in dieser fabelhaften Wohnung in S\u00fcdspanien. Hier k\u00f6nnen Sie einen FKK-Urlaub kombiniert mit allen Annehmlichkeiten des modernen Lebens genie\u00dfen.Vor allem wurde es 2019 komplett renoviert, um einen hohen Standard mit einem modernen skandinavischen Lebensstil im Hinterkopf zu haben.\u2026","rel":"","context":"\u00c4hnlicher Beitrag","block_context":{"text":"\u00c4hnlicher Beitrag","link":""},"img":{"alt_text":"","src":"https:\/\/i0.wp.com\/costanatura41.com\/wp-content\/uploads\/sites\/18\/2022\/07\/cn-pool-view-3-4.jpg?fit=1200%2C900&ssl=1&resize=350%2C200","width":350,"height":200,"srcset":"https:\/\/i0.wp.com\/costanatura41.com\/wp-content\/uploads\/sites\/18\/2022\/07\/cn-pool-view-3-4.jpg?fit=1200%2C900&ssl=1&resize=350%2C200 1x, https:\/\/i0.wp.com\/costanatura41.com\/wp-content\/uploads\/sites\/18\/2022\/07\/cn-pool-view-3-4.jpg?fit=1200%2C900&ssl=1&resize=525%2C300 1.5x, https:\/\/i0.wp.com\/costanatura41.com\/wp-content\/uploads\/sites\/18\/2022\/07\/cn-pool-view-3-4.jpg?fit=1200%2C900&ssl=1&resize=700%2C400 2x, https:\/\/i0.wp.com\/costanatura41.com\/wp-content\/uploads\/sites\/18\/2022\/07\/cn-pool-view-3-4.jpg?fit=1200%2C900&ssl=1&resize=1050%2C600 3x"},"classes":[]}],"_links":{"self":[{"href":"https:\/\/costanatura41.com\/de\/wp-json\/wp\/v2\/pages\/3420","targetHints":{"allow":["GET"]}}],"collection":[{"href":"https:\/\/costanatura41.com\/de\/wp-json\/wp\/v2\/pages"}],"about":[{"href":"https:\/\/costanatura41.com\/de\/wp-json\/wp\/v2\/types\/page"}],"author":[{"embeddable":true,"href":"https:\/\/costanatura41.com\/de\/wp-json\/wp\/v2\/users\/7"}],"replies":[{"embeddable":true,"href":"https:\/\/costanatura41.com\/de\/wp-json\/wp\/v2\/comments?post=3420"}],"version-history":[{"count":2,"href":"https:\/\/costanatura41.com\/de\/wp-json\/wp\/v2\/pages\/3420\/revisions"}],"predecessor-version":[{"id":4623,"href":"https:\/\/costanatura41.com\/de\/wp-json\/wp\/v2\/pages\/3420\/revisions\/4623"}],"up":[{"embeddable":true,"href":"https:\/\/costanatura41.com\/de\/wp-json\/wp\/v2\/pages\/3416"}],"wp:attachment":[{"href":"https:\/\/costanatura41.com\/de\/wp-json\/wp\/v2\/media?parent=3420"}],"curies":[{"name":"wp","href":"https:\/\/api.w.org\/{rel}","templated":true}]}}