{"id":2161,"date":"2020-04-02T06:54:22","date_gmt":"2020-04-02T06:54:22","guid":{"rendered":"https:\/\/costanatura41.com\/restaurante\/"},"modified":"2025-11-27T18:53:04","modified_gmt":"2025-11-27T18:53:04","slug":"restaurante","status":"publish","type":"page","link":"https:\/\/costanatura41.com\/es\/el-resort\/restaurante\/","title":{"rendered":"Restaurante"},"content":{"rendered":"\n<p>Costa Natura tiene su propio restaurante que sirve comida y bebida durante todo el d\u00eda. Los men\u00fas para el almuerzo y la cena ofrecen una variedad de opciones, tanto locales como internacionales.<\/p>\n\n\n\n<!--more ver detalles-->\n\n\n\n<p>Es un gran lugar para socializar y un par de d\u00edas a la semana hay entretenimiento por la noche.<\/p>\n\n\n\n<p>El restaurante est\u00e1 situado justo al lado de la piscina. Esto le permite disfrutar de una bebida fr\u00eda en el sol de la noche y refrescarse en la piscina si se pone demasiado caliente.<\/p>\n","protected":false},"excerpt":{"rendered":"<p>Costa Natura tiene su propio restaurante que sirve comida y bebida durante todo el d\u00eda. Los men\u00fas para el almuerzo y la cena ofrecen una variedad de opciones, tanto locales como internacionales.<\/p>\n","protected":false},"author":7,"featured_media":1222,"parent":2162,"menu_order":3,"comment_status":"closed","ping_status":"closed","template":"template-boxed-page.php","meta":{"_monsterinsights_skip_tracking":false,"_monsterinsights_sitenote_active":false,"_monsterinsights_sitenote_note":"","_monsterinsights_sitenote_category":0,"jetpack_post_was_ever_published":false,"footnotes":""},"class_list":["post-2161","page","type-page","status-publish","has-post-thumbnail","hentry"],"yoast_head":"<!-- This site is optimized with the Yoast SEO plugin v27.3 - https:\/\/yoast.com\/product\/yoast-seo-wordpress\/ -->\n<title>Restaurante - COSTANATURA 41<\/title>\n<meta name=\"robots\" content=\"index, follow, max-snippet:-1, max-image-preview:large, max-video-preview:-1\" \/>\n<link rel=\"canonical\" href=\"https:\/\/costanatura41.com\/es\/el-resort\/restaurante\/\" \/>\n<meta property=\"og:locale\" content=\"es_ES\" \/>\n<meta property=\"og:type\" content=\"article\" \/>\n<meta property=\"og:title\" content=\"Restaurante - COSTANATURA 41\" \/>\n<meta property=\"og:description\" content=\"Costa Natura tiene su propio restaurante que sirve comida y bebida durante todo el d\u00eda. Los men\u00fas para el almuerzo y la cena ofrecen una variedad de opciones, tanto locales como internacionales.\" \/>\n<meta property=\"og:url\" content=\"https:\/\/costanatura41.com\/es\/el-resort\/restaurante\/\" \/>\n<meta property=\"og:site_name\" content=\"COSTANATURA 41\" \/>\n<meta property=\"article:modified_time\" content=\"2025-11-27T18:53:04+00:00\" \/>\n<meta property=\"og:image\" content=\"https:\/\/costanatura41.com\/wp-content\/uploads\/sites\/18\/2019\/08\/costanatura-pool-view-4.jpg\" \/>\n\t<meta property=\"og:image:width\" content=\"2560\" \/>\n\t<meta property=\"og:image:height\" content=\"1920\" \/>\n\t<meta property=\"og:image:type\" content=\"image\/jpeg\" \/>\n<meta name=\"twitter:card\" content=\"summary_large_image\" \/>\n<meta name=\"twitter:label1\" content=\"Tiempo de lectura\" \/>\n\t<meta name=\"twitter:data1\" content=\"1 minuto\" \/>\n<script type=\"application\/ld+json\" class=\"yoast-schema-graph\">{\"@context\":\"https:\\\/\\\/schema.org\",\"@graph\":[{\"@type\":\"WebPage\",\"@id\":\"https:\\\/\\\/costanatura41.com\\\/es\\\/el-resort\\\/restaurante\\\/\",\"url\":\"https:\\\/\\\/costanatura41.com\\\/es\\\/el-resort\\\/restaurante\\\/\",\"name\":\"Restaurante - COSTANATURA 41\",\"isPartOf\":{\"@id\":\"https:\\\/\\\/costanatura41.com\\\/es\\\/#website\"},\"primaryImageOfPage\":{\"@id\":\"https:\\\/\\\/costanatura41.com\\\/es\\\/el-resort\\\/restaurante\\\/#primaryimage\"},\"image\":{\"@id\":\"https:\\\/\\\/costanatura41.com\\\/es\\\/el-resort\\\/restaurante\\\/#primaryimage\"},\"thumbnailUrl\":\"https:\\\/\\\/i0.wp.com\\\/costanatura41.com\\\/wp-content\\\/uploads\\\/sites\\\/18\\\/2019\\\/08\\\/costanatura-pool-view-4.jpg?fit=2560%2C1920&ssl=1\",\"datePublished\":\"2020-04-02T06:54:22+00:00\",\"dateModified\":\"2025-11-27T18:53:04+00:00\",\"breadcrumb\":{\"@id\":\"https:\\\/\\\/costanatura41.com\\\/es\\\/el-resort\\\/restaurante\\\/#breadcrumb\"},\"inLanguage\":\"es\",\"potentialAction\":[{\"@type\":\"ReadAction\",\"target\":[\"https:\\\/\\\/costanatura41.com\\\/es\\\/el-resort\\\/restaurante\\\/\"]}]},{\"@type\":\"ImageObject\",\"inLanguage\":\"es\",\"@id\":\"https:\\\/\\\/costanatura41.com\\\/es\\\/el-resort\\\/restaurante\\\/#primaryimage\",\"url\":\"https:\\\/\\\/i0.wp.com\\\/costanatura41.com\\\/wp-content\\\/uploads\\\/sites\\\/18\\\/2019\\\/08\\\/costanatura-pool-view-4.jpg?fit=2560%2C1920&ssl=1\",\"contentUrl\":\"https:\\\/\\\/i0.wp.com\\\/costanatura41.com\\\/wp-content\\\/uploads\\\/sites\\\/18\\\/2019\\\/08\\\/costanatura-pool-view-4.jpg?fit=2560%2C1920&ssl=1\",\"width\":2560,\"height\":1920,\"caption\":\"Restaurante en Costa Natura visto desde el lado de la piscina.\"},{\"@type\":\"BreadcrumbList\",\"@id\":\"https:\\\/\\\/costanatura41.com\\\/es\\\/el-resort\\\/restaurante\\\/#breadcrumb\",\"itemListElement\":[{\"@type\":\"ListItem\",\"position\":1,\"name\":\"Home\",\"item\":\"https:\\\/\\\/costanatura41.com\\\/es\\\/\"},{\"@type\":\"ListItem\",\"position\":2,\"name\":\"El Resort\",\"item\":\"https:\\\/\\\/costanatura41.com\\\/es\\\/el-resort\\\/\"},{\"@type\":\"ListItem\",\"position\":3,\"name\":\"Restaurante\"}]},{\"@type\":\"WebSite\",\"@id\":\"https:\\\/\\\/costanatura41.com\\\/es\\\/#website\",\"url\":\"https:\\\/\\\/costanatura41.com\\\/es\\\/\",\"name\":\"Costanatura 41\",\"description\":\"Naturist Holiday Rent\",\"publisher\":{\"@id\":\"https:\\\/\\\/costanatura41.com\\\/es\\\/#organization\"},\"potentialAction\":[{\"@type\":\"SearchAction\",\"target\":{\"@type\":\"EntryPoint\",\"urlTemplate\":\"https:\\\/\\\/costanatura41.com\\\/es\\\/?s={search_term_string}\"},\"query-input\":{\"@type\":\"PropertyValueSpecification\",\"valueRequired\":true,\"valueName\":\"search_term_string\"}}],\"inLanguage\":\"es\"},{\"@type\":\"Organization\",\"@id\":\"https:\\\/\\\/costanatura41.com\\\/es\\\/#organization\",\"name\":\"Costa Natura Apartment 41\",\"url\":\"https:\\\/\\\/costanatura41.com\\\/es\\\/\",\"logo\":{\"@type\":\"ImageObject\",\"inLanguage\":\"es\",\"@id\":\"https:\\\/\\\/costanatura41.com\\\/es\\\/#\\\/schema\\\/logo\\\/image\\\/\",\"url\":\"\",\"contentUrl\":\"\",\"caption\":\"Costa Natura Apartment 41\"},\"image\":{\"@id\":\"https:\\\/\\\/costanatura41.com\\\/es\\\/#\\\/schema\\\/logo\\\/image\\\/\"}}]}<\/script>\n<!-- \/ Yoast SEO plugin. -->","yoast_head_json":{"title":"Restaurante - COSTANATURA 41","robots":{"index":"index","follow":"follow","max-snippet":"max-snippet:-1","max-image-preview":"max-image-preview:large","max-video-preview":"max-video-preview:-1"},"canonical":"https:\/\/costanatura41.com\/es\/el-resort\/restaurante\/","og_locale":"es_ES","og_type":"article","og_title":"Restaurante - COSTANATURA 41","og_description":"Costa Natura tiene su propio restaurante que sirve comida y bebida durante todo el d\u00eda. Los men\u00fas para el almuerzo y la cena ofrecen una variedad de opciones, tanto locales como internacionales.","og_url":"https:\/\/costanatura41.com\/es\/el-resort\/restaurante\/","og_site_name":"COSTANATURA 41","article_modified_time":"2025-11-27T18:53:04+00:00","og_image":[{"width":2560,"height":1920,"url":"https:\/\/costanatura41.com\/wp-content\/uploads\/sites\/18\/2019\/08\/costanatura-pool-view-4.jpg","type":"image\/jpeg"}],"twitter_card":"summary_large_image","twitter_misc":{"Tiempo de lectura":"1 minuto"},"schema":{"@context":"https:\/\/schema.org","@graph":[{"@type":"WebPage","@id":"https:\/\/costanatura41.com\/es\/el-resort\/restaurante\/","url":"https:\/\/costanatura41.com\/es\/el-resort\/restaurante\/","name":"Restaurante - COSTANATURA 41","isPartOf":{"@id":"https:\/\/costanatura41.com\/es\/#website"},"primaryImageOfPage":{"@id":"https:\/\/costanatura41.com\/es\/el-resort\/restaurante\/#primaryimage"},"image":{"@id":"https:\/\/costanatura41.com\/es\/el-resort\/restaurante\/#primaryimage"},"thumbnailUrl":"https:\/\/i0.wp.com\/costanatura41.com\/wp-content\/uploads\/sites\/18\/2019\/08\/costanatura-pool-view-4.jpg?fit=2560%2C1920&ssl=1","datePublished":"2020-04-02T06:54:22+00:00","dateModified":"2025-11-27T18:53:04+00:00","breadcrumb":{"@id":"https:\/\/costanatura41.com\/es\/el-resort\/restaurante\/#breadcrumb"},"inLanguage":"es","potentialAction":[{"@type":"ReadAction","target":["https:\/\/costanatura41.com\/es\/el-resort\/restaurante\/"]}]},{"@type":"ImageObject","inLanguage":"es","@id":"https:\/\/costanatura41.com\/es\/el-resort\/restaurante\/#primaryimage","url":"https:\/\/i0.wp.com\/costanatura41.com\/wp-content\/uploads\/sites\/18\/2019\/08\/costanatura-pool-view-4.jpg?fit=2560%2C1920&ssl=1","contentUrl":"https:\/\/i0.wp.com\/costanatura41.com\/wp-content\/uploads\/sites\/18\/2019\/08\/costanatura-pool-view-4.jpg?fit=2560%2C1920&ssl=1","width":2560,"height":1920,"caption":"Restaurante en Costa Natura visto desde el lado de la piscina."},{"@type":"BreadcrumbList","@id":"https:\/\/costanatura41.com\/es\/el-resort\/restaurante\/#breadcrumb","itemListElement":[{"@type":"ListItem","position":1,"name":"Home","item":"https:\/\/costanatura41.com\/es\/"},{"@type":"ListItem","position":2,"name":"El Resort","item":"https:\/\/costanatura41.com\/es\/el-resort\/"},{"@type":"ListItem","position":3,"name":"Restaurante"}]},{"@type":"WebSite","@id":"https:\/\/costanatura41.com\/es\/#website","url":"https:\/\/costanatura41.com\/es\/","name":"Costanatura 41","description":"Naturist Holiday Rent","publisher":{"@id":"https:\/\/costanatura41.com\/es\/#organization"},"potentialAction":[{"@type":"SearchAction","target":{"@type":"EntryPoint","urlTemplate":"https:\/\/costanatura41.com\/es\/?s={search_term_string}"},"query-input":{"@type":"PropertyValueSpecification","valueRequired":true,"valueName":"search_term_string"}}],"inLanguage":"es"},{"@type":"Organization","@id":"https:\/\/costanatura41.com\/es\/#organization","name":"Costa Natura Apartment 41","url":"https:\/\/costanatura41.com\/es\/","logo":{"@type":"ImageObject","inLanguage":"es","@id":"https:\/\/costanatura41.com\/es\/#\/schema\/logo\/image\/","url":"","contentUrl":"","caption":"Costa Natura Apartment 41"},"image":{"@id":"https:\/\/costanatura41.com\/es\/#\/schema\/logo\/image\/"}}]}},"jetpack_sharing_enabled":true,"jetpack_shortlink":"https:\/\/wp.me\/PaF7DC-yR","jetpack-related-posts":[{"id":2164,"url":"https:\/\/costanatura41.com\/es\/el-resort\/piscina\/","url_meta":{"origin":2161,"position":0},"title":"Piscina","author":"Costa Natura 41","date":"2 abril, 2020","format":false,"excerpt":"La gran piscina de agua salada est\u00e1 climatizada por energ\u00eda solar y est\u00e1 abierta durante todo el a\u00f1o. Tambi\u00e9n hay una peque\u00f1a piscina para ni\u00f1os peque\u00f1os. Durante el d\u00eda, la piscina y los alrededores se utilizan para hacer ejercicio, divertirse y jugar, hacer aer\u00f3bic acu\u00e1tico, tomar el sol y conectarse\u2026","rel":"","context":"Entrada similar","block_context":{"text":"Entrada similar","link":""},"img":{"alt_text":"","src":"https:\/\/i0.wp.com\/costanatura41.com\/wp-content\/uploads\/sites\/18\/2019\/08\/costanatura-pool-view-2.jpg?fit=1200%2C900&ssl=1&resize=350%2C200","width":350,"height":200,"srcset":"https:\/\/i0.wp.com\/costanatura41.com\/wp-content\/uploads\/sites\/18\/2019\/08\/costanatura-pool-view-2.jpg?fit=1200%2C900&ssl=1&resize=350%2C200 1x, https:\/\/i0.wp.com\/costanatura41.com\/wp-content\/uploads\/sites\/18\/2019\/08\/costanatura-pool-view-2.jpg?fit=1200%2C900&ssl=1&resize=525%2C300 1.5x, https:\/\/i0.wp.com\/costanatura41.com\/wp-content\/uploads\/sites\/18\/2019\/08\/costanatura-pool-view-2.jpg?fit=1200%2C900&ssl=1&resize=700%2C400 2x, https:\/\/i0.wp.com\/costanatura41.com\/wp-content\/uploads\/sites\/18\/2019\/08\/costanatura-pool-view-2.jpg?fit=1200%2C900&ssl=1&resize=1050%2C600 3x"},"classes":[]},{"id":2179,"url":"https:\/\/costanatura41.com\/es\/naturismo\/","url_meta":{"origin":2161,"position":1},"title":"Naturismo","author":"Costa Natura 41","date":"2 abril, 2020","format":false,"excerpt":"El naturismo es una opci\u00f3n de estilo de vida. La Federaci\u00f3n Naturista Internacional(INF)define el naturismo de esta manera: \"Es una forma de vida en armon\u00eda con la naturaleza, expresada a trav\u00e9s de la desnudez social, vinculada a la autoestima, tolerancia de diferentes puntos de vista junto con el respeto por\u2026","rel":"","context":"Entrada similar","block_context":{"text":"Entrada similar","link":""},"img":{"alt_text":"Playa naturista frente a Costa Natura vista desde el lado norte.","src":"https:\/\/i0.wp.com\/costanatura41.com\/wp-content\/uploads\/sites\/18\/2019\/09\/beach-view-2.jpg?resize=350%2C200&ssl=1","width":350,"height":200},"classes":[]},{"id":2162,"url":"https:\/\/costanatura41.com\/es\/el-resort\/","url_meta":{"origin":2161,"position":2},"title":"El Resort","author":"Costa Natura 41","date":"2 abril, 2020","format":false,"excerpt":"Costa Natura es un complejo tur\u00edstico naturista con 200 apartamentos en un hermoso y bien cuidado jard\u00edn mediterr\u00e1neo. Se encuentra justo en la playa de Costa Natura, la primera playa naturista de Espa\u00f1a. El complejo cuenta con una gran piscina de agua salada, restaurante junto al mar, gimnasio, jacuzzi, sauna,\u2026","rel":"","context":"Entrada similar","block_context":{"text":"Entrada similar","link":""},"img":{"alt_text":"","src":"","width":0,"height":0},"classes":[]},{"id":3960,"url":"https:\/\/costanatura41.com\/es\/el-resort\/sauna-2\/","url_meta":{"origin":2161,"position":3},"title":"Sauna","author":"Costa Natura 41","date":"25 mayo, 2025","format":false,"excerpt":"La sauna est\u00e1 ubicada junto a la piscina, con un frente de cristal que ofrece magn\u00edficas vistas de la piscina, el jacuzzi, el restaurante y, no menos importante, el mar que se extiende frente a ella. Es un rinc\u00f3n de bienestar situado justo frente al mar Mediterr\u00e1neo, una experiencia \u00fanica\u2026","rel":"","context":"Entrada similar","block_context":{"text":"Entrada similar","link":""},"img":{"alt_text":"","src":"https:\/\/i0.wp.com\/costanatura41.com\/wp-content\/uploads\/sites\/18\/2025\/05\/costanatura-sauna-view-2.jpg?fit=1200%2C900&ssl=1&resize=350%2C200","width":350,"height":200,"srcset":"https:\/\/i0.wp.com\/costanatura41.com\/wp-content\/uploads\/sites\/18\/2025\/05\/costanatura-sauna-view-2.jpg?fit=1200%2C900&ssl=1&resize=350%2C200 1x, https:\/\/i0.wp.com\/costanatura41.com\/wp-content\/uploads\/sites\/18\/2025\/05\/costanatura-sauna-view-2.jpg?fit=1200%2C900&ssl=1&resize=525%2C300 1.5x, https:\/\/i0.wp.com\/costanatura41.com\/wp-content\/uploads\/sites\/18\/2025\/05\/costanatura-sauna-view-2.jpg?fit=1200%2C900&ssl=1&resize=700%2C400 2x, https:\/\/i0.wp.com\/costanatura41.com\/wp-content\/uploads\/sites\/18\/2025\/05\/costanatura-sauna-view-2.jpg?fit=1200%2C900&ssl=1&resize=1050%2C600 3x"},"classes":[]},{"id":2166,"url":"https:\/\/costanatura41.com\/es\/el-barrio\/cafes-y-restaurantes\/","url_meta":{"origin":2161,"position":4},"title":"Caf\u00e9s y restaurantes","author":"Costa Natura 41","date":"2 abril, 2020","format":false,"excerpt":"Estepona est\u00e1 a poca distancia en coche de la Costa Natura. Cuenta con una gran variedad de cafeter\u00edas y restaurantes en el casco antiguo, el puerto y el centro de la ciudad. La Casa del Rey La Casa del Rey es un bar-gastro con un ambiente muy agradable. Tienen asientos\u2026","rel":"","context":"Entrada similar","block_context":{"text":"Entrada similar","link":""},"img":{"alt_text":"","src":"https:\/\/i0.wp.com\/costanatura41.com\/wp-content\/uploads\/sites\/18\/2019\/05\/estepona-restaurant-1.jpg?fit=1200%2C900&ssl=1&resize=350%2C200","width":350,"height":200,"srcset":"https:\/\/i0.wp.com\/costanatura41.com\/wp-content\/uploads\/sites\/18\/2019\/05\/estepona-restaurant-1.jpg?fit=1200%2C900&ssl=1&resize=350%2C200 1x, https:\/\/i0.wp.com\/costanatura41.com\/wp-content\/uploads\/sites\/18\/2019\/05\/estepona-restaurant-1.jpg?fit=1200%2C900&ssl=1&resize=525%2C300 1.5x, https:\/\/i0.wp.com\/costanatura41.com\/wp-content\/uploads\/sites\/18\/2019\/05\/estepona-restaurant-1.jpg?fit=1200%2C900&ssl=1&resize=700%2C400 2x, https:\/\/i0.wp.com\/costanatura41.com\/wp-content\/uploads\/sites\/18\/2019\/05\/estepona-restaurant-1.jpg?fit=1200%2C900&ssl=1&resize=1050%2C600 3x"},"classes":[]},{"id":2181,"url":"https:\/\/costanatura41.com\/es\/galeria\/","url_meta":{"origin":2161,"position":5},"title":"Galer\u00eda","author":"Costa Natura 41","date":"2 abril, 2020","format":false,"excerpt":"La p\u00e1gina de la galer\u00eda es una colecci\u00f3n m\u00e1s extensa de im\u00e1genes. Aqu\u00ed se puede ver el apartamento y sus terrazas, la playa naturista y el resort, incluyendo los hermosos y bien cuidados jardines. El apartamento El apartamento ha sido completamente renovado a un alto nivel con un ojo para\u2026","rel":"","context":"Entrada similar","block_context":{"text":"Entrada similar","link":""},"img":{"alt_text":"Dining table seen from the kitchen.","src":"https:\/\/i0.wp.com\/costanatura41.com\/wp-content\/uploads\/sites\/18\/2022\/09\/cn41-dining-room-4.jpg?resize=350%2C200","width":350,"height":200,"srcset":"https:\/\/i0.wp.com\/costanatura41.com\/wp-content\/uploads\/sites\/18\/2022\/09\/cn41-dining-room-4.jpg?resize=350%2C200 1x, https:\/\/i0.wp.com\/costanatura41.com\/wp-content\/uploads\/sites\/18\/2022\/09\/cn41-dining-room-4.jpg?resize=525%2C300 1.5x, https:\/\/i0.wp.com\/costanatura41.com\/wp-content\/uploads\/sites\/18\/2022\/09\/cn41-dining-room-4.jpg?resize=700%2C400 2x, https:\/\/i0.wp.com\/costanatura41.com\/wp-content\/uploads\/sites\/18\/2022\/09\/cn41-dining-room-4.jpg?resize=1050%2C600 3x, https:\/\/i0.wp.com\/costanatura41.com\/wp-content\/uploads\/sites\/18\/2022\/09\/cn41-dining-room-4.jpg?resize=1400%2C800 4x"},"classes":[]}],"_links":{"self":[{"href":"https:\/\/costanatura41.com\/es\/wp-json\/wp\/v2\/pages\/2161","targetHints":{"allow":["GET"]}}],"collection":[{"href":"https:\/\/costanatura41.com\/es\/wp-json\/wp\/v2\/pages"}],"about":[{"href":"https:\/\/costanatura41.com\/es\/wp-json\/wp\/v2\/types\/page"}],"author":[{"embeddable":true,"href":"https:\/\/costanatura41.com\/es\/wp-json\/wp\/v2\/users\/7"}],"replies":[{"embeddable":true,"href":"https:\/\/costanatura41.com\/es\/wp-json\/wp\/v2\/comments?post=2161"}],"version-history":[{"count":0,"href":"https:\/\/costanatura41.com\/es\/wp-json\/wp\/v2\/pages\/2161\/revisions"}],"up":[{"embeddable":true,"href":"https:\/\/costanatura41.com\/es\/wp-json\/wp\/v2\/pages\/2162"}],"wp:featuredmedia":[{"embeddable":true,"href":"https:\/\/costanatura41.com\/es\/wp-json\/wp\/v2\/media\/1222"}],"wp:attachment":[{"href":"https:\/\/costanatura41.com\/es\/wp-json\/wp\/v2\/media?parent=2161"}],"curies":[{"name":"wp","href":"https:\/\/api.w.org\/{rel}","templated":true}]}}