{"id":2163,"date":"2020-04-02T06:54:21","date_gmt":"2020-04-02T06:54:21","guid":{"rendered":"https:\/\/costanatura41.com\/jacuzzi\/"},"modified":"2025-05-26T14:58:16","modified_gmt":"2025-05-26T14:58:16","slug":"jacuzzi","status":"publish","type":"page","link":"https:\/\/costanatura41.com\/es\/el-resort\/jacuzzi\/","title":{"rendered":"Jacuzzi"},"content":{"rendered":"\n<p>El jacuzzi est\u00e1 situado junto a la piscina con una gran vista al mar y est\u00e1 abierto todo el a\u00f1o.<\/p>\n\n\n\n<!--more ver detalles-->\n\n\n\n<p>Nota: No se permiten trajes de ba\u00f1o en el jacuzzi.<\/p>\n","protected":false},"excerpt":{"rendered":"<p>El jacuzzi est\u00e1 situado junto a la piscina con una gran vista al mar y est\u00e1 abierto todo el a\u00f1o.<\/p>\n","protected":false},"author":7,"featured_media":3867,"parent":2162,"menu_order":4,"comment_status":"closed","ping_status":"closed","template":"template-boxed-page.php","meta":{"_monsterinsights_skip_tracking":false,"_monsterinsights_sitenote_active":false,"_monsterinsights_sitenote_note":"","_monsterinsights_sitenote_category":0,"jetpack_post_was_ever_published":false,"footnotes":""},"class_list":["post-2163","page","type-page","status-publish","has-post-thumbnail","hentry"],"yoast_head":"<!-- This site is optimized with the Yoast SEO plugin v27.3 - https:\/\/yoast.com\/product\/yoast-seo-wordpress\/ -->\n<title>Jacuzzi - COSTANATURA 41<\/title>\n<meta name=\"robots\" content=\"index, follow, max-snippet:-1, max-image-preview:large, max-video-preview:-1\" \/>\n<link rel=\"canonical\" href=\"https:\/\/costanatura41.com\/es\/el-resort\/jacuzzi\/\" \/>\n<meta property=\"og:locale\" content=\"es_ES\" \/>\n<meta property=\"og:type\" content=\"article\" \/>\n<meta property=\"og:title\" content=\"Jacuzzi - COSTANATURA 41\" \/>\n<meta property=\"og:description\" content=\"El jacuzzi est\u00e1 situado junto a la piscina con una gran vista al mar y est\u00e1 abierto todo el a\u00f1o.\" \/>\n<meta property=\"og:url\" content=\"https:\/\/costanatura41.com\/es\/el-resort\/jacuzzi\/\" \/>\n<meta property=\"og:site_name\" content=\"COSTANATURA 41\" \/>\n<meta property=\"article:modified_time\" content=\"2025-05-26T14:58:16+00:00\" \/>\n<meta property=\"og:image\" content=\"https:\/\/costanatura41.com\/wp-content\/uploads\/sites\/18\/2025\/05\/costanatura-jacuzzi-view-7.jpg\" \/>\n\t<meta property=\"og:image:width\" content=\"1280\" \/>\n\t<meta property=\"og:image:height\" content=\"960\" \/>\n\t<meta property=\"og:image:type\" content=\"image\/jpeg\" \/>\n<meta name=\"twitter:card\" content=\"summary_large_image\" \/>\n<meta name=\"twitter:label1\" content=\"Tiempo de lectura\" \/>\n\t<meta name=\"twitter:data1\" content=\"1 minuto\" \/>\n<script type=\"application\/ld+json\" class=\"yoast-schema-graph\">{\"@context\":\"https:\\\/\\\/schema.org\",\"@graph\":[{\"@type\":\"WebPage\",\"@id\":\"https:\\\/\\\/costanatura41.com\\\/es\\\/el-resort\\\/jacuzzi\\\/\",\"url\":\"https:\\\/\\\/costanatura41.com\\\/es\\\/el-resort\\\/jacuzzi\\\/\",\"name\":\"Jacuzzi - COSTANATURA 41\",\"isPartOf\":{\"@id\":\"https:\\\/\\\/costanatura41.com\\\/es\\\/#website\"},\"primaryImageOfPage\":{\"@id\":\"https:\\\/\\\/costanatura41.com\\\/es\\\/el-resort\\\/jacuzzi\\\/#primaryimage\"},\"image\":{\"@id\":\"https:\\\/\\\/costanatura41.com\\\/es\\\/el-resort\\\/jacuzzi\\\/#primaryimage\"},\"thumbnailUrl\":\"https:\\\/\\\/i0.wp.com\\\/costanatura41.com\\\/wp-content\\\/uploads\\\/sites\\\/18\\\/2025\\\/05\\\/costanatura-jacuzzi-view-7.jpg?fit=1280%2C960&ssl=1\",\"datePublished\":\"2020-04-02T06:54:21+00:00\",\"dateModified\":\"2025-05-26T14:58:16+00:00\",\"breadcrumb\":{\"@id\":\"https:\\\/\\\/costanatura41.com\\\/es\\\/el-resort\\\/jacuzzi\\\/#breadcrumb\"},\"inLanguage\":\"es\",\"potentialAction\":[{\"@type\":\"ReadAction\",\"target\":[\"https:\\\/\\\/costanatura41.com\\\/es\\\/el-resort\\\/jacuzzi\\\/\"]}]},{\"@type\":\"ImageObject\",\"inLanguage\":\"es\",\"@id\":\"https:\\\/\\\/costanatura41.com\\\/es\\\/el-resort\\\/jacuzzi\\\/#primaryimage\",\"url\":\"https:\\\/\\\/i0.wp.com\\\/costanatura41.com\\\/wp-content\\\/uploads\\\/sites\\\/18\\\/2025\\\/05\\\/costanatura-jacuzzi-view-7.jpg?fit=1280%2C960&ssl=1\",\"contentUrl\":\"https:\\\/\\\/i0.wp.com\\\/costanatura41.com\\\/wp-content\\\/uploads\\\/sites\\\/18\\\/2025\\\/05\\\/costanatura-jacuzzi-view-7.jpg?fit=1280%2C960&ssl=1\",\"width\":1280,\"height\":960},{\"@type\":\"BreadcrumbList\",\"@id\":\"https:\\\/\\\/costanatura41.com\\\/es\\\/el-resort\\\/jacuzzi\\\/#breadcrumb\",\"itemListElement\":[{\"@type\":\"ListItem\",\"position\":1,\"name\":\"Home\",\"item\":\"https:\\\/\\\/costanatura41.com\\\/es\\\/\"},{\"@type\":\"ListItem\",\"position\":2,\"name\":\"El Resort\",\"item\":\"https:\\\/\\\/costanatura41.com\\\/es\\\/el-resort\\\/\"},{\"@type\":\"ListItem\",\"position\":3,\"name\":\"Jacuzzi\"}]},{\"@type\":\"WebSite\",\"@id\":\"https:\\\/\\\/costanatura41.com\\\/es\\\/#website\",\"url\":\"https:\\\/\\\/costanatura41.com\\\/es\\\/\",\"name\":\"Costanatura 41\",\"description\":\"Naturist Holiday Rent\",\"publisher\":{\"@id\":\"https:\\\/\\\/costanatura41.com\\\/es\\\/#organization\"},\"potentialAction\":[{\"@type\":\"SearchAction\",\"target\":{\"@type\":\"EntryPoint\",\"urlTemplate\":\"https:\\\/\\\/costanatura41.com\\\/es\\\/?s={search_term_string}\"},\"query-input\":{\"@type\":\"PropertyValueSpecification\",\"valueRequired\":true,\"valueName\":\"search_term_string\"}}],\"inLanguage\":\"es\"},{\"@type\":\"Organization\",\"@id\":\"https:\\\/\\\/costanatura41.com\\\/es\\\/#organization\",\"name\":\"Costa Natura Apartment 41\",\"url\":\"https:\\\/\\\/costanatura41.com\\\/es\\\/\",\"logo\":{\"@type\":\"ImageObject\",\"inLanguage\":\"es\",\"@id\":\"https:\\\/\\\/costanatura41.com\\\/es\\\/#\\\/schema\\\/logo\\\/image\\\/\",\"url\":\"\",\"contentUrl\":\"\",\"caption\":\"Costa Natura Apartment 41\"},\"image\":{\"@id\":\"https:\\\/\\\/costanatura41.com\\\/es\\\/#\\\/schema\\\/logo\\\/image\\\/\"}}]}<\/script>\n<!-- \/ Yoast SEO plugin. -->","yoast_head_json":{"title":"Jacuzzi - COSTANATURA 41","robots":{"index":"index","follow":"follow","max-snippet":"max-snippet:-1","max-image-preview":"max-image-preview:large","max-video-preview":"max-video-preview:-1"},"canonical":"https:\/\/costanatura41.com\/es\/el-resort\/jacuzzi\/","og_locale":"es_ES","og_type":"article","og_title":"Jacuzzi - COSTANATURA 41","og_description":"El jacuzzi est\u00e1 situado junto a la piscina con una gran vista al mar y est\u00e1 abierto todo el a\u00f1o.","og_url":"https:\/\/costanatura41.com\/es\/el-resort\/jacuzzi\/","og_site_name":"COSTANATURA 41","article_modified_time":"2025-05-26T14:58:16+00:00","og_image":[{"width":1280,"height":960,"url":"https:\/\/costanatura41.com\/wp-content\/uploads\/sites\/18\/2025\/05\/costanatura-jacuzzi-view-7.jpg","type":"image\/jpeg"}],"twitter_card":"summary_large_image","twitter_misc":{"Tiempo de lectura":"1 minuto"},"schema":{"@context":"https:\/\/schema.org","@graph":[{"@type":"WebPage","@id":"https:\/\/costanatura41.com\/es\/el-resort\/jacuzzi\/","url":"https:\/\/costanatura41.com\/es\/el-resort\/jacuzzi\/","name":"Jacuzzi - COSTANATURA 41","isPartOf":{"@id":"https:\/\/costanatura41.com\/es\/#website"},"primaryImageOfPage":{"@id":"https:\/\/costanatura41.com\/es\/el-resort\/jacuzzi\/#primaryimage"},"image":{"@id":"https:\/\/costanatura41.com\/es\/el-resort\/jacuzzi\/#primaryimage"},"thumbnailUrl":"https:\/\/i0.wp.com\/costanatura41.com\/wp-content\/uploads\/sites\/18\/2025\/05\/costanatura-jacuzzi-view-7.jpg?fit=1280%2C960&ssl=1","datePublished":"2020-04-02T06:54:21+00:00","dateModified":"2025-05-26T14:58:16+00:00","breadcrumb":{"@id":"https:\/\/costanatura41.com\/es\/el-resort\/jacuzzi\/#breadcrumb"},"inLanguage":"es","potentialAction":[{"@type":"ReadAction","target":["https:\/\/costanatura41.com\/es\/el-resort\/jacuzzi\/"]}]},{"@type":"ImageObject","inLanguage":"es","@id":"https:\/\/costanatura41.com\/es\/el-resort\/jacuzzi\/#primaryimage","url":"https:\/\/i0.wp.com\/costanatura41.com\/wp-content\/uploads\/sites\/18\/2025\/05\/costanatura-jacuzzi-view-7.jpg?fit=1280%2C960&ssl=1","contentUrl":"https:\/\/i0.wp.com\/costanatura41.com\/wp-content\/uploads\/sites\/18\/2025\/05\/costanatura-jacuzzi-view-7.jpg?fit=1280%2C960&ssl=1","width":1280,"height":960},{"@type":"BreadcrumbList","@id":"https:\/\/costanatura41.com\/es\/el-resort\/jacuzzi\/#breadcrumb","itemListElement":[{"@type":"ListItem","position":1,"name":"Home","item":"https:\/\/costanatura41.com\/es\/"},{"@type":"ListItem","position":2,"name":"El Resort","item":"https:\/\/costanatura41.com\/es\/el-resort\/"},{"@type":"ListItem","position":3,"name":"Jacuzzi"}]},{"@type":"WebSite","@id":"https:\/\/costanatura41.com\/es\/#website","url":"https:\/\/costanatura41.com\/es\/","name":"Costanatura 41","description":"Naturist Holiday Rent","publisher":{"@id":"https:\/\/costanatura41.com\/es\/#organization"},"potentialAction":[{"@type":"SearchAction","target":{"@type":"EntryPoint","urlTemplate":"https:\/\/costanatura41.com\/es\/?s={search_term_string}"},"query-input":{"@type":"PropertyValueSpecification","valueRequired":true,"valueName":"search_term_string"}}],"inLanguage":"es"},{"@type":"Organization","@id":"https:\/\/costanatura41.com\/es\/#organization","name":"Costa Natura Apartment 41","url":"https:\/\/costanatura41.com\/es\/","logo":{"@type":"ImageObject","inLanguage":"es","@id":"https:\/\/costanatura41.com\/es\/#\/schema\/logo\/image\/","url":"","contentUrl":"","caption":"Costa Natura Apartment 41"},"image":{"@id":"https:\/\/costanatura41.com\/es\/#\/schema\/logo\/image\/"}}]}},"jetpack_sharing_enabled":true,"jetpack_shortlink":"https:\/\/wp.me\/PaF7DC-yT","jetpack-related-posts":[{"id":3960,"url":"https:\/\/costanatura41.com\/es\/el-resort\/sauna-2\/","url_meta":{"origin":2163,"position":0},"title":"Sauna","author":"Costa Natura 41","date":"25 mayo, 2025","format":false,"excerpt":"La sauna est\u00e1 ubicada junto a la piscina, con un frente de cristal que ofrece magn\u00edficas vistas de la piscina, el jacuzzi, el restaurante y, no menos importante, el mar que se extiende frente a ella. Es un rinc\u00f3n de bienestar situado justo frente al mar Mediterr\u00e1neo, una experiencia \u00fanica\u2026","rel":"","context":"Entrada similar","block_context":{"text":"Entrada similar","link":""},"img":{"alt_text":"","src":"https:\/\/i0.wp.com\/costanatura41.com\/wp-content\/uploads\/sites\/18\/2025\/05\/costanatura-sauna-view-2.jpg?fit=1200%2C900&ssl=1&resize=350%2C200","width":350,"height":200,"srcset":"https:\/\/i0.wp.com\/costanatura41.com\/wp-content\/uploads\/sites\/18\/2025\/05\/costanatura-sauna-view-2.jpg?fit=1200%2C900&ssl=1&resize=350%2C200 1x, https:\/\/i0.wp.com\/costanatura41.com\/wp-content\/uploads\/sites\/18\/2025\/05\/costanatura-sauna-view-2.jpg?fit=1200%2C900&ssl=1&resize=525%2C300 1.5x, https:\/\/i0.wp.com\/costanatura41.com\/wp-content\/uploads\/sites\/18\/2025\/05\/costanatura-sauna-view-2.jpg?fit=1200%2C900&ssl=1&resize=700%2C400 2x, https:\/\/i0.wp.com\/costanatura41.com\/wp-content\/uploads\/sites\/18\/2025\/05\/costanatura-sauna-view-2.jpg?fit=1200%2C900&ssl=1&resize=1050%2C600 3x"},"classes":[]},{"id":25,"url":"https:\/\/costanatura41.com\/resort\/jacuzzi\/","url_meta":{"origin":2163,"position":1},"title":"Jacuzzi","author":"Costa Natura 41","date":"19 julio, 2018","format":false,"excerpt":"The jacuzzi is located next to the pool with a great view of the sea and is open all year round. Note: Swimsuits are not allowed in the jacuzzi.","rel":"","context":"Entrada similar","block_context":{"text":"Entrada similar","link":""},"img":{"alt_text":"","src":"https:\/\/i0.wp.com\/costanatura41.com\/wp-content\/uploads\/sites\/18\/2025\/05\/costanatura-jacuzzi-view-7.jpg?fit=1200%2C900&ssl=1&resize=350%2C200","width":350,"height":200,"srcset":"https:\/\/i0.wp.com\/costanatura41.com\/wp-content\/uploads\/sites\/18\/2025\/05\/costanatura-jacuzzi-view-7.jpg?fit=1200%2C900&ssl=1&resize=350%2C200 1x, https:\/\/i0.wp.com\/costanatura41.com\/wp-content\/uploads\/sites\/18\/2025\/05\/costanatura-jacuzzi-view-7.jpg?fit=1200%2C900&ssl=1&resize=525%2C300 1.5x, https:\/\/i0.wp.com\/costanatura41.com\/wp-content\/uploads\/sites\/18\/2025\/05\/costanatura-jacuzzi-view-7.jpg?fit=1200%2C900&ssl=1&resize=700%2C400 2x, https:\/\/i0.wp.com\/costanatura41.com\/wp-content\/uploads\/sites\/18\/2025\/05\/costanatura-jacuzzi-view-7.jpg?fit=1200%2C900&ssl=1&resize=1050%2C600 3x"},"classes":[]},{"id":2162,"url":"https:\/\/costanatura41.com\/es\/el-resort\/","url_meta":{"origin":2163,"position":2},"title":"El Resort","author":"Costa Natura 41","date":"2 abril, 2020","format":false,"excerpt":"Costa Natura es un complejo tur\u00edstico naturista con 200 apartamentos en un hermoso y bien cuidado jard\u00edn mediterr\u00e1neo. Se encuentra justo en la playa de Costa Natura, la primera playa naturista de Espa\u00f1a. El complejo cuenta con una gran piscina de agua salada, restaurante junto al mar, gimnasio, jacuzzi, sauna,\u2026","rel":"","context":"Entrada similar","block_context":{"text":"Entrada similar","link":""},"img":{"alt_text":"","src":"","width":0,"height":0},"classes":[]},{"id":2264,"url":"https:\/\/costanatura41.com\/fr\/le-resort\/jacuzzi\/","url_meta":{"origin":2163,"position":3},"title":"Jacuzzi","author":"Costa Natura 41","date":"11 abril, 2020","format":false,"excerpt":"Le jacuzzi est situ\u00e9 \u00e0 c\u00f4t\u00e9 de la piscine avec une vue imprenable sur la mer et est ouvert toute l\u2019ann\u00e9e. Remarque : Les maillots de bain ne sont pas autoris\u00e9s dans le jacuzzi.","rel":"","context":"Entrada similar","block_context":{"text":"Entrada similar","link":""},"img":{"alt_text":"","src":"https:\/\/i0.wp.com\/costanatura41.com\/wp-content\/uploads\/sites\/18\/2025\/05\/costanatura-jacuzzi-view-7.jpg?fit=1200%2C900&ssl=1&resize=350%2C200","width":350,"height":200,"srcset":"https:\/\/i0.wp.com\/costanatura41.com\/wp-content\/uploads\/sites\/18\/2025\/05\/costanatura-jacuzzi-view-7.jpg?fit=1200%2C900&ssl=1&resize=350%2C200 1x, https:\/\/i0.wp.com\/costanatura41.com\/wp-content\/uploads\/sites\/18\/2025\/05\/costanatura-jacuzzi-view-7.jpg?fit=1200%2C900&ssl=1&resize=525%2C300 1.5x, https:\/\/i0.wp.com\/costanatura41.com\/wp-content\/uploads\/sites\/18\/2025\/05\/costanatura-jacuzzi-view-7.jpg?fit=1200%2C900&ssl=1&resize=700%2C400 2x, https:\/\/i0.wp.com\/costanatura41.com\/wp-content\/uploads\/sites\/18\/2025\/05\/costanatura-jacuzzi-view-7.jpg?fit=1200%2C900&ssl=1&resize=1050%2C600 3x"},"classes":[]},{"id":2481,"url":"https:\/\/costanatura41.com\/de\/der-urlaubsort\/jacuzzi\/","url_meta":{"origin":2163,"position":4},"title":"Whirlpool","author":"Costa Natura 41","date":"18 abril, 2020","format":false,"excerpt":"Der Jacuzzi befindet sich neben dem Pool mit einem tollen Blick auf das Meer und ist das ganze Jahr \u00fcber ge\u00f6ffnet. Hinweis: Badeanz\u00fcge sind im Jacuzzi nicht erlaubt.","rel":"","context":"Entrada similar","block_context":{"text":"Entrada similar","link":""},"img":{"alt_text":"","src":"https:\/\/i0.wp.com\/costanatura41.com\/wp-content\/uploads\/sites\/18\/2025\/05\/costanatura-jacuzzi-view-7.jpg?fit=1200%2C900&ssl=1&resize=350%2C200","width":350,"height":200,"srcset":"https:\/\/i0.wp.com\/costanatura41.com\/wp-content\/uploads\/sites\/18\/2025\/05\/costanatura-jacuzzi-view-7.jpg?fit=1200%2C900&ssl=1&resize=350%2C200 1x, https:\/\/i0.wp.com\/costanatura41.com\/wp-content\/uploads\/sites\/18\/2025\/05\/costanatura-jacuzzi-view-7.jpg?fit=1200%2C900&ssl=1&resize=525%2C300 1.5x, https:\/\/i0.wp.com\/costanatura41.com\/wp-content\/uploads\/sites\/18\/2025\/05\/costanatura-jacuzzi-view-7.jpg?fit=1200%2C900&ssl=1&resize=700%2C400 2x, https:\/\/i0.wp.com\/costanatura41.com\/wp-content\/uploads\/sites\/18\/2025\/05\/costanatura-jacuzzi-view-7.jpg?fit=1200%2C900&ssl=1&resize=1050%2C600 3x"},"classes":[]},{"id":2179,"url":"https:\/\/costanatura41.com\/es\/naturismo\/","url_meta":{"origin":2163,"position":5},"title":"Naturismo","author":"Costa Natura 41","date":"2 abril, 2020","format":false,"excerpt":"El naturismo es una opci\u00f3n de estilo de vida. La Federaci\u00f3n Naturista Internacional(INF)define el naturismo de esta manera: \"Es una forma de vida en armon\u00eda con la naturaleza, expresada a trav\u00e9s de la desnudez social, vinculada a la autoestima, tolerancia de diferentes puntos de vista junto con el respeto por\u2026","rel":"","context":"Entrada similar","block_context":{"text":"Entrada similar","link":""},"img":{"alt_text":"Playa naturista frente a Costa Natura vista desde el lado norte.","src":"https:\/\/i0.wp.com\/costanatura41.com\/wp-content\/uploads\/sites\/18\/2019\/09\/beach-view-2.jpg?resize=350%2C200&ssl=1","width":350,"height":200},"classes":[]}],"_links":{"self":[{"href":"https:\/\/costanatura41.com\/es\/wp-json\/wp\/v2\/pages\/2163","targetHints":{"allow":["GET"]}}],"collection":[{"href":"https:\/\/costanatura41.com\/es\/wp-json\/wp\/v2\/pages"}],"about":[{"href":"https:\/\/costanatura41.com\/es\/wp-json\/wp\/v2\/types\/page"}],"author":[{"embeddable":true,"href":"https:\/\/costanatura41.com\/es\/wp-json\/wp\/v2\/users\/7"}],"replies":[{"embeddable":true,"href":"https:\/\/costanatura41.com\/es\/wp-json\/wp\/v2\/comments?post=2163"}],"version-history":[{"count":0,"href":"https:\/\/costanatura41.com\/es\/wp-json\/wp\/v2\/pages\/2163\/revisions"}],"up":[{"embeddable":true,"href":"https:\/\/costanatura41.com\/es\/wp-json\/wp\/v2\/pages\/2162"}],"wp:featuredmedia":[{"embeddable":true,"href":"https:\/\/costanatura41.com\/es\/wp-json\/wp\/v2\/media\/3867"}],"wp:attachment":[{"href":"https:\/\/costanatura41.com\/es\/wp-json\/wp\/v2\/media?parent=2163"}],"curies":[{"name":"wp","href":"https:\/\/api.w.org\/{rel}","templated":true}]}}