{"id":2164,"date":"2020-04-02T06:54:22","date_gmt":"2020-04-02T06:54:22","guid":{"rendered":"https:\/\/costanatura41.com\/piscina\/"},"modified":"2025-11-28T12:04:44","modified_gmt":"2025-11-28T12:04:44","slug":"piscina","status":"publish","type":"page","link":"https:\/\/costanatura41.com\/es\/el-resort\/piscina\/","title":{"rendered":"Piscina"},"content":{"rendered":"\n<p>La gran piscina de agua salada est\u00e1 climatizada por energ\u00eda solar y est\u00e1 abierta durante todo el a\u00f1o. Tambi\u00e9n hay una peque\u00f1a piscina para ni\u00f1os peque\u00f1os.<\/p>\n\n\n\n<!--more Ver detalles-->\n\n\n\n<p>Durante el d\u00eda, la piscina y los alrededores se utilizan para hacer ejercicio, divertirse y jugar, hacer aer\u00f3bic acu\u00e1tico, tomar el sol y conectarse con las personas.<\/p>\n\n\n\n<p>El restaurante est\u00e1 situado justo al lado de la piscina, que le permite disfrutar de una bebida fr\u00eda al sol de la noche y refrescarse en la piscina si hace demasiado calor. Tambi\u00e9n es una hermosa escena cuando se cena en el restaurante por las noches.<\/p>\n\n\n\n<p>La piscina est\u00e1 cubierta durante la noche en d\u00edas m\u00e1s fr\u00edos para preservar la temperatura.<\/p>\n\n\n\n<p>Los trajes de ba\u00f1o no est\u00e1n permitidos en la zona de la piscina.<\/p>\n","protected":false},"excerpt":{"rendered":"<p>La gran piscina de agua salada est\u00e1 climatizada por energ\u00eda solar y est\u00e1 abierta durante todo el a\u00f1o. Tambi\u00e9n hay una peque\u00f1a piscina para ni\u00f1os peque\u00f1os.<\/p>\n","protected":false},"author":7,"featured_media":1219,"parent":2162,"menu_order":2,"comment_status":"closed","ping_status":"closed","template":"template-boxed-page.php","meta":{"_monsterinsights_skip_tracking":false,"_monsterinsights_sitenote_active":false,"_monsterinsights_sitenote_note":"","_monsterinsights_sitenote_category":0,"jetpack_post_was_ever_published":false,"footnotes":""},"class_list":["post-2164","page","type-page","status-publish","has-post-thumbnail","hentry"],"yoast_head":"<!-- This site is optimized with the Yoast SEO plugin v27.4 - https:\/\/yoast.com\/product\/yoast-seo-wordpress\/ -->\n<title>Piscina - COSTANATURA 41<\/title>\n<meta name=\"robots\" content=\"index, follow, max-snippet:-1, max-image-preview:large, max-video-preview:-1\" \/>\n<link rel=\"canonical\" href=\"https:\/\/costanatura41.com\/es\/el-resort\/piscina\/\" \/>\n<meta property=\"og:locale\" content=\"es_ES\" \/>\n<meta property=\"og:type\" content=\"article\" \/>\n<meta property=\"og:title\" content=\"Piscina - COSTANATURA 41\" \/>\n<meta property=\"og:description\" content=\"La gran piscina de agua salada est\u00e1 climatizada por energ\u00eda solar y est\u00e1 abierta durante todo el a\u00f1o. Tambi\u00e9n hay una peque\u00f1a piscina para ni\u00f1os peque\u00f1os.\" \/>\n<meta property=\"og:url\" content=\"https:\/\/costanatura41.com\/es\/el-resort\/piscina\/\" \/>\n<meta property=\"og:site_name\" content=\"COSTANATURA 41\" \/>\n<meta property=\"article:modified_time\" content=\"2025-11-28T12:04:44+00:00\" \/>\n<meta property=\"og:image\" content=\"https:\/\/costanatura41.com\/wp-content\/uploads\/sites\/18\/2019\/08\/costanatura-pool-view-2.jpg\" \/>\n\t<meta property=\"og:image:width\" content=\"2560\" \/>\n\t<meta property=\"og:image:height\" content=\"1920\" \/>\n\t<meta property=\"og:image:type\" content=\"image\/jpeg\" \/>\n<meta name=\"twitter:card\" content=\"summary_large_image\" \/>\n<meta name=\"twitter:label1\" content=\"Tiempo de lectura\" \/>\n\t<meta name=\"twitter:data1\" content=\"1 minuto\" \/>\n<script type=\"application\/ld+json\" class=\"yoast-schema-graph\">{\"@context\":\"https:\\\/\\\/schema.org\",\"@graph\":[{\"@type\":\"WebPage\",\"@id\":\"https:\\\/\\\/costanatura41.com\\\/es\\\/el-resort\\\/piscina\\\/\",\"url\":\"https:\\\/\\\/costanatura41.com\\\/es\\\/el-resort\\\/piscina\\\/\",\"name\":\"Piscina - COSTANATURA 41\",\"isPartOf\":{\"@id\":\"https:\\\/\\\/costanatura41.com\\\/es\\\/#website\"},\"primaryImageOfPage\":{\"@id\":\"https:\\\/\\\/costanatura41.com\\\/es\\\/el-resort\\\/piscina\\\/#primaryimage\"},\"image\":{\"@id\":\"https:\\\/\\\/costanatura41.com\\\/es\\\/el-resort\\\/piscina\\\/#primaryimage\"},\"thumbnailUrl\":\"https:\\\/\\\/i0.wp.com\\\/costanatura41.com\\\/wp-content\\\/uploads\\\/sites\\\/18\\\/2019\\\/08\\\/costanatura-pool-view-2.jpg?fit=2560%2C1920&ssl=1\",\"datePublished\":\"2020-04-02T06:54:22+00:00\",\"dateModified\":\"2025-11-28T12:04:44+00:00\",\"breadcrumb\":{\"@id\":\"https:\\\/\\\/costanatura41.com\\\/es\\\/el-resort\\\/piscina\\\/#breadcrumb\"},\"inLanguage\":\"es\",\"potentialAction\":[{\"@type\":\"ReadAction\",\"target\":[\"https:\\\/\\\/costanatura41.com\\\/es\\\/el-resort\\\/piscina\\\/\"]}]},{\"@type\":\"ImageObject\",\"inLanguage\":\"es\",\"@id\":\"https:\\\/\\\/costanatura41.com\\\/es\\\/el-resort\\\/piscina\\\/#primaryimage\",\"url\":\"https:\\\/\\\/i0.wp.com\\\/costanatura41.com\\\/wp-content\\\/uploads\\\/sites\\\/18\\\/2019\\\/08\\\/costanatura-pool-view-2.jpg?fit=2560%2C1920&ssl=1\",\"contentUrl\":\"https:\\\/\\\/i0.wp.com\\\/costanatura41.com\\\/wp-content\\\/uploads\\\/sites\\\/18\\\/2019\\\/08\\\/costanatura-pool-view-2.jpg?fit=2560%2C1920&ssl=1\",\"width\":2560,\"height\":1920},{\"@type\":\"BreadcrumbList\",\"@id\":\"https:\\\/\\\/costanatura41.com\\\/es\\\/el-resort\\\/piscina\\\/#breadcrumb\",\"itemListElement\":[{\"@type\":\"ListItem\",\"position\":1,\"name\":\"Home\",\"item\":\"https:\\\/\\\/costanatura41.com\\\/es\\\/\"},{\"@type\":\"ListItem\",\"position\":2,\"name\":\"El Resort\",\"item\":\"https:\\\/\\\/costanatura41.com\\\/es\\\/el-resort\\\/\"},{\"@type\":\"ListItem\",\"position\":3,\"name\":\"Piscina\"}]},{\"@type\":\"WebSite\",\"@id\":\"https:\\\/\\\/costanatura41.com\\\/es\\\/#website\",\"url\":\"https:\\\/\\\/costanatura41.com\\\/es\\\/\",\"name\":\"Costanatura 41\",\"description\":\"Naturist Holiday Rent\",\"publisher\":{\"@id\":\"https:\\\/\\\/costanatura41.com\\\/es\\\/#organization\"},\"potentialAction\":[{\"@type\":\"SearchAction\",\"target\":{\"@type\":\"EntryPoint\",\"urlTemplate\":\"https:\\\/\\\/costanatura41.com\\\/es\\\/?s={search_term_string}\"},\"query-input\":{\"@type\":\"PropertyValueSpecification\",\"valueRequired\":true,\"valueName\":\"search_term_string\"}}],\"inLanguage\":\"es\"},{\"@type\":\"Organization\",\"@id\":\"https:\\\/\\\/costanatura41.com\\\/es\\\/#organization\",\"name\":\"Costa Natura Apartment 41\",\"url\":\"https:\\\/\\\/costanatura41.com\\\/es\\\/\",\"logo\":{\"@type\":\"ImageObject\",\"inLanguage\":\"es\",\"@id\":\"https:\\\/\\\/costanatura41.com\\\/es\\\/#\\\/schema\\\/logo\\\/image\\\/\",\"url\":\"\",\"contentUrl\":\"\",\"caption\":\"Costa Natura Apartment 41\"},\"image\":{\"@id\":\"https:\\\/\\\/costanatura41.com\\\/es\\\/#\\\/schema\\\/logo\\\/image\\\/\"}}]}<\/script>\n<!-- \/ Yoast SEO plugin. -->","yoast_head_json":{"title":"Piscina - COSTANATURA 41","robots":{"index":"index","follow":"follow","max-snippet":"max-snippet:-1","max-image-preview":"max-image-preview:large","max-video-preview":"max-video-preview:-1"},"canonical":"https:\/\/costanatura41.com\/es\/el-resort\/piscina\/","og_locale":"es_ES","og_type":"article","og_title":"Piscina - COSTANATURA 41","og_description":"La gran piscina de agua salada est\u00e1 climatizada por energ\u00eda solar y est\u00e1 abierta durante todo el a\u00f1o. Tambi\u00e9n hay una peque\u00f1a piscina para ni\u00f1os peque\u00f1os.","og_url":"https:\/\/costanatura41.com\/es\/el-resort\/piscina\/","og_site_name":"COSTANATURA 41","article_modified_time":"2025-11-28T12:04:44+00:00","og_image":[{"width":2560,"height":1920,"url":"https:\/\/costanatura41.com\/wp-content\/uploads\/sites\/18\/2019\/08\/costanatura-pool-view-2.jpg","type":"image\/jpeg"}],"twitter_card":"summary_large_image","twitter_misc":{"Tiempo de lectura":"1 minuto"},"schema":{"@context":"https:\/\/schema.org","@graph":[{"@type":"WebPage","@id":"https:\/\/costanatura41.com\/es\/el-resort\/piscina\/","url":"https:\/\/costanatura41.com\/es\/el-resort\/piscina\/","name":"Piscina - COSTANATURA 41","isPartOf":{"@id":"https:\/\/costanatura41.com\/es\/#website"},"primaryImageOfPage":{"@id":"https:\/\/costanatura41.com\/es\/el-resort\/piscina\/#primaryimage"},"image":{"@id":"https:\/\/costanatura41.com\/es\/el-resort\/piscina\/#primaryimage"},"thumbnailUrl":"https:\/\/i0.wp.com\/costanatura41.com\/wp-content\/uploads\/sites\/18\/2019\/08\/costanatura-pool-view-2.jpg?fit=2560%2C1920&ssl=1","datePublished":"2020-04-02T06:54:22+00:00","dateModified":"2025-11-28T12:04:44+00:00","breadcrumb":{"@id":"https:\/\/costanatura41.com\/es\/el-resort\/piscina\/#breadcrumb"},"inLanguage":"es","potentialAction":[{"@type":"ReadAction","target":["https:\/\/costanatura41.com\/es\/el-resort\/piscina\/"]}]},{"@type":"ImageObject","inLanguage":"es","@id":"https:\/\/costanatura41.com\/es\/el-resort\/piscina\/#primaryimage","url":"https:\/\/i0.wp.com\/costanatura41.com\/wp-content\/uploads\/sites\/18\/2019\/08\/costanatura-pool-view-2.jpg?fit=2560%2C1920&ssl=1","contentUrl":"https:\/\/i0.wp.com\/costanatura41.com\/wp-content\/uploads\/sites\/18\/2019\/08\/costanatura-pool-view-2.jpg?fit=2560%2C1920&ssl=1","width":2560,"height":1920},{"@type":"BreadcrumbList","@id":"https:\/\/costanatura41.com\/es\/el-resort\/piscina\/#breadcrumb","itemListElement":[{"@type":"ListItem","position":1,"name":"Home","item":"https:\/\/costanatura41.com\/es\/"},{"@type":"ListItem","position":2,"name":"El Resort","item":"https:\/\/costanatura41.com\/es\/el-resort\/"},{"@type":"ListItem","position":3,"name":"Piscina"}]},{"@type":"WebSite","@id":"https:\/\/costanatura41.com\/es\/#website","url":"https:\/\/costanatura41.com\/es\/","name":"Costanatura 41","description":"Naturist Holiday Rent","publisher":{"@id":"https:\/\/costanatura41.com\/es\/#organization"},"potentialAction":[{"@type":"SearchAction","target":{"@type":"EntryPoint","urlTemplate":"https:\/\/costanatura41.com\/es\/?s={search_term_string}"},"query-input":{"@type":"PropertyValueSpecification","valueRequired":true,"valueName":"search_term_string"}}],"inLanguage":"es"},{"@type":"Organization","@id":"https:\/\/costanatura41.com\/es\/#organization","name":"Costa Natura Apartment 41","url":"https:\/\/costanatura41.com\/es\/","logo":{"@type":"ImageObject","inLanguage":"es","@id":"https:\/\/costanatura41.com\/es\/#\/schema\/logo\/image\/","url":"","contentUrl":"","caption":"Costa Natura Apartment 41"},"image":{"@id":"https:\/\/costanatura41.com\/es\/#\/schema\/logo\/image\/"}}]}},"jetpack_sharing_enabled":true,"jetpack_shortlink":"https:\/\/wp.me\/PaF7DC-yU","jetpack-related-posts":[{"id":2161,"url":"https:\/\/costanatura41.com\/es\/el-resort\/restaurante\/","url_meta":{"origin":2164,"position":0},"title":"Restaurante","author":"Costa Natura 41","date":"2 abril, 2020","format":false,"excerpt":"Costa Natura tiene su propio restaurante que sirve comida y bebida durante todo el d\u00eda. Los men\u00fas para el almuerzo y la cena ofrecen una variedad de opciones, tanto locales como internacionales. Es un gran lugar para socializar y un par de d\u00edas a la semana hay entretenimiento por la\u2026","rel":"","context":"Entrada similar","block_context":{"text":"Entrada similar","link":""},"img":{"alt_text":"Restaurante en Costa Natura visto desde el lado de la piscina.","src":"https:\/\/i0.wp.com\/costanatura41.com\/wp-content\/uploads\/sites\/18\/2019\/08\/costanatura-pool-view-4.jpg?fit=1200%2C900&ssl=1&resize=350%2C200","width":350,"height":200,"srcset":"https:\/\/i0.wp.com\/costanatura41.com\/wp-content\/uploads\/sites\/18\/2019\/08\/costanatura-pool-view-4.jpg?fit=1200%2C900&ssl=1&resize=350%2C200 1x, https:\/\/i0.wp.com\/costanatura41.com\/wp-content\/uploads\/sites\/18\/2019\/08\/costanatura-pool-view-4.jpg?fit=1200%2C900&ssl=1&resize=525%2C300 1.5x, https:\/\/i0.wp.com\/costanatura41.com\/wp-content\/uploads\/sites\/18\/2019\/08\/costanatura-pool-view-4.jpg?fit=1200%2C900&ssl=1&resize=700%2C400 2x, https:\/\/i0.wp.com\/costanatura41.com\/wp-content\/uploads\/sites\/18\/2019\/08\/costanatura-pool-view-4.jpg?fit=1200%2C900&ssl=1&resize=1050%2C600 3x"},"classes":[]},{"id":2179,"url":"https:\/\/costanatura41.com\/es\/naturismo\/","url_meta":{"origin":2164,"position":1},"title":"Naturismo","author":"Costa Natura 41","date":"2 abril, 2020","format":false,"excerpt":"El naturismo es una opci\u00f3n de estilo de vida. La Federaci\u00f3n Naturista Internacional(INF)define el naturismo de esta manera: \"Es una forma de vida en armon\u00eda con la naturaleza, expresada a trav\u00e9s de la desnudez social, vinculada a la autoestima, tolerancia de diferentes puntos de vista junto con el respeto por\u2026","rel":"","context":"Entrada similar","block_context":{"text":"Entrada similar","link":""},"img":{"alt_text":"Playa naturista frente a Costa Natura vista desde el lado norte.","src":"https:\/\/i0.wp.com\/costanatura41.com\/wp-content\/uploads\/sites\/18\/2019\/09\/beach-view-2.jpg?resize=350%2C200&ssl=1","width":350,"height":200},"classes":[]},{"id":3960,"url":"https:\/\/costanatura41.com\/es\/el-resort\/sauna-2\/","url_meta":{"origin":2164,"position":2},"title":"Sauna","author":"Costa Natura 41","date":"25 mayo, 2025","format":false,"excerpt":"La sauna est\u00e1 ubicada junto a la piscina, con un frente de cristal que ofrece magn\u00edficas vistas de la piscina, el jacuzzi, el restaurante y, no menos importante, el mar que se extiende frente a ella. Es un rinc\u00f3n de bienestar situado justo frente al mar Mediterr\u00e1neo, una experiencia \u00fanica\u2026","rel":"","context":"Entrada similar","block_context":{"text":"Entrada similar","link":""},"img":{"alt_text":"","src":"https:\/\/i0.wp.com\/costanatura41.com\/wp-content\/uploads\/sites\/18\/2025\/05\/costanatura-sauna-view-2.jpg?fit=1200%2C900&ssl=1&resize=350%2C200","width":350,"height":200,"srcset":"https:\/\/i0.wp.com\/costanatura41.com\/wp-content\/uploads\/sites\/18\/2025\/05\/costanatura-sauna-view-2.jpg?fit=1200%2C900&ssl=1&resize=350%2C200 1x, https:\/\/i0.wp.com\/costanatura41.com\/wp-content\/uploads\/sites\/18\/2025\/05\/costanatura-sauna-view-2.jpg?fit=1200%2C900&ssl=1&resize=525%2C300 1.5x, https:\/\/i0.wp.com\/costanatura41.com\/wp-content\/uploads\/sites\/18\/2025\/05\/costanatura-sauna-view-2.jpg?fit=1200%2C900&ssl=1&resize=700%2C400 2x, https:\/\/i0.wp.com\/costanatura41.com\/wp-content\/uploads\/sites\/18\/2025\/05\/costanatura-sauna-view-2.jpg?fit=1200%2C900&ssl=1&resize=1050%2C600 3x"},"classes":[]},{"id":2172,"url":"https:\/\/costanatura41.com\/es\/","url_meta":{"origin":2164,"position":3},"title":"Apartamento de vacaciones naturista en el sur de Espa\u00f1a","author":"Costa Natura 41","date":"2 abril, 2025","format":false,"excerpt":"Reserve ahora Costa Natura 41 - Tu apartamento de vacaciones naturista en el sur de Espa\u00f1a Bienvenido a este fabuloso apartamento en el sur de Espa\u00f1a. Aqu\u00ed podr\u00e1 disfrutar de unas vacaciones naturistas combinadas con todas las comodidades de la vida moderna.Sobre todo, fue completamente renovado en 2019 a un\u2026","rel":"","context":"Entrada similar","block_context":{"text":"Entrada similar","link":""},"img":{"alt_text":"","src":"https:\/\/i0.wp.com\/costanatura41.com\/wp-content\/uploads\/sites\/18\/2022\/07\/cn-pool-view-3-4.jpg?fit=1200%2C900&ssl=1&resize=350%2C200","width":350,"height":200,"srcset":"https:\/\/i0.wp.com\/costanatura41.com\/wp-content\/uploads\/sites\/18\/2022\/07\/cn-pool-view-3-4.jpg?fit=1200%2C900&ssl=1&resize=350%2C200 1x, https:\/\/i0.wp.com\/costanatura41.com\/wp-content\/uploads\/sites\/18\/2022\/07\/cn-pool-view-3-4.jpg?fit=1200%2C900&ssl=1&resize=525%2C300 1.5x, https:\/\/i0.wp.com\/costanatura41.com\/wp-content\/uploads\/sites\/18\/2022\/07\/cn-pool-view-3-4.jpg?fit=1200%2C900&ssl=1&resize=700%2C400 2x, https:\/\/i0.wp.com\/costanatura41.com\/wp-content\/uploads\/sites\/18\/2022\/07\/cn-pool-view-3-4.jpg?fit=1200%2C900&ssl=1&resize=1050%2C600 3x"},"classes":[]},{"id":2181,"url":"https:\/\/costanatura41.com\/es\/galeria\/","url_meta":{"origin":2164,"position":4},"title":"Galer\u00eda","author":"Costa Natura 41","date":"2 abril, 2020","format":false,"excerpt":"La p\u00e1gina de la galer\u00eda es una colecci\u00f3n m\u00e1s extensa de im\u00e1genes. Aqu\u00ed se puede ver el apartamento y sus terrazas, la playa naturista y el resort, incluyendo los hermosos y bien cuidados jardines. El apartamento El apartamento ha sido completamente renovado a un alto nivel con un ojo para\u2026","rel":"","context":"Entrada similar","block_context":{"text":"Entrada similar","link":""},"img":{"alt_text":"Dining table seen from the kitchen.","src":"https:\/\/i0.wp.com\/costanatura41.com\/wp-content\/uploads\/sites\/18\/2022\/09\/cn41-dining-room-4.jpg?resize=350%2C200","width":350,"height":200,"srcset":"https:\/\/i0.wp.com\/costanatura41.com\/wp-content\/uploads\/sites\/18\/2022\/09\/cn41-dining-room-4.jpg?resize=350%2C200 1x, https:\/\/i0.wp.com\/costanatura41.com\/wp-content\/uploads\/sites\/18\/2022\/09\/cn41-dining-room-4.jpg?resize=525%2C300 1.5x, https:\/\/i0.wp.com\/costanatura41.com\/wp-content\/uploads\/sites\/18\/2022\/09\/cn41-dining-room-4.jpg?resize=700%2C400 2x, https:\/\/i0.wp.com\/costanatura41.com\/wp-content\/uploads\/sites\/18\/2022\/09\/cn41-dining-room-4.jpg?resize=1050%2C600 3x, https:\/\/i0.wp.com\/costanatura41.com\/wp-content\/uploads\/sites\/18\/2022\/09\/cn41-dining-room-4.jpg?resize=1400%2C800 4x"},"classes":[]},{"id":2162,"url":"https:\/\/costanatura41.com\/es\/el-resort\/","url_meta":{"origin":2164,"position":5},"title":"El Resort","author":"Costa Natura 41","date":"2 abril, 2020","format":false,"excerpt":"Costa Natura es un complejo tur\u00edstico naturista con 200 apartamentos en un hermoso y bien cuidado jard\u00edn mediterr\u00e1neo. Se encuentra justo en la playa de Costa Natura, la primera playa naturista de Espa\u00f1a. El complejo cuenta con una gran piscina de agua salada, restaurante junto al mar, gimnasio, jacuzzi, sauna,\u2026","rel":"","context":"Entrada similar","block_context":{"text":"Entrada similar","link":""},"img":{"alt_text":"","src":"","width":0,"height":0},"classes":[]}],"_links":{"self":[{"href":"https:\/\/costanatura41.com\/es\/wp-json\/wp\/v2\/pages\/2164","targetHints":{"allow":["GET"]}}],"collection":[{"href":"https:\/\/costanatura41.com\/es\/wp-json\/wp\/v2\/pages"}],"about":[{"href":"https:\/\/costanatura41.com\/es\/wp-json\/wp\/v2\/types\/page"}],"author":[{"embeddable":true,"href":"https:\/\/costanatura41.com\/es\/wp-json\/wp\/v2\/users\/7"}],"replies":[{"embeddable":true,"href":"https:\/\/costanatura41.com\/es\/wp-json\/wp\/v2\/comments?post=2164"}],"version-history":[{"count":0,"href":"https:\/\/costanatura41.com\/es\/wp-json\/wp\/v2\/pages\/2164\/revisions"}],"up":[{"embeddable":true,"href":"https:\/\/costanatura41.com\/es\/wp-json\/wp\/v2\/pages\/2162"}],"wp:featuredmedia":[{"embeddable":true,"href":"https:\/\/costanatura41.com\/es\/wp-json\/wp\/v2\/media\/1219"}],"wp:attachment":[{"href":"https:\/\/costanatura41.com\/es\/wp-json\/wp\/v2\/media?parent=2164"}],"curies":[{"name":"wp","href":"https:\/\/api.w.org\/{rel}","templated":true}]}}