{"id":2166,"date":"2020-04-02T06:54:23","date_gmt":"2020-04-02T06:54:23","guid":{"rendered":"https:\/\/costanatura41.com\/cafes-y-restaurantes\/"},"modified":"2025-05-26T14:16:32","modified_gmt":"2025-05-26T14:16:32","slug":"cafes-y-restaurantes","status":"publish","type":"page","link":"https:\/\/costanatura41.com\/es\/el-barrio\/cafes-y-restaurantes\/","title":{"rendered":"Caf\u00e9s y restaurantes"},"content":{"rendered":"\n<p>Estepona est\u00e1 a poca distancia en coche de la Costa Natura. Cuenta con una gran variedad de cafeter\u00edas y restaurantes en el casco antiguo, el puerto y el centro de la ciudad.<\/p>\n\n\n\n<!--more ver detalles-->\n\n\n\n<h2 class=\"wp-block-heading\">La Casa del Rey<\/h2>\n\n\n\n<p>La Casa del Rey es un bar-gastro con un ambiente muy agradable. Tienen asientos al aire libre en la peque\u00f1a calle, en el interior o en el patio interior. Es extremadamente popular, as\u00ed que aseg\u00farese de reservar una mesa.<\/p>\n\n\n\n<div class=\"wp-block-jetpack-tiled-gallery aligncenter is-style-rectangular\"><div class=\"tiled-gallery__gallery\"><div class=\"tiled-gallery__row\"><div class=\"tiled-gallery__col\" style=\"flex-basis:50.00000%\"><figure class=\"tiled-gallery__item\"><img decoding=\"async\" role=\"button\" tabindex=\"0\" aria-label=\"Abrir la imagen 1 de 2 en pantalla completa\"srcset=\"https:\/\/i0.wp.com\/costanatura41.com\/wp-content\/uploads\/sites\/18\/2019\/05\/estepona-restaurant-2.jpg?strip=info&#038;w=600&#038;ssl=1 600w,https:\/\/i0.wp.com\/costanatura41.com\/wp-content\/uploads\/sites\/18\/2019\/05\/estepona-restaurant-2.jpg?strip=info&#038;w=900&#038;ssl=1 900w,https:\/\/i0.wp.com\/costanatura41.com\/wp-content\/uploads\/sites\/18\/2019\/05\/estepona-restaurant-2.jpg?strip=info&#038;w=1200&#038;ssl=1 1200w,https:\/\/i0.wp.com\/costanatura41.com\/wp-content\/uploads\/sites\/18\/2019\/05\/estepona-restaurant-2.jpg?strip=info&#038;w=1500&#038;ssl=1 1500w,https:\/\/i0.wp.com\/costanatura41.com\/wp-content\/uploads\/sites\/18\/2019\/05\/estepona-restaurant-2.jpg?strip=info&#038;w=1800&#038;ssl=1 1800w,https:\/\/i0.wp.com\/costanatura41.com\/wp-content\/uploads\/sites\/18\/2019\/05\/estepona-restaurant-2.jpg?strip=info&#038;w=2000&#038;ssl=1 2000w\" alt=\"Vinos de Casa Del Rey\" data-height=\"1920\" data-id=\"385\" data-link=\"https:\/\/costanatura41.com\/estepona-restaurant-2\/\" data-url=\"https:\/\/costanatura41.com\/wp-content\/uploads\/sites\/18\/2019\/05\/estepona-restaurant-2.jpg\" data-width=\"2560\" src=\"https:\/\/i0.wp.com\/costanatura41.com\/wp-content\/uploads\/sites\/18\/2019\/05\/estepona-restaurant-2.jpg?ssl=1\" data-amp-layout=\"responsive\" \/><\/figure><\/div><div class=\"tiled-gallery__col\" style=\"flex-basis:50.00000%\"><figure class=\"tiled-gallery__item\"><img decoding=\"async\" role=\"button\" tabindex=\"0\" aria-label=\"Abrir la imagen 2 de 2 en pantalla completa\"srcset=\"https:\/\/i2.wp.com\/costanatura41.com\/wp-content\/uploads\/sites\/18\/2019\/05\/estepona-restaurant-1.jpg?strip=info&#038;w=600&#038;ssl=1 600w,https:\/\/i2.wp.com\/costanatura41.com\/wp-content\/uploads\/sites\/18\/2019\/05\/estepona-restaurant-1.jpg?strip=info&#038;w=900&#038;ssl=1 900w,https:\/\/i2.wp.com\/costanatura41.com\/wp-content\/uploads\/sites\/18\/2019\/05\/estepona-restaurant-1.jpg?strip=info&#038;w=1200&#038;ssl=1 1200w,https:\/\/i2.wp.com\/costanatura41.com\/wp-content\/uploads\/sites\/18\/2019\/05\/estepona-restaurant-1.jpg?strip=info&#038;w=1500&#038;ssl=1 1500w,https:\/\/i2.wp.com\/costanatura41.com\/wp-content\/uploads\/sites\/18\/2019\/05\/estepona-restaurant-1.jpg?strip=info&#038;w=1800&#038;ssl=1 1800w,https:\/\/i2.wp.com\/costanatura41.com\/wp-content\/uploads\/sites\/18\/2019\/05\/estepona-restaurant-1.jpg?strip=info&#038;w=2000&#038;ssl=1 2000w\" alt=\"\" data-height=\"1920\" data-id=\"386\" data-link=\"https:\/\/costanatura41.com\/estepona-restaurant-1\/\" data-url=\"https:\/\/costanatura41.com\/wp-content\/uploads\/sites\/18\/2019\/05\/estepona-restaurant-1.jpg\" data-width=\"2560\" src=\"https:\/\/i2.wp.com\/costanatura41.com\/wp-content\/uploads\/sites\/18\/2019\/05\/estepona-restaurant-1.jpg?ssl=1\" data-amp-layout=\"responsive\" \/><\/figure><\/div><\/div><\/div><\/div>\n\n\n\n<a href=\"https:\/\/goo.gl\/maps\/dc4ST8WPtLj5EZ4q9\" class=\"more-link\" target=\"_blank\" rel=\"noopener noreferrer\">Ver ubicaci\u00f3n<\/a>\n\n\n\n<hr class=\"wp-block-separator has-css-opacity\" \/>\n\n\n\n<h2 class=\"wp-block-heading\">La Cocina<\/h2>\n\n\n\n<p>La Cocina es un restaurante y bar de tapas con excelente comida. Recientemente se traslad\u00f3 a la zona del casco antiguo. Le recomendamos que reserve una mesa con antelaci\u00f3n.<\/p>\n\n\n\n<div class=\"wp-block-jetpack-tiled-gallery aligncenter is-style-rectangular\"><div class=\"tiled-gallery__gallery\"><div class=\"tiled-gallery__row\"><div class=\"tiled-gallery__col\" style=\"flex-basis:51.36780%\"><figure class=\"tiled-gallery__item\"><img decoding=\"async\" role=\"button\" tabindex=\"0\" aria-label=\"Abrir la imagen 1 de 2 en pantalla completa\"srcset=\"https:\/\/i1.wp.com\/costanatura41.com\/wp-content\/uploads\/sites\/18\/2019\/05\/estepona-restaurant-4.jpg?strip=info&#038;w=600&#038;ssl=1 600w,https:\/\/i1.wp.com\/costanatura41.com\/wp-content\/uploads\/sites\/18\/2019\/05\/estepona-restaurant-4.jpg?strip=info&#038;w=900&#038;ssl=1 900w,https:\/\/i1.wp.com\/costanatura41.com\/wp-content\/uploads\/sites\/18\/2019\/05\/estepona-restaurant-4.jpg?strip=info&#038;w=1200&#038;ssl=1 1200w,https:\/\/i1.wp.com\/costanatura41.com\/wp-content\/uploads\/sites\/18\/2019\/05\/estepona-restaurant-4.jpg?strip=info&#038;w=1500&#038;ssl=1 1500w,https:\/\/i1.wp.com\/costanatura41.com\/wp-content\/uploads\/sites\/18\/2019\/05\/estepona-restaurant-4.jpg?strip=info&#038;w=1800&#038;ssl=1 1800w,https:\/\/i1.wp.com\/costanatura41.com\/wp-content\/uploads\/sites\/18\/2019\/05\/estepona-restaurant-4.jpg?strip=info&#038;w=1920&#038;ssl=1 1920w\" alt=\"\" data-height=\"2560\" data-id=\"346\" data-link=\"https:\/\/costanatura41.com\/estepona-restaurant-4\/\" data-url=\"https:\/\/costanatura41.com\/wp-content\/uploads\/sites\/18\/2019\/05\/estepona-restaurant-4.jpg\" data-width=\"1920\" src=\"https:\/\/i1.wp.com\/costanatura41.com\/wp-content\/uploads\/sites\/18\/2019\/05\/estepona-restaurant-4.jpg?ssl=1\" data-amp-layout=\"responsive\" \/><\/figure><\/div><div class=\"tiled-gallery__col\" style=\"flex-basis:48.63220%\"><figure class=\"tiled-gallery__item\"><img decoding=\"async\" role=\"button\" tabindex=\"0\" aria-label=\"Abrir la imagen 2 de 2 en pantalla completa\"srcset=\"https:\/\/i1.wp.com\/costanatura41.com\/wp-content\/uploads\/sites\/18\/2020\/04\/estepona-restaurant-5-1.jpg?strip=info&#038;w=600&#038;ssl=1 600w,https:\/\/i1.wp.com\/costanatura41.com\/wp-content\/uploads\/sites\/18\/2020\/04\/estepona-restaurant-5-1.jpg?strip=info&#038;w=900&#038;ssl=1 900w,https:\/\/i1.wp.com\/costanatura41.com\/wp-content\/uploads\/sites\/18\/2020\/04\/estepona-restaurant-5-1.jpg?strip=info&#038;w=1180&#038;ssl=1 1180w\" alt=\"\" data-height=\"1662\" data-id=\"2374\" data-link=\"https:\/\/costanatura41.com\/estepona-restaurant-5-2\/\" data-url=\"https:\/\/costanatura41.com\/wp-content\/uploads\/sites\/18\/2020\/04\/estepona-restaurant-5-1.jpg\" data-width=\"1180\" src=\"https:\/\/i1.wp.com\/costanatura41.com\/wp-content\/uploads\/sites\/18\/2020\/04\/estepona-restaurant-5-1.jpg?ssl=1\" data-amp-layout=\"responsive\" \/><\/figure><\/div><\/div><\/div><\/div>\n\n\n\n<a href=\"https:\/\/goo.gl\/maps\/L5PTacafM1bqcTyA9\" class=\"more-link\" target=\"_blank\" rel=\"noopener noreferrer\">Ver ubicaci\u00f3n<\/a>\n","protected":false},"excerpt":{"rendered":"<p>Estepona est\u00e1 a poca distancia en coche de la Costa Natura. Cuenta con una gran variedad de cafeter\u00edas y restaurantes en el casco antiguo, el puerto y el centro de la ciudad.<\/p>\n","protected":false},"author":7,"featured_media":1051,"parent":2174,"menu_order":1,"comment_status":"closed","ping_status":"closed","template":"template-boxed-page.php","meta":{"_monsterinsights_skip_tracking":false,"_monsterinsights_sitenote_active":false,"_monsterinsights_sitenote_note":"","_monsterinsights_sitenote_category":0,"jetpack_post_was_ever_published":false,"footnotes":""},"class_list":["post-2166","page","type-page","status-publish","has-post-thumbnail","hentry"],"yoast_head":"<!-- This site is optimized with the Yoast SEO plugin v27.4 - https:\/\/yoast.com\/product\/yoast-seo-wordpress\/ -->\n<title>Caf\u00e9s y restaurantes - COSTANATURA 41<\/title>\n<meta name=\"description\" content=\"A pocos minutos en coche de Costa Natura se encuentran cafeter\u00edas y restaurantes. Encontrar\u00e1 una vibrante mezcla de modernos bares y restaurantes Gastro.\" \/>\n<meta name=\"robots\" content=\"index, follow, max-snippet:-1, max-image-preview:large, max-video-preview:-1\" \/>\n<link rel=\"canonical\" href=\"https:\/\/costanatura41.com\/es\/el-barrio\/cafes-y-restaurantes\/\" \/>\n<meta property=\"og:locale\" content=\"es_ES\" \/>\n<meta property=\"og:type\" content=\"article\" \/>\n<meta property=\"og:title\" content=\"Caf\u00e9s y restaurantes - COSTANATURA 41\" \/>\n<meta property=\"og:description\" content=\"A pocos minutos en coche de Costa Natura se encuentran cafeter\u00edas y restaurantes. Encontrar\u00e1 una vibrante mezcla de modernos bares y restaurantes Gastro.\" \/>\n<meta property=\"og:url\" content=\"https:\/\/costanatura41.com\/es\/el-barrio\/cafes-y-restaurantes\/\" \/>\n<meta property=\"og:site_name\" content=\"COSTANATURA 41\" \/>\n<meta property=\"article:modified_time\" content=\"2025-05-26T14:16:32+00:00\" \/>\n<meta property=\"og:image\" content=\"https:\/\/costanatura41.com\/wp-content\/uploads\/sites\/18\/2019\/05\/estepona-restaurant-1.jpg\" \/>\n\t<meta property=\"og:image:width\" content=\"2560\" \/>\n\t<meta property=\"og:image:height\" content=\"1920\" \/>\n\t<meta property=\"og:image:type\" content=\"image\/jpeg\" \/>\n<meta name=\"twitter:card\" content=\"summary_large_image\" \/>\n<meta name=\"twitter:label1\" content=\"Tiempo de lectura\" \/>\n\t<meta name=\"twitter:data1\" content=\"2 minuto\" \/>\n<script type=\"application\/ld+json\" class=\"yoast-schema-graph\">{\"@context\":\"https:\\\/\\\/schema.org\",\"@graph\":[{\"@type\":\"WebPage\",\"@id\":\"https:\\\/\\\/costanatura41.com\\\/es\\\/el-barrio\\\/cafes-y-restaurantes\\\/\",\"url\":\"https:\\\/\\\/costanatura41.com\\\/es\\\/el-barrio\\\/cafes-y-restaurantes\\\/\",\"name\":\"Caf\u00e9s y restaurantes - COSTANATURA 41\",\"isPartOf\":{\"@id\":\"https:\\\/\\\/costanatura41.com\\\/es\\\/#website\"},\"primaryImageOfPage\":{\"@id\":\"https:\\\/\\\/costanatura41.com\\\/es\\\/el-barrio\\\/cafes-y-restaurantes\\\/#primaryimage\"},\"image\":{\"@id\":\"https:\\\/\\\/costanatura41.com\\\/es\\\/el-barrio\\\/cafes-y-restaurantes\\\/#primaryimage\"},\"thumbnailUrl\":\"https:\\\/\\\/i0.wp.com\\\/costanatura41.com\\\/wp-content\\\/uploads\\\/sites\\\/18\\\/2019\\\/05\\\/estepona-restaurant-1.jpg?fit=2560%2C1920&ssl=1\",\"datePublished\":\"2020-04-02T06:54:23+00:00\",\"dateModified\":\"2025-05-26T14:16:32+00:00\",\"description\":\"A pocos minutos en coche de Costa Natura se encuentran cafeter\u00edas y restaurantes. Encontrar\u00e1 una vibrante mezcla de modernos bares y restaurantes Gastro.\",\"breadcrumb\":{\"@id\":\"https:\\\/\\\/costanatura41.com\\\/es\\\/el-barrio\\\/cafes-y-restaurantes\\\/#breadcrumb\"},\"inLanguage\":\"es\",\"potentialAction\":[{\"@type\":\"ReadAction\",\"target\":[\"https:\\\/\\\/costanatura41.com\\\/es\\\/el-barrio\\\/cafes-y-restaurantes\\\/\"]}]},{\"@type\":\"ImageObject\",\"inLanguage\":\"es\",\"@id\":\"https:\\\/\\\/costanatura41.com\\\/es\\\/el-barrio\\\/cafes-y-restaurantes\\\/#primaryimage\",\"url\":\"https:\\\/\\\/i0.wp.com\\\/costanatura41.com\\\/wp-content\\\/uploads\\\/sites\\\/18\\\/2019\\\/05\\\/estepona-restaurant-1.jpg?fit=2560%2C1920&ssl=1\",\"contentUrl\":\"https:\\\/\\\/i0.wp.com\\\/costanatura41.com\\\/wp-content\\\/uploads\\\/sites\\\/18\\\/2019\\\/05\\\/estepona-restaurant-1.jpg?fit=2560%2C1920&ssl=1\",\"width\":2560,\"height\":1920},{\"@type\":\"BreadcrumbList\",\"@id\":\"https:\\\/\\\/costanatura41.com\\\/es\\\/el-barrio\\\/cafes-y-restaurantes\\\/#breadcrumb\",\"itemListElement\":[{\"@type\":\"ListItem\",\"position\":1,\"name\":\"Home\",\"item\":\"https:\\\/\\\/costanatura41.com\\\/es\\\/\"},{\"@type\":\"ListItem\",\"position\":2,\"name\":\"El barrio\",\"item\":\"https:\\\/\\\/costanatura41.com\\\/es\\\/el-barrio\\\/\"},{\"@type\":\"ListItem\",\"position\":3,\"name\":\"Caf\u00e9s y restaurantes\"}]},{\"@type\":\"WebSite\",\"@id\":\"https:\\\/\\\/costanatura41.com\\\/es\\\/#website\",\"url\":\"https:\\\/\\\/costanatura41.com\\\/es\\\/\",\"name\":\"Costanatura 41\",\"description\":\"Naturist Holiday Rent\",\"publisher\":{\"@id\":\"https:\\\/\\\/costanatura41.com\\\/es\\\/#organization\"},\"potentialAction\":[{\"@type\":\"SearchAction\",\"target\":{\"@type\":\"EntryPoint\",\"urlTemplate\":\"https:\\\/\\\/costanatura41.com\\\/es\\\/?s={search_term_string}\"},\"query-input\":{\"@type\":\"PropertyValueSpecification\",\"valueRequired\":true,\"valueName\":\"search_term_string\"}}],\"inLanguage\":\"es\"},{\"@type\":\"Organization\",\"@id\":\"https:\\\/\\\/costanatura41.com\\\/es\\\/#organization\",\"name\":\"Costa Natura Apartment 41\",\"url\":\"https:\\\/\\\/costanatura41.com\\\/es\\\/\",\"logo\":{\"@type\":\"ImageObject\",\"inLanguage\":\"es\",\"@id\":\"https:\\\/\\\/costanatura41.com\\\/es\\\/#\\\/schema\\\/logo\\\/image\\\/\",\"url\":\"\",\"contentUrl\":\"\",\"caption\":\"Costa Natura Apartment 41\"},\"image\":{\"@id\":\"https:\\\/\\\/costanatura41.com\\\/es\\\/#\\\/schema\\\/logo\\\/image\\\/\"}}]}<\/script>\n<!-- \/ Yoast SEO plugin. -->","yoast_head_json":{"title":"Caf\u00e9s y restaurantes - COSTANATURA 41","description":"A pocos minutos en coche de Costa Natura se encuentran cafeter\u00edas y restaurantes. Encontrar\u00e1 una vibrante mezcla de modernos bares y restaurantes Gastro.","robots":{"index":"index","follow":"follow","max-snippet":"max-snippet:-1","max-image-preview":"max-image-preview:large","max-video-preview":"max-video-preview:-1"},"canonical":"https:\/\/costanatura41.com\/es\/el-barrio\/cafes-y-restaurantes\/","og_locale":"es_ES","og_type":"article","og_title":"Caf\u00e9s y restaurantes - COSTANATURA 41","og_description":"A pocos minutos en coche de Costa Natura se encuentran cafeter\u00edas y restaurantes. Encontrar\u00e1 una vibrante mezcla de modernos bares y restaurantes Gastro.","og_url":"https:\/\/costanatura41.com\/es\/el-barrio\/cafes-y-restaurantes\/","og_site_name":"COSTANATURA 41","article_modified_time":"2025-05-26T14:16:32+00:00","og_image":[{"width":2560,"height":1920,"url":"https:\/\/costanatura41.com\/wp-content\/uploads\/sites\/18\/2019\/05\/estepona-restaurant-1.jpg","type":"image\/jpeg"}],"twitter_card":"summary_large_image","twitter_misc":{"Tiempo de lectura":"2 minuto"},"schema":{"@context":"https:\/\/schema.org","@graph":[{"@type":"WebPage","@id":"https:\/\/costanatura41.com\/es\/el-barrio\/cafes-y-restaurantes\/","url":"https:\/\/costanatura41.com\/es\/el-barrio\/cafes-y-restaurantes\/","name":"Caf\u00e9s y restaurantes - COSTANATURA 41","isPartOf":{"@id":"https:\/\/costanatura41.com\/es\/#website"},"primaryImageOfPage":{"@id":"https:\/\/costanatura41.com\/es\/el-barrio\/cafes-y-restaurantes\/#primaryimage"},"image":{"@id":"https:\/\/costanatura41.com\/es\/el-barrio\/cafes-y-restaurantes\/#primaryimage"},"thumbnailUrl":"https:\/\/i0.wp.com\/costanatura41.com\/wp-content\/uploads\/sites\/18\/2019\/05\/estepona-restaurant-1.jpg?fit=2560%2C1920&ssl=1","datePublished":"2020-04-02T06:54:23+00:00","dateModified":"2025-05-26T14:16:32+00:00","description":"A pocos minutos en coche de Costa Natura se encuentran cafeter\u00edas y restaurantes. Encontrar\u00e1 una vibrante mezcla de modernos bares y restaurantes Gastro.","breadcrumb":{"@id":"https:\/\/costanatura41.com\/es\/el-barrio\/cafes-y-restaurantes\/#breadcrumb"},"inLanguage":"es","potentialAction":[{"@type":"ReadAction","target":["https:\/\/costanatura41.com\/es\/el-barrio\/cafes-y-restaurantes\/"]}]},{"@type":"ImageObject","inLanguage":"es","@id":"https:\/\/costanatura41.com\/es\/el-barrio\/cafes-y-restaurantes\/#primaryimage","url":"https:\/\/i0.wp.com\/costanatura41.com\/wp-content\/uploads\/sites\/18\/2019\/05\/estepona-restaurant-1.jpg?fit=2560%2C1920&ssl=1","contentUrl":"https:\/\/i0.wp.com\/costanatura41.com\/wp-content\/uploads\/sites\/18\/2019\/05\/estepona-restaurant-1.jpg?fit=2560%2C1920&ssl=1","width":2560,"height":1920},{"@type":"BreadcrumbList","@id":"https:\/\/costanatura41.com\/es\/el-barrio\/cafes-y-restaurantes\/#breadcrumb","itemListElement":[{"@type":"ListItem","position":1,"name":"Home","item":"https:\/\/costanatura41.com\/es\/"},{"@type":"ListItem","position":2,"name":"El barrio","item":"https:\/\/costanatura41.com\/es\/el-barrio\/"},{"@type":"ListItem","position":3,"name":"Caf\u00e9s y restaurantes"}]},{"@type":"WebSite","@id":"https:\/\/costanatura41.com\/es\/#website","url":"https:\/\/costanatura41.com\/es\/","name":"Costanatura 41","description":"Naturist Holiday Rent","publisher":{"@id":"https:\/\/costanatura41.com\/es\/#organization"},"potentialAction":[{"@type":"SearchAction","target":{"@type":"EntryPoint","urlTemplate":"https:\/\/costanatura41.com\/es\/?s={search_term_string}"},"query-input":{"@type":"PropertyValueSpecification","valueRequired":true,"valueName":"search_term_string"}}],"inLanguage":"es"},{"@type":"Organization","@id":"https:\/\/costanatura41.com\/es\/#organization","name":"Costa Natura Apartment 41","url":"https:\/\/costanatura41.com\/es\/","logo":{"@type":"ImageObject","inLanguage":"es","@id":"https:\/\/costanatura41.com\/es\/#\/schema\/logo\/image\/","url":"","contentUrl":"","caption":"Costa Natura Apartment 41"},"image":{"@id":"https:\/\/costanatura41.com\/es\/#\/schema\/logo\/image\/"}}]}},"jetpack_sharing_enabled":true,"jetpack_shortlink":"https:\/\/wp.me\/PaF7DC-yW","jetpack-related-posts":[{"id":2161,"url":"https:\/\/costanatura41.com\/es\/el-resort\/restaurante\/","url_meta":{"origin":2166,"position":0},"title":"Restaurante","author":"Costa Natura 41","date":"2 abril, 2020","format":false,"excerpt":"Costa Natura tiene su propio restaurante que sirve comida y bebida durante todo el d\u00eda. Los men\u00fas para el almuerzo y la cena ofrecen una variedad de opciones, tanto locales como internacionales. Es un gran lugar para socializar y un par de d\u00edas a la semana hay entretenimiento por la\u2026","rel":"","context":"Entrada similar","block_context":{"text":"Entrada similar","link":""},"img":{"alt_text":"Restaurante en Costa Natura visto desde el lado de la piscina.","src":"https:\/\/i0.wp.com\/costanatura41.com\/wp-content\/uploads\/sites\/18\/2019\/08\/costanatura-pool-view-4.jpg?fit=1200%2C900&ssl=1&resize=350%2C200","width":350,"height":200,"srcset":"https:\/\/i0.wp.com\/costanatura41.com\/wp-content\/uploads\/sites\/18\/2019\/08\/costanatura-pool-view-4.jpg?fit=1200%2C900&ssl=1&resize=350%2C200 1x, https:\/\/i0.wp.com\/costanatura41.com\/wp-content\/uploads\/sites\/18\/2019\/08\/costanatura-pool-view-4.jpg?fit=1200%2C900&ssl=1&resize=525%2C300 1.5x, https:\/\/i0.wp.com\/costanatura41.com\/wp-content\/uploads\/sites\/18\/2019\/08\/costanatura-pool-view-4.jpg?fit=1200%2C900&ssl=1&resize=700%2C400 2x, https:\/\/i0.wp.com\/costanatura41.com\/wp-content\/uploads\/sites\/18\/2019\/08\/costanatura-pool-view-4.jpg?fit=1200%2C900&ssl=1&resize=1050%2C600 3x"},"classes":[]},{"id":2167,"url":"https:\/\/costanatura41.com\/es\/el-barrio\/caminar-y-caminar\/","url_meta":{"origin":2166,"position":1},"title":"Caminar y caminar","author":"Costa Natura 41","date":"2 abril, 2020","format":false,"excerpt":"Andaluc\u00eda ofrece una gran variedad de opciones de senderismo y senderismo. \u00a1El Caminito del Rey no es para los de coraz\u00f3n! Una opci\u00f3n m\u00e1s f\u00e1cil es el Paseo Mar\u00edtimo en Estepona. El Caminito del Rey El Caminito del Rey es una pasarela, anclada a lo largo de las escarpadas paredes\u2026","rel":"","context":"Entrada similar","block_context":{"text":"Entrada similar","link":""},"img":{"alt_text":"","src":"https:\/\/i0.wp.com\/costanatura41.com\/wp-content\/uploads\/sites\/18\/2019\/08\/el-caminito-del-rey-2.jpg?fit=1200%2C720&ssl=1&resize=350%2C200","width":350,"height":200,"srcset":"https:\/\/i0.wp.com\/costanatura41.com\/wp-content\/uploads\/sites\/18\/2019\/08\/el-caminito-del-rey-2.jpg?fit=1200%2C720&ssl=1&resize=350%2C200 1x, https:\/\/i0.wp.com\/costanatura41.com\/wp-content\/uploads\/sites\/18\/2019\/08\/el-caminito-del-rey-2.jpg?fit=1200%2C720&ssl=1&resize=525%2C300 1.5x, https:\/\/i0.wp.com\/costanatura41.com\/wp-content\/uploads\/sites\/18\/2019\/08\/el-caminito-del-rey-2.jpg?fit=1200%2C720&ssl=1&resize=700%2C400 2x, https:\/\/i0.wp.com\/costanatura41.com\/wp-content\/uploads\/sites\/18\/2019\/08\/el-caminito-del-rey-2.jpg?fit=1200%2C720&ssl=1&resize=1050%2C600 3x"},"classes":[]},{"id":2179,"url":"https:\/\/costanatura41.com\/es\/naturismo\/","url_meta":{"origin":2166,"position":2},"title":"Naturismo","author":"Costa Natura 41","date":"2 abril, 2020","format":false,"excerpt":"El naturismo es una opci\u00f3n de estilo de vida. La Federaci\u00f3n Naturista Internacional(INF)define el naturismo de esta manera: \"Es una forma de vida en armon\u00eda con la naturaleza, expresada a trav\u00e9s de la desnudez social, vinculada a la autoestima, tolerancia de diferentes puntos de vista junto con el respeto por\u2026","rel":"","context":"Entrada similar","block_context":{"text":"Entrada similar","link":""},"img":{"alt_text":"Playa naturista frente a Costa Natura vista desde el lado norte.","src":"https:\/\/i0.wp.com\/costanatura41.com\/wp-content\/uploads\/sites\/18\/2019\/09\/beach-view-2.jpg?resize=350%2C200&ssl=1","width":350,"height":200},"classes":[]},{"id":2162,"url":"https:\/\/costanatura41.com\/es\/el-resort\/","url_meta":{"origin":2166,"position":3},"title":"El Resort","author":"Costa Natura 41","date":"2 abril, 2020","format":false,"excerpt":"Costa Natura es un complejo tur\u00edstico naturista con 200 apartamentos en un hermoso y bien cuidado jard\u00edn mediterr\u00e1neo. Se encuentra justo en la playa de Costa Natura, la primera playa naturista de Espa\u00f1a. El complejo cuenta con una gran piscina de agua salada, restaurante junto al mar, gimnasio, jacuzzi, sauna,\u2026","rel":"","context":"Entrada similar","block_context":{"text":"Entrada similar","link":""},"img":{"alt_text":"","src":"","width":0,"height":0},"classes":[]},{"id":2172,"url":"https:\/\/costanatura41.com\/es\/","url_meta":{"origin":2166,"position":4},"title":"Apartamento de vacaciones naturista en el sur de Espa\u00f1a","author":"Costa Natura 41","date":"2 abril, 2025","format":false,"excerpt":"Reserve ahora Costa Natura 41 - Tu apartamento de vacaciones naturista en el sur de Espa\u00f1a Bienvenido a este fabuloso apartamento en el sur de Espa\u00f1a. Aqu\u00ed podr\u00e1 disfrutar de unas vacaciones naturistas combinadas con todas las comodidades de la vida moderna.Sobre todo, fue completamente renovado en 2019 a un\u2026","rel":"","context":"Entrada similar","block_context":{"text":"Entrada similar","link":""},"img":{"alt_text":"","src":"https:\/\/i0.wp.com\/costanatura41.com\/wp-content\/uploads\/sites\/18\/2022\/07\/cn-pool-view-3-4.jpg?fit=1200%2C900&ssl=1&resize=350%2C200","width":350,"height":200,"srcset":"https:\/\/i0.wp.com\/costanatura41.com\/wp-content\/uploads\/sites\/18\/2022\/07\/cn-pool-view-3-4.jpg?fit=1200%2C900&ssl=1&resize=350%2C200 1x, https:\/\/i0.wp.com\/costanatura41.com\/wp-content\/uploads\/sites\/18\/2022\/07\/cn-pool-view-3-4.jpg?fit=1200%2C900&ssl=1&resize=525%2C300 1.5x, https:\/\/i0.wp.com\/costanatura41.com\/wp-content\/uploads\/sites\/18\/2022\/07\/cn-pool-view-3-4.jpg?fit=1200%2C900&ssl=1&resize=700%2C400 2x, https:\/\/i0.wp.com\/costanatura41.com\/wp-content\/uploads\/sites\/18\/2022\/07\/cn-pool-view-3-4.jpg?fit=1200%2C900&ssl=1&resize=1050%2C600 3x"},"classes":[]},{"id":2164,"url":"https:\/\/costanatura41.com\/es\/el-resort\/piscina\/","url_meta":{"origin":2166,"position":5},"title":"Piscina","author":"Costa Natura 41","date":"2 abril, 2020","format":false,"excerpt":"La gran piscina de agua salada est\u00e1 climatizada por energ\u00eda solar y est\u00e1 abierta durante todo el a\u00f1o. Tambi\u00e9n hay una peque\u00f1a piscina para ni\u00f1os peque\u00f1os. Durante el d\u00eda, la piscina y los alrededores se utilizan para hacer ejercicio, divertirse y jugar, hacer aer\u00f3bic acu\u00e1tico, tomar el sol y conectarse\u2026","rel":"","context":"Entrada similar","block_context":{"text":"Entrada similar","link":""},"img":{"alt_text":"","src":"https:\/\/i0.wp.com\/costanatura41.com\/wp-content\/uploads\/sites\/18\/2019\/08\/costanatura-pool-view-2.jpg?fit=1200%2C900&ssl=1&resize=350%2C200","width":350,"height":200,"srcset":"https:\/\/i0.wp.com\/costanatura41.com\/wp-content\/uploads\/sites\/18\/2019\/08\/costanatura-pool-view-2.jpg?fit=1200%2C900&ssl=1&resize=350%2C200 1x, https:\/\/i0.wp.com\/costanatura41.com\/wp-content\/uploads\/sites\/18\/2019\/08\/costanatura-pool-view-2.jpg?fit=1200%2C900&ssl=1&resize=525%2C300 1.5x, https:\/\/i0.wp.com\/costanatura41.com\/wp-content\/uploads\/sites\/18\/2019\/08\/costanatura-pool-view-2.jpg?fit=1200%2C900&ssl=1&resize=700%2C400 2x, https:\/\/i0.wp.com\/costanatura41.com\/wp-content\/uploads\/sites\/18\/2019\/08\/costanatura-pool-view-2.jpg?fit=1200%2C900&ssl=1&resize=1050%2C600 3x"},"classes":[]}],"_links":{"self":[{"href":"https:\/\/costanatura41.com\/es\/wp-json\/wp\/v2\/pages\/2166","targetHints":{"allow":["GET"]}}],"collection":[{"href":"https:\/\/costanatura41.com\/es\/wp-json\/wp\/v2\/pages"}],"about":[{"href":"https:\/\/costanatura41.com\/es\/wp-json\/wp\/v2\/types\/page"}],"author":[{"embeddable":true,"href":"https:\/\/costanatura41.com\/es\/wp-json\/wp\/v2\/users\/7"}],"replies":[{"embeddable":true,"href":"https:\/\/costanatura41.com\/es\/wp-json\/wp\/v2\/comments?post=2166"}],"version-history":[{"count":0,"href":"https:\/\/costanatura41.com\/es\/wp-json\/wp\/v2\/pages\/2166\/revisions"}],"up":[{"embeddable":true,"href":"https:\/\/costanatura41.com\/es\/wp-json\/wp\/v2\/pages\/2174"}],"wp:featuredmedia":[{"embeddable":true,"href":"https:\/\/costanatura41.com\/es\/wp-json\/wp\/v2\/media\/1051"}],"wp:attachment":[{"href":"https:\/\/costanatura41.com\/es\/wp-json\/wp\/v2\/media?parent=2166"}],"curies":[{"name":"wp","href":"https:\/\/api.w.org\/{rel}","templated":true}]}}