{"id":2168,"date":"2020-04-02T06:54:24","date_gmt":"2020-04-02T06:54:24","guid":{"rendered":"https:\/\/costanatura41.com\/atracciones-culturales\/"},"modified":"2025-05-26T14:40:42","modified_gmt":"2025-05-26T14:40:42","slug":"atracciones-culturales","status":"publish","type":"page","link":"https:\/\/costanatura41.com\/es\/el-barrio\/atracciones-culturales\/","title":{"rendered":"Atracciones culturales"},"content":{"rendered":"\n<p>El centro hist\u00f3rico de Estepona es encantador con bonitas macetas que adornan las paredes de sus pintorescas calles, plazas y callejones. La ciudad tambi\u00e9n ofrece atracciones modernas como el Orchidarium.<\/p>\n\n\n\n<!--more ver detalles-->\n\n\n\n<h2 class=\"wp-block-heading\">Centro Hist\u00f3rico<\/h2>\n\n\n\n<p>Centro hist\u00f3rico est\u00e1 lleno de ambiente y muestra una peque\u00f1a parte de la vida en un pueblo t\u00edpico andaluz. En la Plaza de las Flores se puede disfrutar de una bebida, helado o comida en uno de los muchos bares o restaurantes.<\/p>\n\n\n\n<div class=\"wp-block-jetpack-tiled-gallery aligncenter is-style-rectangular\"><div class=\"tiled-gallery__gallery\"><div class=\"tiled-gallery__row\"><div class=\"tiled-gallery__col\" style=\"flex-basis:36.03523%\"><figure class=\"tiled-gallery__item\"><img decoding=\"async\" role=\"button\" tabindex=\"0\" aria-label=\"Abrir la imagen 1 de 2 en pantalla completa\"srcset=\"https:\/\/i1.wp.com\/costanatura41.com\/wp-content\/uploads\/sites\/18\/2019\/05\/estepona-15.jpg?strip=info&#038;w=600&#038;ssl=1 600w,https:\/\/i1.wp.com\/costanatura41.com\/wp-content\/uploads\/sites\/18\/2019\/05\/estepona-15.jpg?strip=info&#038;w=900&#038;ssl=1 900w,https:\/\/i1.wp.com\/costanatura41.com\/wp-content\/uploads\/sites\/18\/2019\/05\/estepona-15.jpg?strip=info&#038;w=1200&#038;ssl=1 1200w,https:\/\/i1.wp.com\/costanatura41.com\/wp-content\/uploads\/sites\/18\/2019\/05\/estepona-15.jpg?strip=info&#038;w=1500&#038;ssl=1 1500w,https:\/\/i1.wp.com\/costanatura41.com\/wp-content\/uploads\/sites\/18\/2019\/05\/estepona-15.jpg?strip=info&#038;w=1800&#038;ssl=1 1800w,https:\/\/i1.wp.com\/costanatura41.com\/wp-content\/uploads\/sites\/18\/2019\/05\/estepona-15.jpg?strip=info&#038;w=1920&#038;ssl=1 1920w\" alt=\"\" data-height=\"2560\" data-id=\"343\" data-link=\"https:\/\/costanatura41.com\/estepona-15\/\" data-url=\"https:\/\/costanatura41.com\/wp-content\/uploads\/sites\/18\/2019\/05\/estepona-15.jpg\" data-width=\"1920\" src=\"https:\/\/i1.wp.com\/costanatura41.com\/wp-content\/uploads\/sites\/18\/2019\/05\/estepona-15.jpg?ssl=1\" data-amp-layout=\"responsive\" \/><\/figure><\/div><div class=\"tiled-gallery__col\" style=\"flex-basis:63.96477%\"><figure class=\"tiled-gallery__item\"><img decoding=\"async\" role=\"button\" tabindex=\"0\" aria-label=\"Abrir la imagen 2 de 2 en pantalla completa\"srcset=\"https:\/\/i1.wp.com\/costanatura41.com\/wp-content\/uploads\/sites\/18\/2019\/05\/estepona-10.jpg?strip=info&#038;w=600&#038;ssl=1 600w,https:\/\/i1.wp.com\/costanatura41.com\/wp-content\/uploads\/sites\/18\/2019\/05\/estepona-10.jpg?strip=info&#038;w=900&#038;ssl=1 900w,https:\/\/i1.wp.com\/costanatura41.com\/wp-content\/uploads\/sites\/18\/2019\/05\/estepona-10.jpg?strip=info&#038;w=1200&#038;ssl=1 1200w,https:\/\/i1.wp.com\/costanatura41.com\/wp-content\/uploads\/sites\/18\/2019\/05\/estepona-10.jpg?strip=info&#038;w=1500&#038;ssl=1 1500w,https:\/\/i1.wp.com\/costanatura41.com\/wp-content\/uploads\/sites\/18\/2019\/05\/estepona-10.jpg?strip=info&#038;w=1800&#038;ssl=1 1800w,https:\/\/i1.wp.com\/costanatura41.com\/wp-content\/uploads\/sites\/18\/2019\/05\/estepona-10.jpg?strip=info&#038;w=2000&#038;ssl=1 2000w\" alt=\"\" data-height=\"1920\" data-id=\"349\" data-link=\"https:\/\/costanatura41.com\/estepona-10\/\" data-url=\"https:\/\/costanatura41.com\/wp-content\/uploads\/sites\/18\/2019\/05\/estepona-10.jpg\" data-width=\"2560\" src=\"https:\/\/i1.wp.com\/costanatura41.com\/wp-content\/uploads\/sites\/18\/2019\/05\/estepona-10.jpg?ssl=1\" data-amp-layout=\"responsive\" \/><\/figure><\/div><\/div><\/div><\/div>\n\n\n\n<a href=\"https:\/\/goo.gl\/maps\/tnfze7e3kURCqPPR8\" class=\"more-link\" target=\"_blank\" rel=\"noopener noreferrer\">Ver ubicaci\u00f3n<\/a>\n\n\n\n<hr class=\"wp-block-separator has-css-opacity\" \/>\n\n\n\n<h2 class=\"wp-block-heading\">El Orqu\u00eddea<\/h2>\n\n\n\n<p>El Orchidarium, su centro formando una c\u00fapula de cristal de unos 30 metros de altura, se inaugur\u00f3 en 2015. Si te gustan las orqu\u00eddeas, quedar\u00e1s impresionado con la gran colecci\u00f3n de alrededor de 5000 plantas y 1300 especies diferentes.<\/p>\n\n\n\n<div class=\"wp-block-jetpack-tiled-gallery aligncenter is-style-rectangular\"><div class=\"tiled-gallery__gallery\"><div class=\"tiled-gallery__row\"><div class=\"tiled-gallery__col\" style=\"flex-basis:47.07374%\"><figure class=\"tiled-gallery__item\"><img decoding=\"async\" role=\"button\" tabindex=\"0\" aria-label=\"Abrir la imagen 1 de 2 en pantalla completa\"srcset=\"https:\/\/i2.wp.com\/costanatura41.com\/wp-content\/uploads\/sites\/18\/2019\/09\/orchidarium-2.jpg?strip=info&#038;w=600&#038;ssl=1 600w,https:\/\/i2.wp.com\/costanatura41.com\/wp-content\/uploads\/sites\/18\/2019\/09\/orchidarium-2.jpg?strip=info&#038;w=900&#038;ssl=1 900w,https:\/\/i2.wp.com\/costanatura41.com\/wp-content\/uploads\/sites\/18\/2019\/09\/orchidarium-2.jpg?strip=info&#038;w=1200&#038;ssl=1 1200w,https:\/\/i2.wp.com\/costanatura41.com\/wp-content\/uploads\/sites\/18\/2019\/09\/orchidarium-2.jpg?strip=info&#038;w=1500&#038;ssl=1 1500w,https:\/\/i2.wp.com\/costanatura41.com\/wp-content\/uploads\/sites\/18\/2019\/09\/orchidarium-2.jpg?strip=info&#038;w=1800&#038;ssl=1 1800w,https:\/\/i2.wp.com\/costanatura41.com\/wp-content\/uploads\/sites\/18\/2019\/09\/orchidarium-2.jpg?strip=info&#038;w=2000&#038;ssl=1 2000w\" alt=\"\" data-height=\"1920\" data-id=\"2016\" data-link=\"https:\/\/costanatura41.com\/orchidarium-2\/\" data-url=\"https:\/\/costanatura41.com\/wp-content\/uploads\/sites\/18\/2019\/09\/orchidarium-2.jpg\" data-width=\"2560\" src=\"https:\/\/i2.wp.com\/costanatura41.com\/wp-content\/uploads\/sites\/18\/2019\/09\/orchidarium-2.jpg?ssl=1\" data-amp-layout=\"responsive\" \/><\/figure><\/div><div class=\"tiled-gallery__col\" style=\"flex-basis:52.92626%\"><figure class=\"tiled-gallery__item\"><img decoding=\"async\" role=\"button\" tabindex=\"0\" aria-label=\"Abrir la imagen 2 de 2 en pantalla completa\"srcset=\"https:\/\/i1.wp.com\/costanatura41.com\/wp-content\/uploads\/sites\/18\/2019\/08\/estepona-orchidarium-2.jpg?strip=info&#038;w=600&#038;ssl=1 600w,https:\/\/i1.wp.com\/costanatura41.com\/wp-content\/uploads\/sites\/18\/2019\/08\/estepona-orchidarium-2.jpg?strip=info&#038;w=900&#038;ssl=1 900w,https:\/\/i1.wp.com\/costanatura41.com\/wp-content\/uploads\/sites\/18\/2019\/08\/estepona-orchidarium-2.jpg?strip=info&#038;w=1200&#038;ssl=1 1200w,https:\/\/i1.wp.com\/costanatura41.com\/wp-content\/uploads\/sites\/18\/2019\/08\/estepona-orchidarium-2.jpg?strip=info&#038;w=1500&#038;ssl=1 1500w,https:\/\/i1.wp.com\/costanatura41.com\/wp-content\/uploads\/sites\/18\/2019\/08\/estepona-orchidarium-2.jpg?strip=info&#038;w=1800&#038;ssl=1 1800w,https:\/\/i1.wp.com\/costanatura41.com\/wp-content\/uploads\/sites\/18\/2019\/08\/estepona-orchidarium-2.jpg?strip=info&#038;w=2000&#038;ssl=1 2000w\" alt=\"\" data-height=\"1707\" data-id=\"676\" data-link=\"https:\/\/costanatura41.com\/estepona-orchidarium-2\/\" data-url=\"https:\/\/costanatura41.com\/wp-content\/uploads\/sites\/18\/2019\/08\/estepona-orchidarium-2.jpg\" data-width=\"2560\" src=\"https:\/\/i1.wp.com\/costanatura41.com\/wp-content\/uploads\/sites\/18\/2019\/08\/estepona-orchidarium-2.jpg?ssl=1\" data-amp-layout=\"responsive\" \/><\/figure><\/div><\/div><\/div><\/div>\n\n\n\n<a href=\"https:\/\/goo.gl\/maps\/SxMsTv35TzdyJDfaA\" class=\"more-link\" target=\"_blank\" rel=\"noopener noreferrer\">Ver ubicaci\u00f3n<\/a>\n","protected":false},"excerpt":{"rendered":"<p>El centro hist\u00f3rico de Estepona es encantador con bonitas macetas que adornan las paredes de sus pintorescas calles, plazas y callejones. La ciudad tambi\u00e9n ofrece atracciones modernas como el Orchidarium.<\/p>\n","protected":false},"author":7,"featured_media":925,"parent":2174,"menu_order":2,"comment_status":"closed","ping_status":"closed","template":"template-boxed-page.php","meta":{"_monsterinsights_skip_tracking":false,"_monsterinsights_sitenote_active":false,"_monsterinsights_sitenote_note":"","_monsterinsights_sitenote_category":0,"jetpack_post_was_ever_published":false,"footnotes":""},"class_list":["post-2168","page","type-page","status-publish","has-post-thumbnail","hentry"],"yoast_head":"<!-- This site is optimized with the Yoast SEO plugin v27.3 - https:\/\/yoast.com\/product\/yoast-seo-wordpress\/ -->\n<title>Atracciones culturales - COSTANATURA 41<\/title>\n<meta name=\"robots\" content=\"index, follow, max-snippet:-1, max-image-preview:large, max-video-preview:-1\" \/>\n<link rel=\"canonical\" href=\"https:\/\/costanatura41.com\/es\/el-barrio\/atracciones-culturales\/\" \/>\n<meta property=\"og:locale\" content=\"es_ES\" \/>\n<meta property=\"og:type\" content=\"article\" \/>\n<meta property=\"og:title\" content=\"Atracciones culturales - COSTANATURA 41\" \/>\n<meta property=\"og:description\" content=\"El centro hist\u00f3rico de Estepona es encantador con bonitas macetas que adornan las paredes de sus pintorescas calles, plazas y callejones. La ciudad tambi\u00e9n ofrece atracciones modernas como el Orchidarium.\" \/>\n<meta property=\"og:url\" content=\"https:\/\/costanatura41.com\/es\/el-barrio\/atracciones-culturales\/\" \/>\n<meta property=\"og:site_name\" content=\"COSTANATURA 41\" \/>\n<meta property=\"article:modified_time\" content=\"2025-05-26T14:40:42+00:00\" \/>\n<meta property=\"og:image\" content=\"https:\/\/costanatura41.com\/wp-content\/uploads\/sites\/18\/2019\/05\/estepona-13.jpg\" \/>\n\t<meta property=\"og:image:width\" content=\"2560\" \/>\n\t<meta property=\"og:image:height\" content=\"1920\" \/>\n\t<meta property=\"og:image:type\" content=\"image\/jpeg\" \/>\n<meta name=\"twitter:card\" content=\"summary_large_image\" \/>\n<meta name=\"twitter:label1\" content=\"Tiempo de lectura\" \/>\n\t<meta name=\"twitter:data1\" content=\"2 minuto\" \/>\n<script type=\"application\/ld+json\" class=\"yoast-schema-graph\">{\"@context\":\"https:\\\/\\\/schema.org\",\"@graph\":[{\"@type\":\"WebPage\",\"@id\":\"https:\\\/\\\/costanatura41.com\\\/es\\\/el-barrio\\\/atracciones-culturales\\\/\",\"url\":\"https:\\\/\\\/costanatura41.com\\\/es\\\/el-barrio\\\/atracciones-culturales\\\/\",\"name\":\"Atracciones culturales - COSTANATURA 41\",\"isPartOf\":{\"@id\":\"https:\\\/\\\/costanatura41.com\\\/es\\\/#website\"},\"primaryImageOfPage\":{\"@id\":\"https:\\\/\\\/costanatura41.com\\\/es\\\/el-barrio\\\/atracciones-culturales\\\/#primaryimage\"},\"image\":{\"@id\":\"https:\\\/\\\/costanatura41.com\\\/es\\\/el-barrio\\\/atracciones-culturales\\\/#primaryimage\"},\"thumbnailUrl\":\"https:\\\/\\\/i0.wp.com\\\/costanatura41.com\\\/wp-content\\\/uploads\\\/sites\\\/18\\\/2019\\\/05\\\/estepona-13.jpg?fit=2560%2C1920&ssl=1\",\"datePublished\":\"2020-04-02T06:54:24+00:00\",\"dateModified\":\"2025-05-26T14:40:42+00:00\",\"breadcrumb\":{\"@id\":\"https:\\\/\\\/costanatura41.com\\\/es\\\/el-barrio\\\/atracciones-culturales\\\/#breadcrumb\"},\"inLanguage\":\"es\",\"potentialAction\":[{\"@type\":\"ReadAction\",\"target\":[\"https:\\\/\\\/costanatura41.com\\\/es\\\/el-barrio\\\/atracciones-culturales\\\/\"]}]},{\"@type\":\"ImageObject\",\"inLanguage\":\"es\",\"@id\":\"https:\\\/\\\/costanatura41.com\\\/es\\\/el-barrio\\\/atracciones-culturales\\\/#primaryimage\",\"url\":\"https:\\\/\\\/i0.wp.com\\\/costanatura41.com\\\/wp-content\\\/uploads\\\/sites\\\/18\\\/2019\\\/05\\\/estepona-13.jpg?fit=2560%2C1920&ssl=1\",\"contentUrl\":\"https:\\\/\\\/i0.wp.com\\\/costanatura41.com\\\/wp-content\\\/uploads\\\/sites\\\/18\\\/2019\\\/05\\\/estepona-13.jpg?fit=2560%2C1920&ssl=1\",\"width\":2560,\"height\":1920},{\"@type\":\"BreadcrumbList\",\"@id\":\"https:\\\/\\\/costanatura41.com\\\/es\\\/el-barrio\\\/atracciones-culturales\\\/#breadcrumb\",\"itemListElement\":[{\"@type\":\"ListItem\",\"position\":1,\"name\":\"Home\",\"item\":\"https:\\\/\\\/costanatura41.com\\\/es\\\/\"},{\"@type\":\"ListItem\",\"position\":2,\"name\":\"El barrio\",\"item\":\"https:\\\/\\\/costanatura41.com\\\/es\\\/el-barrio\\\/\"},{\"@type\":\"ListItem\",\"position\":3,\"name\":\"Atracciones culturales\"}]},{\"@type\":\"WebSite\",\"@id\":\"https:\\\/\\\/costanatura41.com\\\/es\\\/#website\",\"url\":\"https:\\\/\\\/costanatura41.com\\\/es\\\/\",\"name\":\"Costanatura 41\",\"description\":\"Naturist Holiday Rent\",\"publisher\":{\"@id\":\"https:\\\/\\\/costanatura41.com\\\/es\\\/#organization\"},\"potentialAction\":[{\"@type\":\"SearchAction\",\"target\":{\"@type\":\"EntryPoint\",\"urlTemplate\":\"https:\\\/\\\/costanatura41.com\\\/es\\\/?s={search_term_string}\"},\"query-input\":{\"@type\":\"PropertyValueSpecification\",\"valueRequired\":true,\"valueName\":\"search_term_string\"}}],\"inLanguage\":\"es\"},{\"@type\":\"Organization\",\"@id\":\"https:\\\/\\\/costanatura41.com\\\/es\\\/#organization\",\"name\":\"Costa Natura Apartment 41\",\"url\":\"https:\\\/\\\/costanatura41.com\\\/es\\\/\",\"logo\":{\"@type\":\"ImageObject\",\"inLanguage\":\"es\",\"@id\":\"https:\\\/\\\/costanatura41.com\\\/es\\\/#\\\/schema\\\/logo\\\/image\\\/\",\"url\":\"\",\"contentUrl\":\"\",\"caption\":\"Costa Natura Apartment 41\"},\"image\":{\"@id\":\"https:\\\/\\\/costanatura41.com\\\/es\\\/#\\\/schema\\\/logo\\\/image\\\/\"}}]}<\/script>\n<!-- \/ Yoast SEO plugin. -->","yoast_head_json":{"title":"Atracciones culturales - COSTANATURA 41","robots":{"index":"index","follow":"follow","max-snippet":"max-snippet:-1","max-image-preview":"max-image-preview:large","max-video-preview":"max-video-preview:-1"},"canonical":"https:\/\/costanatura41.com\/es\/el-barrio\/atracciones-culturales\/","og_locale":"es_ES","og_type":"article","og_title":"Atracciones culturales - COSTANATURA 41","og_description":"El centro hist\u00f3rico de Estepona es encantador con bonitas macetas que adornan las paredes de sus pintorescas calles, plazas y callejones. La ciudad tambi\u00e9n ofrece atracciones modernas como el Orchidarium.","og_url":"https:\/\/costanatura41.com\/es\/el-barrio\/atracciones-culturales\/","og_site_name":"COSTANATURA 41","article_modified_time":"2025-05-26T14:40:42+00:00","og_image":[{"width":2560,"height":1920,"url":"https:\/\/costanatura41.com\/wp-content\/uploads\/sites\/18\/2019\/05\/estepona-13.jpg","type":"image\/jpeg"}],"twitter_card":"summary_large_image","twitter_misc":{"Tiempo de lectura":"2 minuto"},"schema":{"@context":"https:\/\/schema.org","@graph":[{"@type":"WebPage","@id":"https:\/\/costanatura41.com\/es\/el-barrio\/atracciones-culturales\/","url":"https:\/\/costanatura41.com\/es\/el-barrio\/atracciones-culturales\/","name":"Atracciones culturales - COSTANATURA 41","isPartOf":{"@id":"https:\/\/costanatura41.com\/es\/#website"},"primaryImageOfPage":{"@id":"https:\/\/costanatura41.com\/es\/el-barrio\/atracciones-culturales\/#primaryimage"},"image":{"@id":"https:\/\/costanatura41.com\/es\/el-barrio\/atracciones-culturales\/#primaryimage"},"thumbnailUrl":"https:\/\/i0.wp.com\/costanatura41.com\/wp-content\/uploads\/sites\/18\/2019\/05\/estepona-13.jpg?fit=2560%2C1920&ssl=1","datePublished":"2020-04-02T06:54:24+00:00","dateModified":"2025-05-26T14:40:42+00:00","breadcrumb":{"@id":"https:\/\/costanatura41.com\/es\/el-barrio\/atracciones-culturales\/#breadcrumb"},"inLanguage":"es","potentialAction":[{"@type":"ReadAction","target":["https:\/\/costanatura41.com\/es\/el-barrio\/atracciones-culturales\/"]}]},{"@type":"ImageObject","inLanguage":"es","@id":"https:\/\/costanatura41.com\/es\/el-barrio\/atracciones-culturales\/#primaryimage","url":"https:\/\/i0.wp.com\/costanatura41.com\/wp-content\/uploads\/sites\/18\/2019\/05\/estepona-13.jpg?fit=2560%2C1920&ssl=1","contentUrl":"https:\/\/i0.wp.com\/costanatura41.com\/wp-content\/uploads\/sites\/18\/2019\/05\/estepona-13.jpg?fit=2560%2C1920&ssl=1","width":2560,"height":1920},{"@type":"BreadcrumbList","@id":"https:\/\/costanatura41.com\/es\/el-barrio\/atracciones-culturales\/#breadcrumb","itemListElement":[{"@type":"ListItem","position":1,"name":"Home","item":"https:\/\/costanatura41.com\/es\/"},{"@type":"ListItem","position":2,"name":"El barrio","item":"https:\/\/costanatura41.com\/es\/el-barrio\/"},{"@type":"ListItem","position":3,"name":"Atracciones culturales"}]},{"@type":"WebSite","@id":"https:\/\/costanatura41.com\/es\/#website","url":"https:\/\/costanatura41.com\/es\/","name":"Costanatura 41","description":"Naturist Holiday Rent","publisher":{"@id":"https:\/\/costanatura41.com\/es\/#organization"},"potentialAction":[{"@type":"SearchAction","target":{"@type":"EntryPoint","urlTemplate":"https:\/\/costanatura41.com\/es\/?s={search_term_string}"},"query-input":{"@type":"PropertyValueSpecification","valueRequired":true,"valueName":"search_term_string"}}],"inLanguage":"es"},{"@type":"Organization","@id":"https:\/\/costanatura41.com\/es\/#organization","name":"Costa Natura Apartment 41","url":"https:\/\/costanatura41.com\/es\/","logo":{"@type":"ImageObject","inLanguage":"es","@id":"https:\/\/costanatura41.com\/es\/#\/schema\/logo\/image\/","url":"","contentUrl":"","caption":"Costa Natura Apartment 41"},"image":{"@id":"https:\/\/costanatura41.com\/es\/#\/schema\/logo\/image\/"}}]}},"jetpack_sharing_enabled":true,"jetpack_shortlink":"https:\/\/wp.me\/PaF7DC-yY","jetpack-related-posts":[{"id":2270,"url":"https:\/\/costanatura41.com\/fr\/le-quartier\/attractions-culturelles\/","url_meta":{"origin":2168,"position":0},"title":"Attractions culturelles","author":"Costa Natura 41","date":"11 abril, 2020","format":false,"excerpt":"Le centro historico d\u2019Estepona est charmant avec de jolis pots de fleurs ornant les murs de ses rues pittoresques, places et ruelles. La ville offre \u00e9galement des attractions modernes telles que l\u2019Orchidarium. Centro Historico Centro historico est plein d\u2019atmosph\u00e8re et montre une petite partie de la vie dans une ville\u2026","rel":"","context":"Entrada similar","block_context":{"text":"Entrada similar","link":""},"img":{"alt_text":"","src":"https:\/\/i0.wp.com\/costanatura41.com\/wp-content\/uploads\/sites\/18\/2019\/05\/estepona-13.jpg?fit=1200%2C900&ssl=1&resize=350%2C200","width":350,"height":200,"srcset":"https:\/\/i0.wp.com\/costanatura41.com\/wp-content\/uploads\/sites\/18\/2019\/05\/estepona-13.jpg?fit=1200%2C900&ssl=1&resize=350%2C200 1x, https:\/\/i0.wp.com\/costanatura41.com\/wp-content\/uploads\/sites\/18\/2019\/05\/estepona-13.jpg?fit=1200%2C900&ssl=1&resize=525%2C300 1.5x, https:\/\/i0.wp.com\/costanatura41.com\/wp-content\/uploads\/sites\/18\/2019\/05\/estepona-13.jpg?fit=1200%2C900&ssl=1&resize=700%2C400 2x, https:\/\/i0.wp.com\/costanatura41.com\/wp-content\/uploads\/sites\/18\/2019\/05\/estepona-13.jpg?fit=1200%2C900&ssl=1&resize=1050%2C600 3x"},"classes":[]},{"id":74,"url":"https:\/\/costanatura41.com\/neighborhood\/cultural-attractions\/","url_meta":{"origin":2168,"position":1},"title":"Cultural Attractions","author":"Costa Natura 41","date":"19 julio, 2018","format":false,"excerpt":"Estepona\u2019s centro historico is charming with pretty flower pots adorning the walls of its picturesque streets, squares and alleyways. The city also offers modern attractions such as the Orchidarium. Centro Historico Centro historico is full of atmosphere and shows a small part of life in a typical Andalusian town. In\u2026","rel":"","context":"Entrada similar","block_context":{"text":"Entrada similar","link":""},"img":{"alt_text":"","src":"https:\/\/i0.wp.com\/costanatura41.com\/wp-content\/uploads\/sites\/18\/2019\/05\/estepona-13.jpg?fit=1200%2C900&ssl=1&resize=350%2C200","width":350,"height":200,"srcset":"https:\/\/i0.wp.com\/costanatura41.com\/wp-content\/uploads\/sites\/18\/2019\/05\/estepona-13.jpg?fit=1200%2C900&ssl=1&resize=350%2C200 1x, https:\/\/i0.wp.com\/costanatura41.com\/wp-content\/uploads\/sites\/18\/2019\/05\/estepona-13.jpg?fit=1200%2C900&ssl=1&resize=525%2C300 1.5x, https:\/\/i0.wp.com\/costanatura41.com\/wp-content\/uploads\/sites\/18\/2019\/05\/estepona-13.jpg?fit=1200%2C900&ssl=1&resize=700%2C400 2x, https:\/\/i0.wp.com\/costanatura41.com\/wp-content\/uploads\/sites\/18\/2019\/05\/estepona-13.jpg?fit=1200%2C900&ssl=1&resize=1050%2C600 3x"},"classes":[]},{"id":2485,"url":"https:\/\/costanatura41.com\/de\/die-nachbarschaft\/kulturelle-sehenswuerdigkeiten\/","url_meta":{"origin":2168,"position":2},"title":"Kulturelle Sehensw\u00fcrdigkeiten","author":"Costa Natura 41","date":"18 abril, 2020","format":false,"excerpt":"Das Centro historico von Estepona ist charmant mit h\u00fcbschen Blument\u00f6pfen, die die W\u00e4nde seiner malerischen Stra\u00dfen, Pl\u00e4tze und Gassen schm\u00fccken. Die Stadt bietet auch moderne Sehensw\u00fcrdigkeiten wie das Orchidarium. Centro Historico Centro historico ist voller Atmosph\u00e4re und zeigt einen kleinen Teil des Lebens in einer typisch andalusischen Stadt. An der\u2026","rel":"","context":"Entrada similar","block_context":{"text":"Entrada similar","link":""},"img":{"alt_text":"","src":"https:\/\/i0.wp.com\/costanatura41.com\/wp-content\/uploads\/sites\/18\/2019\/05\/estepona-13.jpg?fit=1200%2C900&ssl=1&resize=350%2C200","width":350,"height":200,"srcset":"https:\/\/i0.wp.com\/costanatura41.com\/wp-content\/uploads\/sites\/18\/2019\/05\/estepona-13.jpg?fit=1200%2C900&ssl=1&resize=350%2C200 1x, https:\/\/i0.wp.com\/costanatura41.com\/wp-content\/uploads\/sites\/18\/2019\/05\/estepona-13.jpg?fit=1200%2C900&ssl=1&resize=525%2C300 1.5x, https:\/\/i0.wp.com\/costanatura41.com\/wp-content\/uploads\/sites\/18\/2019\/05\/estepona-13.jpg?fit=1200%2C900&ssl=1&resize=700%2C400 2x, https:\/\/i0.wp.com\/costanatura41.com\/wp-content\/uploads\/sites\/18\/2019\/05\/estepona-13.jpg?fit=1200%2C900&ssl=1&resize=1050%2C600 3x"},"classes":[]},{"id":2166,"url":"https:\/\/costanatura41.com\/es\/el-barrio\/cafes-y-restaurantes\/","url_meta":{"origin":2168,"position":3},"title":"Caf\u00e9s y restaurantes","author":"Costa Natura 41","date":"2 abril, 2020","format":false,"excerpt":"Estepona est\u00e1 a poca distancia en coche de la Costa Natura. Cuenta con una gran variedad de cafeter\u00edas y restaurantes en el casco antiguo, el puerto y el centro de la ciudad. La Casa del Rey La Casa del Rey es un bar-gastro con un ambiente muy agradable. Tienen asientos\u2026","rel":"","context":"Entrada similar","block_context":{"text":"Entrada similar","link":""},"img":{"alt_text":"","src":"https:\/\/i0.wp.com\/costanatura41.com\/wp-content\/uploads\/sites\/18\/2019\/05\/estepona-restaurant-1.jpg?fit=1200%2C900&ssl=1&resize=350%2C200","width":350,"height":200,"srcset":"https:\/\/i0.wp.com\/costanatura41.com\/wp-content\/uploads\/sites\/18\/2019\/05\/estepona-restaurant-1.jpg?fit=1200%2C900&ssl=1&resize=350%2C200 1x, https:\/\/i0.wp.com\/costanatura41.com\/wp-content\/uploads\/sites\/18\/2019\/05\/estepona-restaurant-1.jpg?fit=1200%2C900&ssl=1&resize=525%2C300 1.5x, https:\/\/i0.wp.com\/costanatura41.com\/wp-content\/uploads\/sites\/18\/2019\/05\/estepona-restaurant-1.jpg?fit=1200%2C900&ssl=1&resize=700%2C400 2x, https:\/\/i0.wp.com\/costanatura41.com\/wp-content\/uploads\/sites\/18\/2019\/05\/estepona-restaurant-1.jpg?fit=1200%2C900&ssl=1&resize=1050%2C600 3x"},"classes":[]},{"id":2174,"url":"https:\/\/costanatura41.com\/es\/el-barrio\/","url_meta":{"origin":2168,"position":4},"title":"El barrio","author":"Costa Natura 41","date":"2 abril, 2020","format":false,"excerpt":"Costa Natura se encuentra en las afueras del sur de Estepona. En marea baja, un paseo de 45 minutos a lo largo de la playa le llevar\u00e1 al puerto. Otros 10-15 minutos le llevar\u00e1n al centro de la ciudad. Tambi\u00e9n se puede tomar el autob\u00fas justo fuera del complejo o\u2026","rel":"","context":"Entrada similar","block_context":{"text":"Entrada similar","link":""},"img":{"alt_text":"","src":"","width":0,"height":0},"classes":[]},{"id":2179,"url":"https:\/\/costanatura41.com\/es\/naturismo\/","url_meta":{"origin":2168,"position":5},"title":"Naturismo","author":"Costa Natura 41","date":"2 abril, 2020","format":false,"excerpt":"El naturismo es una opci\u00f3n de estilo de vida. La Federaci\u00f3n Naturista Internacional(INF)define el naturismo de esta manera: \"Es una forma de vida en armon\u00eda con la naturaleza, expresada a trav\u00e9s de la desnudez social, vinculada a la autoestima, tolerancia de diferentes puntos de vista junto con el respeto por\u2026","rel":"","context":"Entrada similar","block_context":{"text":"Entrada similar","link":""},"img":{"alt_text":"Playa naturista frente a Costa Natura vista desde el lado norte.","src":"https:\/\/i0.wp.com\/costanatura41.com\/wp-content\/uploads\/sites\/18\/2019\/09\/beach-view-2.jpg?resize=350%2C200&ssl=1","width":350,"height":200},"classes":[]}],"_links":{"self":[{"href":"https:\/\/costanatura41.com\/es\/wp-json\/wp\/v2\/pages\/2168","targetHints":{"allow":["GET"]}}],"collection":[{"href":"https:\/\/costanatura41.com\/es\/wp-json\/wp\/v2\/pages"}],"about":[{"href":"https:\/\/costanatura41.com\/es\/wp-json\/wp\/v2\/types\/page"}],"author":[{"embeddable":true,"href":"https:\/\/costanatura41.com\/es\/wp-json\/wp\/v2\/users\/7"}],"replies":[{"embeddable":true,"href":"https:\/\/costanatura41.com\/es\/wp-json\/wp\/v2\/comments?post=2168"}],"version-history":[{"count":0,"href":"https:\/\/costanatura41.com\/es\/wp-json\/wp\/v2\/pages\/2168\/revisions"}],"up":[{"embeddable":true,"href":"https:\/\/costanatura41.com\/es\/wp-json\/wp\/v2\/pages\/2174"}],"wp:featuredmedia":[{"embeddable":true,"href":"https:\/\/costanatura41.com\/es\/wp-json\/wp\/v2\/media\/925"}],"wp:attachment":[{"href":"https:\/\/costanatura41.com\/es\/wp-json\/wp\/v2\/media?parent=2168"}],"curies":[{"name":"wp","href":"https:\/\/api.w.org\/{rel}","templated":true}]}}