{"id":2176,"date":"2020-04-02T06:54:34","date_gmt":"2020-04-02T06:54:34","guid":{"rendered":"https:\/\/costanatura41.com\/mercados\/"},"modified":"2025-05-26T14:42:55","modified_gmt":"2025-05-26T14:42:55","slug":"mercados","status":"publish","type":"page","link":"https:\/\/costanatura41.com\/es\/el-barrio\/mercados\/","title":{"rendered":"Mercados"},"content":{"rendered":"\n<p>En Estepona, hay un mercado callejero local los mi\u00e9rcoles donde se pueden comprar todo tipo de cosas, incluyendo frutas y verduras. El mercado del puerto deportivo dominical en el puerto tiene lo que llamamos \u00abcosas m\u00e1s tur\u00edsticas\u00bb.<\/p>\n\n\n\n<!--more ver detalles-->\n\n\n\n<h2 class=\"wp-block-heading\">Mercado mi\u00e9rcoles<\/h2>\n\n\n\n<p>Las frutas y verduras son extremadamente sabrosas en el sur de Europa y los sabores y colores son muy intensos. Aprovecha la oportunidad de recoger a mano estas gemas de los productores locales en el mercado de los mi\u00e9rcoles en Estepona.<\/p>\n\n\n\n<div class=\"wp-block-jetpack-tiled-gallery aligncenter is-style-rectangular\"><div class=\"tiled-gallery__gallery\"><div class=\"tiled-gallery__row\"><div class=\"tiled-gallery__col\"><figure class=\"tiled-gallery__item\"><img decoding=\"async\" role=\"button\" tabindex=\"0\" aria-label=\"Abrir la imagen 1 de 2 en pantalla completa\"srcset=\"https:\/\/i2.wp.com\/costanatura41.com\/wp-content\/uploads\/sites\/3\/2019\/09\/estepona-wednesday-market-1.jpg?strip=info&#038;w=600&#038;ssl=1 600w,https:\/\/i2.wp.com\/costanatura41.com\/wp-content\/uploads\/sites\/3\/2019\/09\/estepona-wednesday-market-1.jpg?strip=info&#038;w=900&#038;ssl=1 900w,https:\/\/i2.wp.com\/costanatura41.com\/wp-content\/uploads\/sites\/3\/2019\/09\/estepona-wednesday-market-1.jpg?strip=info&#038;w=1200&#038;ssl=1 1200w,https:\/\/i2.wp.com\/costanatura41.com\/wp-content\/uploads\/sites\/3\/2019\/09\/estepona-wednesday-market-1.jpg?strip=info&#038;w=1500&#038;ssl=1 1500w,https:\/\/i2.wp.com\/costanatura41.com\/wp-content\/uploads\/sites\/3\/2019\/09\/estepona-wednesday-market-1.jpg?strip=info&#038;w=1800&#038;ssl=1 1800w,https:\/\/i2.wp.com\/costanatura41.com\/wp-content\/uploads\/sites\/3\/2019\/09\/estepona-wednesday-market-1.jpg?strip=info&#038;w=2000&#038;ssl=1 2000w\" alt=\"\" data-height=\"1920\" data-id=\"2012\" data-link=\"https:\/\/costanatura41.com\/estepona-wednesday-market-1\/\" data-url=\"https:\/\/costanatura41.com\/wp-content\/uploads\/sites\/3\/2019\/09\/estepona-wednesday-market-1.jpg\" data-width=\"2560\" src=\"https:\/\/i2.wp.com\/costanatura41.com\/wp-content\/uploads\/sites\/3\/2019\/09\/estepona-wednesday-market-1.jpg?ssl=1\" data-amp-layout=\"responsive\" \/><\/figure><\/div><div class=\"tiled-gallery__col\"><figure class=\"tiled-gallery__item\"><img decoding=\"async\" role=\"button\" tabindex=\"0\" aria-label=\"Abrir la imagen 2 de 2 en pantalla completa\"srcset=\"https:\/\/i0.wp.com\/costanatura41.com\/wp-content\/uploads\/sites\/3\/2019\/09\/estepona-wednesday-market-2.jpg?strip=info&#038;w=600&#038;ssl=1 600w,https:\/\/i0.wp.com\/costanatura41.com\/wp-content\/uploads\/sites\/3\/2019\/09\/estepona-wednesday-market-2.jpg?strip=info&#038;w=900&#038;ssl=1 900w,https:\/\/i0.wp.com\/costanatura41.com\/wp-content\/uploads\/sites\/3\/2019\/09\/estepona-wednesday-market-2.jpg?strip=info&#038;w=1200&#038;ssl=1 1200w,https:\/\/i0.wp.com\/costanatura41.com\/wp-content\/uploads\/sites\/3\/2019\/09\/estepona-wednesday-market-2.jpg?strip=info&#038;w=1500&#038;ssl=1 1500w,https:\/\/i0.wp.com\/costanatura41.com\/wp-content\/uploads\/sites\/3\/2019\/09\/estepona-wednesday-market-2.jpg?strip=info&#038;w=1800&#038;ssl=1 1800w,https:\/\/i0.wp.com\/costanatura41.com\/wp-content\/uploads\/sites\/3\/2019\/09\/estepona-wednesday-market-2.jpg?strip=info&#038;w=2000&#038;ssl=1 2000w\" alt=\"\" data-height=\"1920\" data-id=\"2008\" data-link=\"https:\/\/costanatura41.com\/estepona-wednesday-market-2\/\" data-url=\"https:\/\/costanatura41.com\/wp-content\/uploads\/sites\/3\/2019\/09\/estepona-wednesday-market-2.jpg\" data-width=\"2560\" src=\"https:\/\/i0.wp.com\/costanatura41.com\/wp-content\/uploads\/sites\/3\/2019\/09\/estepona-wednesday-market-2.jpg?ssl=1\" data-amp-layout=\"responsive\" \/><\/figure><\/div><\/div><\/div><\/div>\n\n\n\n<a href=\"https:\/\/goo.gl\/maps\/YTUrRnsWFASZREkc9\" class=\"more-link\" target=\"_blank\" rel=\"noopener noreferrer\">Ver ubicaci\u00f3n<\/a>\n\n\n\n<hr class=\"wp-block-separator has-css-opacity\" \/>\n\n\n\n<h2 class=\"wp-block-heading\">Mercado Dominical<\/h2>\n\n\n\n<p>Todos los domingos hay un mercado en el puerto de Estepona donde se encuentra una gran variedad de cosas. Es una experiencia s\u00f3lo para estar all\u00ed y disfrutar del ambiente.<\/p>\n\n\n\n<div class=\"wp-block-jetpack-tiled-gallery aligncenter is-style-rectangular\"><div class=\"tiled-gallery__gallery\"><div class=\"tiled-gallery__row\"><div class=\"tiled-gallery__col\"><figure class=\"tiled-gallery__item\"><img decoding=\"async\" role=\"button\" tabindex=\"0\" aria-label=\"Abrir la imagen 1 de 2 en pantalla completa\"srcset=\"https:\/\/i0.wp.com\/costanatura41.com\/wp-content\/uploads\/sites\/3\/2019\/09\/etspeona-sunday-market-3.jpg?strip=info&#038;w=600&#038;ssl=1 600w,https:\/\/i0.wp.com\/costanatura41.com\/wp-content\/uploads\/sites\/3\/2019\/09\/etspeona-sunday-market-3.jpg?strip=info&#038;w=900&#038;ssl=1 900w,https:\/\/i0.wp.com\/costanatura41.com\/wp-content\/uploads\/sites\/3\/2019\/09\/etspeona-sunday-market-3.jpg?strip=info&#038;w=1200&#038;ssl=1 1200w,https:\/\/i0.wp.com\/costanatura41.com\/wp-content\/uploads\/sites\/3\/2019\/09\/etspeona-sunday-market-3.jpg?strip=info&#038;w=1500&#038;ssl=1 1500w,https:\/\/i0.wp.com\/costanatura41.com\/wp-content\/uploads\/sites\/3\/2019\/09\/etspeona-sunday-market-3.jpg?strip=info&#038;w=1800&#038;ssl=1 1800w,https:\/\/i0.wp.com\/costanatura41.com\/wp-content\/uploads\/sites\/3\/2019\/09\/etspeona-sunday-market-3.jpg?strip=info&#038;w=2000&#038;ssl=1 2000w\" alt=\"\" data-height=\"1920\" data-id=\"1918\" data-link=\"https:\/\/costanatura41.com\/etspeona-sunday-market-3\/\" data-url=\"https:\/\/costanatura41.com\/wp-content\/uploads\/sites\/3\/2019\/09\/etspeona-sunday-market-3.jpg\" data-width=\"2560\" src=\"https:\/\/i0.wp.com\/costanatura41.com\/wp-content\/uploads\/sites\/3\/2019\/09\/etspeona-sunday-market-3.jpg?ssl=1\" data-amp-layout=\"responsive\" \/><\/figure><\/div><div class=\"tiled-gallery__col\"><figure class=\"tiled-gallery__item\"><img decoding=\"async\" role=\"button\" tabindex=\"0\" aria-label=\"Abrir la imagen 2 de 2 en pantalla completa\"srcset=\"https:\/\/i0.wp.com\/costanatura41.com\/wp-content\/uploads\/sites\/3\/2019\/09\/estepona-sunday-market-4.jpg?strip=info&#038;w=600&#038;ssl=1 600w,https:\/\/i0.wp.com\/costanatura41.com\/wp-content\/uploads\/sites\/3\/2019\/09\/estepona-sunday-market-4.jpg?strip=info&#038;w=900&#038;ssl=1 900w,https:\/\/i0.wp.com\/costanatura41.com\/wp-content\/uploads\/sites\/3\/2019\/09\/estepona-sunday-market-4.jpg?strip=info&#038;w=1200&#038;ssl=1 1200w,https:\/\/i0.wp.com\/costanatura41.com\/wp-content\/uploads\/sites\/3\/2019\/09\/estepona-sunday-market-4.jpg?strip=info&#038;w=1500&#038;ssl=1 1500w,https:\/\/i0.wp.com\/costanatura41.com\/wp-content\/uploads\/sites\/3\/2019\/09\/estepona-sunday-market-4.jpg?strip=info&#038;w=1800&#038;ssl=1 1800w,https:\/\/i0.wp.com\/costanatura41.com\/wp-content\/uploads\/sites\/3\/2019\/09\/estepona-sunday-market-4.jpg?strip=info&#038;w=1920&#038;ssl=1 1920w\" alt=\"\" data-height=\"2560\" data-id=\"1930\" data-link=\"https:\/\/costanatura41.com\/estepona-sunday-market-4\/\" data-url=\"https:\/\/costanatura41.com\/wp-content\/uploads\/sites\/3\/2019\/09\/estepona-sunday-market-4.jpg\" data-width=\"1920\" src=\"https:\/\/i0.wp.com\/costanatura41.com\/wp-content\/uploads\/sites\/3\/2019\/09\/estepona-sunday-market-4.jpg?ssl=1\" data-amp-layout=\"responsive\" \/><\/figure><\/div><\/div><\/div><\/div>\n\n\n\n<a href=\"https:\/\/goo.gl\/maps\/M1eJKNz8LBttD8g18\" class=\"more-link\" target=\"_blank\" rel=\"noopener noreferrer\">Ver ubicaci\u00f3n<\/a>\n","protected":false},"excerpt":{"rendered":"<p>En Estepona, hay un mercado callejero local los mi\u00e9rcoles donde se pueden comprar todo tipo de cosas, incluyendo frutas y verduras. El mercado del puerto deportivo dominical en el puerto tiene lo que llamamos \u00abcosas m\u00e1s tur\u00edsticas\u00bb.<\/p>\n","protected":false},"author":3,"featured_media":1889,"parent":2174,"menu_order":4,"comment_status":"closed","ping_status":"closed","template":"template-boxed-page.php","meta":{"_monsterinsights_skip_tracking":false,"_monsterinsights_sitenote_active":false,"_monsterinsights_sitenote_note":"","_monsterinsights_sitenote_category":0,"jetpack_post_was_ever_published":false,"footnotes":""},"class_list":["post-2176","page","type-page","status-publish","has-post-thumbnail","hentry"],"yoast_head":"<!-- This site is optimized with the Yoast SEO plugin v27.4 - https:\/\/yoast.com\/product\/yoast-seo-wordpress\/ -->\n<title>Mercados - COSTANATURA 41<\/title>\n<meta name=\"robots\" content=\"index, follow, max-snippet:-1, max-image-preview:large, max-video-preview:-1\" \/>\n<link rel=\"canonical\" href=\"https:\/\/costanatura41.com\/es\/el-barrio\/mercados\/\" \/>\n<meta property=\"og:locale\" content=\"es_ES\" \/>\n<meta property=\"og:type\" content=\"article\" \/>\n<meta property=\"og:title\" content=\"Mercados - COSTANATURA 41\" \/>\n<meta property=\"og:description\" content=\"En Estepona, hay un mercado callejero local los mi\u00e9rcoles donde se pueden comprar todo tipo de cosas, incluyendo frutas y verduras. El mercado del puerto deportivo dominical en el puerto tiene lo que llamamos \u00abcosas m\u00e1s tur\u00edsticas\u00bb.\" \/>\n<meta property=\"og:url\" content=\"https:\/\/costanatura41.com\/es\/el-barrio\/mercados\/\" \/>\n<meta property=\"og:site_name\" content=\"COSTANATURA 41\" \/>\n<meta property=\"article:modified_time\" content=\"2025-05-26T14:42:55+00:00\" \/>\n<meta property=\"og:image\" content=\"https:\/\/costanatura41.com\/wp-content\/uploads\/sites\/3\/2019\/09\/estepona-sunday-market-1.jpg\" \/>\n\t<meta property=\"og:image:width\" content=\"2560\" \/>\n\t<meta property=\"og:image:height\" content=\"1920\" \/>\n\t<meta property=\"og:image:type\" content=\"image\/jpeg\" \/>\n<meta name=\"twitter:card\" content=\"summary_large_image\" \/>\n<meta name=\"twitter:label1\" content=\"Tiempo de lectura\" \/>\n\t<meta name=\"twitter:data1\" content=\"2 minuto\" \/>\n<script type=\"application\/ld+json\" class=\"yoast-schema-graph\">{\"@context\":\"https:\\\/\\\/schema.org\",\"@graph\":[{\"@type\":\"WebPage\",\"@id\":\"https:\\\/\\\/costanatura41.com\\\/es\\\/el-barrio\\\/mercados\\\/\",\"url\":\"https:\\\/\\\/costanatura41.com\\\/es\\\/el-barrio\\\/mercados\\\/\",\"name\":\"Mercados - COSTANATURA 41\",\"isPartOf\":{\"@id\":\"https:\\\/\\\/costanatura41.com\\\/es\\\/#website\"},\"primaryImageOfPage\":{\"@id\":\"https:\\\/\\\/costanatura41.com\\\/es\\\/el-barrio\\\/mercados\\\/#primaryimage\"},\"image\":{\"@id\":\"https:\\\/\\\/costanatura41.com\\\/es\\\/el-barrio\\\/mercados\\\/#primaryimage\"},\"thumbnailUrl\":\"https:\\\/\\\/i0.wp.com\\\/costanatura41.com\\\/wp-content\\\/uploads\\\/sites\\\/3\\\/2019\\\/09\\\/estepona-sunday-market-1.jpg?fit=2560%2C1920&ssl=1\",\"datePublished\":\"2020-04-02T06:54:34+00:00\",\"dateModified\":\"2025-05-26T14:42:55+00:00\",\"breadcrumb\":{\"@id\":\"https:\\\/\\\/costanatura41.com\\\/es\\\/el-barrio\\\/mercados\\\/#breadcrumb\"},\"inLanguage\":\"es\",\"potentialAction\":[{\"@type\":\"ReadAction\",\"target\":[\"https:\\\/\\\/costanatura41.com\\\/es\\\/el-barrio\\\/mercados\\\/\"]}]},{\"@type\":\"ImageObject\",\"inLanguage\":\"es\",\"@id\":\"https:\\\/\\\/costanatura41.com\\\/es\\\/el-barrio\\\/mercados\\\/#primaryimage\",\"url\":\"https:\\\/\\\/i0.wp.com\\\/costanatura41.com\\\/wp-content\\\/uploads\\\/sites\\\/3\\\/2019\\\/09\\\/estepona-sunday-market-1.jpg?fit=2560%2C1920&ssl=1\",\"contentUrl\":\"https:\\\/\\\/i0.wp.com\\\/costanatura41.com\\\/wp-content\\\/uploads\\\/sites\\\/3\\\/2019\\\/09\\\/estepona-sunday-market-1.jpg?fit=2560%2C1920&ssl=1\",\"width\":2560,\"height\":1920},{\"@type\":\"BreadcrumbList\",\"@id\":\"https:\\\/\\\/costanatura41.com\\\/es\\\/el-barrio\\\/mercados\\\/#breadcrumb\",\"itemListElement\":[{\"@type\":\"ListItem\",\"position\":1,\"name\":\"Home\",\"item\":\"https:\\\/\\\/costanatura41.com\\\/es\\\/\"},{\"@type\":\"ListItem\",\"position\":2,\"name\":\"El barrio\",\"item\":\"https:\\\/\\\/costanatura41.com\\\/es\\\/el-barrio\\\/\"},{\"@type\":\"ListItem\",\"position\":3,\"name\":\"Mercados\"}]},{\"@type\":\"WebSite\",\"@id\":\"https:\\\/\\\/costanatura41.com\\\/es\\\/#website\",\"url\":\"https:\\\/\\\/costanatura41.com\\\/es\\\/\",\"name\":\"Costanatura 41\",\"description\":\"Naturist Holiday Rent\",\"publisher\":{\"@id\":\"https:\\\/\\\/costanatura41.com\\\/es\\\/#organization\"},\"potentialAction\":[{\"@type\":\"SearchAction\",\"target\":{\"@type\":\"EntryPoint\",\"urlTemplate\":\"https:\\\/\\\/costanatura41.com\\\/es\\\/?s={search_term_string}\"},\"query-input\":{\"@type\":\"PropertyValueSpecification\",\"valueRequired\":true,\"valueName\":\"search_term_string\"}}],\"inLanguage\":\"es\"},{\"@type\":\"Organization\",\"@id\":\"https:\\\/\\\/costanatura41.com\\\/es\\\/#organization\",\"name\":\"Costa Natura Apartment 41\",\"url\":\"https:\\\/\\\/costanatura41.com\\\/es\\\/\",\"logo\":{\"@type\":\"ImageObject\",\"inLanguage\":\"es\",\"@id\":\"https:\\\/\\\/costanatura41.com\\\/es\\\/#\\\/schema\\\/logo\\\/image\\\/\",\"url\":\"\",\"contentUrl\":\"\",\"caption\":\"Costa Natura Apartment 41\"},\"image\":{\"@id\":\"https:\\\/\\\/costanatura41.com\\\/es\\\/#\\\/schema\\\/logo\\\/image\\\/\"}}]}<\/script>\n<!-- \/ Yoast SEO plugin. -->","yoast_head_json":{"title":"Mercados - COSTANATURA 41","robots":{"index":"index","follow":"follow","max-snippet":"max-snippet:-1","max-image-preview":"max-image-preview:large","max-video-preview":"max-video-preview:-1"},"canonical":"https:\/\/costanatura41.com\/es\/el-barrio\/mercados\/","og_locale":"es_ES","og_type":"article","og_title":"Mercados - COSTANATURA 41","og_description":"En Estepona, hay un mercado callejero local los mi\u00e9rcoles donde se pueden comprar todo tipo de cosas, incluyendo frutas y verduras. El mercado del puerto deportivo dominical en el puerto tiene lo que llamamos \u00abcosas m\u00e1s tur\u00edsticas\u00bb.","og_url":"https:\/\/costanatura41.com\/es\/el-barrio\/mercados\/","og_site_name":"COSTANATURA 41","article_modified_time":"2025-05-26T14:42:55+00:00","og_image":[{"width":2560,"height":1920,"url":"https:\/\/costanatura41.com\/wp-content\/uploads\/sites\/3\/2019\/09\/estepona-sunday-market-1.jpg","type":"image\/jpeg"}],"twitter_card":"summary_large_image","twitter_misc":{"Tiempo de lectura":"2 minuto"},"schema":{"@context":"https:\/\/schema.org","@graph":[{"@type":"WebPage","@id":"https:\/\/costanatura41.com\/es\/el-barrio\/mercados\/","url":"https:\/\/costanatura41.com\/es\/el-barrio\/mercados\/","name":"Mercados - COSTANATURA 41","isPartOf":{"@id":"https:\/\/costanatura41.com\/es\/#website"},"primaryImageOfPage":{"@id":"https:\/\/costanatura41.com\/es\/el-barrio\/mercados\/#primaryimage"},"image":{"@id":"https:\/\/costanatura41.com\/es\/el-barrio\/mercados\/#primaryimage"},"thumbnailUrl":"https:\/\/i0.wp.com\/costanatura41.com\/wp-content\/uploads\/sites\/3\/2019\/09\/estepona-sunday-market-1.jpg?fit=2560%2C1920&ssl=1","datePublished":"2020-04-02T06:54:34+00:00","dateModified":"2025-05-26T14:42:55+00:00","breadcrumb":{"@id":"https:\/\/costanatura41.com\/es\/el-barrio\/mercados\/#breadcrumb"},"inLanguage":"es","potentialAction":[{"@type":"ReadAction","target":["https:\/\/costanatura41.com\/es\/el-barrio\/mercados\/"]}]},{"@type":"ImageObject","inLanguage":"es","@id":"https:\/\/costanatura41.com\/es\/el-barrio\/mercados\/#primaryimage","url":"https:\/\/i0.wp.com\/costanatura41.com\/wp-content\/uploads\/sites\/3\/2019\/09\/estepona-sunday-market-1.jpg?fit=2560%2C1920&ssl=1","contentUrl":"https:\/\/i0.wp.com\/costanatura41.com\/wp-content\/uploads\/sites\/3\/2019\/09\/estepona-sunday-market-1.jpg?fit=2560%2C1920&ssl=1","width":2560,"height":1920},{"@type":"BreadcrumbList","@id":"https:\/\/costanatura41.com\/es\/el-barrio\/mercados\/#breadcrumb","itemListElement":[{"@type":"ListItem","position":1,"name":"Home","item":"https:\/\/costanatura41.com\/es\/"},{"@type":"ListItem","position":2,"name":"El barrio","item":"https:\/\/costanatura41.com\/es\/el-barrio\/"},{"@type":"ListItem","position":3,"name":"Mercados"}]},{"@type":"WebSite","@id":"https:\/\/costanatura41.com\/es\/#website","url":"https:\/\/costanatura41.com\/es\/","name":"Costanatura 41","description":"Naturist Holiday Rent","publisher":{"@id":"https:\/\/costanatura41.com\/es\/#organization"},"potentialAction":[{"@type":"SearchAction","target":{"@type":"EntryPoint","urlTemplate":"https:\/\/costanatura41.com\/es\/?s={search_term_string}"},"query-input":{"@type":"PropertyValueSpecification","valueRequired":true,"valueName":"search_term_string"}}],"inLanguage":"es"},{"@type":"Organization","@id":"https:\/\/costanatura41.com\/es\/#organization","name":"Costa Natura Apartment 41","url":"https:\/\/costanatura41.com\/es\/","logo":{"@type":"ImageObject","inLanguage":"es","@id":"https:\/\/costanatura41.com\/es\/#\/schema\/logo\/image\/","url":"","contentUrl":"","caption":"Costa Natura Apartment 41"},"image":{"@id":"https:\/\/costanatura41.com\/es\/#\/schema\/logo\/image\/"}}]}},"jetpack_sharing_enabled":true,"jetpack_shortlink":"https:\/\/wp.me\/PaF7DC-z6","jetpack-related-posts":[{"id":2180,"url":"https:\/\/costanatura41.com\/es\/direcciones\/","url_meta":{"origin":2176,"position":0},"title":"Direcciones","author":"Costa Natura 41","date":"2 abril, 2020","format":false,"excerpt":"C\u00f3mo llegar a Costa Natura desde el Aeropuerto de M\u00e1laga (AGP) 1 Tome la A-7 hacia Algeciras\/C\u00e1diz. Esta carretera discurre paralela a la costa.Permanezca en la A-7 (peaje gratis) o tome la AP-7 (carretera de peaje) que es m\u00e1s r\u00e1pida y menos concurrida. Si eliges la AP-7, la tarifa es\u2026","rel":"","context":"Entrada similar","block_context":{"text":"Entrada similar","link":""},"img":{"alt_text":"Map with directions from Malaga airport.","src":"https:\/\/i0.wp.com\/costanatura41.com\/wp-content\/uploads\/sites\/3\/2019\/08\/directions-from-agp-1-1.jpg?fit=2546%2C1592&ssl=1&resize=350%2C200","width":350,"height":200,"srcset":"https:\/\/i0.wp.com\/costanatura41.com\/wp-content\/uploads\/sites\/3\/2019\/08\/directions-from-agp-1-1.jpg?fit=2546%2C1592&ssl=1&resize=350%2C200 1x, https:\/\/i0.wp.com\/costanatura41.com\/wp-content\/uploads\/sites\/3\/2019\/08\/directions-from-agp-1-1.jpg?fit=2546%2C1592&ssl=1&resize=525%2C300 1.5x, https:\/\/i0.wp.com\/costanatura41.com\/wp-content\/uploads\/sites\/3\/2019\/08\/directions-from-agp-1-1.jpg?fit=2546%2C1592&ssl=1&resize=700%2C400 2x, https:\/\/i0.wp.com\/costanatura41.com\/wp-content\/uploads\/sites\/3\/2019\/08\/directions-from-agp-1-1.jpg?fit=2546%2C1592&ssl=1&resize=1050%2C600 3x, https:\/\/i0.wp.com\/costanatura41.com\/wp-content\/uploads\/sites\/3\/2019\/08\/directions-from-agp-1-1.jpg?fit=2546%2C1592&ssl=1&resize=1400%2C800 4x"},"classes":[]},{"id":2167,"url":"https:\/\/costanatura41.com\/es\/el-barrio\/caminar-y-caminar\/","url_meta":{"origin":2176,"position":1},"title":"Caminar y caminar","author":"Costa Natura 41","date":"2 abril, 2020","format":false,"excerpt":"Andaluc\u00eda ofrece una gran variedad de opciones de senderismo y senderismo. \u00a1El Caminito del Rey no es para los de coraz\u00f3n! Una opci\u00f3n m\u00e1s f\u00e1cil es el Paseo Mar\u00edtimo en Estepona. El Caminito del Rey El Caminito del Rey es una pasarela, anclada a lo largo de las escarpadas paredes\u2026","rel":"","context":"Entrada similar","block_context":{"text":"Entrada similar","link":""},"img":{"alt_text":"","src":"https:\/\/i0.wp.com\/costanatura41.com\/wp-content\/uploads\/sites\/3\/2019\/08\/el-caminito-del-rey-2.jpg?fit=1200%2C720&ssl=1&resize=350%2C200","width":350,"height":200,"srcset":"https:\/\/i0.wp.com\/costanatura41.com\/wp-content\/uploads\/sites\/3\/2019\/08\/el-caminito-del-rey-2.jpg?fit=1200%2C720&ssl=1&resize=350%2C200 1x, https:\/\/i0.wp.com\/costanatura41.com\/wp-content\/uploads\/sites\/3\/2019\/08\/el-caminito-del-rey-2.jpg?fit=1200%2C720&ssl=1&resize=525%2C300 1.5x, https:\/\/i0.wp.com\/costanatura41.com\/wp-content\/uploads\/sites\/3\/2019\/08\/el-caminito-del-rey-2.jpg?fit=1200%2C720&ssl=1&resize=700%2C400 2x, https:\/\/i0.wp.com\/costanatura41.com\/wp-content\/uploads\/sites\/3\/2019\/08\/el-caminito-del-rey-2.jpg?fit=1200%2C720&ssl=1&resize=1050%2C600 3x"},"classes":[]},{"id":2174,"url":"https:\/\/costanatura41.com\/es\/el-barrio\/","url_meta":{"origin":2176,"position":2},"title":"El barrio","author":"Costa Natura 41","date":"2 abril, 2020","format":false,"excerpt":"Costa Natura se encuentra en las afueras del sur de Estepona. En marea baja, un paseo de 45 minutos a lo largo de la playa le llevar\u00e1 al puerto. Otros 10-15 minutos le llevar\u00e1n al centro de la ciudad. Tambi\u00e9n se puede tomar el autob\u00fas justo fuera del complejo o\u2026","rel":"","context":"Entrada similar","block_context":{"text":"Entrada similar","link":""},"img":{"alt_text":"","src":"","width":0,"height":0},"classes":[]},{"id":2166,"url":"https:\/\/costanatura41.com\/es\/el-barrio\/cafes-y-restaurantes\/","url_meta":{"origin":2176,"position":3},"title":"Caf\u00e9s y restaurantes","author":"Costa Natura 41","date":"2 abril, 2020","format":false,"excerpt":"Estepona est\u00e1 a poca distancia en coche de la Costa Natura. Cuenta con una gran variedad de cafeter\u00edas y restaurantes en el casco antiguo, el puerto y el centro de la ciudad. La Casa del Rey La Casa del Rey es un bar-gastro con un ambiente muy agradable. Tienen asientos\u2026","rel":"","context":"Entrada similar","block_context":{"text":"Entrada similar","link":""},"img":{"alt_text":"","src":"https:\/\/i0.wp.com\/costanatura41.com\/wp-content\/uploads\/sites\/3\/2019\/05\/estepona-restaurant-1.jpg?fit=1200%2C900&ssl=1&resize=350%2C200","width":350,"height":200,"srcset":"https:\/\/i0.wp.com\/costanatura41.com\/wp-content\/uploads\/sites\/3\/2019\/05\/estepona-restaurant-1.jpg?fit=1200%2C900&ssl=1&resize=350%2C200 1x, https:\/\/i0.wp.com\/costanatura41.com\/wp-content\/uploads\/sites\/3\/2019\/05\/estepona-restaurant-1.jpg?fit=1200%2C900&ssl=1&resize=525%2C300 1.5x, https:\/\/i0.wp.com\/costanatura41.com\/wp-content\/uploads\/sites\/3\/2019\/05\/estepona-restaurant-1.jpg?fit=1200%2C900&ssl=1&resize=700%2C400 2x, https:\/\/i0.wp.com\/costanatura41.com\/wp-content\/uploads\/sites\/3\/2019\/05\/estepona-restaurant-1.jpg?fit=1200%2C900&ssl=1&resize=1050%2C600 3x"},"classes":[]},{"id":2168,"url":"https:\/\/costanatura41.com\/es\/el-barrio\/atracciones-culturales\/","url_meta":{"origin":2176,"position":4},"title":"Atracciones culturales","author":"Costa Natura 41","date":"2 abril, 2020","format":false,"excerpt":"El centro hist\u00f3rico de Estepona es encantador con bonitas macetas que adornan las paredes de sus pintorescas calles, plazas y callejones. La ciudad tambi\u00e9n ofrece atracciones modernas como el Orchidarium. Centro Hist\u00f3rico Centro hist\u00f3rico est\u00e1 lleno de ambiente y muestra una peque\u00f1a parte de la vida en un pueblo t\u00edpico\u2026","rel":"","context":"Entrada similar","block_context":{"text":"Entrada similar","link":""},"img":{"alt_text":"","src":"https:\/\/i0.wp.com\/costanatura41.com\/wp-content\/uploads\/sites\/3\/2019\/05\/estepona-13.jpg?fit=1200%2C900&ssl=1&resize=350%2C200","width":350,"height":200,"srcset":"https:\/\/i0.wp.com\/costanatura41.com\/wp-content\/uploads\/sites\/3\/2019\/05\/estepona-13.jpg?fit=1200%2C900&ssl=1&resize=350%2C200 1x, https:\/\/i0.wp.com\/costanatura41.com\/wp-content\/uploads\/sites\/3\/2019\/05\/estepona-13.jpg?fit=1200%2C900&ssl=1&resize=525%2C300 1.5x, https:\/\/i0.wp.com\/costanatura41.com\/wp-content\/uploads\/sites\/3\/2019\/05\/estepona-13.jpg?fit=1200%2C900&ssl=1&resize=700%2C400 2x, https:\/\/i0.wp.com\/costanatura41.com\/wp-content\/uploads\/sites\/3\/2019\/05\/estepona-13.jpg?fit=1200%2C900&ssl=1&resize=1050%2C600 3x"},"classes":[]},{"id":2179,"url":"https:\/\/costanatura41.com\/es\/naturismo\/","url_meta":{"origin":2176,"position":5},"title":"Naturismo","author":"Costa Natura 41","date":"2 abril, 2020","format":false,"excerpt":"El naturismo es una opci\u00f3n de estilo de vida. La Federaci\u00f3n Naturista Internacional(INF)define el naturismo de esta manera: \"Es una forma de vida en armon\u00eda con la naturaleza, expresada a trav\u00e9s de la desnudez social, vinculada a la autoestima, tolerancia de diferentes puntos de vista junto con el respeto por\u2026","rel":"","context":"Entrada similar","block_context":{"text":"Entrada similar","link":""},"img":{"alt_text":"Playa naturista frente a Costa Natura vista desde el lado norte.","src":"https:\/\/i0.wp.com\/costanatura41.com\/wp-content\/uploads\/sites\/3\/2019\/09\/beach-view-2.jpg?resize=350%2C200&ssl=1","width":350,"height":200},"classes":[]}],"_links":{"self":[{"href":"https:\/\/costanatura41.com\/es\/wp-json\/wp\/v2\/pages\/2176","targetHints":{"allow":["GET"]}}],"collection":[{"href":"https:\/\/costanatura41.com\/es\/wp-json\/wp\/v2\/pages"}],"about":[{"href":"https:\/\/costanatura41.com\/es\/wp-json\/wp\/v2\/types\/page"}],"author":[{"embeddable":true,"href":"https:\/\/costanatura41.com\/es\/wp-json\/wp\/v2\/users\/3"}],"replies":[{"embeddable":true,"href":"https:\/\/costanatura41.com\/es\/wp-json\/wp\/v2\/comments?post=2176"}],"version-history":[{"count":0,"href":"https:\/\/costanatura41.com\/es\/wp-json\/wp\/v2\/pages\/2176\/revisions"}],"up":[{"embeddable":true,"href":"https:\/\/costanatura41.com\/es\/wp-json\/wp\/v2\/pages\/2174"}],"wp:featuredmedia":[{"embeddable":true,"href":"https:\/\/costanatura41.com\/es\/wp-json\/wp\/v2\/media\/1889"}],"wp:attachment":[{"href":"https:\/\/costanatura41.com\/es\/wp-json\/wp\/v2\/media?parent=2176"}],"curies":[{"name":"wp","href":"https:\/\/api.w.org\/{rel}","templated":true}]}}