{"id":2177,"date":"2020-04-02T06:54:34","date_gmt":"2020-04-02T06:54:34","guid":{"rendered":"https:\/\/costanatura41.com\/tarifas\/"},"modified":"2026-02-22T18:58:00","modified_gmt":"2026-02-22T18:58:00","slug":"tarifas","status":"publish","type":"page","link":"https:\/\/costanatura41.com\/es\/tarifas\/","title":{"rendered":"Tarifas"},"content":{"rendered":"\t\t<div data-elementor-type=\"wp-post\" data-elementor-id=\"2177\" class=\"elementor elementor-2177 elementor-750\">\n\t\t\t\t\t\t<section class=\"elementor-section elementor-top-section elementor-element elementor-element-7263198 elementor-section-boxed elementor-section-height-default elementor-section-height-default\" data-id=\"7263198\" data-element_type=\"section\" data-e-type=\"section\">\n\t\t\t\t\t\t<div class=\"elementor-container elementor-column-gap-default\">\n\t\t\t\t\t<div class=\"elementor-column elementor-col-100 elementor-top-column elementor-element elementor-element-3d9c28f\" data-id=\"3d9c28f\" data-element_type=\"column\" data-e-type=\"column\">\n\t\t\t<div class=\"elementor-widget-wrap elementor-element-populated\">\n\t\t\t\t\t\t<div class=\"elementor-element elementor-element-4e14202 elementor-widget elementor-widget-text-editor\" data-id=\"4e14202\" data-element_type=\"widget\" data-e-type=\"widget\" data-widget_type=\"text-editor.default\">\n\t\t\t\t<div class=\"elementor-widget-container\">\n\t\t\t\t\t\t\t\t\t<p>Las tarifas de alquiler para la temporada 2026\/2027 :\u00a0<\/p>\t\t\t\t\t\t\t\t<\/div>\n\t\t\t\t<\/div>\n\t\t\t\t<section class=\"elementor-section elementor-inner-section elementor-element elementor-element-174118d elementor-section-boxed elementor-section-height-default elementor-section-height-default\" data-id=\"174118d\" data-element_type=\"section\" data-e-type=\"section\">\n\t\t\t\t\t\t<div class=\"elementor-container elementor-column-gap-default\">\n\t\t\t\t\t<div class=\"elementor-column elementor-col-50 elementor-inner-column elementor-element elementor-element-9234ee5\" data-id=\"9234ee5\" data-element_type=\"column\" data-e-type=\"column\">\n\t\t\t<div class=\"elementor-widget-wrap elementor-element-populated\">\n\t\t\t\t\t\t<div class=\"elementor-element elementor-element-208e4ed elementor-widget elementor-widget-html\" data-id=\"208e4ed\" data-element_type=\"widget\" data-e-type=\"widget\" data-widget_type=\"html.default\">\n\t\t\t\t<div class=\"elementor-widget-container\">\n\t\t\t\t\t<table>\n<thead>\n<tr>\n<th id=\"HEADER\">Mes<\/th>\n<th id=\"HEADER\">Precio por noche<\/th>\n<\/tr>\n<\/thead>\n<tbody>\n<tr>\n<td>Enero<\/td>\n<td>91 \u20ac<\/td>\n<\/tr>\n<tr>\n<td>Febrero<\/td>\n<td>91 \u20ac<\/td>\n<\/tr>\n<tr>\n<td>Marzo<\/td>\n<td>121 \u20ac<\/td>\n<\/tr>\n<tr>\n<td>Abril<\/td>\n<td>121 \u20ac<\/td>\n<\/tr>\n<tr>\n<td>Mayo<\/td>\n<td>154 \u20ac<\/td>\n<\/tr>\n<tr>\n<td>Junio<\/td>\n<td>154 \u20ac<\/td>\n<\/tr>\n<\/tbody>\n<\/table>\t\t\t\t<\/div>\n\t\t\t\t<\/div>\n\t\t\t\t\t<\/div>\n\t\t<\/div>\n\t\t\t\t<div class=\"elementor-column elementor-col-50 elementor-inner-column elementor-element elementor-element-bc91491\" data-id=\"bc91491\" data-element_type=\"column\" data-e-type=\"column\">\n\t\t\t<div class=\"elementor-widget-wrap elementor-element-populated\">\n\t\t\t\t\t\t<div class=\"elementor-element elementor-element-304d8e5 elementor-widget elementor-widget-html\" data-id=\"304d8e5\" data-element_type=\"widget\" data-e-type=\"widget\" data-widget_type=\"html.default\">\n\t\t\t\t<div class=\"elementor-widget-container\">\n\t\t\t\t\t<table>\n<thead><tr>\n<th>Mes<\/th>\n<th>Precio por noche<\/th>\n<\/tr>\n<tr>\n<td>Julio<\/td>\n<td>186 \u20ac<\/td>\n<\/tr>\n<tr>\n<td>Agosto<\/td>\n<td>186 \u20ac<\/td>\n<\/tr>\n<tr>\n<td>Septiembre<\/td>\n<td>186 \u20ac<\/td>\n<\/tr>\n<tr>\n<td>Octubre<\/td>\n<td>154 \u20ac<\/td>\n<\/tr>\n<tr>\n<td>Noviembre<\/td>\n<td>91 \u20ac<\/td>\n<\/tr>\n<tr>\n<td>Diciembre<\/td>\n<td>91 \u20ac<\/td>\n<\/tr>\n<\/tbody>\n<\/table>\t\t\t\t<\/div>\n\t\t\t\t<\/div>\n\t\t\t\t\t<\/div>\n\t\t<\/div>\n\t\t\t\t\t<\/div>\n\t\t<\/section>\n\t\t\t\t<div class=\"elementor-element elementor-element-94338a5 elementor-widget elementor-widget-text-editor\" data-id=\"94338a5\" data-element_type=\"widget\" data-e-type=\"widget\" data-widget_type=\"text-editor.default\">\n\t\t\t\t<div class=\"elementor-widget-container\">\n\t\t\t\t\t\t\t\t\t<p>Todos los precios tienen para un suplemento de 2 personas e incluyen impuestos. Los hu\u00e9spedes adicionales pueden abonar un suplemento de 10 EUR por persona y noche. Estancia m\u00ednima de 3 noches. Se cobrar\u00e1 la limpieza final si la estancia es inferior a 5 noches.  <\/p><p>Los precios anteriores incluyen acceso gratuito a todos los servicios de Costa Natura, como la piscina, jacuzzi y sauna. Tambi\u00e9n puedes apuntarte a eventos como yoga, pilates y gimnasia acu\u00e1tica cuando est\u00e9n disponibles. En los meses de verano hay eventos especiales diarios para los ni\u00f1os.  <\/p>\t\t\t\t\t\t\t\t<\/div>\n\t\t\t\t<\/div>\n\t\t\t\t<div class=\"elementor-element elementor-element-7706fca elementor-widget elementor-widget-heading\" data-id=\"7706fca\" data-element_type=\"widget\" data-e-type=\"widget\" data-widget_type=\"heading.default\">\n\t\t\t\t<div class=\"elementor-widget-container\">\n\t\t\t\t\t<h4 class=\"elementor-heading-title elementor-size-default\">Oferta Larga Estancia - de Noviembre a Marzo<\/h4>\t\t\t\t<\/div>\n\t\t\t\t<\/div>\n\t\t\t\t<section class=\"elementor-section elementor-inner-section elementor-element elementor-element-725cdcc elementor-section-boxed elementor-section-height-default elementor-section-height-default\" data-id=\"725cdcc\" data-element_type=\"section\" data-e-type=\"section\">\n\t\t\t\t\t\t<div class=\"elementor-container elementor-column-gap-default\">\n\t\t\t\t\t<div class=\"elementor-column elementor-col-50 elementor-inner-column elementor-element elementor-element-bece634\" data-id=\"bece634\" data-element_type=\"column\" data-e-type=\"column\">\n\t\t\t<div class=\"elementor-widget-wrap elementor-element-populated\">\n\t\t\t\t\t\t<div class=\"elementor-element elementor-element-7cbcea2 elementor-widget elementor-widget-html\" data-id=\"7cbcea2\" data-element_type=\"widget\" data-e-type=\"widget\" data-widget_type=\"html.default\">\n\t\t\t\t<div class=\"elementor-widget-container\">\n\t\t\t\t\t<table>\n<thead>\n<tr>\n<th id=\"HEADER\">Mes<\/th>\n<th id=\"HEADER\">Precio por noche <br> (m\u00ednimo 30 d\u00edas)<\/th>\n<\/tr>\n<\/thead>\n<tbody>\n<tr>\n<td>Noviembre<\/td>\n<td>57 \u20ac<\/td>\n<\/tr>\n<tr>\n<td>Diciembre<\/td>\n<td>57 \u20ac<\/td>\n<\/tr>\n\n<\/tbody>\n<\/table>\t\t\t\t<\/div>\n\t\t\t\t<\/div>\n\t\t\t\t\t<\/div>\n\t\t<\/div>\n\t\t\t\t<div class=\"elementor-column elementor-col-50 elementor-inner-column elementor-element elementor-element-757cd4e\" data-id=\"757cd4e\" data-element_type=\"column\" data-e-type=\"column\">\n\t\t\t<div class=\"elementor-widget-wrap elementor-element-populated\">\n\t\t\t\t\t\t<div class=\"elementor-element elementor-element-2eba84f elementor-widget elementor-widget-html\" data-id=\"2eba84f\" data-element_type=\"widget\" data-e-type=\"widget\" data-widget_type=\"html.default\">\n\t\t\t\t<div class=\"elementor-widget-container\">\n\t\t\t\t\t<table>\n<thead>\n<tr>\n<th id=\"HEADER\">Mes<\/th>\n<th id=\"HEADER\">Precio por noche <br> (m\u00ednimo 30 d\u00edas)<\/th>\n<\/tr>\n<\/thead>\n<tbody>\n\n<tr>\n<td>Enero<\/td>\n<td>57 \u20ac<\/td>\n<\/tr>\n<tr>\n<td>Febrero<\/td>\n<td>57 \u20ac<\/td>\n<\/tr>\n<tr>\n<td>Marzo<\/td>\n<td>57 \u20ac<\/td>\n<\/tr>\n<\/tbody>\n<\/table>\t\t\t\t<\/div>\n\t\t\t\t<\/div>\n\t\t\t\t\t<\/div>\n\t\t<\/div>\n\t\t\t\t\t<\/div>\n\t\t<\/section>\n\t\t\t\t\t<\/div>\n\t\t<\/div>\n\t\t\t\t\t<\/div>\n\t\t<\/section>\n\t\t\t\t<section class=\"elementor-section elementor-top-section elementor-element elementor-element-dfe3e7c elementor-section-boxed elementor-section-height-default elementor-section-height-default\" data-id=\"dfe3e7c\" data-element_type=\"section\" data-e-type=\"section\">\n\t\t\t\t\t\t<div class=\"elementor-container elementor-column-gap-default\">\n\t\t\t\t\t<div class=\"elementor-column elementor-col-100 elementor-top-column elementor-element elementor-element-773ffd8\" data-id=\"773ffd8\" data-element_type=\"column\" data-e-type=\"column\">\n\t\t\t<div class=\"elementor-widget-wrap elementor-element-populated\">\n\t\t\t\t\t\t<div class=\"elementor-element elementor-element-8099d16 elementor-widget elementor-widget-html\" data-id=\"8099d16\" data-element_type=\"widget\" data-e-type=\"widget\" data-widget_type=\"html.default\">\n\t\t\t\t<div class=\"elementor-widget-container\">\n\t\t\t\t\t<div class=\"elementor-element elementor-element-2a11e70 elementor-widget elementor-align-center elementor-widget-button\" data-id=\"2a11e70\">\n\t\t\t\t<div class=\"elementor-widget-container\">\n\t\t\t\t\t<div class=\"elementor-button-wrapper\">\n\t\t\t<a href=\"https:\/\/costanatura.com\/accommodation\/apartment-41\/\" class=\"elementor-button-link elementor-button elementor-size-md\" target=\"_blank\" role=\"button\">\n\t\t\t\t\t\t<span class=\"elementor-button-content-wrapper\">\n\t\t\t\t\t\t<span class=\"elementor-button-text\">Reserve ahora<\/span>\n\t\t<\/span>\n\t\t\t\t\t<\/a>\n\t\t<\/div>\n\t\t\t\t<\/div>\n\t\t\t\t<\/div>\t\t\t\t<\/div>\n\t\t\t\t<\/div>\n\t\t\t\t\t<\/div>\n\t\t<\/div>\n\t\t\t\t\t<\/div>\n\t\t<\/section>\n\t\t\t\t<\/div>\n\t\t","protected":false},"excerpt":{"rendered":"<p>Las tarifas de alquiler para la temporada 2026\/2027 :\u00a0 Mes Precio por noche Enero 91 \u20ac Febrero 91 \u20ac Marzo 121 \u20ac Abril 121 \u20ac Mayo 154 \u20ac Junio 154 \u20ac Mes Precio por noche Julio 186 \u20ac Agosto 186 \u20ac Septiembre 186 \u20ac Octubre 154 \u20ac Noviembre 91 \u20ac Diciembre 91 \u20ac Todos los &hellip; <a href=\"https:\/\/costanatura41.com\/es\/tarifas\/\" class=\"more-link\">Continue reading<span class=\"screen-reader-text\"> \u00abTarifas\u00bb<\/span><\/a><\/p>\n","protected":false},"author":7,"featured_media":0,"parent":0,"menu_order":0,"comment_status":"closed","ping_status":"closed","template":"template-full-width-page.php","meta":{"_monsterinsights_skip_tracking":false,"_monsterinsights_sitenote_active":false,"_monsterinsights_sitenote_note":"","_monsterinsights_sitenote_category":0,"jetpack_post_was_ever_published":false,"footnotes":""},"class_list":["post-2177","page","type-page","status-publish","hentry"],"yoast_head":"<!-- This site is optimized with the Yoast SEO plugin v27.3 - https:\/\/yoast.com\/product\/yoast-seo-wordpress\/ -->\n<title>Tarifas de alquiler - COSTANATURA 41<\/title>\n<meta name=\"description\" content=\"Tarifas de alquiler para el apartamento 41 para la temporada.\" \/>\n<meta name=\"robots\" content=\"index, follow, max-snippet:-1, max-image-preview:large, max-video-preview:-1\" \/>\n<link rel=\"canonical\" href=\"https:\/\/costanatura41.com\/es\/tarifas\/\" \/>\n<meta property=\"og:locale\" content=\"es_ES\" \/>\n<meta property=\"og:type\" content=\"article\" \/>\n<meta property=\"og:title\" content=\"Tarifas de alquiler - COSTANATURA 41\" \/>\n<meta property=\"og:description\" content=\"Tarifas de alquiler para el apartamento 41 para la temporada.\" \/>\n<meta property=\"og:url\" content=\"https:\/\/costanatura41.com\/es\/tarifas\/\" \/>\n<meta property=\"og:site_name\" content=\"COSTANATURA 41\" \/>\n<meta property=\"article:modified_time\" content=\"2026-02-22T18:58:00+00:00\" \/>\n<meta name=\"twitter:card\" content=\"summary_large_image\" \/>\n<meta name=\"twitter:label1\" content=\"Tiempo de lectura\" \/>\n\t<meta name=\"twitter:data1\" content=\"1 minuto\" \/>\n<script type=\"application\/ld+json\" class=\"yoast-schema-graph\">{\"@context\":\"https:\\\/\\\/schema.org\",\"@graph\":[{\"@type\":\"WebPage\",\"@id\":\"https:\\\/\\\/costanatura41.com\\\/es\\\/tarifas\\\/\",\"url\":\"https:\\\/\\\/costanatura41.com\\\/es\\\/tarifas\\\/\",\"name\":\"Tarifas de alquiler - COSTANATURA 41\",\"isPartOf\":{\"@id\":\"https:\\\/\\\/costanatura41.com\\\/es\\\/#website\"},\"datePublished\":\"2020-04-02T06:54:34+00:00\",\"dateModified\":\"2026-02-22T18:58:00+00:00\",\"description\":\"Tarifas de alquiler para el apartamento 41 para la temporada.\",\"breadcrumb\":{\"@id\":\"https:\\\/\\\/costanatura41.com\\\/es\\\/tarifas\\\/#breadcrumb\"},\"inLanguage\":\"es\",\"potentialAction\":[{\"@type\":\"ReadAction\",\"target\":[\"https:\\\/\\\/costanatura41.com\\\/es\\\/tarifas\\\/\"]}]},{\"@type\":\"BreadcrumbList\",\"@id\":\"https:\\\/\\\/costanatura41.com\\\/es\\\/tarifas\\\/#breadcrumb\",\"itemListElement\":[{\"@type\":\"ListItem\",\"position\":1,\"name\":\"Home\",\"item\":\"https:\\\/\\\/costanatura41.com\\\/es\\\/\"},{\"@type\":\"ListItem\",\"position\":2,\"name\":\"Tarifas\"}]},{\"@type\":\"WebSite\",\"@id\":\"https:\\\/\\\/costanatura41.com\\\/es\\\/#website\",\"url\":\"https:\\\/\\\/costanatura41.com\\\/es\\\/\",\"name\":\"Costanatura 41\",\"description\":\"Naturist Holiday Rent\",\"publisher\":{\"@id\":\"https:\\\/\\\/costanatura41.com\\\/es\\\/#organization\"},\"potentialAction\":[{\"@type\":\"SearchAction\",\"target\":{\"@type\":\"EntryPoint\",\"urlTemplate\":\"https:\\\/\\\/costanatura41.com\\\/es\\\/?s={search_term_string}\"},\"query-input\":{\"@type\":\"PropertyValueSpecification\",\"valueRequired\":true,\"valueName\":\"search_term_string\"}}],\"inLanguage\":\"es\"},{\"@type\":\"Organization\",\"@id\":\"https:\\\/\\\/costanatura41.com\\\/es\\\/#organization\",\"name\":\"Costa Natura Apartment 41\",\"url\":\"https:\\\/\\\/costanatura41.com\\\/es\\\/\",\"logo\":{\"@type\":\"ImageObject\",\"inLanguage\":\"es\",\"@id\":\"https:\\\/\\\/costanatura41.com\\\/es\\\/#\\\/schema\\\/logo\\\/image\\\/\",\"url\":\"\",\"contentUrl\":\"\",\"caption\":\"Costa Natura Apartment 41\"},\"image\":{\"@id\":\"https:\\\/\\\/costanatura41.com\\\/es\\\/#\\\/schema\\\/logo\\\/image\\\/\"}}]}<\/script>\n<!-- \/ Yoast SEO plugin. -->","yoast_head_json":{"title":"Tarifas de alquiler - COSTANATURA 41","description":"Tarifas de alquiler para el apartamento 41 para la temporada.","robots":{"index":"index","follow":"follow","max-snippet":"max-snippet:-1","max-image-preview":"max-image-preview:large","max-video-preview":"max-video-preview:-1"},"canonical":"https:\/\/costanatura41.com\/es\/tarifas\/","og_locale":"es_ES","og_type":"article","og_title":"Tarifas de alquiler - COSTANATURA 41","og_description":"Tarifas de alquiler para el apartamento 41 para la temporada.","og_url":"https:\/\/costanatura41.com\/es\/tarifas\/","og_site_name":"COSTANATURA 41","article_modified_time":"2026-02-22T18:58:00+00:00","twitter_card":"summary_large_image","twitter_misc":{"Tiempo de lectura":"1 minuto"},"schema":{"@context":"https:\/\/schema.org","@graph":[{"@type":"WebPage","@id":"https:\/\/costanatura41.com\/es\/tarifas\/","url":"https:\/\/costanatura41.com\/es\/tarifas\/","name":"Tarifas de alquiler - COSTANATURA 41","isPartOf":{"@id":"https:\/\/costanatura41.com\/es\/#website"},"datePublished":"2020-04-02T06:54:34+00:00","dateModified":"2026-02-22T18:58:00+00:00","description":"Tarifas de alquiler para el apartamento 41 para la temporada.","breadcrumb":{"@id":"https:\/\/costanatura41.com\/es\/tarifas\/#breadcrumb"},"inLanguage":"es","potentialAction":[{"@type":"ReadAction","target":["https:\/\/costanatura41.com\/es\/tarifas\/"]}]},{"@type":"BreadcrumbList","@id":"https:\/\/costanatura41.com\/es\/tarifas\/#breadcrumb","itemListElement":[{"@type":"ListItem","position":1,"name":"Home","item":"https:\/\/costanatura41.com\/es\/"},{"@type":"ListItem","position":2,"name":"Tarifas"}]},{"@type":"WebSite","@id":"https:\/\/costanatura41.com\/es\/#website","url":"https:\/\/costanatura41.com\/es\/","name":"Costanatura 41","description":"Naturist Holiday Rent","publisher":{"@id":"https:\/\/costanatura41.com\/es\/#organization"},"potentialAction":[{"@type":"SearchAction","target":{"@type":"EntryPoint","urlTemplate":"https:\/\/costanatura41.com\/es\/?s={search_term_string}"},"query-input":{"@type":"PropertyValueSpecification","valueRequired":true,"valueName":"search_term_string"}}],"inLanguage":"es"},{"@type":"Organization","@id":"https:\/\/costanatura41.com\/es\/#organization","name":"Costa Natura Apartment 41","url":"https:\/\/costanatura41.com\/es\/","logo":{"@type":"ImageObject","inLanguage":"es","@id":"https:\/\/costanatura41.com\/es\/#\/schema\/logo\/image\/","url":"","contentUrl":"","caption":"Costa Natura Apartment 41"},"image":{"@id":"https:\/\/costanatura41.com\/es\/#\/schema\/logo\/image\/"}}]}},"jetpack_sharing_enabled":true,"jetpack_shortlink":"https:\/\/wp.me\/PaF7DC-z7","jetpack-related-posts":[{"id":2280,"url":"https:\/\/costanatura41.com\/fr\/tarifs\/","url_meta":{"origin":2177,"position":0},"title":"Tarifs","author":"Costa Natura 41","date":"11 abril, 2020","format":false,"excerpt":"Les tarifs de location pour la saison 2026\/2027 :\u00a0 Mois Prix par nuit Janvier 91 \u20ac F\u00e9vrier 91 \u20ac Mars 121 \u20ac Avril 121 \u20ac Mai 154 \u20ac Juin 154 \u20ac Mois Prix par nuit Juillet 186 \u20ac Ao\u00fbt 186 \u20ac Septembre 186 \u20ac Octobre 154 \u20ac Novembre 91 \u20ac\u2026","rel":"","context":"Entrada similar","block_context":{"text":"Entrada similar","link":""},"img":{"alt_text":"","src":"","width":0,"height":0},"classes":[]},{"id":2172,"url":"https:\/\/costanatura41.com\/es\/","url_meta":{"origin":2177,"position":1},"title":"Apartamento de vacaciones naturista en el sur de Espa\u00f1a","author":"Costa Natura 41","date":"2 abril, 2025","format":false,"excerpt":"Reserve ahora Costa Natura 41 - Tu apartamento de vacaciones naturista en el sur de Espa\u00f1a Bienvenido a este fabuloso apartamento en el sur de Espa\u00f1a. Aqu\u00ed podr\u00e1 disfrutar de unas vacaciones naturistas combinadas con todas las comodidades de la vida moderna.Sobre todo, fue completamente renovado en 2019 a un\u2026","rel":"","context":"Entrada similar","block_context":{"text":"Entrada similar","link":""},"img":{"alt_text":"","src":"https:\/\/i0.wp.com\/costanatura41.com\/wp-content\/uploads\/sites\/18\/2022\/07\/cn-pool-view-3-4.jpg?fit=1200%2C900&ssl=1&resize=350%2C200","width":350,"height":200,"srcset":"https:\/\/i0.wp.com\/costanatura41.com\/wp-content\/uploads\/sites\/18\/2022\/07\/cn-pool-view-3-4.jpg?fit=1200%2C900&ssl=1&resize=350%2C200 1x, https:\/\/i0.wp.com\/costanatura41.com\/wp-content\/uploads\/sites\/18\/2022\/07\/cn-pool-view-3-4.jpg?fit=1200%2C900&ssl=1&resize=525%2C300 1.5x, https:\/\/i0.wp.com\/costanatura41.com\/wp-content\/uploads\/sites\/18\/2022\/07\/cn-pool-view-3-4.jpg?fit=1200%2C900&ssl=1&resize=700%2C400 2x, https:\/\/i0.wp.com\/costanatura41.com\/wp-content\/uploads\/sites\/18\/2022\/07\/cn-pool-view-3-4.jpg?fit=1200%2C900&ssl=1&resize=1050%2C600 3x"},"classes":[]},{"id":750,"url":"https:\/\/costanatura41.com\/rates\/","url_meta":{"origin":2177,"position":2},"title":"Rates","author":"Costa Natura 41","date":"10 agosto, 2019","format":false,"excerpt":"The rental rates for the 2026\/2027 season:\u00a0 Month Price per night January 91 \u20ac February 91 \u20ac March 121 \u20ac April 121 \u20ac May 154 \u20ac June 154 \u20ac Month Price per night July 186 \u20ac August 186 \u20ac September 186 \u20ac October 154 \u20ac November 91 \u20ac December 91\u2026","rel":"","context":"Entrada similar","block_context":{"text":"Entrada similar","link":""},"img":{"alt_text":"","src":"","width":0,"height":0},"classes":[]},{"id":2179,"url":"https:\/\/costanatura41.com\/es\/naturismo\/","url_meta":{"origin":2177,"position":3},"title":"Naturismo","author":"Costa Natura 41","date":"2 abril, 2020","format":false,"excerpt":"El naturismo es una opci\u00f3n de estilo de vida. La Federaci\u00f3n Naturista Internacional(INF)define el naturismo de esta manera: \"Es una forma de vida en armon\u00eda con la naturaleza, expresada a trav\u00e9s de la desnudez social, vinculada a la autoestima, tolerancia de diferentes puntos de vista junto con el respeto por\u2026","rel":"","context":"Entrada similar","block_context":{"text":"Entrada similar","link":""},"img":{"alt_text":"Playa naturista frente a Costa Natura vista desde el lado norte.","src":"https:\/\/i0.wp.com\/costanatura41.com\/wp-content\/uploads\/sites\/18\/2019\/09\/beach-view-2.jpg?resize=350%2C200&ssl=1","width":350,"height":200},"classes":[]},{"id":2164,"url":"https:\/\/costanatura41.com\/es\/el-resort\/piscina\/","url_meta":{"origin":2177,"position":4},"title":"Piscina","author":"Costa Natura 41","date":"2 abril, 2020","format":false,"excerpt":"La gran piscina de agua salada est\u00e1 climatizada por energ\u00eda solar y est\u00e1 abierta durante todo el a\u00f1o. Tambi\u00e9n hay una peque\u00f1a piscina para ni\u00f1os peque\u00f1os. Durante el d\u00eda, la piscina y los alrededores se utilizan para hacer ejercicio, divertirse y jugar, hacer aer\u00f3bic acu\u00e1tico, tomar el sol y conectarse\u2026","rel":"","context":"Entrada similar","block_context":{"text":"Entrada similar","link":""},"img":{"alt_text":"","src":"https:\/\/i0.wp.com\/costanatura41.com\/wp-content\/uploads\/sites\/18\/2019\/08\/costanatura-pool-view-2.jpg?fit=1200%2C900&ssl=1&resize=350%2C200","width":350,"height":200,"srcset":"https:\/\/i0.wp.com\/costanatura41.com\/wp-content\/uploads\/sites\/18\/2019\/08\/costanatura-pool-view-2.jpg?fit=1200%2C900&ssl=1&resize=350%2C200 1x, https:\/\/i0.wp.com\/costanatura41.com\/wp-content\/uploads\/sites\/18\/2019\/08\/costanatura-pool-view-2.jpg?fit=1200%2C900&ssl=1&resize=525%2C300 1.5x, https:\/\/i0.wp.com\/costanatura41.com\/wp-content\/uploads\/sites\/18\/2019\/08\/costanatura-pool-view-2.jpg?fit=1200%2C900&ssl=1&resize=700%2C400 2x, https:\/\/i0.wp.com\/costanatura41.com\/wp-content\/uploads\/sites\/18\/2019\/08\/costanatura-pool-view-2.jpg?fit=1200%2C900&ssl=1&resize=1050%2C600 3x"},"classes":[]},{"id":2495,"url":"https:\/\/costanatura41.com\/de\/preise\/","url_meta":{"origin":2177,"position":5},"title":"Preise","author":"Costa Natura 41","date":"18 abril, 2020","format":false,"excerpt":"Die Mietpreise f\u00fcr die Saison 2026\/2027 :\u00a0 Monat Preis pro Nacht Januar 91 \u20ac Februar 91 \u20ac M\u00e4rz 121 \u20ac April 121 \u20ac Mai 154 \u20ac Juni 154 \u20ac Monat Preis pro Nacht Juli 186 \u20ac August 186 \u20ac September 186 \u20ac Oktober 154 \u20ac November 91 \u20ac Dezember 91\u2026","rel":"","context":"Entrada similar","block_context":{"text":"Entrada similar","link":""},"img":{"alt_text":"","src":"","width":0,"height":0},"classes":[]}],"_links":{"self":[{"href":"https:\/\/costanatura41.com\/es\/wp-json\/wp\/v2\/pages\/2177","targetHints":{"allow":["GET"]}}],"collection":[{"href":"https:\/\/costanatura41.com\/es\/wp-json\/wp\/v2\/pages"}],"about":[{"href":"https:\/\/costanatura41.com\/es\/wp-json\/wp\/v2\/types\/page"}],"author":[{"embeddable":true,"href":"https:\/\/costanatura41.com\/es\/wp-json\/wp\/v2\/users\/7"}],"replies":[{"embeddable":true,"href":"https:\/\/costanatura41.com\/es\/wp-json\/wp\/v2\/comments?post=2177"}],"version-history":[{"count":3,"href":"https:\/\/costanatura41.com\/es\/wp-json\/wp\/v2\/pages\/2177\/revisions"}],"predecessor-version":[{"id":4650,"href":"https:\/\/costanatura41.com\/es\/wp-json\/wp\/v2\/pages\/2177\/revisions\/4650"}],"wp:attachment":[{"href":"https:\/\/costanatura41.com\/es\/wp-json\/wp\/v2\/media?parent=2177"}],"curies":[{"name":"wp","href":"https:\/\/api.w.org\/{rel}","templated":true}]}}