{"id":2264,"date":"2020-04-11T15:21:33","date_gmt":"2020-04-11T15:21:33","guid":{"rendered":"https:\/\/costanatura41.com\/jacuzzi\/"},"modified":"2025-05-26T16:14:51","modified_gmt":"2025-05-26T16:14:51","slug":"jacuzzi","status":"publish","type":"page","link":"https:\/\/costanatura41.com\/fr\/le-resort\/jacuzzi\/","title":{"rendered":"Jacuzzi"},"content":{"rendered":"\n<p>Le jacuzzi est situ\u00e9 \u00e0 c\u00f4t\u00e9 de la piscine avec une vue imprenable sur la mer et est ouvert toute l\u2019ann\u00e9e.<\/p>\n\n\n\n<!--more Voir les d\u00e9tails-->\n\n\n\n<p>Remarque : Les maillots de bain ne sont pas autoris\u00e9s dans le jacuzzi.<\/p>\n","protected":false},"excerpt":{"rendered":"<p>Le jacuzzi est situ\u00e9 \u00e0 c\u00f4t\u00e9 de la piscine avec une vue imprenable sur la mer et est ouvert toute l\u2019ann\u00e9e.<\/p>\n","protected":false},"author":3,"featured_media":3865,"parent":2269,"menu_order":4,"comment_status":"closed","ping_status":"closed","template":"template-boxed-page.php","meta":{"_monsterinsights_skip_tracking":false,"_monsterinsights_sitenote_active":false,"_monsterinsights_sitenote_note":"","_monsterinsights_sitenote_category":0,"jetpack_post_was_ever_published":false,"footnotes":""},"class_list":["post-2264","page","type-page","status-publish","has-post-thumbnail","hentry"],"yoast_head":"<!-- This site is optimized with the Yoast SEO plugin v27.4 - https:\/\/yoast.com\/product\/yoast-seo-wordpress\/ -->\n<title>Jacuzzi - COSTANATURA 41<\/title>\n<meta name=\"robots\" content=\"index, follow, max-snippet:-1, max-image-preview:large, max-video-preview:-1\" \/>\n<link rel=\"canonical\" href=\"https:\/\/costanatura41.com\/fr\/le-resort\/jacuzzi\/\" \/>\n<meta property=\"og:locale\" content=\"fr_FR\" \/>\n<meta property=\"og:type\" content=\"article\" \/>\n<meta property=\"og:title\" content=\"Jacuzzi - COSTANATURA 41\" \/>\n<meta property=\"og:description\" content=\"Le jacuzzi est situ\u00e9 \u00e0 c\u00f4t\u00e9 de la piscine avec une vue imprenable sur la mer et est ouvert toute l\u2019ann\u00e9e.\" \/>\n<meta property=\"og:url\" content=\"https:\/\/costanatura41.com\/fr\/le-resort\/jacuzzi\/\" \/>\n<meta property=\"og:site_name\" content=\"COSTANATURA 41\" \/>\n<meta property=\"article:modified_time\" content=\"2025-05-26T16:14:51+00:00\" \/>\n<meta property=\"og:image\" content=\"https:\/\/costanatura41.com\/wp-content\/uploads\/sites\/3\/2025\/05\/costanatura-jacuzzi-view-7.jpg\" \/>\n\t<meta property=\"og:image:width\" content=\"1280\" \/>\n\t<meta property=\"og:image:height\" content=\"960\" \/>\n\t<meta property=\"og:image:type\" content=\"image\/jpeg\" \/>\n<meta name=\"twitter:card\" content=\"summary_large_image\" \/>\n<meta name=\"twitter:label1\" content=\"Dur\u00e9e de lecture estim\u00e9e\" \/>\n\t<meta name=\"twitter:data1\" content=\"1 minute\" \/>\n<script type=\"application\/ld+json\" class=\"yoast-schema-graph\">{\"@context\":\"https:\\\/\\\/schema.org\",\"@graph\":[{\"@type\":\"WebPage\",\"@id\":\"https:\\\/\\\/costanatura41.com\\\/fr\\\/le-resort\\\/jacuzzi\\\/\",\"url\":\"https:\\\/\\\/costanatura41.com\\\/fr\\\/le-resort\\\/jacuzzi\\\/\",\"name\":\"Jacuzzi - COSTANATURA 41\",\"isPartOf\":{\"@id\":\"https:\\\/\\\/costanatura41.com\\\/fr\\\/#website\"},\"primaryImageOfPage\":{\"@id\":\"https:\\\/\\\/costanatura41.com\\\/fr\\\/le-resort\\\/jacuzzi\\\/#primaryimage\"},\"image\":{\"@id\":\"https:\\\/\\\/costanatura41.com\\\/fr\\\/le-resort\\\/jacuzzi\\\/#primaryimage\"},\"thumbnailUrl\":\"https:\\\/\\\/i0.wp.com\\\/costanatura41.com\\\/wp-content\\\/uploads\\\/sites\\\/3\\\/2025\\\/05\\\/costanatura-jacuzzi-view-7.jpg?fit=1280%2C960&ssl=1\",\"datePublished\":\"2020-04-11T15:21:33+00:00\",\"dateModified\":\"2025-05-26T16:14:51+00:00\",\"breadcrumb\":{\"@id\":\"https:\\\/\\\/costanatura41.com\\\/fr\\\/le-resort\\\/jacuzzi\\\/#breadcrumb\"},\"inLanguage\":\"fr-FR\",\"potentialAction\":[{\"@type\":\"ReadAction\",\"target\":[\"https:\\\/\\\/costanatura41.com\\\/fr\\\/le-resort\\\/jacuzzi\\\/\"]}]},{\"@type\":\"ImageObject\",\"inLanguage\":\"fr-FR\",\"@id\":\"https:\\\/\\\/costanatura41.com\\\/fr\\\/le-resort\\\/jacuzzi\\\/#primaryimage\",\"url\":\"https:\\\/\\\/i0.wp.com\\\/costanatura41.com\\\/wp-content\\\/uploads\\\/sites\\\/3\\\/2025\\\/05\\\/costanatura-jacuzzi-view-7.jpg?fit=1280%2C960&ssl=1\",\"contentUrl\":\"https:\\\/\\\/i0.wp.com\\\/costanatura41.com\\\/wp-content\\\/uploads\\\/sites\\\/3\\\/2025\\\/05\\\/costanatura-jacuzzi-view-7.jpg?fit=1280%2C960&ssl=1\",\"width\":1280,\"height\":960},{\"@type\":\"BreadcrumbList\",\"@id\":\"https:\\\/\\\/costanatura41.com\\\/fr\\\/le-resort\\\/jacuzzi\\\/#breadcrumb\",\"itemListElement\":[{\"@type\":\"ListItem\",\"position\":1,\"name\":\"Home\",\"item\":\"https:\\\/\\\/costanatura41.com\\\/fr\\\/\"},{\"@type\":\"ListItem\",\"position\":2,\"name\":\"Le Resort\",\"item\":\"https:\\\/\\\/costanatura41.com\\\/fr\\\/le-resort\\\/\"},{\"@type\":\"ListItem\",\"position\":3,\"name\":\"Jacuzzi\"}]},{\"@type\":\"WebSite\",\"@id\":\"https:\\\/\\\/costanatura41.com\\\/fr\\\/#website\",\"url\":\"https:\\\/\\\/costanatura41.com\\\/fr\\\/\",\"name\":\"Costanatura 41\",\"description\":\"Naturist Holiday Rent\",\"publisher\":{\"@id\":\"https:\\\/\\\/costanatura41.com\\\/fr\\\/#organization\"},\"potentialAction\":[{\"@type\":\"SearchAction\",\"target\":{\"@type\":\"EntryPoint\",\"urlTemplate\":\"https:\\\/\\\/costanatura41.com\\\/fr\\\/?s={search_term_string}\"},\"query-input\":{\"@type\":\"PropertyValueSpecification\",\"valueRequired\":true,\"valueName\":\"search_term_string\"}}],\"inLanguage\":\"fr-FR\"},{\"@type\":\"Organization\",\"@id\":\"https:\\\/\\\/costanatura41.com\\\/fr\\\/#organization\",\"name\":\"Costa Natura Apartment 41\",\"url\":\"https:\\\/\\\/costanatura41.com\\\/fr\\\/\",\"logo\":{\"@type\":\"ImageObject\",\"inLanguage\":\"fr-FR\",\"@id\":\"https:\\\/\\\/costanatura41.com\\\/fr\\\/#\\\/schema\\\/logo\\\/image\\\/\",\"url\":\"\",\"contentUrl\":\"\",\"caption\":\"Costa Natura Apartment 41\"},\"image\":{\"@id\":\"https:\\\/\\\/costanatura41.com\\\/fr\\\/#\\\/schema\\\/logo\\\/image\\\/\"}}]}<\/script>\n<!-- \/ Yoast SEO plugin. -->","yoast_head_json":{"title":"Jacuzzi - COSTANATURA 41","robots":{"index":"index","follow":"follow","max-snippet":"max-snippet:-1","max-image-preview":"max-image-preview:large","max-video-preview":"max-video-preview:-1"},"canonical":"https:\/\/costanatura41.com\/fr\/le-resort\/jacuzzi\/","og_locale":"fr_FR","og_type":"article","og_title":"Jacuzzi - COSTANATURA 41","og_description":"Le jacuzzi est situ\u00e9 \u00e0 c\u00f4t\u00e9 de la piscine avec une vue imprenable sur la mer et est ouvert toute l\u2019ann\u00e9e.","og_url":"https:\/\/costanatura41.com\/fr\/le-resort\/jacuzzi\/","og_site_name":"COSTANATURA 41","article_modified_time":"2025-05-26T16:14:51+00:00","og_image":[{"width":1280,"height":960,"url":"https:\/\/costanatura41.com\/wp-content\/uploads\/sites\/3\/2025\/05\/costanatura-jacuzzi-view-7.jpg","type":"image\/jpeg"}],"twitter_card":"summary_large_image","twitter_misc":{"Dur\u00e9e de lecture estim\u00e9e":"1 minute"},"schema":{"@context":"https:\/\/schema.org","@graph":[{"@type":"WebPage","@id":"https:\/\/costanatura41.com\/fr\/le-resort\/jacuzzi\/","url":"https:\/\/costanatura41.com\/fr\/le-resort\/jacuzzi\/","name":"Jacuzzi - COSTANATURA 41","isPartOf":{"@id":"https:\/\/costanatura41.com\/fr\/#website"},"primaryImageOfPage":{"@id":"https:\/\/costanatura41.com\/fr\/le-resort\/jacuzzi\/#primaryimage"},"image":{"@id":"https:\/\/costanatura41.com\/fr\/le-resort\/jacuzzi\/#primaryimage"},"thumbnailUrl":"https:\/\/i0.wp.com\/costanatura41.com\/wp-content\/uploads\/sites\/3\/2025\/05\/costanatura-jacuzzi-view-7.jpg?fit=1280%2C960&ssl=1","datePublished":"2020-04-11T15:21:33+00:00","dateModified":"2025-05-26T16:14:51+00:00","breadcrumb":{"@id":"https:\/\/costanatura41.com\/fr\/le-resort\/jacuzzi\/#breadcrumb"},"inLanguage":"fr-FR","potentialAction":[{"@type":"ReadAction","target":["https:\/\/costanatura41.com\/fr\/le-resort\/jacuzzi\/"]}]},{"@type":"ImageObject","inLanguage":"fr-FR","@id":"https:\/\/costanatura41.com\/fr\/le-resort\/jacuzzi\/#primaryimage","url":"https:\/\/i0.wp.com\/costanatura41.com\/wp-content\/uploads\/sites\/3\/2025\/05\/costanatura-jacuzzi-view-7.jpg?fit=1280%2C960&ssl=1","contentUrl":"https:\/\/i0.wp.com\/costanatura41.com\/wp-content\/uploads\/sites\/3\/2025\/05\/costanatura-jacuzzi-view-7.jpg?fit=1280%2C960&ssl=1","width":1280,"height":960},{"@type":"BreadcrumbList","@id":"https:\/\/costanatura41.com\/fr\/le-resort\/jacuzzi\/#breadcrumb","itemListElement":[{"@type":"ListItem","position":1,"name":"Home","item":"https:\/\/costanatura41.com\/fr\/"},{"@type":"ListItem","position":2,"name":"Le Resort","item":"https:\/\/costanatura41.com\/fr\/le-resort\/"},{"@type":"ListItem","position":3,"name":"Jacuzzi"}]},{"@type":"WebSite","@id":"https:\/\/costanatura41.com\/fr\/#website","url":"https:\/\/costanatura41.com\/fr\/","name":"Costanatura 41","description":"Naturist Holiday Rent","publisher":{"@id":"https:\/\/costanatura41.com\/fr\/#organization"},"potentialAction":[{"@type":"SearchAction","target":{"@type":"EntryPoint","urlTemplate":"https:\/\/costanatura41.com\/fr\/?s={search_term_string}"},"query-input":{"@type":"PropertyValueSpecification","valueRequired":true,"valueName":"search_term_string"}}],"inLanguage":"fr-FR"},{"@type":"Organization","@id":"https:\/\/costanatura41.com\/fr\/#organization","name":"Costa Natura Apartment 41","url":"https:\/\/costanatura41.com\/fr\/","logo":{"@type":"ImageObject","inLanguage":"fr-FR","@id":"https:\/\/costanatura41.com\/fr\/#\/schema\/logo\/image\/","url":"","contentUrl":"","caption":"Costa Natura Apartment 41"},"image":{"@id":"https:\/\/costanatura41.com\/fr\/#\/schema\/logo\/image\/"}}]}},"jetpack_sharing_enabled":true,"jetpack_shortlink":"https:\/\/wp.me\/PaF7DC-Aw","jetpack-related-posts":[{"id":3964,"url":"https:\/\/costanatura41.com\/fr\/le-resort\/sauna-2\/","url_meta":{"origin":2264,"position":0},"title":"Sauna","author":"Costa Natura 41","date":"25 mai 2025","format":false,"excerpt":"Le sauna est situ\u00e9 \u00e0 proximit\u00e9 de la piscine, avec une fa\u00e7ade vitr\u00e9e offrant une vue imprenable sur la piscine, le jacuzzi, le restaurant et, non des moindres, la mer en face. Il s'agit d'un espace de bien-\u00eatre situ\u00e9 directement face \u00e0 la mer M\u00e9diterran\u00e9e, offrant une exp\u00e9rience unique \u00e0\u2026","rel":"","context":"Article similaire","block_context":{"text":"Article similaire","link":""},"img":{"alt_text":"","src":"https:\/\/i0.wp.com\/costanatura41.com\/wp-content\/uploads\/sites\/3\/2025\/05\/costanatura-sauna-view-2.jpg?fit=1200%2C900&ssl=1&resize=350%2C200","width":350,"height":200,"srcset":"https:\/\/i0.wp.com\/costanatura41.com\/wp-content\/uploads\/sites\/3\/2025\/05\/costanatura-sauna-view-2.jpg?fit=1200%2C900&ssl=1&resize=350%2C200 1x, https:\/\/i0.wp.com\/costanatura41.com\/wp-content\/uploads\/sites\/3\/2025\/05\/costanatura-sauna-view-2.jpg?fit=1200%2C900&ssl=1&resize=525%2C300 1.5x, https:\/\/i0.wp.com\/costanatura41.com\/wp-content\/uploads\/sites\/3\/2025\/05\/costanatura-sauna-view-2.jpg?fit=1200%2C900&ssl=1&resize=700%2C400 2x, https:\/\/i0.wp.com\/costanatura41.com\/wp-content\/uploads\/sites\/3\/2025\/05\/costanatura-sauna-view-2.jpg?fit=1200%2C900&ssl=1&resize=1050%2C600 3x"},"classes":[]},{"id":2269,"url":"https:\/\/costanatura41.com\/fr\/le-resort\/","url_meta":{"origin":2264,"position":1},"title":"Le Resort","author":"Costa Natura 41","date":"11 avril 2020","format":false,"excerpt":"Costa Natura est un village de vill\u00e9giature naturiste avec 200 appartements dans un beau jardin m\u00e9diterran\u00e9en bien entretenu. Il est situ\u00e9 juste sur la plage de Costa Natura, la premi\u00e8re plage naturiste d\u2019Espagne. Le complexe dispose d\u2019une grande piscine d\u2019eau sal\u00e9e, d\u2019un restaurant au bord de la mer, d\u2019une salle\u2026","rel":"","context":"Article similaire","block_context":{"text":"Article similaire","link":""},"img":{"alt_text":"","src":"","width":0,"height":0},"classes":[]},{"id":2163,"url":"https:\/\/costanatura41.com\/es\/el-resort\/jacuzzi\/","url_meta":{"origin":2264,"position":2},"title":"Jacuzzi","author":"Costa Natura 41","date":"2 avril 2020","format":false,"excerpt":"El jacuzzi est\u00e1 situado junto a la piscina con una gran vista al mar y est\u00e1 abierto todo el a\u00f1o. Nota: No se permiten trajes de ba\u00f1o en el jacuzzi.","rel":"","context":"Article similaire","block_context":{"text":"Article similaire","link":""},"img":{"alt_text":"","src":"https:\/\/i0.wp.com\/costanatura41.com\/wp-content\/uploads\/sites\/3\/2025\/05\/costanatura-jacuzzi-view-7.jpg?fit=1200%2C900&ssl=1&resize=350%2C200","width":350,"height":200,"srcset":"https:\/\/i0.wp.com\/costanatura41.com\/wp-content\/uploads\/sites\/3\/2025\/05\/costanatura-jacuzzi-view-7.jpg?fit=1200%2C900&ssl=1&resize=350%2C200 1x, https:\/\/i0.wp.com\/costanatura41.com\/wp-content\/uploads\/sites\/3\/2025\/05\/costanatura-jacuzzi-view-7.jpg?fit=1200%2C900&ssl=1&resize=525%2C300 1.5x, https:\/\/i0.wp.com\/costanatura41.com\/wp-content\/uploads\/sites\/3\/2025\/05\/costanatura-jacuzzi-view-7.jpg?fit=1200%2C900&ssl=1&resize=700%2C400 2x, https:\/\/i0.wp.com\/costanatura41.com\/wp-content\/uploads\/sites\/3\/2025\/05\/costanatura-jacuzzi-view-7.jpg?fit=1200%2C900&ssl=1&resize=1050%2C600 3x"},"classes":[]},{"id":2280,"url":"https:\/\/costanatura41.com\/fr\/tarifs\/","url_meta":{"origin":2264,"position":3},"title":"Tarifs","author":"Costa Natura 41","date":"11 avril 2020","format":false,"excerpt":"Les tarifs de location pour la saison 2026\/2027 :\u00a0 Mois Prix par nuit Janvier 91 \u20ac F\u00e9vrier 91 \u20ac Mars 121 \u20ac Avril 121 \u20ac Mai 154 \u20ac Juin 154 \u20ac Mois Prix par nuit Juillet 186 \u20ac Ao\u00fbt 186 \u20ac Septembre 186 \u20ac Octobre 154 \u20ac Novembre 91 \u20ac\u2026","rel":"","context":"Article similaire","block_context":{"text":"Article similaire","link":""},"img":{"alt_text":"","src":"","width":0,"height":0},"classes":[]},{"id":25,"url":"https:\/\/costanatura41.com\/resort\/jacuzzi\/","url_meta":{"origin":2264,"position":4},"title":"Jacuzzi","author":"Costa Natura 41","date":"19 juillet 2018","format":false,"excerpt":"The jacuzzi is located next to the pool with a great view of the sea and is open all year round. Note: Swimsuits are not allowed in the jacuzzi.","rel":"","context":"Article similaire","block_context":{"text":"Article similaire","link":""},"img":{"alt_text":"","src":"https:\/\/i0.wp.com\/costanatura41.com\/wp-content\/uploads\/sites\/3\/2025\/05\/costanatura-jacuzzi-view-7.jpg?fit=1200%2C900&ssl=1&resize=350%2C200","width":350,"height":200,"srcset":"https:\/\/i0.wp.com\/costanatura41.com\/wp-content\/uploads\/sites\/3\/2025\/05\/costanatura-jacuzzi-view-7.jpg?fit=1200%2C900&ssl=1&resize=350%2C200 1x, https:\/\/i0.wp.com\/costanatura41.com\/wp-content\/uploads\/sites\/3\/2025\/05\/costanatura-jacuzzi-view-7.jpg?fit=1200%2C900&ssl=1&resize=525%2C300 1.5x, https:\/\/i0.wp.com\/costanatura41.com\/wp-content\/uploads\/sites\/3\/2025\/05\/costanatura-jacuzzi-view-7.jpg?fit=1200%2C900&ssl=1&resize=700%2C400 2x, https:\/\/i0.wp.com\/costanatura41.com\/wp-content\/uploads\/sites\/3\/2025\/05\/costanatura-jacuzzi-view-7.jpg?fit=1200%2C900&ssl=1&resize=1050%2C600 3x"},"classes":[]},{"id":2481,"url":"https:\/\/costanatura41.com\/de\/der-urlaubsort\/jacuzzi\/","url_meta":{"origin":2264,"position":5},"title":"Whirlpool","author":"Costa Natura 41","date":"18 avril 2020","format":false,"excerpt":"Der Jacuzzi befindet sich neben dem Pool mit einem tollen Blick auf das Meer und ist das ganze Jahr \u00fcber ge\u00f6ffnet. Hinweis: Badeanz\u00fcge sind im Jacuzzi nicht erlaubt.","rel":"","context":"Article similaire","block_context":{"text":"Article similaire","link":""},"img":{"alt_text":"","src":"https:\/\/i0.wp.com\/costanatura41.com\/wp-content\/uploads\/sites\/3\/2025\/05\/costanatura-jacuzzi-view-7.jpg?fit=1200%2C900&ssl=1&resize=350%2C200","width":350,"height":200,"srcset":"https:\/\/i0.wp.com\/costanatura41.com\/wp-content\/uploads\/sites\/3\/2025\/05\/costanatura-jacuzzi-view-7.jpg?fit=1200%2C900&ssl=1&resize=350%2C200 1x, https:\/\/i0.wp.com\/costanatura41.com\/wp-content\/uploads\/sites\/3\/2025\/05\/costanatura-jacuzzi-view-7.jpg?fit=1200%2C900&ssl=1&resize=525%2C300 1.5x, https:\/\/i0.wp.com\/costanatura41.com\/wp-content\/uploads\/sites\/3\/2025\/05\/costanatura-jacuzzi-view-7.jpg?fit=1200%2C900&ssl=1&resize=700%2C400 2x, https:\/\/i0.wp.com\/costanatura41.com\/wp-content\/uploads\/sites\/3\/2025\/05\/costanatura-jacuzzi-view-7.jpg?fit=1200%2C900&ssl=1&resize=1050%2C600 3x"},"classes":[]}],"_links":{"self":[{"href":"https:\/\/costanatura41.com\/fr\/wp-json\/wp\/v2\/pages\/2264","targetHints":{"allow":["GET"]}}],"collection":[{"href":"https:\/\/costanatura41.com\/fr\/wp-json\/wp\/v2\/pages"}],"about":[{"href":"https:\/\/costanatura41.com\/fr\/wp-json\/wp\/v2\/types\/page"}],"author":[{"embeddable":true,"href":"https:\/\/costanatura41.com\/fr\/wp-json\/wp\/v2\/users\/3"}],"replies":[{"embeddable":true,"href":"https:\/\/costanatura41.com\/fr\/wp-json\/wp\/v2\/comments?post=2264"}],"version-history":[{"count":0,"href":"https:\/\/costanatura41.com\/fr\/wp-json\/wp\/v2\/pages\/2264\/revisions"}],"up":[{"embeddable":true,"href":"https:\/\/costanatura41.com\/fr\/wp-json\/wp\/v2\/pages\/2269"}],"wp:featuredmedia":[{"embeddable":true,"href":"https:\/\/costanatura41.com\/fr\/wp-json\/wp\/v2\/media\/3865"}],"wp:attachment":[{"href":"https:\/\/costanatura41.com\/fr\/wp-json\/wp\/v2\/media?parent=2264"}],"curies":[{"name":"wp","href":"https:\/\/api.w.org\/{rel}","templated":true}]}}