{"id":2266,"date":"2020-04-11T15:21:33","date_gmt":"2020-04-11T15:21:33","guid":{"rendered":"https:\/\/costanatura41.com\/plage-naturiste\/"},"modified":"2025-11-27T18:22:51","modified_gmt":"2025-11-27T18:22:51","slug":"plage-naturiste","status":"publish","type":"page","link":"https:\/\/costanatura41.com\/fr\/le-resort\/plage-naturiste\/","title":{"rendered":"Plage Naturiste"},"content":{"rendered":"\n<p>Le sable, et dans certaines zones de galets, plage en face de Costa Natura est une plage officielle Naturist \u00e0 laquelle vous avez un acc\u00e8s direct de la station.<\/p>\n\n\n\n<!--more voir les d\u00e9tails-->\n\n\n\n<p>Une recommandation chaleureuse est de commencer votre journ\u00e9e en regardant le lever du soleil sur la plage. Vous pouvez \u00e9galement faire une promenade le long de la plage (avec des v\u00eatements si vous allez pour une longue promenade), ou aller faire une baignade le matin dans la mer.<\/p>\n\n\n\n<p>La plage est bien fr\u00e9quent\u00e9e pendant les week-ends et la p\u00e9riode des vacances d\u2019\u00e9t\u00e9 par les touristes et les habitants; c\u00e9libataires ainsi que les couples et les familles.<\/p>\n\n\n\n<p>Par temps clair, vous pouvez voir \u00e0 la fois Gibraltar et le Maroc \u00e0 l\u2019horizon.<\/p>\n\n\n\n<p>Le bar de la plage, Renato, est accessible depuis la plage par quelques escaliers et par un acc\u00e8s direct depuis l\u2019int\u00e9rieur de la station.<\/p>\n","protected":false},"excerpt":{"rendered":"<p>Le sable, et dans certaines zones de galets, plage en face de Costa Natura est une plage officielle Naturist \u00e0 laquelle vous avez un acc\u00e8s direct de la station.<\/p>\n","protected":false},"author":7,"featured_media":1927,"parent":2269,"menu_order":1,"comment_status":"closed","ping_status":"closed","template":"template-boxed-page.php","meta":{"_monsterinsights_skip_tracking":false,"_monsterinsights_sitenote_active":false,"_monsterinsights_sitenote_note":"","_monsterinsights_sitenote_category":0,"jetpack_post_was_ever_published":false,"footnotes":""},"class_list":["post-2266","page","type-page","status-publish","has-post-thumbnail","hentry"],"yoast_head":"<!-- This site is optimized with the Yoast SEO plugin v27.1.1 - https:\/\/yoast.com\/product\/yoast-seo-wordpress\/ -->\n<title>Plage Naturiste - COSTANATURA 41<\/title>\n<meta name=\"description\" content=\"Le sable, et dans certaines zones de galets, plage en face de Costa Natura est une plage officielle Naturist \u00e0 laquelle vous avez un acc\u00e8s direct de la station.\" \/>\n<meta name=\"robots\" content=\"index, follow, max-snippet:-1, max-image-preview:large, max-video-preview:-1\" \/>\n<link rel=\"canonical\" href=\"https:\/\/costanatura41.com\/fr\/le-resort\/plage-naturiste\/\" \/>\n<meta property=\"og:locale\" content=\"fr_FR\" \/>\n<meta property=\"og:type\" content=\"article\" \/>\n<meta property=\"og:title\" content=\"Plage Naturiste - COSTANATURA 41\" \/>\n<meta property=\"og:description\" content=\"Le sable, et dans certaines zones de galets, plage en face de Costa Natura est une plage officielle Naturist \u00e0 laquelle vous avez un acc\u00e8s direct de la station.\" \/>\n<meta property=\"og:url\" content=\"https:\/\/costanatura41.com\/fr\/le-resort\/plage-naturiste\/\" \/>\n<meta property=\"og:site_name\" content=\"COSTANATURA 41\" \/>\n<meta property=\"article:modified_time\" content=\"2025-11-27T18:22:51+00:00\" \/>\n<meta property=\"og:image\" content=\"https:\/\/costanatura41.com\/wp-content\/uploads\/sites\/18\/2019\/09\/cn-beach-view-1.jpg\" \/>\n\t<meta property=\"og:image:width\" content=\"2560\" \/>\n\t<meta property=\"og:image:height\" content=\"1920\" \/>\n\t<meta property=\"og:image:type\" content=\"image\/jpeg\" \/>\n<meta name=\"twitter:card\" content=\"summary_large_image\" \/>\n<meta name=\"twitter:label1\" content=\"Dur\u00e9e de lecture estim\u00e9e\" \/>\n\t<meta name=\"twitter:data1\" content=\"1 minute\" \/>\n<script type=\"application\/ld+json\" class=\"yoast-schema-graph\">{\"@context\":\"https:\/\/schema.org\",\"@graph\":[{\"@type\":\"WebPage\",\"@id\":\"https:\/\/costanatura41.com\/fr\/le-resort\/plage-naturiste\/\",\"url\":\"https:\/\/costanatura41.com\/fr\/le-resort\/plage-naturiste\/\",\"name\":\"Plage Naturiste - COSTANATURA 41\",\"isPartOf\":{\"@id\":\"https:\/\/costanatura41.com\/fr\/#website\"},\"primaryImageOfPage\":{\"@id\":\"https:\/\/costanatura41.com\/fr\/le-resort\/plage-naturiste\/#primaryimage\"},\"image\":{\"@id\":\"https:\/\/costanatura41.com\/fr\/le-resort\/plage-naturiste\/#primaryimage\"},\"thumbnailUrl\":\"https:\/\/i0.wp.com\/costanatura41.com\/wp-content\/uploads\/sites\/18\/2019\/09\/cn-beach-view-1.jpg?fit=2560%2C1920&ssl=1\",\"datePublished\":\"2020-04-11T15:21:33+00:00\",\"dateModified\":\"2025-11-27T18:22:51+00:00\",\"description\":\"Le sable, et dans certaines zones de galets, plage en face de Costa Natura est une plage officielle Naturist \u00e0 laquelle vous avez un acc\u00e8s direct de la station.\",\"breadcrumb\":{\"@id\":\"https:\/\/costanatura41.com\/fr\/le-resort\/plage-naturiste\/#breadcrumb\"},\"inLanguage\":\"fr-FR\",\"potentialAction\":[{\"@type\":\"ReadAction\",\"target\":[\"https:\/\/costanatura41.com\/fr\/le-resort\/plage-naturiste\/\"]}]},{\"@type\":\"ImageObject\",\"inLanguage\":\"fr-FR\",\"@id\":\"https:\/\/costanatura41.com\/fr\/le-resort\/plage-naturiste\/#primaryimage\",\"url\":\"https:\/\/i0.wp.com\/costanatura41.com\/wp-content\/uploads\/sites\/18\/2019\/09\/cn-beach-view-1.jpg?fit=2560%2C1920&ssl=1\",\"contentUrl\":\"https:\/\/i0.wp.com\/costanatura41.com\/wp-content\/uploads\/sites\/18\/2019\/09\/cn-beach-view-1.jpg?fit=2560%2C1920&ssl=1\",\"width\":2560,\"height\":1920,\"caption\":\"Plage naturiste en face de Costa Natura vue depuis la terrasse du complexe.\"},{\"@type\":\"BreadcrumbList\",\"@id\":\"https:\/\/costanatura41.com\/fr\/le-resort\/plage-naturiste\/#breadcrumb\",\"itemListElement\":[{\"@type\":\"ListItem\",\"position\":1,\"name\":\"Home\",\"item\":\"https:\/\/costanatura41.com\/fr\/\"},{\"@type\":\"ListItem\",\"position\":2,\"name\":\"Le Resort\",\"item\":\"https:\/\/costanatura41.com\/fr\/le-resort\/\"},{\"@type\":\"ListItem\",\"position\":3,\"name\":\"Plage Naturiste\"}]},{\"@type\":\"WebSite\",\"@id\":\"https:\/\/costanatura41.com\/fr\/#website\",\"url\":\"https:\/\/costanatura41.com\/fr\/\",\"name\":\"Costanatura 41\",\"description\":\"Naturist Holiday Rent\",\"publisher\":{\"@id\":\"https:\/\/costanatura41.com\/fr\/#organization\"},\"potentialAction\":[{\"@type\":\"SearchAction\",\"target\":{\"@type\":\"EntryPoint\",\"urlTemplate\":\"https:\/\/costanatura41.com\/fr\/?s={search_term_string}\"},\"query-input\":{\"@type\":\"PropertyValueSpecification\",\"valueRequired\":true,\"valueName\":\"search_term_string\"}}],\"inLanguage\":\"fr-FR\"},{\"@type\":\"Organization\",\"@id\":\"https:\/\/costanatura41.com\/fr\/#organization\",\"name\":\"Costa Natura Apartment 41\",\"url\":\"https:\/\/costanatura41.com\/fr\/\",\"logo\":{\"@type\":\"ImageObject\",\"inLanguage\":\"fr-FR\",\"@id\":\"https:\/\/costanatura41.com\/fr\/#\/schema\/logo\/image\/\",\"url\":\"\",\"contentUrl\":\"\",\"caption\":\"Costa Natura Apartment 41\"},\"image\":{\"@id\":\"https:\/\/costanatura41.com\/fr\/#\/schema\/logo\/image\/\"}}]}<\/script>\n<!-- \/ Yoast SEO plugin. -->","yoast_head_json":{"title":"Plage Naturiste - COSTANATURA 41","description":"Le sable, et dans certaines zones de galets, plage en face de Costa Natura est une plage officielle Naturist \u00e0 laquelle vous avez un acc\u00e8s direct de la station.","robots":{"index":"index","follow":"follow","max-snippet":"max-snippet:-1","max-image-preview":"max-image-preview:large","max-video-preview":"max-video-preview:-1"},"canonical":"https:\/\/costanatura41.com\/fr\/le-resort\/plage-naturiste\/","og_locale":"fr_FR","og_type":"article","og_title":"Plage Naturiste - COSTANATURA 41","og_description":"Le sable, et dans certaines zones de galets, plage en face de Costa Natura est une plage officielle Naturist \u00e0 laquelle vous avez un acc\u00e8s direct de la station.","og_url":"https:\/\/costanatura41.com\/fr\/le-resort\/plage-naturiste\/","og_site_name":"COSTANATURA 41","article_modified_time":"2025-11-27T18:22:51+00:00","og_image":[{"width":2560,"height":1920,"url":"https:\/\/costanatura41.com\/wp-content\/uploads\/sites\/18\/2019\/09\/cn-beach-view-1.jpg","type":"image\/jpeg"}],"twitter_card":"summary_large_image","twitter_misc":{"Dur\u00e9e de lecture estim\u00e9e":"1 minute"},"schema":{"@context":"https:\/\/schema.org","@graph":[{"@type":"WebPage","@id":"https:\/\/costanatura41.com\/fr\/le-resort\/plage-naturiste\/","url":"https:\/\/costanatura41.com\/fr\/le-resort\/plage-naturiste\/","name":"Plage Naturiste - COSTANATURA 41","isPartOf":{"@id":"https:\/\/costanatura41.com\/fr\/#website"},"primaryImageOfPage":{"@id":"https:\/\/costanatura41.com\/fr\/le-resort\/plage-naturiste\/#primaryimage"},"image":{"@id":"https:\/\/costanatura41.com\/fr\/le-resort\/plage-naturiste\/#primaryimage"},"thumbnailUrl":"https:\/\/i0.wp.com\/costanatura41.com\/wp-content\/uploads\/sites\/18\/2019\/09\/cn-beach-view-1.jpg?fit=2560%2C1920&ssl=1","datePublished":"2020-04-11T15:21:33+00:00","dateModified":"2025-11-27T18:22:51+00:00","description":"Le sable, et dans certaines zones de galets, plage en face de Costa Natura est une plage officielle Naturist \u00e0 laquelle vous avez un acc\u00e8s direct de la station.","breadcrumb":{"@id":"https:\/\/costanatura41.com\/fr\/le-resort\/plage-naturiste\/#breadcrumb"},"inLanguage":"fr-FR","potentialAction":[{"@type":"ReadAction","target":["https:\/\/costanatura41.com\/fr\/le-resort\/plage-naturiste\/"]}]},{"@type":"ImageObject","inLanguage":"fr-FR","@id":"https:\/\/costanatura41.com\/fr\/le-resort\/plage-naturiste\/#primaryimage","url":"https:\/\/i0.wp.com\/costanatura41.com\/wp-content\/uploads\/sites\/18\/2019\/09\/cn-beach-view-1.jpg?fit=2560%2C1920&ssl=1","contentUrl":"https:\/\/i0.wp.com\/costanatura41.com\/wp-content\/uploads\/sites\/18\/2019\/09\/cn-beach-view-1.jpg?fit=2560%2C1920&ssl=1","width":2560,"height":1920,"caption":"Plage naturiste en face de Costa Natura vue depuis la terrasse du complexe."},{"@type":"BreadcrumbList","@id":"https:\/\/costanatura41.com\/fr\/le-resort\/plage-naturiste\/#breadcrumb","itemListElement":[{"@type":"ListItem","position":1,"name":"Home","item":"https:\/\/costanatura41.com\/fr\/"},{"@type":"ListItem","position":2,"name":"Le Resort","item":"https:\/\/costanatura41.com\/fr\/le-resort\/"},{"@type":"ListItem","position":3,"name":"Plage Naturiste"}]},{"@type":"WebSite","@id":"https:\/\/costanatura41.com\/fr\/#website","url":"https:\/\/costanatura41.com\/fr\/","name":"Costanatura 41","description":"Naturist Holiday Rent","publisher":{"@id":"https:\/\/costanatura41.com\/fr\/#organization"},"potentialAction":[{"@type":"SearchAction","target":{"@type":"EntryPoint","urlTemplate":"https:\/\/costanatura41.com\/fr\/?s={search_term_string}"},"query-input":{"@type":"PropertyValueSpecification","valueRequired":true,"valueName":"search_term_string"}}],"inLanguage":"fr-FR"},{"@type":"Organization","@id":"https:\/\/costanatura41.com\/fr\/#organization","name":"Costa Natura Apartment 41","url":"https:\/\/costanatura41.com\/fr\/","logo":{"@type":"ImageObject","inLanguage":"fr-FR","@id":"https:\/\/costanatura41.com\/fr\/#\/schema\/logo\/image\/","url":"","contentUrl":"","caption":"Costa Natura Apartment 41"},"image":{"@id":"https:\/\/costanatura41.com\/fr\/#\/schema\/logo\/image\/"}}]}},"jetpack_sharing_enabled":true,"jetpack_shortlink":"https:\/\/wp.me\/PaF7DC-Ay","jetpack-related-posts":[{"id":2283,"url":"https:\/\/costanatura41.com\/fr\/naturisme\/","url_meta":{"origin":2266,"position":0},"title":"Naturisme","author":"Costa Natura 41","date":"11 avril 2020","format":false,"excerpt":"Le naturisme est un choix de mode de vie. La F\u00e9d\u00e9ration Naturiste Internationale(INF)d\u00e9finit ainsi le naturisme : \u00ab C\u2019est un mode de vie en harmonie avec la nature, exprim\u00e9 par la nudit\u00e9 sociale, li\u00e9 au respect de soi, \u00e0 la tol\u00e9rance des points de vue divergents avec le respect de\u2026","rel":"","context":"Article similaire","block_context":{"text":"Article similaire","link":""},"img":{"alt_text":"Plage naturiste en face de Costa Natura vue du c\u00f4t\u00e9 nord.","src":"https:\/\/i0.wp.com\/costanatura41.com\/wp-content\/uploads\/sites\/18\/2019\/09\/beach-view-2.jpg?resize=350%2C200&ssl=1","width":350,"height":200},"classes":[]},{"id":2285,"url":"https:\/\/costanatura41.com\/fr\/galerie\/","url_meta":{"origin":2266,"position":1},"title":"galerie","author":"Costa Natura 41","date":"11 avril 2020","format":false,"excerpt":"La page de la galerie est une collection plus vaste d\u2019images. Ici, vous pouvez voir l\u2019appartement et ses terrasses, la plage Naturist et le Resort, y compris les beaux jardins bien entretenus. L\u2019Appartement L\u2019appartement a \u00e9t\u00e9 enti\u00e8rement r\u00e9nov\u00e9 \u00e0 un niveau \u00e9lev\u00e9 avec un oeil pour le d\u00e9tail et la\u2026","rel":"","context":"Article similaire","block_context":{"text":"Article similaire","link":""},"img":{"alt_text":"Dining table seen from the kitchen.","src":"https:\/\/i0.wp.com\/costanatura41.com\/wp-content\/uploads\/sites\/18\/2022\/09\/cn41-dining-room-4.jpg?resize=350%2C200","width":350,"height":200,"srcset":"https:\/\/i0.wp.com\/costanatura41.com\/wp-content\/uploads\/sites\/18\/2022\/09\/cn41-dining-room-4.jpg?resize=350%2C200 1x, https:\/\/i0.wp.com\/costanatura41.com\/wp-content\/uploads\/sites\/18\/2022\/09\/cn41-dining-room-4.jpg?resize=525%2C300 1.5x, https:\/\/i0.wp.com\/costanatura41.com\/wp-content\/uploads\/sites\/18\/2022\/09\/cn41-dining-room-4.jpg?resize=700%2C400 2x, https:\/\/i0.wp.com\/costanatura41.com\/wp-content\/uploads\/sites\/18\/2022\/09\/cn41-dining-room-4.jpg?resize=1050%2C600 3x, https:\/\/i0.wp.com\/costanatura41.com\/wp-content\/uploads\/sites\/18\/2022\/09\/cn41-dining-room-4.jpg?resize=1400%2C800 4x"},"classes":[]},{"id":2277,"url":"https:\/\/costanatura41.com\/fr\/le-quartier\/","url_meta":{"origin":2266,"position":2},"title":"Le quartier","author":"Costa Natura 41","date":"11 avril 2020","format":false,"excerpt":"Costa Natura est situ\u00e9 \u00e0 la p\u00e9riph\u00e9rie sud d\u2019Estepona. \u00c0 mar\u00e9e basse, une promenade de 45 minutes le long de la plage vous m\u00e8nera au port. De 10 \u00e0 15 minutes suppl\u00e9mentaires vous permettront d\u2019inte le centre-ville. Vous pouvez \u00e9galement prendre le bus juste \u00e0 l\u2019ext\u00e9rieur de la station ou\u2026","rel":"","context":"Article similaire","block_context":{"text":"Article similaire","link":""},"img":{"alt_text":"","src":"","width":0,"height":0},"classes":[]},{"id":2269,"url":"https:\/\/costanatura41.com\/fr\/le-resort\/","url_meta":{"origin":2266,"position":3},"title":"Le Resort","author":"Costa Natura 41","date":"11 avril 2020","format":false,"excerpt":"Costa Natura est un village de vill\u00e9giature naturiste avec 200 appartements dans un beau jardin m\u00e9diterran\u00e9en bien entretenu. Il est situ\u00e9 juste sur la plage de Costa Natura, la premi\u00e8re plage naturiste d\u2019Espagne. Le complexe dispose d\u2019une grande piscine d\u2019eau sal\u00e9e, d\u2019un restaurant au bord de la mer, d\u2019une salle\u2026","rel":"","context":"Article similaire","block_context":{"text":"Article similaire","link":""},"img":{"alt_text":"","src":"","width":0,"height":0},"classes":[]},{"id":2276,"url":"https:\/\/costanatura41.com\/fr\/","url_meta":{"origin":2266,"position":4},"title":"Appartement de vacances Naturist dans le sud de l\u2019Espagne","author":"Costa Natura 41","date":"11 avril 2025","format":false,"excerpt":"R\u00e9servez maintenant Costa Natura 41 - Votre appartement de vacances Naturist dans le sud de l\u2019Espagne Bienvenue dans ce fabuleux appartement dans le sud de l\u2019Espagne. Ici, vous pouvez profiter d\u2019une f\u00eate naturiste combin\u00e9e avec toutes les commodit\u00e9s de la vie moderne.Surtout, il a \u00e9t\u00e9 enti\u00e8rement r\u00e9nov\u00e9 en 2019 \u00e0\u2026","rel":"","context":"Article similaire","block_context":{"text":"Article similaire","link":""},"img":{"alt_text":"","src":"https:\/\/i0.wp.com\/costanatura41.com\/wp-content\/uploads\/sites\/18\/2022\/07\/cn-pool-view-3-4.jpg?fit=1200%2C900&ssl=1&resize=350%2C200","width":350,"height":200,"srcset":"https:\/\/i0.wp.com\/costanatura41.com\/wp-content\/uploads\/sites\/18\/2022\/07\/cn-pool-view-3-4.jpg?fit=1200%2C900&ssl=1&resize=350%2C200 1x, https:\/\/i0.wp.com\/costanatura41.com\/wp-content\/uploads\/sites\/18\/2022\/07\/cn-pool-view-3-4.jpg?fit=1200%2C900&ssl=1&resize=525%2C300 1.5x, https:\/\/i0.wp.com\/costanatura41.com\/wp-content\/uploads\/sites\/18\/2022\/07\/cn-pool-view-3-4.jpg?fit=1200%2C900&ssl=1&resize=700%2C400 2x, https:\/\/i0.wp.com\/costanatura41.com\/wp-content\/uploads\/sites\/18\/2022\/07\/cn-pool-view-3-4.jpg?fit=1200%2C900&ssl=1&resize=1050%2C600 3x"},"classes":[]},{"id":2284,"url":"https:\/\/costanatura41.com\/fr\/directions\/","url_meta":{"origin":2266,"position":5},"title":"Directions","author":"Costa Natura 41","date":"11 avril 2020","format":false,"excerpt":"Itin\u00e9raire vers Costa Natura depuis l\u2019a\u00e9roport de Malaga (AGP) 1 Prendre l\u2019A-7 en direction d\u2019Algeciras\/Cadix. Cette route est parall\u00e8le \u00e0 la c\u00f4te.Restez sur l\u2019A-7 (sans frais) ou prenez l\u2019AP-7 (route \u00e0 p\u00e9age) qui est plus rapide et moins occup\u00e9. Si vous choisissez l\u2019AP-7, les frais sont d\u2019environ 12 euros au\u2026","rel":"","context":"Article similaire","block_context":{"text":"Article similaire","link":""},"img":{"alt_text":"Map with directions from Malaga airport.","src":"https:\/\/i0.wp.com\/costanatura41.com\/wp-content\/uploads\/sites\/18\/2019\/08\/directions-from-agp-1-1.jpg?fit=2546%2C1592&ssl=1&resize=350%2C200","width":350,"height":200,"srcset":"https:\/\/i0.wp.com\/costanatura41.com\/wp-content\/uploads\/sites\/18\/2019\/08\/directions-from-agp-1-1.jpg?fit=2546%2C1592&ssl=1&resize=350%2C200 1x, https:\/\/i0.wp.com\/costanatura41.com\/wp-content\/uploads\/sites\/18\/2019\/08\/directions-from-agp-1-1.jpg?fit=2546%2C1592&ssl=1&resize=525%2C300 1.5x, https:\/\/i0.wp.com\/costanatura41.com\/wp-content\/uploads\/sites\/18\/2019\/08\/directions-from-agp-1-1.jpg?fit=2546%2C1592&ssl=1&resize=700%2C400 2x, https:\/\/i0.wp.com\/costanatura41.com\/wp-content\/uploads\/sites\/18\/2019\/08\/directions-from-agp-1-1.jpg?fit=2546%2C1592&ssl=1&resize=1050%2C600 3x, https:\/\/i0.wp.com\/costanatura41.com\/wp-content\/uploads\/sites\/18\/2019\/08\/directions-from-agp-1-1.jpg?fit=2546%2C1592&ssl=1&resize=1400%2C800 4x"},"classes":[]}],"_links":{"self":[{"href":"https:\/\/costanatura41.com\/fr\/wp-json\/wp\/v2\/pages\/2266","targetHints":{"allow":["GET"]}}],"collection":[{"href":"https:\/\/costanatura41.com\/fr\/wp-json\/wp\/v2\/pages"}],"about":[{"href":"https:\/\/costanatura41.com\/fr\/wp-json\/wp\/v2\/types\/page"}],"author":[{"embeddable":true,"href":"https:\/\/costanatura41.com\/fr\/wp-json\/wp\/v2\/users\/7"}],"replies":[{"embeddable":true,"href":"https:\/\/costanatura41.com\/fr\/wp-json\/wp\/v2\/comments?post=2266"}],"version-history":[{"count":0,"href":"https:\/\/costanatura41.com\/fr\/wp-json\/wp\/v2\/pages\/2266\/revisions"}],"up":[{"embeddable":true,"href":"https:\/\/costanatura41.com\/fr\/wp-json\/wp\/v2\/pages\/2269"}],"wp:featuredmedia":[{"embeddable":true,"href":"https:\/\/costanatura41.com\/fr\/wp-json\/wp\/v2\/media\/1927"}],"wp:attachment":[{"href":"https:\/\/costanatura41.com\/fr\/wp-json\/wp\/v2\/media?parent=2266"}],"curies":[{"name":"wp","href":"https:\/\/api.w.org\/{rel}","templated":true}]}}