{"id":2268,"date":"2020-04-11T15:21:34","date_gmt":"2020-04-11T15:21:34","guid":{"rendered":"https:\/\/costanatura41.com\/piscine\/"},"modified":"2025-11-28T12:29:38","modified_gmt":"2025-11-28T12:29:38","slug":"piscine","status":"publish","type":"page","link":"https:\/\/costanatura41.com\/fr\/le-resort\/piscine\/","title":{"rendered":"Piscine"},"content":{"rendered":"\n<p>La grande piscine d\u2019eau sal\u00e9e est chauff\u00e9e \u00e0 l\u2019\u00e9nergie solaire et ouverte tout au long de l\u2019ann\u00e9e. Il y a aussi une petite piscine pour tout-petits.<\/p>\n\n\n\n<!--more Voir les d\u00e9tails-->\n\n\n\n<p>Pendant la journ\u00e9e, la piscine et ses environs sont utilis\u00e9s pour l\u2019exercice, le plaisir et les jeux, l\u2019a\u00e9robic aquatique, les bains de soleil et la connexion avec les gens.<\/p>\n\n\n\n<p>Le restaurant est situ\u00e9 juste \u00e0 c\u00f4t\u00e9 de la piscine qui vous permet de profiter d\u2019une boisson fra\u00eeche au soleil du soir et de vous rafra\u00eechir dans la piscine si vous avez trop chaud. C\u2019est aussi une belle sc\u00e8ne lorsque vous d\u00eenez dans le restaurant le soir.<\/p>\n\n\n\n<p>La piscine est couverte pendant la nuit les jours plus frais pour pr\u00e9server la temp\u00e9rature.<\/p>\n\n\n\n<p>Remarque : Les maillots de bain ne sont pas autoris\u00e9s dans la piscine.<\/p>\n","protected":false},"excerpt":{"rendered":"<p>La grande piscine d\u2019eau sal\u00e9e est chauff\u00e9e \u00e0 l\u2019\u00e9nergie solaire et ouverte tout au long de l\u2019ann\u00e9e. Il y a aussi une petite piscine pour tout-petits.<\/p>\n","protected":false},"author":7,"featured_media":1217,"parent":2269,"menu_order":2,"comment_status":"closed","ping_status":"closed","template":"template-boxed-page.php","meta":{"_monsterinsights_skip_tracking":false,"_monsterinsights_sitenote_active":false,"_monsterinsights_sitenote_note":"","_monsterinsights_sitenote_category":0,"jetpack_post_was_ever_published":false,"footnotes":""},"class_list":["post-2268","page","type-page","status-publish","has-post-thumbnail","hentry"],"yoast_head":"<!-- This site is optimized with the Yoast SEO plugin v27.3 - https:\/\/yoast.com\/product\/yoast-seo-wordpress\/ -->\n<title>Piscine - COSTANATURA 41<\/title>\n<meta name=\"robots\" content=\"index, follow, max-snippet:-1, max-image-preview:large, max-video-preview:-1\" \/>\n<link rel=\"canonical\" href=\"https:\/\/costanatura41.com\/fr\/le-resort\/piscine\/\" \/>\n<meta property=\"og:locale\" content=\"fr_FR\" \/>\n<meta property=\"og:type\" content=\"article\" \/>\n<meta property=\"og:title\" content=\"Piscine - COSTANATURA 41\" \/>\n<meta property=\"og:description\" content=\"La grande piscine d\u2019eau sal\u00e9e est chauff\u00e9e \u00e0 l\u2019\u00e9nergie solaire et ouverte tout au long de l\u2019ann\u00e9e. Il y a aussi une petite piscine pour tout-petits.\" \/>\n<meta property=\"og:url\" content=\"https:\/\/costanatura41.com\/fr\/le-resort\/piscine\/\" \/>\n<meta property=\"og:site_name\" content=\"COSTANATURA 41\" \/>\n<meta property=\"article:modified_time\" content=\"2025-11-28T12:29:38+00:00\" \/>\n<meta property=\"og:image\" content=\"https:\/\/costanatura41.com\/wp-content\/uploads\/sites\/18\/2019\/08\/costanatura-pool-view-2.jpg\" \/>\n\t<meta property=\"og:image:width\" content=\"2560\" \/>\n\t<meta property=\"og:image:height\" content=\"1920\" \/>\n\t<meta property=\"og:image:type\" content=\"image\/jpeg\" \/>\n<meta name=\"twitter:card\" content=\"summary_large_image\" \/>\n<meta name=\"twitter:label1\" content=\"Dur\u00e9e de lecture estim\u00e9e\" \/>\n\t<meta name=\"twitter:data1\" content=\"1 minute\" \/>\n<script type=\"application\/ld+json\" class=\"yoast-schema-graph\">{\"@context\":\"https:\\\/\\\/schema.org\",\"@graph\":[{\"@type\":\"WebPage\",\"@id\":\"https:\\\/\\\/costanatura41.com\\\/fr\\\/le-resort\\\/piscine\\\/\",\"url\":\"https:\\\/\\\/costanatura41.com\\\/fr\\\/le-resort\\\/piscine\\\/\",\"name\":\"Piscine - COSTANATURA 41\",\"isPartOf\":{\"@id\":\"https:\\\/\\\/costanatura41.com\\\/fr\\\/#website\"},\"primaryImageOfPage\":{\"@id\":\"https:\\\/\\\/costanatura41.com\\\/fr\\\/le-resort\\\/piscine\\\/#primaryimage\"},\"image\":{\"@id\":\"https:\\\/\\\/costanatura41.com\\\/fr\\\/le-resort\\\/piscine\\\/#primaryimage\"},\"thumbnailUrl\":\"https:\\\/\\\/i0.wp.com\\\/costanatura41.com\\\/wp-content\\\/uploads\\\/sites\\\/18\\\/2019\\\/08\\\/costanatura-pool-view-2.jpg?fit=2560%2C1920&ssl=1\",\"datePublished\":\"2020-04-11T15:21:34+00:00\",\"dateModified\":\"2025-11-28T12:29:38+00:00\",\"breadcrumb\":{\"@id\":\"https:\\\/\\\/costanatura41.com\\\/fr\\\/le-resort\\\/piscine\\\/#breadcrumb\"},\"inLanguage\":\"fr-FR\",\"potentialAction\":[{\"@type\":\"ReadAction\",\"target\":[\"https:\\\/\\\/costanatura41.com\\\/fr\\\/le-resort\\\/piscine\\\/\"]}]},{\"@type\":\"ImageObject\",\"inLanguage\":\"fr-FR\",\"@id\":\"https:\\\/\\\/costanatura41.com\\\/fr\\\/le-resort\\\/piscine\\\/#primaryimage\",\"url\":\"https:\\\/\\\/i0.wp.com\\\/costanatura41.com\\\/wp-content\\\/uploads\\\/sites\\\/18\\\/2019\\\/08\\\/costanatura-pool-view-2.jpg?fit=2560%2C1920&ssl=1\",\"contentUrl\":\"https:\\\/\\\/i0.wp.com\\\/costanatura41.com\\\/wp-content\\\/uploads\\\/sites\\\/18\\\/2019\\\/08\\\/costanatura-pool-view-2.jpg?fit=2560%2C1920&ssl=1\",\"width\":2560,\"height\":1920},{\"@type\":\"BreadcrumbList\",\"@id\":\"https:\\\/\\\/costanatura41.com\\\/fr\\\/le-resort\\\/piscine\\\/#breadcrumb\",\"itemListElement\":[{\"@type\":\"ListItem\",\"position\":1,\"name\":\"Home\",\"item\":\"https:\\\/\\\/costanatura41.com\\\/fr\\\/\"},{\"@type\":\"ListItem\",\"position\":2,\"name\":\"Le Resort\",\"item\":\"https:\\\/\\\/costanatura41.com\\\/fr\\\/le-resort\\\/\"},{\"@type\":\"ListItem\",\"position\":3,\"name\":\"Piscine\"}]},{\"@type\":\"WebSite\",\"@id\":\"https:\\\/\\\/costanatura41.com\\\/fr\\\/#website\",\"url\":\"https:\\\/\\\/costanatura41.com\\\/fr\\\/\",\"name\":\"Costanatura 41\",\"description\":\"Naturist Holiday Rent\",\"publisher\":{\"@id\":\"https:\\\/\\\/costanatura41.com\\\/fr\\\/#organization\"},\"potentialAction\":[{\"@type\":\"SearchAction\",\"target\":{\"@type\":\"EntryPoint\",\"urlTemplate\":\"https:\\\/\\\/costanatura41.com\\\/fr\\\/?s={search_term_string}\"},\"query-input\":{\"@type\":\"PropertyValueSpecification\",\"valueRequired\":true,\"valueName\":\"search_term_string\"}}],\"inLanguage\":\"fr-FR\"},{\"@type\":\"Organization\",\"@id\":\"https:\\\/\\\/costanatura41.com\\\/fr\\\/#organization\",\"name\":\"Costa Natura Apartment 41\",\"url\":\"https:\\\/\\\/costanatura41.com\\\/fr\\\/\",\"logo\":{\"@type\":\"ImageObject\",\"inLanguage\":\"fr-FR\",\"@id\":\"https:\\\/\\\/costanatura41.com\\\/fr\\\/#\\\/schema\\\/logo\\\/image\\\/\",\"url\":\"\",\"contentUrl\":\"\",\"caption\":\"Costa Natura Apartment 41\"},\"image\":{\"@id\":\"https:\\\/\\\/costanatura41.com\\\/fr\\\/#\\\/schema\\\/logo\\\/image\\\/\"}}]}<\/script>\n<!-- \/ Yoast SEO plugin. -->","yoast_head_json":{"title":"Piscine - COSTANATURA 41","robots":{"index":"index","follow":"follow","max-snippet":"max-snippet:-1","max-image-preview":"max-image-preview:large","max-video-preview":"max-video-preview:-1"},"canonical":"https:\/\/costanatura41.com\/fr\/le-resort\/piscine\/","og_locale":"fr_FR","og_type":"article","og_title":"Piscine - COSTANATURA 41","og_description":"La grande piscine d\u2019eau sal\u00e9e est chauff\u00e9e \u00e0 l\u2019\u00e9nergie solaire et ouverte tout au long de l\u2019ann\u00e9e. Il y a aussi une petite piscine pour tout-petits.","og_url":"https:\/\/costanatura41.com\/fr\/le-resort\/piscine\/","og_site_name":"COSTANATURA 41","article_modified_time":"2025-11-28T12:29:38+00:00","og_image":[{"width":2560,"height":1920,"url":"https:\/\/costanatura41.com\/wp-content\/uploads\/sites\/18\/2019\/08\/costanatura-pool-view-2.jpg","type":"image\/jpeg"}],"twitter_card":"summary_large_image","twitter_misc":{"Dur\u00e9e de lecture estim\u00e9e":"1 minute"},"schema":{"@context":"https:\/\/schema.org","@graph":[{"@type":"WebPage","@id":"https:\/\/costanatura41.com\/fr\/le-resort\/piscine\/","url":"https:\/\/costanatura41.com\/fr\/le-resort\/piscine\/","name":"Piscine - COSTANATURA 41","isPartOf":{"@id":"https:\/\/costanatura41.com\/fr\/#website"},"primaryImageOfPage":{"@id":"https:\/\/costanatura41.com\/fr\/le-resort\/piscine\/#primaryimage"},"image":{"@id":"https:\/\/costanatura41.com\/fr\/le-resort\/piscine\/#primaryimage"},"thumbnailUrl":"https:\/\/i0.wp.com\/costanatura41.com\/wp-content\/uploads\/sites\/18\/2019\/08\/costanatura-pool-view-2.jpg?fit=2560%2C1920&ssl=1","datePublished":"2020-04-11T15:21:34+00:00","dateModified":"2025-11-28T12:29:38+00:00","breadcrumb":{"@id":"https:\/\/costanatura41.com\/fr\/le-resort\/piscine\/#breadcrumb"},"inLanguage":"fr-FR","potentialAction":[{"@type":"ReadAction","target":["https:\/\/costanatura41.com\/fr\/le-resort\/piscine\/"]}]},{"@type":"ImageObject","inLanguage":"fr-FR","@id":"https:\/\/costanatura41.com\/fr\/le-resort\/piscine\/#primaryimage","url":"https:\/\/i0.wp.com\/costanatura41.com\/wp-content\/uploads\/sites\/18\/2019\/08\/costanatura-pool-view-2.jpg?fit=2560%2C1920&ssl=1","contentUrl":"https:\/\/i0.wp.com\/costanatura41.com\/wp-content\/uploads\/sites\/18\/2019\/08\/costanatura-pool-view-2.jpg?fit=2560%2C1920&ssl=1","width":2560,"height":1920},{"@type":"BreadcrumbList","@id":"https:\/\/costanatura41.com\/fr\/le-resort\/piscine\/#breadcrumb","itemListElement":[{"@type":"ListItem","position":1,"name":"Home","item":"https:\/\/costanatura41.com\/fr\/"},{"@type":"ListItem","position":2,"name":"Le Resort","item":"https:\/\/costanatura41.com\/fr\/le-resort\/"},{"@type":"ListItem","position":3,"name":"Piscine"}]},{"@type":"WebSite","@id":"https:\/\/costanatura41.com\/fr\/#website","url":"https:\/\/costanatura41.com\/fr\/","name":"Costanatura 41","description":"Naturist Holiday Rent","publisher":{"@id":"https:\/\/costanatura41.com\/fr\/#organization"},"potentialAction":[{"@type":"SearchAction","target":{"@type":"EntryPoint","urlTemplate":"https:\/\/costanatura41.com\/fr\/?s={search_term_string}"},"query-input":{"@type":"PropertyValueSpecification","valueRequired":true,"valueName":"search_term_string"}}],"inLanguage":"fr-FR"},{"@type":"Organization","@id":"https:\/\/costanatura41.com\/fr\/#organization","name":"Costa Natura Apartment 41","url":"https:\/\/costanatura41.com\/fr\/","logo":{"@type":"ImageObject","inLanguage":"fr-FR","@id":"https:\/\/costanatura41.com\/fr\/#\/schema\/logo\/image\/","url":"","contentUrl":"","caption":"Costa Natura Apartment 41"},"image":{"@id":"https:\/\/costanatura41.com\/fr\/#\/schema\/logo\/image\/"}}]}},"jetpack_sharing_enabled":true,"jetpack_shortlink":"https:\/\/wp.me\/PaF7DC-AA","jetpack-related-posts":[{"id":2265,"url":"https:\/\/costanatura41.com\/fr\/le-resort\/restaurant\/","url_meta":{"origin":2268,"position":0},"title":"Restaurant","author":"Costa Natura 41","date":"11 avril 2020","format":false,"excerpt":"Costa Natura dispose de son propre restaurant qui sert de la nourriture et des boissons tout au long de la journ\u00e9e. Les menus pour le d\u00e9jeuner et le d\u00eener offrent une vari\u00e9t\u00e9 de choix, locaux et internationaux. C\u2019est un endroit id\u00e9al pour socialiser et quelques jours par semaine il ya\u2026","rel":"","context":"Article similaire","block_context":{"text":"Article similaire","link":""},"img":{"alt_text":"Restaurant \u00e0 Costa Natura vu du c\u00f4t\u00e9 de la piscine.","src":"https:\/\/i0.wp.com\/costanatura41.com\/wp-content\/uploads\/sites\/18\/2019\/08\/costanatura-pool-view-4.jpg?fit=1200%2C900&ssl=1&resize=350%2C200","width":350,"height":200,"srcset":"https:\/\/i0.wp.com\/costanatura41.com\/wp-content\/uploads\/sites\/18\/2019\/08\/costanatura-pool-view-4.jpg?fit=1200%2C900&ssl=1&resize=350%2C200 1x, https:\/\/i0.wp.com\/costanatura41.com\/wp-content\/uploads\/sites\/18\/2019\/08\/costanatura-pool-view-4.jpg?fit=1200%2C900&ssl=1&resize=525%2C300 1.5x, https:\/\/i0.wp.com\/costanatura41.com\/wp-content\/uploads\/sites\/18\/2019\/08\/costanatura-pool-view-4.jpg?fit=1200%2C900&ssl=1&resize=700%2C400 2x, https:\/\/i0.wp.com\/costanatura41.com\/wp-content\/uploads\/sites\/18\/2019\/08\/costanatura-pool-view-4.jpg?fit=1200%2C900&ssl=1&resize=1050%2C600 3x"},"classes":[]},{"id":2283,"url":"https:\/\/costanatura41.com\/fr\/naturisme\/","url_meta":{"origin":2268,"position":1},"title":"Naturisme","author":"Costa Natura 41","date":"11 avril 2020","format":false,"excerpt":"Le naturisme est un choix de mode de vie. La F\u00e9d\u00e9ration Naturiste Internationale(INF)d\u00e9finit ainsi le naturisme : \u00ab C\u2019est un mode de vie en harmonie avec la nature, exprim\u00e9 par la nudit\u00e9 sociale, li\u00e9 au respect de soi, \u00e0 la tol\u00e9rance des points de vue divergents avec le respect de\u2026","rel":"","context":"Article similaire","block_context":{"text":"Article similaire","link":""},"img":{"alt_text":"Plage naturiste en face de Costa Natura vue du c\u00f4t\u00e9 nord.","src":"https:\/\/i0.wp.com\/costanatura41.com\/wp-content\/uploads\/sites\/18\/2019\/09\/beach-view-2.jpg?resize=350%2C200&ssl=1","width":350,"height":200},"classes":[]},{"id":2264,"url":"https:\/\/costanatura41.com\/fr\/le-resort\/jacuzzi\/","url_meta":{"origin":2268,"position":2},"title":"Jacuzzi","author":"Costa Natura 41","date":"11 avril 2020","format":false,"excerpt":"Le jacuzzi est situ\u00e9 \u00e0 c\u00f4t\u00e9 de la piscine avec une vue imprenable sur la mer et est ouvert toute l\u2019ann\u00e9e. Remarque : Les maillots de bain ne sont pas autoris\u00e9s dans le jacuzzi.","rel":"","context":"Article similaire","block_context":{"text":"Article similaire","link":""},"img":{"alt_text":"","src":"https:\/\/i0.wp.com\/costanatura41.com\/wp-content\/uploads\/sites\/18\/2025\/05\/costanatura-jacuzzi-view-7.jpg?fit=1200%2C900&ssl=1&resize=350%2C200","width":350,"height":200,"srcset":"https:\/\/i0.wp.com\/costanatura41.com\/wp-content\/uploads\/sites\/18\/2025\/05\/costanatura-jacuzzi-view-7.jpg?fit=1200%2C900&ssl=1&resize=350%2C200 1x, https:\/\/i0.wp.com\/costanatura41.com\/wp-content\/uploads\/sites\/18\/2025\/05\/costanatura-jacuzzi-view-7.jpg?fit=1200%2C900&ssl=1&resize=525%2C300 1.5x, https:\/\/i0.wp.com\/costanatura41.com\/wp-content\/uploads\/sites\/18\/2025\/05\/costanatura-jacuzzi-view-7.jpg?fit=1200%2C900&ssl=1&resize=700%2C400 2x, https:\/\/i0.wp.com\/costanatura41.com\/wp-content\/uploads\/sites\/18\/2025\/05\/costanatura-jacuzzi-view-7.jpg?fit=1200%2C900&ssl=1&resize=1050%2C600 3x"},"classes":[]},{"id":2276,"url":"https:\/\/costanatura41.com\/fr\/","url_meta":{"origin":2268,"position":3},"title":"Appartement de vacances Naturist dans le sud de l\u2019Espagne","author":"Costa Natura 41","date":"11 avril 2025","format":false,"excerpt":"R\u00e9servez maintenant Costa Natura 41 - Votre appartement de vacances Naturist dans le sud de l\u2019Espagne Bienvenue dans ce fabuleux appartement dans le sud de l\u2019Espagne. Ici, vous pouvez profiter d\u2019une f\u00eate naturiste combin\u00e9e avec toutes les commodit\u00e9s de la vie moderne.Surtout, il a \u00e9t\u00e9 enti\u00e8rement r\u00e9nov\u00e9 en 2019 \u00e0\u2026","rel":"","context":"Article similaire","block_context":{"text":"Article similaire","link":""},"img":{"alt_text":"","src":"https:\/\/i0.wp.com\/costanatura41.com\/wp-content\/uploads\/sites\/18\/2022\/07\/cn-pool-view-3-4.jpg?fit=1200%2C900&ssl=1&resize=350%2C200","width":350,"height":200,"srcset":"https:\/\/i0.wp.com\/costanatura41.com\/wp-content\/uploads\/sites\/18\/2022\/07\/cn-pool-view-3-4.jpg?fit=1200%2C900&ssl=1&resize=350%2C200 1x, https:\/\/i0.wp.com\/costanatura41.com\/wp-content\/uploads\/sites\/18\/2022\/07\/cn-pool-view-3-4.jpg?fit=1200%2C900&ssl=1&resize=525%2C300 1.5x, https:\/\/i0.wp.com\/costanatura41.com\/wp-content\/uploads\/sites\/18\/2022\/07\/cn-pool-view-3-4.jpg?fit=1200%2C900&ssl=1&resize=700%2C400 2x, https:\/\/i0.wp.com\/costanatura41.com\/wp-content\/uploads\/sites\/18\/2022\/07\/cn-pool-view-3-4.jpg?fit=1200%2C900&ssl=1&resize=1050%2C600 3x"},"classes":[]},{"id":2280,"url":"https:\/\/costanatura41.com\/fr\/tarifs\/","url_meta":{"origin":2268,"position":4},"title":"Tarifs","author":"Costa Natura 41","date":"11 avril 2020","format":false,"excerpt":"Les tarifs de location pour la saison 2026\/2027 :\u00a0 Mois Prix par nuit Janvier 91 \u20ac F\u00e9vrier 91 \u20ac Mars 121 \u20ac Avril 121 \u20ac Mai 154 \u20ac Juin 154 \u20ac Mois Prix par nuit Juillet 186 \u20ac Ao\u00fbt 186 \u20ac Septembre 186 \u20ac Octobre 154 \u20ac Novembre 91 \u20ac\u2026","rel":"","context":"Article similaire","block_context":{"text":"Article similaire","link":""},"img":{"alt_text":"","src":"","width":0,"height":0},"classes":[]},{"id":3964,"url":"https:\/\/costanatura41.com\/fr\/le-resort\/sauna-2\/","url_meta":{"origin":2268,"position":5},"title":"Sauna","author":"Costa Natura 41","date":"25 mai 2025","format":false,"excerpt":"Le sauna est situ\u00e9 \u00e0 proximit\u00e9 de la piscine, avec une fa\u00e7ade vitr\u00e9e offrant une vue imprenable sur la piscine, le jacuzzi, le restaurant et, non des moindres, la mer en face. Il s'agit d'un espace de bien-\u00eatre situ\u00e9 directement face \u00e0 la mer M\u00e9diterran\u00e9e, offrant une exp\u00e9rience unique \u00e0\u2026","rel":"","context":"Article similaire","block_context":{"text":"Article similaire","link":""},"img":{"alt_text":"","src":"https:\/\/i0.wp.com\/costanatura41.com\/wp-content\/uploads\/sites\/18\/2025\/05\/costanatura-sauna-view-2.jpg?fit=1200%2C900&ssl=1&resize=350%2C200","width":350,"height":200,"srcset":"https:\/\/i0.wp.com\/costanatura41.com\/wp-content\/uploads\/sites\/18\/2025\/05\/costanatura-sauna-view-2.jpg?fit=1200%2C900&ssl=1&resize=350%2C200 1x, https:\/\/i0.wp.com\/costanatura41.com\/wp-content\/uploads\/sites\/18\/2025\/05\/costanatura-sauna-view-2.jpg?fit=1200%2C900&ssl=1&resize=525%2C300 1.5x, https:\/\/i0.wp.com\/costanatura41.com\/wp-content\/uploads\/sites\/18\/2025\/05\/costanatura-sauna-view-2.jpg?fit=1200%2C900&ssl=1&resize=700%2C400 2x, https:\/\/i0.wp.com\/costanatura41.com\/wp-content\/uploads\/sites\/18\/2025\/05\/costanatura-sauna-view-2.jpg?fit=1200%2C900&ssl=1&resize=1050%2C600 3x"},"classes":[]}],"_links":{"self":[{"href":"https:\/\/costanatura41.com\/fr\/wp-json\/wp\/v2\/pages\/2268","targetHints":{"allow":["GET"]}}],"collection":[{"href":"https:\/\/costanatura41.com\/fr\/wp-json\/wp\/v2\/pages"}],"about":[{"href":"https:\/\/costanatura41.com\/fr\/wp-json\/wp\/v2\/types\/page"}],"author":[{"embeddable":true,"href":"https:\/\/costanatura41.com\/fr\/wp-json\/wp\/v2\/users\/7"}],"replies":[{"embeddable":true,"href":"https:\/\/costanatura41.com\/fr\/wp-json\/wp\/v2\/comments?post=2268"}],"version-history":[{"count":0,"href":"https:\/\/costanatura41.com\/fr\/wp-json\/wp\/v2\/pages\/2268\/revisions"}],"up":[{"embeddable":true,"href":"https:\/\/costanatura41.com\/fr\/wp-json\/wp\/v2\/pages\/2269"}],"wp:featuredmedia":[{"embeddable":true,"href":"https:\/\/costanatura41.com\/fr\/wp-json\/wp\/v2\/media\/1217"}],"wp:attachment":[{"href":"https:\/\/costanatura41.com\/fr\/wp-json\/wp\/v2\/media?parent=2268"}],"curies":[{"name":"wp","href":"https:\/\/api.w.org\/{rel}","templated":true}]}}