{"id":2269,"date":"2020-04-11T15:21:35","date_gmt":"2020-04-11T15:21:35","guid":{"rendered":"https:\/\/costanatura41.com\/le-resort\/"},"modified":"2025-11-28T13:17:50","modified_gmt":"2025-11-28T13:17:50","slug":"le-resort","status":"publish","type":"page","link":"https:\/\/costanatura41.com\/fr\/le-resort\/","title":{"rendered":"Le Resort"},"content":{"rendered":"\t\t<div data-elementor-type=\"wp-page\" data-elementor-id=\"2269\" class=\"elementor elementor-2269 elementor-19\">\n\t\t\t\t\t\t<section class=\"elementor-section elementor-top-section elementor-element elementor-element-639034c3 elementor-section-boxed elementor-section-height-default elementor-section-height-default\" data-id=\"639034c3\" data-element_type=\"section\" data-e-type=\"section\">\n\t\t\t\t\t\t<div class=\"elementor-container elementor-column-gap-default\">\n\t\t\t\t\t<div class=\"elementor-column elementor-col-100 elementor-top-column elementor-element elementor-element-5d900763\" data-id=\"5d900763\" data-element_type=\"column\" data-e-type=\"column\">\n\t\t\t<div class=\"elementor-widget-wrap elementor-element-populated\">\n\t\t\t\t\t\t<div class=\"elementor-element elementor-element-41c03d7c elementor-widget elementor-widget-text-editor\" data-id=\"41c03d7c\" data-element_type=\"widget\" data-e-type=\"widget\" data-widget_type=\"text-editor.default\">\n\t\t\t\t<div class=\"elementor-widget-container\">\n\t\t\t\t\t\t\t\t\t<p style=\"text-align: left;\">Costa Natura est un village de vill\u00e9giature naturiste avec 200 appartements dans un beau jardin m\u00e9diterran\u00e9en bien entretenu. Il est situ\u00e9 juste sur la plage de Costa Natura, la premi\u00e8re plage naturiste d\u2019Espagne. Le complexe dispose d\u2019une grande piscine d\u2019eau sal\u00e9e, d\u2019un restaurant au bord de la mer, d\u2019une salle de sport, d\u2019un jacuzzi, d\u2019un sauna, d\u2019un terrain de volley-ball et d\u2019un terrain de p\u00e9tanque.<\/p><p style=\"text-align: left;\">Cliquez <a href=\"https:\/\/goo.gl\/maps\/x83KdKZEwyrXgq458\" target=\"_blank\" rel=\"noopener noreferrer\">ici<\/a> pour l\u2019emplacement de la carte.<\/p>\t\t\t\t\t\t\t\t<\/div>\n\t\t\t\t<\/div>\n\t\t\t\t\t<\/div>\n\t\t<\/div>\n\t\t\t\t\t<\/div>\n\t\t<\/section>\n\t\t\t\t<\/div>\n\t\t","protected":false},"excerpt":{"rendered":"<p>Costa Natura est un village de vill\u00e9giature naturiste avec 200 appartements dans un beau jardin m\u00e9diterran\u00e9en bien entretenu. Il est situ\u00e9 juste sur la plage de Costa Natura, la premi\u00e8re plage naturiste d\u2019Espagne. Le complexe dispose d\u2019une grande piscine d\u2019eau sal\u00e9e, d\u2019un restaurant au bord de la mer, d\u2019une salle de sport, d\u2019un jacuzzi, d\u2019un &hellip; <a href=\"https:\/\/costanatura41.com\/fr\/le-resort\/\" class=\"more-link\">Continue reading<span class=\"screen-reader-text\"> \u00ab\u00a0Le Resort\u00a0\u00bb<\/span><\/a><\/p>\n","protected":false},"author":7,"featured_media":0,"parent":0,"menu_order":0,"comment_status":"closed","ping_status":"closed","template":"template-full-width-grid-page.php","meta":{"_monsterinsights_skip_tracking":false,"_monsterinsights_sitenote_active":false,"_monsterinsights_sitenote_note":"","_monsterinsights_sitenote_category":0,"jetpack_post_was_ever_published":false,"footnotes":""},"class_list":["post-2269","page","type-page","status-publish","hentry"],"yoast_head":"<!-- This site is optimized with the Yoast SEO plugin v27.4 - https:\/\/yoast.com\/product\/yoast-seo-wordpress\/ -->\n<title>Costa Natura Resort - COSTANATURA 41<\/title>\n<meta name=\"description\" content=\"Le complexe de Costa Natura comprend une grande piscine d\u2019eau sal\u00e9e, un jacuzzi, un restaurant et un parking cl\u00f4tur\u00e9. Acc\u00e8s direct \u00e0 la plage naturiste.\" \/>\n<meta name=\"robots\" content=\"index, follow, max-snippet:-1, max-image-preview:large, max-video-preview:-1\" \/>\n<link rel=\"canonical\" href=\"https:\/\/costanatura41.com\/fr\/le-resort\/\" \/>\n<meta property=\"og:locale\" content=\"fr_FR\" \/>\n<meta property=\"og:type\" content=\"article\" \/>\n<meta property=\"og:title\" content=\"Costa Natura Resort - COSTANATURA 41\" \/>\n<meta property=\"og:description\" content=\"Le complexe de Costa Natura comprend une grande piscine d\u2019eau sal\u00e9e, un jacuzzi, un restaurant et un parking cl\u00f4tur\u00e9. Acc\u00e8s direct \u00e0 la plage naturiste.\" \/>\n<meta property=\"og:url\" content=\"https:\/\/costanatura41.com\/fr\/le-resort\/\" \/>\n<meta property=\"og:site_name\" content=\"COSTANATURA 41\" \/>\n<meta property=\"article:modified_time\" content=\"2025-11-28T13:17:50+00:00\" \/>\n<meta name=\"twitter:card\" content=\"summary_large_image\" \/>\n<meta name=\"twitter:label1\" content=\"Dur\u00e9e de lecture estim\u00e9e\" \/>\n\t<meta name=\"twitter:data1\" content=\"1 minute\" \/>\n<script type=\"application\/ld+json\" class=\"yoast-schema-graph\">{\"@context\":\"https:\\\/\\\/schema.org\",\"@graph\":[{\"@type\":\"WebPage\",\"@id\":\"https:\\\/\\\/costanatura41.com\\\/fr\\\/le-resort\\\/\",\"url\":\"https:\\\/\\\/costanatura41.com\\\/fr\\\/le-resort\\\/\",\"name\":\"Costa Natura Resort - COSTANATURA 41\",\"isPartOf\":{\"@id\":\"https:\\\/\\\/costanatura41.com\\\/fr\\\/#website\"},\"datePublished\":\"2020-04-11T15:21:35+00:00\",\"dateModified\":\"2025-11-28T13:17:50+00:00\",\"description\":\"Le complexe de Costa Natura comprend une grande piscine d\u2019eau sal\u00e9e, un jacuzzi, un restaurant et un parking cl\u00f4tur\u00e9. Acc\u00e8s direct \u00e0 la plage naturiste.\",\"breadcrumb\":{\"@id\":\"https:\\\/\\\/costanatura41.com\\\/fr\\\/le-resort\\\/#breadcrumb\"},\"inLanguage\":\"fr-FR\",\"potentialAction\":[{\"@type\":\"ReadAction\",\"target\":[\"https:\\\/\\\/costanatura41.com\\\/fr\\\/le-resort\\\/\"]}]},{\"@type\":\"BreadcrumbList\",\"@id\":\"https:\\\/\\\/costanatura41.com\\\/fr\\\/le-resort\\\/#breadcrumb\",\"itemListElement\":[{\"@type\":\"ListItem\",\"position\":1,\"name\":\"Home\",\"item\":\"https:\\\/\\\/costanatura41.com\\\/fr\\\/\"},{\"@type\":\"ListItem\",\"position\":2,\"name\":\"Le Resort\"}]},{\"@type\":\"WebSite\",\"@id\":\"https:\\\/\\\/costanatura41.com\\\/fr\\\/#website\",\"url\":\"https:\\\/\\\/costanatura41.com\\\/fr\\\/\",\"name\":\"Costanatura 41\",\"description\":\"Naturist Holiday Rent\",\"publisher\":{\"@id\":\"https:\\\/\\\/costanatura41.com\\\/fr\\\/#organization\"},\"potentialAction\":[{\"@type\":\"SearchAction\",\"target\":{\"@type\":\"EntryPoint\",\"urlTemplate\":\"https:\\\/\\\/costanatura41.com\\\/fr\\\/?s={search_term_string}\"},\"query-input\":{\"@type\":\"PropertyValueSpecification\",\"valueRequired\":true,\"valueName\":\"search_term_string\"}}],\"inLanguage\":\"fr-FR\"},{\"@type\":\"Organization\",\"@id\":\"https:\\\/\\\/costanatura41.com\\\/fr\\\/#organization\",\"name\":\"Costa Natura Apartment 41\",\"url\":\"https:\\\/\\\/costanatura41.com\\\/fr\\\/\",\"logo\":{\"@type\":\"ImageObject\",\"inLanguage\":\"fr-FR\",\"@id\":\"https:\\\/\\\/costanatura41.com\\\/fr\\\/#\\\/schema\\\/logo\\\/image\\\/\",\"url\":\"\",\"contentUrl\":\"\",\"caption\":\"Costa Natura Apartment 41\"},\"image\":{\"@id\":\"https:\\\/\\\/costanatura41.com\\\/fr\\\/#\\\/schema\\\/logo\\\/image\\\/\"}}]}<\/script>\n<!-- \/ Yoast SEO plugin. -->","yoast_head_json":{"title":"Costa Natura Resort - COSTANATURA 41","description":"Le complexe de Costa Natura comprend une grande piscine d\u2019eau sal\u00e9e, un jacuzzi, un restaurant et un parking cl\u00f4tur\u00e9. Acc\u00e8s direct \u00e0 la plage naturiste.","robots":{"index":"index","follow":"follow","max-snippet":"max-snippet:-1","max-image-preview":"max-image-preview:large","max-video-preview":"max-video-preview:-1"},"canonical":"https:\/\/costanatura41.com\/fr\/le-resort\/","og_locale":"fr_FR","og_type":"article","og_title":"Costa Natura Resort - COSTANATURA 41","og_description":"Le complexe de Costa Natura comprend une grande piscine d\u2019eau sal\u00e9e, un jacuzzi, un restaurant et un parking cl\u00f4tur\u00e9. Acc\u00e8s direct \u00e0 la plage naturiste.","og_url":"https:\/\/costanatura41.com\/fr\/le-resort\/","og_site_name":"COSTANATURA 41","article_modified_time":"2025-11-28T13:17:50+00:00","twitter_card":"summary_large_image","twitter_misc":{"Dur\u00e9e de lecture estim\u00e9e":"1 minute"},"schema":{"@context":"https:\/\/schema.org","@graph":[{"@type":"WebPage","@id":"https:\/\/costanatura41.com\/fr\/le-resort\/","url":"https:\/\/costanatura41.com\/fr\/le-resort\/","name":"Costa Natura Resort - COSTANATURA 41","isPartOf":{"@id":"https:\/\/costanatura41.com\/fr\/#website"},"datePublished":"2020-04-11T15:21:35+00:00","dateModified":"2025-11-28T13:17:50+00:00","description":"Le complexe de Costa Natura comprend une grande piscine d\u2019eau sal\u00e9e, un jacuzzi, un restaurant et un parking cl\u00f4tur\u00e9. Acc\u00e8s direct \u00e0 la plage naturiste.","breadcrumb":{"@id":"https:\/\/costanatura41.com\/fr\/le-resort\/#breadcrumb"},"inLanguage":"fr-FR","potentialAction":[{"@type":"ReadAction","target":["https:\/\/costanatura41.com\/fr\/le-resort\/"]}]},{"@type":"BreadcrumbList","@id":"https:\/\/costanatura41.com\/fr\/le-resort\/#breadcrumb","itemListElement":[{"@type":"ListItem","position":1,"name":"Home","item":"https:\/\/costanatura41.com\/fr\/"},{"@type":"ListItem","position":2,"name":"Le Resort"}]},{"@type":"WebSite","@id":"https:\/\/costanatura41.com\/fr\/#website","url":"https:\/\/costanatura41.com\/fr\/","name":"Costanatura 41","description":"Naturist Holiday Rent","publisher":{"@id":"https:\/\/costanatura41.com\/fr\/#organization"},"potentialAction":[{"@type":"SearchAction","target":{"@type":"EntryPoint","urlTemplate":"https:\/\/costanatura41.com\/fr\/?s={search_term_string}"},"query-input":{"@type":"PropertyValueSpecification","valueRequired":true,"valueName":"search_term_string"}}],"inLanguage":"fr-FR"},{"@type":"Organization","@id":"https:\/\/costanatura41.com\/fr\/#organization","name":"Costa Natura Apartment 41","url":"https:\/\/costanatura41.com\/fr\/","logo":{"@type":"ImageObject","inLanguage":"fr-FR","@id":"https:\/\/costanatura41.com\/fr\/#\/schema\/logo\/image\/","url":"","contentUrl":"","caption":"Costa Natura Apartment 41"},"image":{"@id":"https:\/\/costanatura41.com\/fr\/#\/schema\/logo\/image\/"}}]}},"jetpack_sharing_enabled":true,"jetpack_shortlink":"https:\/\/wp.me\/PaF7DC-AB","jetpack-related-posts":[{"id":2276,"url":"https:\/\/costanatura41.com\/fr\/","url_meta":{"origin":2269,"position":0},"title":"Appartement de vacances Naturist dans le sud de l\u2019Espagne","author":"Costa Natura 41","date":"11 avril 2025","format":false,"excerpt":"R\u00e9servez maintenant Costa Natura 41 - Votre appartement de vacances Naturist dans le sud de l\u2019Espagne Bienvenue dans ce fabuleux appartement dans le sud de l\u2019Espagne. Ici, vous pouvez profiter d\u2019une f\u00eate naturiste combin\u00e9e avec toutes les commodit\u00e9s de la vie moderne.Surtout, il a \u00e9t\u00e9 enti\u00e8rement r\u00e9nov\u00e9 en 2019 \u00e0\u2026","rel":"","context":"Article similaire","block_context":{"text":"Article similaire","link":""},"img":{"alt_text":"","src":"https:\/\/i0.wp.com\/costanatura41.com\/wp-content\/uploads\/sites\/18\/2022\/07\/cn-pool-view-3-4.jpg?fit=1200%2C900&ssl=1&resize=350%2C200","width":350,"height":200,"srcset":"https:\/\/i0.wp.com\/costanatura41.com\/wp-content\/uploads\/sites\/18\/2022\/07\/cn-pool-view-3-4.jpg?fit=1200%2C900&ssl=1&resize=350%2C200 1x, https:\/\/i0.wp.com\/costanatura41.com\/wp-content\/uploads\/sites\/18\/2022\/07\/cn-pool-view-3-4.jpg?fit=1200%2C900&ssl=1&resize=525%2C300 1.5x, https:\/\/i0.wp.com\/costanatura41.com\/wp-content\/uploads\/sites\/18\/2022\/07\/cn-pool-view-3-4.jpg?fit=1200%2C900&ssl=1&resize=700%2C400 2x, https:\/\/i0.wp.com\/costanatura41.com\/wp-content\/uploads\/sites\/18\/2022\/07\/cn-pool-view-3-4.jpg?fit=1200%2C900&ssl=1&resize=1050%2C600 3x"},"classes":[]},{"id":2266,"url":"https:\/\/costanatura41.com\/fr\/le-resort\/plage-naturiste\/","url_meta":{"origin":2269,"position":1},"title":"Plage Naturiste","author":"Costa Natura 41","date":"11 avril 2020","format":false,"excerpt":"Le sable, et dans certaines zones de galets, plage en face de Costa Natura est une plage officielle Naturist \u00e0 laquelle vous avez un acc\u00e8s direct de la station. Une recommandation chaleureuse est de commencer votre journ\u00e9e en regardant le lever du soleil sur la plage. Vous pouvez \u00e9galement faire\u2026","rel":"","context":"Article similaire","block_context":{"text":"Article similaire","link":""},"img":{"alt_text":"Plage naturiste en face de Costa Natura vue depuis la terrasse du complexe.","src":"https:\/\/i0.wp.com\/costanatura41.com\/wp-content\/uploads\/sites\/18\/2019\/09\/cn-beach-view-1.jpg?fit=1200%2C900&ssl=1&resize=350%2C200","width":350,"height":200,"srcset":"https:\/\/i0.wp.com\/costanatura41.com\/wp-content\/uploads\/sites\/18\/2019\/09\/cn-beach-view-1.jpg?fit=1200%2C900&ssl=1&resize=350%2C200 1x, https:\/\/i0.wp.com\/costanatura41.com\/wp-content\/uploads\/sites\/18\/2019\/09\/cn-beach-view-1.jpg?fit=1200%2C900&ssl=1&resize=525%2C300 1.5x, https:\/\/i0.wp.com\/costanatura41.com\/wp-content\/uploads\/sites\/18\/2019\/09\/cn-beach-view-1.jpg?fit=1200%2C900&ssl=1&resize=700%2C400 2x, https:\/\/i0.wp.com\/costanatura41.com\/wp-content\/uploads\/sites\/18\/2019\/09\/cn-beach-view-1.jpg?fit=1200%2C900&ssl=1&resize=1050%2C600 3x"},"classes":[]},{"id":2285,"url":"https:\/\/costanatura41.com\/fr\/galerie\/","url_meta":{"origin":2269,"position":2},"title":"galerie","author":"Costa Natura 41","date":"11 avril 2020","format":false,"excerpt":"La page de la galerie est une collection plus vaste d\u2019images. Ici, vous pouvez voir l\u2019appartement et ses terrasses, la plage Naturist et le Resort, y compris les beaux jardins bien entretenus. L\u2019Appartement L\u2019appartement a \u00e9t\u00e9 enti\u00e8rement r\u00e9nov\u00e9 \u00e0 un niveau \u00e9lev\u00e9 avec un oeil pour le d\u00e9tail et la\u2026","rel":"","context":"Article similaire","block_context":{"text":"Article similaire","link":""},"img":{"alt_text":"Dining table seen from the kitchen.","src":"https:\/\/i0.wp.com\/costanatura41.com\/wp-content\/uploads\/sites\/18\/2022\/09\/cn41-dining-room-4.jpg?resize=350%2C200","width":350,"height":200,"srcset":"https:\/\/i0.wp.com\/costanatura41.com\/wp-content\/uploads\/sites\/18\/2022\/09\/cn41-dining-room-4.jpg?resize=350%2C200 1x, https:\/\/i0.wp.com\/costanatura41.com\/wp-content\/uploads\/sites\/18\/2022\/09\/cn41-dining-room-4.jpg?resize=525%2C300 1.5x, https:\/\/i0.wp.com\/costanatura41.com\/wp-content\/uploads\/sites\/18\/2022\/09\/cn41-dining-room-4.jpg?resize=700%2C400 2x, https:\/\/i0.wp.com\/costanatura41.com\/wp-content\/uploads\/sites\/18\/2022\/09\/cn41-dining-room-4.jpg?resize=1050%2C600 3x, https:\/\/i0.wp.com\/costanatura41.com\/wp-content\/uploads\/sites\/18\/2022\/09\/cn41-dining-room-4.jpg?resize=1400%2C800 4x"},"classes":[]},{"id":2283,"url":"https:\/\/costanatura41.com\/fr\/naturisme\/","url_meta":{"origin":2269,"position":3},"title":"Naturisme","author":"Costa Natura 41","date":"11 avril 2020","format":false,"excerpt":"Le naturisme est un choix de mode de vie. La F\u00e9d\u00e9ration Naturiste Internationale(INF)d\u00e9finit ainsi le naturisme : \u00ab C\u2019est un mode de vie en harmonie avec la nature, exprim\u00e9 par la nudit\u00e9 sociale, li\u00e9 au respect de soi, \u00e0 la tol\u00e9rance des points de vue divergents avec le respect de\u2026","rel":"","context":"Article similaire","block_context":{"text":"Article similaire","link":""},"img":{"alt_text":"Plage naturiste en face de Costa Natura vue du c\u00f4t\u00e9 nord.","src":"https:\/\/i0.wp.com\/costanatura41.com\/wp-content\/uploads\/sites\/18\/2019\/09\/beach-view-2.jpg?resize=350%2C200&ssl=1","width":350,"height":200},"classes":[]},{"id":3964,"url":"https:\/\/costanatura41.com\/fr\/le-resort\/sauna-2\/","url_meta":{"origin":2269,"position":4},"title":"Sauna","author":"Costa Natura 41","date":"25 mai 2025","format":false,"excerpt":"Le sauna est situ\u00e9 \u00e0 proximit\u00e9 de la piscine, avec une fa\u00e7ade vitr\u00e9e offrant une vue imprenable sur la piscine, le jacuzzi, le restaurant et, non des moindres, la mer en face. Il s'agit d'un espace de bien-\u00eatre situ\u00e9 directement face \u00e0 la mer M\u00e9diterran\u00e9e, offrant une exp\u00e9rience unique \u00e0\u2026","rel":"","context":"Article similaire","block_context":{"text":"Article similaire","link":""},"img":{"alt_text":"","src":"https:\/\/i0.wp.com\/costanatura41.com\/wp-content\/uploads\/sites\/18\/2025\/05\/costanatura-sauna-view-2.jpg?fit=1200%2C900&ssl=1&resize=350%2C200","width":350,"height":200,"srcset":"https:\/\/i0.wp.com\/costanatura41.com\/wp-content\/uploads\/sites\/18\/2025\/05\/costanatura-sauna-view-2.jpg?fit=1200%2C900&ssl=1&resize=350%2C200 1x, https:\/\/i0.wp.com\/costanatura41.com\/wp-content\/uploads\/sites\/18\/2025\/05\/costanatura-sauna-view-2.jpg?fit=1200%2C900&ssl=1&resize=525%2C300 1.5x, https:\/\/i0.wp.com\/costanatura41.com\/wp-content\/uploads\/sites\/18\/2025\/05\/costanatura-sauna-view-2.jpg?fit=1200%2C900&ssl=1&resize=700%2C400 2x, https:\/\/i0.wp.com\/costanatura41.com\/wp-content\/uploads\/sites\/18\/2025\/05\/costanatura-sauna-view-2.jpg?fit=1200%2C900&ssl=1&resize=1050%2C600 3x"},"classes":[]},{"id":2284,"url":"https:\/\/costanatura41.com\/fr\/directions\/","url_meta":{"origin":2269,"position":5},"title":"Directions","author":"Costa Natura 41","date":"11 avril 2020","format":false,"excerpt":"Itin\u00e9raire vers Costa Natura depuis l\u2019a\u00e9roport de Malaga (AGP) 1 Prendre l\u2019A-7 en direction d\u2019Algeciras\/Cadix. Cette route est parall\u00e8le \u00e0 la c\u00f4te.Restez sur l\u2019A-7 (sans frais) ou prenez l\u2019AP-7 (route \u00e0 p\u00e9age) qui est plus rapide et moins occup\u00e9. Si vous choisissez l\u2019AP-7, les frais sont d\u2019environ 12 euros au\u2026","rel":"","context":"Article similaire","block_context":{"text":"Article similaire","link":""},"img":{"alt_text":"Map with directions from Malaga airport.","src":"https:\/\/i0.wp.com\/costanatura41.com\/wp-content\/uploads\/sites\/18\/2019\/08\/directions-from-agp-1-1.jpg?fit=2546%2C1592&ssl=1&resize=350%2C200","width":350,"height":200,"srcset":"https:\/\/i0.wp.com\/costanatura41.com\/wp-content\/uploads\/sites\/18\/2019\/08\/directions-from-agp-1-1.jpg?fit=2546%2C1592&ssl=1&resize=350%2C200 1x, https:\/\/i0.wp.com\/costanatura41.com\/wp-content\/uploads\/sites\/18\/2019\/08\/directions-from-agp-1-1.jpg?fit=2546%2C1592&ssl=1&resize=525%2C300 1.5x, https:\/\/i0.wp.com\/costanatura41.com\/wp-content\/uploads\/sites\/18\/2019\/08\/directions-from-agp-1-1.jpg?fit=2546%2C1592&ssl=1&resize=700%2C400 2x, https:\/\/i0.wp.com\/costanatura41.com\/wp-content\/uploads\/sites\/18\/2019\/08\/directions-from-agp-1-1.jpg?fit=2546%2C1592&ssl=1&resize=1050%2C600 3x, https:\/\/i0.wp.com\/costanatura41.com\/wp-content\/uploads\/sites\/18\/2019\/08\/directions-from-agp-1-1.jpg?fit=2546%2C1592&ssl=1&resize=1400%2C800 4x"},"classes":[]}],"_links":{"self":[{"href":"https:\/\/costanatura41.com\/fr\/wp-json\/wp\/v2\/pages\/2269","targetHints":{"allow":["GET"]}}],"collection":[{"href":"https:\/\/costanatura41.com\/fr\/wp-json\/wp\/v2\/pages"}],"about":[{"href":"https:\/\/costanatura41.com\/fr\/wp-json\/wp\/v2\/types\/page"}],"author":[{"embeddable":true,"href":"https:\/\/costanatura41.com\/fr\/wp-json\/wp\/v2\/users\/7"}],"replies":[{"embeddable":true,"href":"https:\/\/costanatura41.com\/fr\/wp-json\/wp\/v2\/comments?post=2269"}],"version-history":[{"count":0,"href":"https:\/\/costanatura41.com\/fr\/wp-json\/wp\/v2\/pages\/2269\/revisions"}],"wp:attachment":[{"href":"https:\/\/costanatura41.com\/fr\/wp-json\/wp\/v2\/media?parent=2269"}],"curies":[{"name":"wp","href":"https:\/\/api.w.org\/{rel}","templated":true}]}}