{"id":2270,"date":"2020-04-11T15:21:35","date_gmt":"2020-04-11T15:21:35","guid":{"rendered":"https:\/\/costanatura41.com\/attractions-culturelles\/"},"modified":"2025-05-26T16:28:32","modified_gmt":"2025-05-26T16:28:32","slug":"attractions-culturelles","status":"publish","type":"page","link":"https:\/\/costanatura41.com\/fr\/le-quartier\/attractions-culturelles\/","title":{"rendered":"Attractions culturelles"},"content":{"rendered":"\n<p>Le centro historico d\u2019Estepona est charmant avec de jolis pots de fleurs ornant les murs de ses rues pittoresques, places et ruelles. La ville offre \u00e9galement des attractions modernes telles que l\u2019Orchidarium.<\/p>\n\n\n\n<!--more Voir les d\u00e9tails-->\n\n\n\n<h2 class=\"wp-block-heading\">Centro Historico<\/h2>\n\n\n\n<p>Centro historico est plein d\u2019atmosph\u00e8re et montre une petite partie de la vie dans une ville andalouse typique. Sur la Plaza de las Flores, vous pourrez d\u00e9guster un verre, une glace ou un repas dans l\u2019un des nombreux bars ou restaurants.<\/p>\n\n\n\n<div class=\"wp-block-jetpack-tiled-gallery aligncenter is-style-rectangular\"><div class=\"tiled-gallery__gallery\"><div class=\"tiled-gallery__row\"><div class=\"tiled-gallery__col\"><figure class=\"tiled-gallery__item\"><img decoding=\"async\" role=\"button\" tabindex=\"0\" aria-label=\"Ouvrir l\u2019image 1 sur 2 en plein \u00e9cran\"srcset=\"https:\/\/i1.wp.com\/costanatura41.com\/wp-content\/uploads\/sites\/18\/2019\/05\/estepona-15.jpg?strip=info&#038;w=600&#038;ssl=1 600w,https:\/\/i1.wp.com\/costanatura41.com\/wp-content\/uploads\/sites\/18\/2019\/05\/estepona-15.jpg?strip=info&#038;w=900&#038;ssl=1 900w,https:\/\/i1.wp.com\/costanatura41.com\/wp-content\/uploads\/sites\/18\/2019\/05\/estepona-15.jpg?strip=info&#038;w=1200&#038;ssl=1 1200w,https:\/\/i1.wp.com\/costanatura41.com\/wp-content\/uploads\/sites\/18\/2019\/05\/estepona-15.jpg?strip=info&#038;w=1500&#038;ssl=1 1500w,https:\/\/i1.wp.com\/costanatura41.com\/wp-content\/uploads\/sites\/18\/2019\/05\/estepona-15.jpg?strip=info&#038;w=1800&#038;ssl=1 1800w,https:\/\/i1.wp.com\/costanatura41.com\/wp-content\/uploads\/sites\/18\/2019\/05\/estepona-15.jpg?strip=info&#038;w=1920&#038;ssl=1 1920w\" alt=\"\" data-height=\"2560\" data-id=\"343\" data-link=\"https:\/\/costanatura41.com\/estepona-15\/\" data-url=\"https:\/\/costanatura41.com\/wp-content\/uploads\/sites\/18\/2019\/05\/estepona-15.jpg\" data-width=\"1920\" src=\"https:\/\/i1.wp.com\/costanatura41.com\/wp-content\/uploads\/sites\/18\/2019\/05\/estepona-15.jpg?ssl=1\" data-amp-layout=\"responsive\"\/><\/figure><\/div><div class=\"tiled-gallery__col\"><figure class=\"tiled-gallery__item\"><img decoding=\"async\" role=\"button\" tabindex=\"0\" aria-label=\"Ouvrir l\u2019image 2 sur 2 en plein \u00e9cran\"srcset=\"https:\/\/i1.wp.com\/costanatura41.com\/wp-content\/uploads\/sites\/18\/2019\/05\/estepona-10.jpg?strip=info&#038;w=600&#038;ssl=1 600w,https:\/\/i1.wp.com\/costanatura41.com\/wp-content\/uploads\/sites\/18\/2019\/05\/estepona-10.jpg?strip=info&#038;w=900&#038;ssl=1 900w,https:\/\/i1.wp.com\/costanatura41.com\/wp-content\/uploads\/sites\/18\/2019\/05\/estepona-10.jpg?strip=info&#038;w=1200&#038;ssl=1 1200w,https:\/\/i1.wp.com\/costanatura41.com\/wp-content\/uploads\/sites\/18\/2019\/05\/estepona-10.jpg?strip=info&#038;w=1500&#038;ssl=1 1500w,https:\/\/i1.wp.com\/costanatura41.com\/wp-content\/uploads\/sites\/18\/2019\/05\/estepona-10.jpg?strip=info&#038;w=1800&#038;ssl=1 1800w,https:\/\/i1.wp.com\/costanatura41.com\/wp-content\/uploads\/sites\/18\/2019\/05\/estepona-10.jpg?strip=info&#038;w=2000&#038;ssl=1 2000w\" alt=\"\" data-height=\"1920\" data-id=\"349\" data-link=\"https:\/\/costanatura41.com\/estepona-10\/\" data-url=\"https:\/\/costanatura41.com\/wp-content\/uploads\/sites\/18\/2019\/05\/estepona-10.jpg\" data-width=\"2560\" src=\"https:\/\/i1.wp.com\/costanatura41.com\/wp-content\/uploads\/sites\/18\/2019\/05\/estepona-10.jpg?ssl=1\" data-amp-layout=\"responsive\"\/><\/figure><\/div><\/div><\/div><\/div>\n\n\n\n<a href=\"https:\/\/goo.gl\/maps\/tnfze7e3kURCqPPR8\" class=\"more-link\" target=\"_blank\" rel=\"noopener noreferrer\">Afficher l\u2019emplacement<\/a>\n\n\n\n<hr class=\"wp-block-separator has-css-opacity\"\/>\n\n\n\n<h2 class=\"wp-block-heading\">L\u2019Orchidarium<\/h2>\n\n\n\n<p>L\u2019Orchidarium, son centre formant un d\u00f4me de verre d\u2019environ 30 m\u00e8tres de haut, a ouvert ses portes en 2015. Si vous aimez les orchid\u00e9es, vous serez impressionn\u00e9 par la grande collection d\u2019environ 5000 plantes et 1300 esp\u00e8ces diff\u00e9rentes.<\/p>\n\n\n\n<div class=\"wp-block-jetpack-tiled-gallery aligncenter is-style-rectangular\"><div class=\"tiled-gallery__gallery\"><div class=\"tiled-gallery__row\"><div class=\"tiled-gallery__col\"><figure class=\"tiled-gallery__item\"><img decoding=\"async\" role=\"button\" tabindex=\"0\" aria-label=\"Ouvrir l\u2019image 1 sur 2 en plein \u00e9cran\"srcset=\"https:\/\/i2.wp.com\/costanatura41.com\/wp-content\/uploads\/sites\/18\/2019\/09\/orchidarium-2.jpg?strip=info&#038;w=600&#038;ssl=1 600w,https:\/\/i2.wp.com\/costanatura41.com\/wp-content\/uploads\/sites\/18\/2019\/09\/orchidarium-2.jpg?strip=info&#038;w=900&#038;ssl=1 900w,https:\/\/i2.wp.com\/costanatura41.com\/wp-content\/uploads\/sites\/18\/2019\/09\/orchidarium-2.jpg?strip=info&#038;w=1200&#038;ssl=1 1200w,https:\/\/i2.wp.com\/costanatura41.com\/wp-content\/uploads\/sites\/18\/2019\/09\/orchidarium-2.jpg?strip=info&#038;w=1500&#038;ssl=1 1500w,https:\/\/i2.wp.com\/costanatura41.com\/wp-content\/uploads\/sites\/18\/2019\/09\/orchidarium-2.jpg?strip=info&#038;w=1800&#038;ssl=1 1800w,https:\/\/i2.wp.com\/costanatura41.com\/wp-content\/uploads\/sites\/18\/2019\/09\/orchidarium-2.jpg?strip=info&#038;w=2000&#038;ssl=1 2000w\" alt=\"\" data-height=\"1920\" data-id=\"2016\" data-link=\"https:\/\/costanatura41.com\/orchidarium-2\/\" data-url=\"https:\/\/costanatura41.com\/wp-content\/uploads\/sites\/18\/2019\/09\/orchidarium-2.jpg\" data-width=\"2560\" src=\"https:\/\/i2.wp.com\/costanatura41.com\/wp-content\/uploads\/sites\/18\/2019\/09\/orchidarium-2.jpg?ssl=1\" data-amp-layout=\"responsive\"\/><\/figure><\/div><div class=\"tiled-gallery__col\"><figure class=\"tiled-gallery__item\"><img decoding=\"async\" role=\"button\" tabindex=\"0\" aria-label=\"Ouvrir l\u2019image 2 sur 2 en plein \u00e9cran\"srcset=\"https:\/\/i1.wp.com\/costanatura41.com\/wp-content\/uploads\/sites\/18\/2019\/08\/estepona-orchidarium-2.jpg?strip=info&#038;w=600&#038;ssl=1 600w,https:\/\/i1.wp.com\/costanatura41.com\/wp-content\/uploads\/sites\/18\/2019\/08\/estepona-orchidarium-2.jpg?strip=info&#038;w=900&#038;ssl=1 900w,https:\/\/i1.wp.com\/costanatura41.com\/wp-content\/uploads\/sites\/18\/2019\/08\/estepona-orchidarium-2.jpg?strip=info&#038;w=1200&#038;ssl=1 1200w,https:\/\/i1.wp.com\/costanatura41.com\/wp-content\/uploads\/sites\/18\/2019\/08\/estepona-orchidarium-2.jpg?strip=info&#038;w=1500&#038;ssl=1 1500w,https:\/\/i1.wp.com\/costanatura41.com\/wp-content\/uploads\/sites\/18\/2019\/08\/estepona-orchidarium-2.jpg?strip=info&#038;w=1800&#038;ssl=1 1800w,https:\/\/i1.wp.com\/costanatura41.com\/wp-content\/uploads\/sites\/18\/2019\/08\/estepona-orchidarium-2.jpg?strip=info&#038;w=2000&#038;ssl=1 2000w\" alt=\"\" data-height=\"1707\" data-id=\"676\" data-link=\"https:\/\/costanatura41.com\/estepona-orchidarium-2\/\" data-url=\"https:\/\/costanatura41.com\/wp-content\/uploads\/sites\/18\/2019\/08\/estepona-orchidarium-2.jpg\" data-width=\"2560\" src=\"https:\/\/i1.wp.com\/costanatura41.com\/wp-content\/uploads\/sites\/18\/2019\/08\/estepona-orchidarium-2.jpg?ssl=1\" data-amp-layout=\"responsive\"\/><\/figure><\/div><\/div><\/div><\/div>\n\n\n\n<a href=\"https:\/\/goo.gl\/maps\/SxMsTv35TzdyJDfaA\" class=\"more-link\" target=\"_blank\" rel=\"noopener noreferrer\">Afficher l\u2019emplacement<\/a>\n","protected":false},"excerpt":{"rendered":"<p>Le centro historico d\u2019Estepona est charmant avec de jolis pots de fleurs ornant les murs de ses rues pittoresques, places et ruelles. La ville offre \u00e9galement des attractions modernes telles que l\u2019Orchidarium.<\/p>\n","protected":false},"author":7,"featured_media":923,"parent":2277,"menu_order":2,"comment_status":"closed","ping_status":"closed","template":"template-boxed-page.php","meta":{"_monsterinsights_skip_tracking":false,"_monsterinsights_sitenote_active":false,"_monsterinsights_sitenote_note":"","_monsterinsights_sitenote_category":0,"jetpack_post_was_ever_published":false,"footnotes":""},"class_list":["post-2270","page","type-page","status-publish","has-post-thumbnail","hentry"],"yoast_head":"<!-- This site is optimized with the Yoast SEO plugin v27.4 - https:\/\/yoast.com\/product\/yoast-seo-wordpress\/ -->\n<title>Attractions culturelles - COSTANATURA 41<\/title>\n<meta name=\"robots\" content=\"index, follow, max-snippet:-1, max-image-preview:large, max-video-preview:-1\" \/>\n<link rel=\"canonical\" href=\"https:\/\/costanatura41.com\/fr\/le-quartier\/attractions-culturelles\/\" \/>\n<meta property=\"og:locale\" content=\"fr_FR\" \/>\n<meta property=\"og:type\" content=\"article\" \/>\n<meta property=\"og:title\" content=\"Attractions culturelles - COSTANATURA 41\" \/>\n<meta property=\"og:description\" content=\"Le centro historico d\u2019Estepona est charmant avec de jolis pots de fleurs ornant les murs de ses rues pittoresques, places et ruelles. La ville offre \u00e9galement des attractions modernes telles que l\u2019Orchidarium.\" \/>\n<meta property=\"og:url\" content=\"https:\/\/costanatura41.com\/fr\/le-quartier\/attractions-culturelles\/\" \/>\n<meta property=\"og:site_name\" content=\"COSTANATURA 41\" \/>\n<meta property=\"article:modified_time\" content=\"2025-05-26T16:28:32+00:00\" \/>\n<meta property=\"og:image\" content=\"https:\/\/costanatura41.com\/wp-content\/uploads\/sites\/18\/2019\/05\/estepona-13.jpg\" \/>\n\t<meta property=\"og:image:width\" content=\"2560\" \/>\n\t<meta property=\"og:image:height\" content=\"1920\" \/>\n\t<meta property=\"og:image:type\" content=\"image\/jpeg\" \/>\n<meta name=\"twitter:card\" content=\"summary_large_image\" \/>\n<meta name=\"twitter:label1\" content=\"Dur\u00e9e de lecture estim\u00e9e\" \/>\n\t<meta name=\"twitter:data1\" content=\"2 minutes\" \/>\n<script type=\"application\/ld+json\" class=\"yoast-schema-graph\">{\"@context\":\"https:\\\/\\\/schema.org\",\"@graph\":[{\"@type\":\"WebPage\",\"@id\":\"https:\\\/\\\/costanatura41.com\\\/fr\\\/le-quartier\\\/attractions-culturelles\\\/\",\"url\":\"https:\\\/\\\/costanatura41.com\\\/fr\\\/le-quartier\\\/attractions-culturelles\\\/\",\"name\":\"Attractions culturelles - COSTANATURA 41\",\"isPartOf\":{\"@id\":\"https:\\\/\\\/costanatura41.com\\\/fr\\\/#website\"},\"primaryImageOfPage\":{\"@id\":\"https:\\\/\\\/costanatura41.com\\\/fr\\\/le-quartier\\\/attractions-culturelles\\\/#primaryimage\"},\"image\":{\"@id\":\"https:\\\/\\\/costanatura41.com\\\/fr\\\/le-quartier\\\/attractions-culturelles\\\/#primaryimage\"},\"thumbnailUrl\":\"https:\\\/\\\/i0.wp.com\\\/costanatura41.com\\\/wp-content\\\/uploads\\\/sites\\\/18\\\/2019\\\/05\\\/estepona-13.jpg?fit=2560%2C1920&ssl=1\",\"datePublished\":\"2020-04-11T15:21:35+00:00\",\"dateModified\":\"2025-05-26T16:28:32+00:00\",\"breadcrumb\":{\"@id\":\"https:\\\/\\\/costanatura41.com\\\/fr\\\/le-quartier\\\/attractions-culturelles\\\/#breadcrumb\"},\"inLanguage\":\"fr-FR\",\"potentialAction\":[{\"@type\":\"ReadAction\",\"target\":[\"https:\\\/\\\/costanatura41.com\\\/fr\\\/le-quartier\\\/attractions-culturelles\\\/\"]}]},{\"@type\":\"ImageObject\",\"inLanguage\":\"fr-FR\",\"@id\":\"https:\\\/\\\/costanatura41.com\\\/fr\\\/le-quartier\\\/attractions-culturelles\\\/#primaryimage\",\"url\":\"https:\\\/\\\/i0.wp.com\\\/costanatura41.com\\\/wp-content\\\/uploads\\\/sites\\\/18\\\/2019\\\/05\\\/estepona-13.jpg?fit=2560%2C1920&ssl=1\",\"contentUrl\":\"https:\\\/\\\/i0.wp.com\\\/costanatura41.com\\\/wp-content\\\/uploads\\\/sites\\\/18\\\/2019\\\/05\\\/estepona-13.jpg?fit=2560%2C1920&ssl=1\",\"width\":2560,\"height\":1920},{\"@type\":\"BreadcrumbList\",\"@id\":\"https:\\\/\\\/costanatura41.com\\\/fr\\\/le-quartier\\\/attractions-culturelles\\\/#breadcrumb\",\"itemListElement\":[{\"@type\":\"ListItem\",\"position\":1,\"name\":\"Home\",\"item\":\"https:\\\/\\\/costanatura41.com\\\/fr\\\/\"},{\"@type\":\"ListItem\",\"position\":2,\"name\":\"Le quartier\",\"item\":\"https:\\\/\\\/costanatura41.com\\\/fr\\\/le-quartier\\\/\"},{\"@type\":\"ListItem\",\"position\":3,\"name\":\"Attractions culturelles\"}]},{\"@type\":\"WebSite\",\"@id\":\"https:\\\/\\\/costanatura41.com\\\/fr\\\/#website\",\"url\":\"https:\\\/\\\/costanatura41.com\\\/fr\\\/\",\"name\":\"Costanatura 41\",\"description\":\"Naturist Holiday Rent\",\"publisher\":{\"@id\":\"https:\\\/\\\/costanatura41.com\\\/fr\\\/#organization\"},\"potentialAction\":[{\"@type\":\"SearchAction\",\"target\":{\"@type\":\"EntryPoint\",\"urlTemplate\":\"https:\\\/\\\/costanatura41.com\\\/fr\\\/?s={search_term_string}\"},\"query-input\":{\"@type\":\"PropertyValueSpecification\",\"valueRequired\":true,\"valueName\":\"search_term_string\"}}],\"inLanguage\":\"fr-FR\"},{\"@type\":\"Organization\",\"@id\":\"https:\\\/\\\/costanatura41.com\\\/fr\\\/#organization\",\"name\":\"Costa Natura Apartment 41\",\"url\":\"https:\\\/\\\/costanatura41.com\\\/fr\\\/\",\"logo\":{\"@type\":\"ImageObject\",\"inLanguage\":\"fr-FR\",\"@id\":\"https:\\\/\\\/costanatura41.com\\\/fr\\\/#\\\/schema\\\/logo\\\/image\\\/\",\"url\":\"\",\"contentUrl\":\"\",\"caption\":\"Costa Natura Apartment 41\"},\"image\":{\"@id\":\"https:\\\/\\\/costanatura41.com\\\/fr\\\/#\\\/schema\\\/logo\\\/image\\\/\"}}]}<\/script>\n<!-- \/ Yoast SEO plugin. -->","yoast_head_json":{"title":"Attractions culturelles - COSTANATURA 41","robots":{"index":"index","follow":"follow","max-snippet":"max-snippet:-1","max-image-preview":"max-image-preview:large","max-video-preview":"max-video-preview:-1"},"canonical":"https:\/\/costanatura41.com\/fr\/le-quartier\/attractions-culturelles\/","og_locale":"fr_FR","og_type":"article","og_title":"Attractions culturelles - COSTANATURA 41","og_description":"Le centro historico d\u2019Estepona est charmant avec de jolis pots de fleurs ornant les murs de ses rues pittoresques, places et ruelles. La ville offre \u00e9galement des attractions modernes telles que l\u2019Orchidarium.","og_url":"https:\/\/costanatura41.com\/fr\/le-quartier\/attractions-culturelles\/","og_site_name":"COSTANATURA 41","article_modified_time":"2025-05-26T16:28:32+00:00","og_image":[{"width":2560,"height":1920,"url":"https:\/\/costanatura41.com\/wp-content\/uploads\/sites\/18\/2019\/05\/estepona-13.jpg","type":"image\/jpeg"}],"twitter_card":"summary_large_image","twitter_misc":{"Dur\u00e9e de lecture estim\u00e9e":"2 minutes"},"schema":{"@context":"https:\/\/schema.org","@graph":[{"@type":"WebPage","@id":"https:\/\/costanatura41.com\/fr\/le-quartier\/attractions-culturelles\/","url":"https:\/\/costanatura41.com\/fr\/le-quartier\/attractions-culturelles\/","name":"Attractions culturelles - COSTANATURA 41","isPartOf":{"@id":"https:\/\/costanatura41.com\/fr\/#website"},"primaryImageOfPage":{"@id":"https:\/\/costanatura41.com\/fr\/le-quartier\/attractions-culturelles\/#primaryimage"},"image":{"@id":"https:\/\/costanatura41.com\/fr\/le-quartier\/attractions-culturelles\/#primaryimage"},"thumbnailUrl":"https:\/\/i0.wp.com\/costanatura41.com\/wp-content\/uploads\/sites\/18\/2019\/05\/estepona-13.jpg?fit=2560%2C1920&ssl=1","datePublished":"2020-04-11T15:21:35+00:00","dateModified":"2025-05-26T16:28:32+00:00","breadcrumb":{"@id":"https:\/\/costanatura41.com\/fr\/le-quartier\/attractions-culturelles\/#breadcrumb"},"inLanguage":"fr-FR","potentialAction":[{"@type":"ReadAction","target":["https:\/\/costanatura41.com\/fr\/le-quartier\/attractions-culturelles\/"]}]},{"@type":"ImageObject","inLanguage":"fr-FR","@id":"https:\/\/costanatura41.com\/fr\/le-quartier\/attractions-culturelles\/#primaryimage","url":"https:\/\/i0.wp.com\/costanatura41.com\/wp-content\/uploads\/sites\/18\/2019\/05\/estepona-13.jpg?fit=2560%2C1920&ssl=1","contentUrl":"https:\/\/i0.wp.com\/costanatura41.com\/wp-content\/uploads\/sites\/18\/2019\/05\/estepona-13.jpg?fit=2560%2C1920&ssl=1","width":2560,"height":1920},{"@type":"BreadcrumbList","@id":"https:\/\/costanatura41.com\/fr\/le-quartier\/attractions-culturelles\/#breadcrumb","itemListElement":[{"@type":"ListItem","position":1,"name":"Home","item":"https:\/\/costanatura41.com\/fr\/"},{"@type":"ListItem","position":2,"name":"Le quartier","item":"https:\/\/costanatura41.com\/fr\/le-quartier\/"},{"@type":"ListItem","position":3,"name":"Attractions culturelles"}]},{"@type":"WebSite","@id":"https:\/\/costanatura41.com\/fr\/#website","url":"https:\/\/costanatura41.com\/fr\/","name":"Costanatura 41","description":"Naturist Holiday Rent","publisher":{"@id":"https:\/\/costanatura41.com\/fr\/#organization"},"potentialAction":[{"@type":"SearchAction","target":{"@type":"EntryPoint","urlTemplate":"https:\/\/costanatura41.com\/fr\/?s={search_term_string}"},"query-input":{"@type":"PropertyValueSpecification","valueRequired":true,"valueName":"search_term_string"}}],"inLanguage":"fr-FR"},{"@type":"Organization","@id":"https:\/\/costanatura41.com\/fr\/#organization","name":"Costa Natura Apartment 41","url":"https:\/\/costanatura41.com\/fr\/","logo":{"@type":"ImageObject","inLanguage":"fr-FR","@id":"https:\/\/costanatura41.com\/fr\/#\/schema\/logo\/image\/","url":"","contentUrl":"","caption":"Costa Natura Apartment 41"},"image":{"@id":"https:\/\/costanatura41.com\/fr\/#\/schema\/logo\/image\/"}}]}},"jetpack_sharing_enabled":true,"jetpack_shortlink":"https:\/\/wp.me\/PaF7DC-AC","jetpack-related-posts":[{"id":2168,"url":"https:\/\/costanatura41.com\/es\/el-barrio\/atracciones-culturales\/","url_meta":{"origin":2270,"position":0},"title":"Atracciones culturales","author":"Costa Natura 41","date":"2 avril 2020","format":false,"excerpt":"El centro hist\u00f3rico de Estepona es encantador con bonitas macetas que adornan las paredes de sus pintorescas calles, plazas y callejones. La ciudad tambi\u00e9n ofrece atracciones modernas como el Orchidarium. Centro Hist\u00f3rico Centro hist\u00f3rico est\u00e1 lleno de ambiente y muestra una peque\u00f1a parte de la vida en un pueblo t\u00edpico\u2026","rel":"","context":"Article similaire","block_context":{"text":"Article similaire","link":""},"img":{"alt_text":"","src":"https:\/\/i0.wp.com\/costanatura41.com\/wp-content\/uploads\/sites\/18\/2019\/05\/estepona-13.jpg?fit=1200%2C900&ssl=1&resize=350%2C200","width":350,"height":200,"srcset":"https:\/\/i0.wp.com\/costanatura41.com\/wp-content\/uploads\/sites\/18\/2019\/05\/estepona-13.jpg?fit=1200%2C900&ssl=1&resize=350%2C200 1x, https:\/\/i0.wp.com\/costanatura41.com\/wp-content\/uploads\/sites\/18\/2019\/05\/estepona-13.jpg?fit=1200%2C900&ssl=1&resize=525%2C300 1.5x, https:\/\/i0.wp.com\/costanatura41.com\/wp-content\/uploads\/sites\/18\/2019\/05\/estepona-13.jpg?fit=1200%2C900&ssl=1&resize=700%2C400 2x, https:\/\/i0.wp.com\/costanatura41.com\/wp-content\/uploads\/sites\/18\/2019\/05\/estepona-13.jpg?fit=1200%2C900&ssl=1&resize=1050%2C600 3x"},"classes":[]},{"id":74,"url":"https:\/\/costanatura41.com\/neighborhood\/cultural-attractions\/","url_meta":{"origin":2270,"position":1},"title":"Cultural Attractions","author":"Costa Natura 41","date":"19 juillet 2018","format":false,"excerpt":"Estepona\u2019s centro historico is charming with pretty flower pots adorning the walls of its picturesque streets, squares and alleyways. The city also offers modern attractions such as the Orchidarium. Centro Historico Centro historico is full of atmosphere and shows a small part of life in a typical Andalusian town. In\u2026","rel":"","context":"Article similaire","block_context":{"text":"Article similaire","link":""},"img":{"alt_text":"","src":"https:\/\/i0.wp.com\/costanatura41.com\/wp-content\/uploads\/sites\/18\/2019\/05\/estepona-13.jpg?fit=1200%2C900&ssl=1&resize=350%2C200","width":350,"height":200,"srcset":"https:\/\/i0.wp.com\/costanatura41.com\/wp-content\/uploads\/sites\/18\/2019\/05\/estepona-13.jpg?fit=1200%2C900&ssl=1&resize=350%2C200 1x, https:\/\/i0.wp.com\/costanatura41.com\/wp-content\/uploads\/sites\/18\/2019\/05\/estepona-13.jpg?fit=1200%2C900&ssl=1&resize=525%2C300 1.5x, https:\/\/i0.wp.com\/costanatura41.com\/wp-content\/uploads\/sites\/18\/2019\/05\/estepona-13.jpg?fit=1200%2C900&ssl=1&resize=700%2C400 2x, https:\/\/i0.wp.com\/costanatura41.com\/wp-content\/uploads\/sites\/18\/2019\/05\/estepona-13.jpg?fit=1200%2C900&ssl=1&resize=1050%2C600 3x"},"classes":[]},{"id":2271,"url":"https:\/\/costanatura41.com\/fr\/le-quartier\/cafes-et-restaurants\/","url_meta":{"origin":2270,"position":2},"title":"Caf\u00e9s et restaurants","author":"Costa Natura 41","date":"11 avril 2020","format":false,"excerpt":"Estepona est \u00e0 seulement une courte distance en voiture de Costa Natura. Il dispose d\u2019une grande vari\u00e9t\u00e9 de caf\u00e9s et restaurants dans la vieille ville, le port et le centre-ville. La Casa del Rey La Casa del Rey est un bar-bar \u00e0 vin avec une atmosph\u00e8re tr\u00e8s agr\u00e9able. Ils ont\u2026","rel":"","context":"Article similaire","block_context":{"text":"Article similaire","link":""},"img":{"alt_text":"","src":"https:\/\/i0.wp.com\/costanatura41.com\/wp-content\/uploads\/sites\/18\/2019\/05\/estepona-restaurant-1.jpg?fit=1200%2C900&ssl=1&resize=350%2C200","width":350,"height":200,"srcset":"https:\/\/i0.wp.com\/costanatura41.com\/wp-content\/uploads\/sites\/18\/2019\/05\/estepona-restaurant-1.jpg?fit=1200%2C900&ssl=1&resize=350%2C200 1x, https:\/\/i0.wp.com\/costanatura41.com\/wp-content\/uploads\/sites\/18\/2019\/05\/estepona-restaurant-1.jpg?fit=1200%2C900&ssl=1&resize=525%2C300 1.5x, https:\/\/i0.wp.com\/costanatura41.com\/wp-content\/uploads\/sites\/18\/2019\/05\/estepona-restaurant-1.jpg?fit=1200%2C900&ssl=1&resize=700%2C400 2x, https:\/\/i0.wp.com\/costanatura41.com\/wp-content\/uploads\/sites\/18\/2019\/05\/estepona-restaurant-1.jpg?fit=1200%2C900&ssl=1&resize=1050%2C600 3x"},"classes":[]},{"id":2485,"url":"https:\/\/costanatura41.com\/de\/die-nachbarschaft\/kulturelle-sehenswuerdigkeiten\/","url_meta":{"origin":2270,"position":3},"title":"Kulturelle Sehensw\u00fcrdigkeiten","author":"Costa Natura 41","date":"18 avril 2020","format":false,"excerpt":"Das Centro historico von Estepona ist charmant mit h\u00fcbschen Blument\u00f6pfen, die die W\u00e4nde seiner malerischen Stra\u00dfen, Pl\u00e4tze und Gassen schm\u00fccken. Die Stadt bietet auch moderne Sehensw\u00fcrdigkeiten wie das Orchidarium. Centro Historico Centro historico ist voller Atmosph\u00e4re und zeigt einen kleinen Teil des Lebens in einer typisch andalusischen Stadt. An der\u2026","rel":"","context":"Article similaire","block_context":{"text":"Article similaire","link":""},"img":{"alt_text":"","src":"https:\/\/i0.wp.com\/costanatura41.com\/wp-content\/uploads\/sites\/18\/2019\/05\/estepona-13.jpg?fit=1200%2C900&ssl=1&resize=350%2C200","width":350,"height":200,"srcset":"https:\/\/i0.wp.com\/costanatura41.com\/wp-content\/uploads\/sites\/18\/2019\/05\/estepona-13.jpg?fit=1200%2C900&ssl=1&resize=350%2C200 1x, https:\/\/i0.wp.com\/costanatura41.com\/wp-content\/uploads\/sites\/18\/2019\/05\/estepona-13.jpg?fit=1200%2C900&ssl=1&resize=525%2C300 1.5x, https:\/\/i0.wp.com\/costanatura41.com\/wp-content\/uploads\/sites\/18\/2019\/05\/estepona-13.jpg?fit=1200%2C900&ssl=1&resize=700%2C400 2x, https:\/\/i0.wp.com\/costanatura41.com\/wp-content\/uploads\/sites\/18\/2019\/05\/estepona-13.jpg?fit=1200%2C900&ssl=1&resize=1050%2C600 3x"},"classes":[]},{"id":2277,"url":"https:\/\/costanatura41.com\/fr\/le-quartier\/","url_meta":{"origin":2270,"position":4},"title":"Le quartier","author":"Costa Natura 41","date":"11 avril 2020","format":false,"excerpt":"Costa Natura est situ\u00e9 \u00e0 la p\u00e9riph\u00e9rie sud d\u2019Estepona. \u00c0 mar\u00e9e basse, une promenade de 45 minutes le long de la plage vous m\u00e8nera au port. De 10 \u00e0 15 minutes suppl\u00e9mentaires vous permettront d\u2019inte le centre-ville. Vous pouvez \u00e9galement prendre le bus juste \u00e0 l\u2019ext\u00e9rieur de la station ou\u2026","rel":"","context":"Article similaire","block_context":{"text":"Article similaire","link":""},"img":{"alt_text":"","src":"","width":0,"height":0},"classes":[]},{"id":2283,"url":"https:\/\/costanatura41.com\/fr\/naturisme\/","url_meta":{"origin":2270,"position":5},"title":"Naturisme","author":"Costa Natura 41","date":"11 avril 2020","format":false,"excerpt":"Le naturisme est un choix de mode de vie. La F\u00e9d\u00e9ration Naturiste Internationale(INF)d\u00e9finit ainsi le naturisme : \u00ab C\u2019est un mode de vie en harmonie avec la nature, exprim\u00e9 par la nudit\u00e9 sociale, li\u00e9 au respect de soi, \u00e0 la tol\u00e9rance des points de vue divergents avec le respect de\u2026","rel":"","context":"Article similaire","block_context":{"text":"Article similaire","link":""},"img":{"alt_text":"Plage naturiste en face de Costa Natura vue du c\u00f4t\u00e9 nord.","src":"https:\/\/i0.wp.com\/costanatura41.com\/wp-content\/uploads\/sites\/18\/2019\/09\/beach-view-2.jpg?resize=350%2C200&ssl=1","width":350,"height":200},"classes":[]}],"_links":{"self":[{"href":"https:\/\/costanatura41.com\/fr\/wp-json\/wp\/v2\/pages\/2270","targetHints":{"allow":["GET"]}}],"collection":[{"href":"https:\/\/costanatura41.com\/fr\/wp-json\/wp\/v2\/pages"}],"about":[{"href":"https:\/\/costanatura41.com\/fr\/wp-json\/wp\/v2\/types\/page"}],"author":[{"embeddable":true,"href":"https:\/\/costanatura41.com\/fr\/wp-json\/wp\/v2\/users\/7"}],"replies":[{"embeddable":true,"href":"https:\/\/costanatura41.com\/fr\/wp-json\/wp\/v2\/comments?post=2270"}],"version-history":[{"count":0,"href":"https:\/\/costanatura41.com\/fr\/wp-json\/wp\/v2\/pages\/2270\/revisions"}],"up":[{"embeddable":true,"href":"https:\/\/costanatura41.com\/fr\/wp-json\/wp\/v2\/pages\/2277"}],"wp:featuredmedia":[{"embeddable":true,"href":"https:\/\/costanatura41.com\/fr\/wp-json\/wp\/v2\/media\/923"}],"wp:attachment":[{"href":"https:\/\/costanatura41.com\/fr\/wp-json\/wp\/v2\/media?parent=2270"}],"curies":[{"name":"wp","href":"https:\/\/api.w.org\/{rel}","templated":true}]}}