{"id":2271,"date":"2020-04-11T15:21:35","date_gmt":"2020-04-11T15:21:35","guid":{"rendered":"https:\/\/costanatura41.com\/cafes-et-restaurants\/"},"modified":"2025-05-26T16:24:18","modified_gmt":"2025-05-26T16:24:18","slug":"cafes-et-restaurants","status":"publish","type":"page","link":"https:\/\/costanatura41.com\/fr\/le-quartier\/cafes-et-restaurants\/","title":{"rendered":"Caf\u00e9s et restaurants"},"content":{"rendered":"\n<p>Estepona est \u00e0 seulement une courte distance en voiture de Costa Natura. Il dispose d\u2019une grande vari\u00e9t\u00e9 de caf\u00e9s et restaurants dans la vieille ville, le port et le centre-ville.<\/p>\n\n\n\n<!--more Voir les d\u00e9tails-->\n\n\n\n<h2 class=\"wp-block-heading\">La Casa del Rey<\/h2>\n\n\n\n<p>La Casa del Rey est un bar-bar \u00e0 vin avec une atmosph\u00e8re tr\u00e8s agr\u00e9able. Ils ont des si\u00e8ges \u00e0 l\u2019ext\u00e9rieur dans la petite rue, \u00e0 l\u2019int\u00e9rieur, ou dans la cour int\u00e9rieure. Il est extr\u00eamement populaire alors assurez-vous de r\u00e9server une table.<\/p>\n\n\n\n<div class=\"wp-block-jetpack-tiled-gallery aligncenter is-style-rectangular\"><div class=\"tiled-gallery__gallery\"><div class=\"tiled-gallery__row\"><div class=\"tiled-gallery__col\"><figure class=\"tiled-gallery__item\"><img decoding=\"async\" role=\"button\" tabindex=\"0\" aria-label=\"Ouvrir l\u2019image 1 sur 2 en plein \u00e9cran\"srcset=\"https:\/\/i0.wp.com\/costanatura41.com\/wp-content\/uploads\/sites\/18\/2019\/05\/estepona-restaurant-2.jpg?strip=info&#038;w=600&#038;ssl=1 600w,https:\/\/i0.wp.com\/costanatura41.com\/wp-content\/uploads\/sites\/18\/2019\/05\/estepona-restaurant-2.jpg?strip=info&#038;w=900&#038;ssl=1 900w,https:\/\/i0.wp.com\/costanatura41.com\/wp-content\/uploads\/sites\/18\/2019\/05\/estepona-restaurant-2.jpg?strip=info&#038;w=1200&#038;ssl=1 1200w,https:\/\/i0.wp.com\/costanatura41.com\/wp-content\/uploads\/sites\/18\/2019\/05\/estepona-restaurant-2.jpg?strip=info&#038;w=1500&#038;ssl=1 1500w,https:\/\/i0.wp.com\/costanatura41.com\/wp-content\/uploads\/sites\/18\/2019\/05\/estepona-restaurant-2.jpg?strip=info&#038;w=1800&#038;ssl=1 1800w,https:\/\/i0.wp.com\/costanatura41.com\/wp-content\/uploads\/sites\/18\/2019\/05\/estepona-restaurant-2.jpg?strip=info&#038;w=2000&#038;ssl=1 2000w\" alt=\"Casa Del Rey wines\" data-height=\"1920\" data-id=\"385\" data-link=\"https:\/\/costanatura41.com\/estepona-restaurant-2\/\" data-url=\"https:\/\/costanatura41.com\/wp-content\/uploads\/sites\/18\/2019\/05\/estepona-restaurant-2.jpg\" data-width=\"2560\" src=\"https:\/\/i0.wp.com\/costanatura41.com\/wp-content\/uploads\/sites\/18\/2019\/05\/estepona-restaurant-2.jpg?ssl=1\" data-amp-layout=\"responsive\"\/><\/figure><\/div><div class=\"tiled-gallery__col\"><figure class=\"tiled-gallery__item\"><img decoding=\"async\" role=\"button\" tabindex=\"0\" aria-label=\"Ouvrir l\u2019image 2 sur 2 en plein \u00e9cran\"srcset=\"https:\/\/i2.wp.com\/costanatura41.com\/wp-content\/uploads\/sites\/18\/2019\/05\/estepona-restaurant-1.jpg?strip=info&#038;w=600&#038;ssl=1 600w,https:\/\/i2.wp.com\/costanatura41.com\/wp-content\/uploads\/sites\/18\/2019\/05\/estepona-restaurant-1.jpg?strip=info&#038;w=900&#038;ssl=1 900w,https:\/\/i2.wp.com\/costanatura41.com\/wp-content\/uploads\/sites\/18\/2019\/05\/estepona-restaurant-1.jpg?strip=info&#038;w=1200&#038;ssl=1 1200w,https:\/\/i2.wp.com\/costanatura41.com\/wp-content\/uploads\/sites\/18\/2019\/05\/estepona-restaurant-1.jpg?strip=info&#038;w=1500&#038;ssl=1 1500w,https:\/\/i2.wp.com\/costanatura41.com\/wp-content\/uploads\/sites\/18\/2019\/05\/estepona-restaurant-1.jpg?strip=info&#038;w=1800&#038;ssl=1 1800w,https:\/\/i2.wp.com\/costanatura41.com\/wp-content\/uploads\/sites\/18\/2019\/05\/estepona-restaurant-1.jpg?strip=info&#038;w=2000&#038;ssl=1 2000w\" alt=\"\" data-height=\"1920\" data-id=\"386\" data-link=\"https:\/\/costanatura41.com\/estepona-restaurant-1\/\" data-url=\"https:\/\/costanatura41.com\/wp-content\/uploads\/sites\/18\/2019\/05\/estepona-restaurant-1.jpg\" data-width=\"2560\" src=\"https:\/\/i2.wp.com\/costanatura41.com\/wp-content\/uploads\/sites\/18\/2019\/05\/estepona-restaurant-1.jpg?ssl=1\" data-amp-layout=\"responsive\"\/><\/figure><\/div><\/div><\/div><\/div>\n\n\n\n<a href=\"https:\/\/goo.gl\/maps\/dc4ST8WPtLj5EZ4q9\" class=\"more-link\" target=\"_blank\" rel=\"noopener noreferrer\">Afficher l\u2019emplacement<\/a>\n\n\n\n<hr class=\"wp-block-separator has-css-opacity\"\/>\n\n\n\n<h2 class=\"wp-block-heading\">La Cocina<\/h2>\n\n\n\n<p>La Cocina est un restaurant et un bar \u00e0 tapas avec une excellente nourriture. R\u00e9cemment d\u00e9m\u00e9nag\u00e9 dans la vieille ville. Nous vous recommandons de r\u00e9server une table \u00e0 l\u2019avance.<\/p>\n\n\n\n<div class=\"wp-block-jetpack-tiled-gallery aligncenter is-style-rectangular\"><div class=\"tiled-gallery__gallery\"><div class=\"tiled-gallery__row\"><div class=\"tiled-gallery__col\"><figure class=\"tiled-gallery__item\"><img decoding=\"async\" role=\"button\" tabindex=\"0\" aria-label=\"Ouvrir l\u2019image 1 sur 2 en plein \u00e9cran\"srcset=\"https:\/\/i1.wp.com\/costanatura41.com\/wp-content\/uploads\/sites\/18\/2019\/05\/estepona-restaurant-4.jpg?strip=info&#038;w=600&#038;ssl=1 600w,https:\/\/i1.wp.com\/costanatura41.com\/wp-content\/uploads\/sites\/18\/2019\/05\/estepona-restaurant-4.jpg?strip=info&#038;w=900&#038;ssl=1 900w,https:\/\/i1.wp.com\/costanatura41.com\/wp-content\/uploads\/sites\/18\/2019\/05\/estepona-restaurant-4.jpg?strip=info&#038;w=1200&#038;ssl=1 1200w,https:\/\/i1.wp.com\/costanatura41.com\/wp-content\/uploads\/sites\/18\/2019\/05\/estepona-restaurant-4.jpg?strip=info&#038;w=1500&#038;ssl=1 1500w,https:\/\/i1.wp.com\/costanatura41.com\/wp-content\/uploads\/sites\/18\/2019\/05\/estepona-restaurant-4.jpg?strip=info&#038;w=1800&#038;ssl=1 1800w,https:\/\/i1.wp.com\/costanatura41.com\/wp-content\/uploads\/sites\/18\/2019\/05\/estepona-restaurant-4.jpg?strip=info&#038;w=1920&#038;ssl=1 1920w\" alt=\"\" data-height=\"2560\" data-id=\"346\" data-link=\"https:\/\/costanatura41.com\/estepona-restaurant-4\/\" data-url=\"https:\/\/costanatura41.com\/wp-content\/uploads\/sites\/18\/2019\/05\/estepona-restaurant-4.jpg\" data-width=\"1920\" src=\"https:\/\/i1.wp.com\/costanatura41.com\/wp-content\/uploads\/sites\/18\/2019\/05\/estepona-restaurant-4.jpg?ssl=1\" data-amp-layout=\"responsive\"\/><\/figure><\/div><div class=\"tiled-gallery__col\"><figure class=\"tiled-gallery__item\"><img decoding=\"async\" role=\"button\" tabindex=\"0\" aria-label=\"Ouvrir l\u2019image 2 sur 2 en plein \u00e9cran\"srcset=\"https:\/\/i1.wp.com\/costanatura41.com\/wp-content\/uploads\/sites\/18\/2020\/04\/estepona-restaurant-5-1.jpg?strip=info&#038;w=600&#038;ssl=1 600w,https:\/\/i1.wp.com\/costanatura41.com\/wp-content\/uploads\/sites\/18\/2020\/04\/estepona-restaurant-5-1.jpg?strip=info&#038;w=900&#038;ssl=1 900w,https:\/\/i1.wp.com\/costanatura41.com\/wp-content\/uploads\/sites\/18\/2020\/04\/estepona-restaurant-5-1.jpg?strip=info&#038;w=1180&#038;ssl=1 1180w\" alt=\"\" data-height=\"1662\" data-id=\"2374\" data-link=\"https:\/\/costanatura41.com\/estepona-restaurant-5-2\/\" data-url=\"https:\/\/costanatura41.com\/wp-content\/uploads\/sites\/18\/2020\/04\/estepona-restaurant-5-1.jpg\" data-width=\"1180\" src=\"https:\/\/i1.wp.com\/costanatura41.com\/wp-content\/uploads\/sites\/18\/2020\/04\/estepona-restaurant-5-1.jpg?ssl=1\" data-amp-layout=\"responsive\"\/><\/figure><\/div><\/div><\/div><\/div>\n\n\n\n<a href=\"https:\/\/goo.gl\/maps\/L5PTacafM1bqcTyA9\" class=\"more-link\" target=\"_blank\" rel=\"noopener noreferrer\">Afficher l\u2019emplacement<\/a>\n","protected":false},"excerpt":{"rendered":"<p>Estepona est \u00e0 seulement une courte distance en voiture de Costa Natura. Il dispose d\u2019une grande vari\u00e9t\u00e9 de caf\u00e9s et restaurants dans la vieille ville, le port et le centre-ville.<\/p>\n","protected":false},"author":7,"featured_media":1049,"parent":2277,"menu_order":1,"comment_status":"closed","ping_status":"closed","template":"template-boxed-page.php","meta":{"_monsterinsights_skip_tracking":false,"_monsterinsights_sitenote_active":false,"_monsterinsights_sitenote_note":"","_monsterinsights_sitenote_category":0,"jetpack_post_was_ever_published":false,"footnotes":""},"class_list":["post-2271","page","type-page","status-publish","has-post-thumbnail","hentry"],"yoast_head":"<!-- This site is optimized with the Yoast SEO plugin v27.1.1 - https:\/\/yoast.com\/product\/yoast-seo-wordpress\/ -->\n<title>Caf\u00e9s et restaurants - COSTANATURA 41<\/title>\n<meta name=\"description\" content=\"A seulement quelques minutes en voiture de Costa Natura, vous trouverez des caf\u00e9s et des restaurants. Vous trouverez un m\u00e9lange dynamique de bars et restaurants gastronomiques modernes.\" \/>\n<meta name=\"robots\" content=\"index, follow, max-snippet:-1, max-image-preview:large, max-video-preview:-1\" \/>\n<link rel=\"canonical\" href=\"https:\/\/costanatura41.com\/fr\/le-quartier\/cafes-et-restaurants\/\" \/>\n<meta property=\"og:locale\" content=\"fr_FR\" \/>\n<meta property=\"og:type\" content=\"article\" \/>\n<meta property=\"og:title\" content=\"Caf\u00e9s et restaurants - COSTANATURA 41\" \/>\n<meta property=\"og:description\" content=\"A seulement quelques minutes en voiture de Costa Natura, vous trouverez des caf\u00e9s et des restaurants. Vous trouverez un m\u00e9lange dynamique de bars et restaurants gastronomiques modernes.\" \/>\n<meta property=\"og:url\" content=\"https:\/\/costanatura41.com\/fr\/le-quartier\/cafes-et-restaurants\/\" \/>\n<meta property=\"og:site_name\" content=\"COSTANATURA 41\" \/>\n<meta property=\"article:modified_time\" content=\"2025-05-26T16:24:18+00:00\" \/>\n<meta property=\"og:image\" content=\"https:\/\/costanatura41.com\/wp-content\/uploads\/sites\/18\/2019\/05\/estepona-restaurant-1.jpg\" \/>\n\t<meta property=\"og:image:width\" content=\"2560\" \/>\n\t<meta property=\"og:image:height\" content=\"1920\" \/>\n\t<meta property=\"og:image:type\" content=\"image\/jpeg\" \/>\n<meta name=\"twitter:card\" content=\"summary_large_image\" \/>\n<meta name=\"twitter:label1\" content=\"Dur\u00e9e de lecture estim\u00e9e\" \/>\n\t<meta name=\"twitter:data1\" content=\"2 minutes\" \/>\n<script type=\"application\/ld+json\" class=\"yoast-schema-graph\">{\"@context\":\"https:\/\/schema.org\",\"@graph\":[{\"@type\":\"WebPage\",\"@id\":\"https:\/\/costanatura41.com\/fr\/le-quartier\/cafes-et-restaurants\/\",\"url\":\"https:\/\/costanatura41.com\/fr\/le-quartier\/cafes-et-restaurants\/\",\"name\":\"Caf\u00e9s et restaurants - COSTANATURA 41\",\"isPartOf\":{\"@id\":\"https:\/\/costanatura41.com\/fr\/#website\"},\"primaryImageOfPage\":{\"@id\":\"https:\/\/costanatura41.com\/fr\/le-quartier\/cafes-et-restaurants\/#primaryimage\"},\"image\":{\"@id\":\"https:\/\/costanatura41.com\/fr\/le-quartier\/cafes-et-restaurants\/#primaryimage\"},\"thumbnailUrl\":\"https:\/\/i0.wp.com\/costanatura41.com\/wp-content\/uploads\/sites\/18\/2019\/05\/estepona-restaurant-1.jpg?fit=2560%2C1920&ssl=1\",\"datePublished\":\"2020-04-11T15:21:35+00:00\",\"dateModified\":\"2025-05-26T16:24:18+00:00\",\"description\":\"A seulement quelques minutes en voiture de Costa Natura, vous trouverez des caf\u00e9s et des restaurants. Vous trouverez un m\u00e9lange dynamique de bars et restaurants gastronomiques modernes.\",\"breadcrumb\":{\"@id\":\"https:\/\/costanatura41.com\/fr\/le-quartier\/cafes-et-restaurants\/#breadcrumb\"},\"inLanguage\":\"fr-FR\",\"potentialAction\":[{\"@type\":\"ReadAction\",\"target\":[\"https:\/\/costanatura41.com\/fr\/le-quartier\/cafes-et-restaurants\/\"]}]},{\"@type\":\"ImageObject\",\"inLanguage\":\"fr-FR\",\"@id\":\"https:\/\/costanatura41.com\/fr\/le-quartier\/cafes-et-restaurants\/#primaryimage\",\"url\":\"https:\/\/i0.wp.com\/costanatura41.com\/wp-content\/uploads\/sites\/18\/2019\/05\/estepona-restaurant-1.jpg?fit=2560%2C1920&ssl=1\",\"contentUrl\":\"https:\/\/i0.wp.com\/costanatura41.com\/wp-content\/uploads\/sites\/18\/2019\/05\/estepona-restaurant-1.jpg?fit=2560%2C1920&ssl=1\",\"width\":2560,\"height\":1920},{\"@type\":\"BreadcrumbList\",\"@id\":\"https:\/\/costanatura41.com\/fr\/le-quartier\/cafes-et-restaurants\/#breadcrumb\",\"itemListElement\":[{\"@type\":\"ListItem\",\"position\":1,\"name\":\"Home\",\"item\":\"https:\/\/costanatura41.com\/fr\/\"},{\"@type\":\"ListItem\",\"position\":2,\"name\":\"Le quartier\",\"item\":\"https:\/\/costanatura41.com\/fr\/le-quartier\/\"},{\"@type\":\"ListItem\",\"position\":3,\"name\":\"Caf\u00e9s et restaurants\"}]},{\"@type\":\"WebSite\",\"@id\":\"https:\/\/costanatura41.com\/fr\/#website\",\"url\":\"https:\/\/costanatura41.com\/fr\/\",\"name\":\"Costanatura 41\",\"description\":\"Naturist Holiday Rent\",\"publisher\":{\"@id\":\"https:\/\/costanatura41.com\/fr\/#organization\"},\"potentialAction\":[{\"@type\":\"SearchAction\",\"target\":{\"@type\":\"EntryPoint\",\"urlTemplate\":\"https:\/\/costanatura41.com\/fr\/?s={search_term_string}\"},\"query-input\":{\"@type\":\"PropertyValueSpecification\",\"valueRequired\":true,\"valueName\":\"search_term_string\"}}],\"inLanguage\":\"fr-FR\"},{\"@type\":\"Organization\",\"@id\":\"https:\/\/costanatura41.com\/fr\/#organization\",\"name\":\"Costa Natura Apartment 41\",\"url\":\"https:\/\/costanatura41.com\/fr\/\",\"logo\":{\"@type\":\"ImageObject\",\"inLanguage\":\"fr-FR\",\"@id\":\"https:\/\/costanatura41.com\/fr\/#\/schema\/logo\/image\/\",\"url\":\"\",\"contentUrl\":\"\",\"caption\":\"Costa Natura Apartment 41\"},\"image\":{\"@id\":\"https:\/\/costanatura41.com\/fr\/#\/schema\/logo\/image\/\"}}]}<\/script>\n<!-- \/ Yoast SEO plugin. -->","yoast_head_json":{"title":"Caf\u00e9s et restaurants - COSTANATURA 41","description":"A seulement quelques minutes en voiture de Costa Natura, vous trouverez des caf\u00e9s et des restaurants. Vous trouverez un m\u00e9lange dynamique de bars et restaurants gastronomiques modernes.","robots":{"index":"index","follow":"follow","max-snippet":"max-snippet:-1","max-image-preview":"max-image-preview:large","max-video-preview":"max-video-preview:-1"},"canonical":"https:\/\/costanatura41.com\/fr\/le-quartier\/cafes-et-restaurants\/","og_locale":"fr_FR","og_type":"article","og_title":"Caf\u00e9s et restaurants - COSTANATURA 41","og_description":"A seulement quelques minutes en voiture de Costa Natura, vous trouverez des caf\u00e9s et des restaurants. Vous trouverez un m\u00e9lange dynamique de bars et restaurants gastronomiques modernes.","og_url":"https:\/\/costanatura41.com\/fr\/le-quartier\/cafes-et-restaurants\/","og_site_name":"COSTANATURA 41","article_modified_time":"2025-05-26T16:24:18+00:00","og_image":[{"width":2560,"height":1920,"url":"https:\/\/costanatura41.com\/wp-content\/uploads\/sites\/18\/2019\/05\/estepona-restaurant-1.jpg","type":"image\/jpeg"}],"twitter_card":"summary_large_image","twitter_misc":{"Dur\u00e9e de lecture estim\u00e9e":"2 minutes"},"schema":{"@context":"https:\/\/schema.org","@graph":[{"@type":"WebPage","@id":"https:\/\/costanatura41.com\/fr\/le-quartier\/cafes-et-restaurants\/","url":"https:\/\/costanatura41.com\/fr\/le-quartier\/cafes-et-restaurants\/","name":"Caf\u00e9s et restaurants - COSTANATURA 41","isPartOf":{"@id":"https:\/\/costanatura41.com\/fr\/#website"},"primaryImageOfPage":{"@id":"https:\/\/costanatura41.com\/fr\/le-quartier\/cafes-et-restaurants\/#primaryimage"},"image":{"@id":"https:\/\/costanatura41.com\/fr\/le-quartier\/cafes-et-restaurants\/#primaryimage"},"thumbnailUrl":"https:\/\/i0.wp.com\/costanatura41.com\/wp-content\/uploads\/sites\/18\/2019\/05\/estepona-restaurant-1.jpg?fit=2560%2C1920&ssl=1","datePublished":"2020-04-11T15:21:35+00:00","dateModified":"2025-05-26T16:24:18+00:00","description":"A seulement quelques minutes en voiture de Costa Natura, vous trouverez des caf\u00e9s et des restaurants. Vous trouverez un m\u00e9lange dynamique de bars et restaurants gastronomiques modernes.","breadcrumb":{"@id":"https:\/\/costanatura41.com\/fr\/le-quartier\/cafes-et-restaurants\/#breadcrumb"},"inLanguage":"fr-FR","potentialAction":[{"@type":"ReadAction","target":["https:\/\/costanatura41.com\/fr\/le-quartier\/cafes-et-restaurants\/"]}]},{"@type":"ImageObject","inLanguage":"fr-FR","@id":"https:\/\/costanatura41.com\/fr\/le-quartier\/cafes-et-restaurants\/#primaryimage","url":"https:\/\/i0.wp.com\/costanatura41.com\/wp-content\/uploads\/sites\/18\/2019\/05\/estepona-restaurant-1.jpg?fit=2560%2C1920&ssl=1","contentUrl":"https:\/\/i0.wp.com\/costanatura41.com\/wp-content\/uploads\/sites\/18\/2019\/05\/estepona-restaurant-1.jpg?fit=2560%2C1920&ssl=1","width":2560,"height":1920},{"@type":"BreadcrumbList","@id":"https:\/\/costanatura41.com\/fr\/le-quartier\/cafes-et-restaurants\/#breadcrumb","itemListElement":[{"@type":"ListItem","position":1,"name":"Home","item":"https:\/\/costanatura41.com\/fr\/"},{"@type":"ListItem","position":2,"name":"Le quartier","item":"https:\/\/costanatura41.com\/fr\/le-quartier\/"},{"@type":"ListItem","position":3,"name":"Caf\u00e9s et restaurants"}]},{"@type":"WebSite","@id":"https:\/\/costanatura41.com\/fr\/#website","url":"https:\/\/costanatura41.com\/fr\/","name":"Costanatura 41","description":"Naturist Holiday Rent","publisher":{"@id":"https:\/\/costanatura41.com\/fr\/#organization"},"potentialAction":[{"@type":"SearchAction","target":{"@type":"EntryPoint","urlTemplate":"https:\/\/costanatura41.com\/fr\/?s={search_term_string}"},"query-input":{"@type":"PropertyValueSpecification","valueRequired":true,"valueName":"search_term_string"}}],"inLanguage":"fr-FR"},{"@type":"Organization","@id":"https:\/\/costanatura41.com\/fr\/#organization","name":"Costa Natura Apartment 41","url":"https:\/\/costanatura41.com\/fr\/","logo":{"@type":"ImageObject","inLanguage":"fr-FR","@id":"https:\/\/costanatura41.com\/fr\/#\/schema\/logo\/image\/","url":"","contentUrl":"","caption":"Costa Natura Apartment 41"},"image":{"@id":"https:\/\/costanatura41.com\/fr\/#\/schema\/logo\/image\/"}}]}},"jetpack_sharing_enabled":true,"jetpack_shortlink":"https:\/\/wp.me\/PaF7DC-AD","jetpack-related-posts":[{"id":2166,"url":"https:\/\/costanatura41.com\/es\/el-barrio\/cafes-y-restaurantes\/","url_meta":{"origin":2271,"position":0},"title":"Caf\u00e9s y restaurantes","author":"Costa Natura 41","date":"2 avril 2020","format":false,"excerpt":"Estepona est\u00e1 a poca distancia en coche de la Costa Natura. Cuenta con una gran variedad de cafeter\u00edas y restaurantes en el casco antiguo, el puerto y el centro de la ciudad. La Casa del Rey La Casa del Rey es un bar-gastro con un ambiente muy agradable. Tienen asientos\u2026","rel":"","context":"Article similaire","block_context":{"text":"Article similaire","link":""},"img":{"alt_text":"","src":"https:\/\/i0.wp.com\/costanatura41.com\/wp-content\/uploads\/sites\/18\/2019\/05\/estepona-restaurant-1.jpg?fit=1200%2C900&ssl=1&resize=350%2C200","width":350,"height":200,"srcset":"https:\/\/i0.wp.com\/costanatura41.com\/wp-content\/uploads\/sites\/18\/2019\/05\/estepona-restaurant-1.jpg?fit=1200%2C900&ssl=1&resize=350%2C200 1x, https:\/\/i0.wp.com\/costanatura41.com\/wp-content\/uploads\/sites\/18\/2019\/05\/estepona-restaurant-1.jpg?fit=1200%2C900&ssl=1&resize=525%2C300 1.5x, https:\/\/i0.wp.com\/costanatura41.com\/wp-content\/uploads\/sites\/18\/2019\/05\/estepona-restaurant-1.jpg?fit=1200%2C900&ssl=1&resize=700%2C400 2x, https:\/\/i0.wp.com\/costanatura41.com\/wp-content\/uploads\/sites\/18\/2019\/05\/estepona-restaurant-1.jpg?fit=1200%2C900&ssl=1&resize=1050%2C600 3x"},"classes":[]},{"id":2440,"url":"https:\/\/costanatura41.com\/fr\/le-quartier\/marche-et-randonnee\/","url_meta":{"origin":2271,"position":1},"title":"Marche et randonn\u00e9e","author":"Costa Natura 41","date":"12 avril 2020","format":false,"excerpt":"L\u2019Andalousie offre une multitude d\u2019options de marche et de randonn\u00e9e. El Caminito del Rey n\u2019est pas pour le c\u0153ur feinte! Une option plus facile est le Paseo Maritimo \u00e0 Estepona. El Caminito del Rey El Caminito del Rey est une passerelle, \u00e9pingl\u00e9e le long des murs escarp\u00e9s d\u2019une gorge \u00e9troite\u2026","rel":"","context":"Article similaire","block_context":{"text":"Article similaire","link":""},"img":{"alt_text":"","src":"https:\/\/i0.wp.com\/costanatura41.com\/wp-content\/uploads\/sites\/18\/2019\/08\/el-caminito-del-rey-2.jpg?fit=1200%2C720&ssl=1&resize=350%2C200","width":350,"height":200,"srcset":"https:\/\/i0.wp.com\/costanatura41.com\/wp-content\/uploads\/sites\/18\/2019\/08\/el-caminito-del-rey-2.jpg?fit=1200%2C720&ssl=1&resize=350%2C200 1x, https:\/\/i0.wp.com\/costanatura41.com\/wp-content\/uploads\/sites\/18\/2019\/08\/el-caminito-del-rey-2.jpg?fit=1200%2C720&ssl=1&resize=525%2C300 1.5x, https:\/\/i0.wp.com\/costanatura41.com\/wp-content\/uploads\/sites\/18\/2019\/08\/el-caminito-del-rey-2.jpg?fit=1200%2C720&ssl=1&resize=700%2C400 2x, https:\/\/i0.wp.com\/costanatura41.com\/wp-content\/uploads\/sites\/18\/2019\/08\/el-caminito-del-rey-2.jpg?fit=1200%2C720&ssl=1&resize=1050%2C600 3x"},"classes":[]},{"id":2270,"url":"https:\/\/costanatura41.com\/fr\/le-quartier\/attractions-culturelles\/","url_meta":{"origin":2271,"position":2},"title":"Attractions culturelles","author":"Costa Natura 41","date":"11 avril 2020","format":false,"excerpt":"Le centro historico d\u2019Estepona est charmant avec de jolis pots de fleurs ornant les murs de ses rues pittoresques, places et ruelles. La ville offre \u00e9galement des attractions modernes telles que l\u2019Orchidarium. Centro Historico Centro historico est plein d\u2019atmosph\u00e8re et montre une petite partie de la vie dans une ville\u2026","rel":"","context":"Article similaire","block_context":{"text":"Article similaire","link":""},"img":{"alt_text":"","src":"https:\/\/i0.wp.com\/costanatura41.com\/wp-content\/uploads\/sites\/18\/2019\/05\/estepona-13.jpg?fit=1200%2C900&ssl=1&resize=350%2C200","width":350,"height":200,"srcset":"https:\/\/i0.wp.com\/costanatura41.com\/wp-content\/uploads\/sites\/18\/2019\/05\/estepona-13.jpg?fit=1200%2C900&ssl=1&resize=350%2C200 1x, https:\/\/i0.wp.com\/costanatura41.com\/wp-content\/uploads\/sites\/18\/2019\/05\/estepona-13.jpg?fit=1200%2C900&ssl=1&resize=525%2C300 1.5x, https:\/\/i0.wp.com\/costanatura41.com\/wp-content\/uploads\/sites\/18\/2019\/05\/estepona-13.jpg?fit=1200%2C900&ssl=1&resize=700%2C400 2x, https:\/\/i0.wp.com\/costanatura41.com\/wp-content\/uploads\/sites\/18\/2019\/05\/estepona-13.jpg?fit=1200%2C900&ssl=1&resize=1050%2C600 3x"},"classes":[]},{"id":72,"url":"https:\/\/costanatura41.com\/neighborhood\/cafes-restaurants\/","url_meta":{"origin":2271,"position":3},"title":"Caf\u00e9s and Restaurants","author":"Costa Natura 41","date":"19 juillet 2018","format":false,"excerpt":"Estepona is just a short drive from Costa Natura. It has a large variety of caf\u00e9s and restaurants in the old town, harbour and city center. La Casa del Rey La Casa del Rey is a wine bar-gastro bar with a very pleasant atmosphere. They have seating outside in the\u2026","rel":"","context":"Article similaire","block_context":{"text":"Article similaire","link":""},"img":{"alt_text":"","src":"https:\/\/i0.wp.com\/costanatura41.com\/wp-content\/uploads\/sites\/18\/2019\/05\/estepona-restaurant-1.jpg?fit=1200%2C900&ssl=1&resize=350%2C200","width":350,"height":200,"srcset":"https:\/\/i0.wp.com\/costanatura41.com\/wp-content\/uploads\/sites\/18\/2019\/05\/estepona-restaurant-1.jpg?fit=1200%2C900&ssl=1&resize=350%2C200 1x, https:\/\/i0.wp.com\/costanatura41.com\/wp-content\/uploads\/sites\/18\/2019\/05\/estepona-restaurant-1.jpg?fit=1200%2C900&ssl=1&resize=525%2C300 1.5x, https:\/\/i0.wp.com\/costanatura41.com\/wp-content\/uploads\/sites\/18\/2019\/05\/estepona-restaurant-1.jpg?fit=1200%2C900&ssl=1&resize=700%2C400 2x, https:\/\/i0.wp.com\/costanatura41.com\/wp-content\/uploads\/sites\/18\/2019\/05\/estepona-restaurant-1.jpg?fit=1200%2C900&ssl=1&resize=1050%2C600 3x"},"classes":[]},{"id":2488,"url":"https:\/\/costanatura41.com\/de\/die-nachbarschaft\/cafes-und-restaurants\/","url_meta":{"origin":2271,"position":4},"title":"Caf\u00e9s und Restaurants","author":"Costa Natura 41","date":"18 avril 2020","format":false,"excerpt":"Estepona liegt nur eine kurze Fahrt von der Costa Natura entfernt. Es hat eine gro\u00dfe Auswahl an Caf\u00e9s und Restaurants in der Altstadt, im Hafen und im Stadtzentrum. La Casa del Rey La Casa del Rey ist eine Weinbar-Gastro-Bar mit einer sehr angenehmen Atmosph\u00e4re. Sie haben Sitzgelegenheiten im Freien in\u2026","rel":"","context":"Article similaire","block_context":{"text":"Article similaire","link":""},"img":{"alt_text":"","src":"https:\/\/i0.wp.com\/costanatura41.com\/wp-content\/uploads\/sites\/18\/2019\/05\/estepona-restaurant-1.jpg?fit=1200%2C900&ssl=1&resize=350%2C200","width":350,"height":200,"srcset":"https:\/\/i0.wp.com\/costanatura41.com\/wp-content\/uploads\/sites\/18\/2019\/05\/estepona-restaurant-1.jpg?fit=1200%2C900&ssl=1&resize=350%2C200 1x, https:\/\/i0.wp.com\/costanatura41.com\/wp-content\/uploads\/sites\/18\/2019\/05\/estepona-restaurant-1.jpg?fit=1200%2C900&ssl=1&resize=525%2C300 1.5x, https:\/\/i0.wp.com\/costanatura41.com\/wp-content\/uploads\/sites\/18\/2019\/05\/estepona-restaurant-1.jpg?fit=1200%2C900&ssl=1&resize=700%2C400 2x, https:\/\/i0.wp.com\/costanatura41.com\/wp-content\/uploads\/sites\/18\/2019\/05\/estepona-restaurant-1.jpg?fit=1200%2C900&ssl=1&resize=1050%2C600 3x"},"classes":[]},{"id":2283,"url":"https:\/\/costanatura41.com\/fr\/naturisme\/","url_meta":{"origin":2271,"position":5},"title":"Naturisme","author":"Costa Natura 41","date":"11 avril 2020","format":false,"excerpt":"Le naturisme est un choix de mode de vie. La F\u00e9d\u00e9ration Naturiste Internationale(INF)d\u00e9finit ainsi le naturisme : \u00ab C\u2019est un mode de vie en harmonie avec la nature, exprim\u00e9 par la nudit\u00e9 sociale, li\u00e9 au respect de soi, \u00e0 la tol\u00e9rance des points de vue divergents avec le respect de\u2026","rel":"","context":"Article similaire","block_context":{"text":"Article similaire","link":""},"img":{"alt_text":"Plage naturiste en face de Costa Natura vue du c\u00f4t\u00e9 nord.","src":"https:\/\/i0.wp.com\/costanatura41.com\/wp-content\/uploads\/sites\/18\/2019\/09\/beach-view-2.jpg?resize=350%2C200&ssl=1","width":350,"height":200},"classes":[]}],"_links":{"self":[{"href":"https:\/\/costanatura41.com\/fr\/wp-json\/wp\/v2\/pages\/2271","targetHints":{"allow":["GET"]}}],"collection":[{"href":"https:\/\/costanatura41.com\/fr\/wp-json\/wp\/v2\/pages"}],"about":[{"href":"https:\/\/costanatura41.com\/fr\/wp-json\/wp\/v2\/types\/page"}],"author":[{"embeddable":true,"href":"https:\/\/costanatura41.com\/fr\/wp-json\/wp\/v2\/users\/7"}],"replies":[{"embeddable":true,"href":"https:\/\/costanatura41.com\/fr\/wp-json\/wp\/v2\/comments?post=2271"}],"version-history":[{"count":0,"href":"https:\/\/costanatura41.com\/fr\/wp-json\/wp\/v2\/pages\/2271\/revisions"}],"up":[{"embeddable":true,"href":"https:\/\/costanatura41.com\/fr\/wp-json\/wp\/v2\/pages\/2277"}],"wp:featuredmedia":[{"embeddable":true,"href":"https:\/\/costanatura41.com\/fr\/wp-json\/wp\/v2\/media\/1049"}],"wp:attachment":[{"href":"https:\/\/costanatura41.com\/fr\/wp-json\/wp\/v2\/media?parent=2271"}],"curies":[{"name":"wp","href":"https:\/\/api.w.org\/{rel}","templated":true}]}}