{"id":2280,"date":"2020-04-11T15:21:47","date_gmt":"2020-04-11T15:21:47","guid":{"rendered":"https:\/\/costanatura41.com\/tarifs\/"},"modified":"2026-02-22T18:46:18","modified_gmt":"2026-02-22T18:46:18","slug":"tarifs","status":"publish","type":"page","link":"https:\/\/costanatura41.com\/fr\/tarifs\/","title":{"rendered":"Tarifs"},"content":{"rendered":"\t\t<div data-elementor-type=\"wp-post\" data-elementor-id=\"2280\" class=\"elementor elementor-2280 elementor-750\">\n\t\t\t\t\t\t<section class=\"elementor-section elementor-top-section elementor-element elementor-element-7263198 elementor-section-boxed elementor-section-height-default elementor-section-height-default\" data-id=\"7263198\" data-element_type=\"section\" data-e-type=\"section\">\n\t\t\t\t\t\t<div class=\"elementor-container elementor-column-gap-default\">\n\t\t\t\t\t<div class=\"elementor-column elementor-col-100 elementor-top-column elementor-element elementor-element-3d9c28f\" data-id=\"3d9c28f\" data-element_type=\"column\" data-e-type=\"column\">\n\t\t\t<div class=\"elementor-widget-wrap elementor-element-populated\">\n\t\t\t\t\t\t<div class=\"elementor-element elementor-element-4e14202 elementor-widget elementor-widget-text-editor\" data-id=\"4e14202\" data-element_type=\"widget\" data-e-type=\"widget\" data-widget_type=\"text-editor.default\">\n\t\t\t\t<div class=\"elementor-widget-container\">\n\t\t\t\t\t\t\t\t\t<p>Les tarifs de location pour la saison 2026\/2027 :\u00a0<\/p>\t\t\t\t\t\t\t\t<\/div>\n\t\t\t\t<\/div>\n\t\t\t\t<section class=\"elementor-section elementor-inner-section elementor-element elementor-element-174118d elementor-section-boxed elementor-section-height-default elementor-section-height-default\" data-id=\"174118d\" data-element_type=\"section\" data-e-type=\"section\">\n\t\t\t\t\t\t<div class=\"elementor-container elementor-column-gap-default\">\n\t\t\t\t\t<div class=\"elementor-column elementor-col-50 elementor-inner-column elementor-element elementor-element-9234ee5\" data-id=\"9234ee5\" data-element_type=\"column\" data-e-type=\"column\">\n\t\t\t<div class=\"elementor-widget-wrap elementor-element-populated\">\n\t\t\t\t\t\t<div class=\"elementor-element elementor-element-208e4ed elementor-widget elementor-widget-html\" data-id=\"208e4ed\" data-element_type=\"widget\" data-e-type=\"widget\" data-widget_type=\"html.default\">\n\t\t\t\t<div class=\"elementor-widget-container\">\n\t\t\t\t\t<table>\n<thead>\n<tr>\n<th id=\"HEADER\">Mois<\/th>\n<th id=\"HEADER\">Prix par nuit<\/th>\n<\/tr>\n<\/thead>\n<tbody>\n<tr>\n<td>Janvier<\/td>\n<td>91 \u20ac<\/td>\n<\/tr>\n<tr>\n<td>F\u00e9vrier<\/td>\n<td>91 \u20ac<\/td>\n<\/tr>\n<tr>\n<td>Mars<\/td>\n<td>121 \u20ac<\/td>\n<\/tr>\n<tr>\n<td>Avril<\/td>\n<td>121 \u20ac<\/td>\n<\/tr>\n<tr>\n<td>Mai<\/td>\n<td>154 \u20ac<\/td>\n<\/tr>\n<tr>\n<td>Juin<\/td>\n<td>154 \u20ac<\/td>\n<\/tr>\n<\/tbody>\n<\/table>\t\t\t\t<\/div>\n\t\t\t\t<\/div>\n\t\t\t\t\t<\/div>\n\t\t<\/div>\n\t\t\t\t<div class=\"elementor-column elementor-col-50 elementor-inner-column elementor-element elementor-element-bc91491\" data-id=\"bc91491\" data-element_type=\"column\" data-e-type=\"column\">\n\t\t\t<div class=\"elementor-widget-wrap elementor-element-populated\">\n\t\t\t\t\t\t<div class=\"elementor-element elementor-element-304d8e5 elementor-widget elementor-widget-html\" data-id=\"304d8e5\" data-element_type=\"widget\" data-e-type=\"widget\" data-widget_type=\"html.default\">\n\t\t\t\t<div class=\"elementor-widget-container\">\n\t\t\t\t\t<table>\n<thead><tr>\n<th>Mois<\/th>\n<th>Prix par nuit<\/th>\n<\/tr>\n<tr>\n<td>Juillet<\/td>\n<td>186 \u20ac<\/td>\n<\/tr>\n<tr>\n<td>Ao\u00fbt<\/td>\n<td>186 \u20ac<\/td>\n<\/tr>\n<tr>\n<td>Septembre<\/td>\n<td>186 \u20ac<\/td>\n<\/tr>\n<tr>\n<td>Octobre<\/td>\n<td>154 \u20ac<\/td>\n<\/tr>\n<tr>\n<td>Novembre<\/td>\n<td>91 \u20ac<\/td>\n<\/tr>\n<tr>\n<td>D\u00e9cembre<\/td>\n<td>91 \u20ac<\/td>\n<\/tr>\n<\/tbody>\n<\/table>\t\t\t\t<\/div>\n\t\t\t\t<\/div>\n\t\t\t\t\t<\/div>\n\t\t<\/div>\n\t\t\t\t\t<\/div>\n\t\t<\/section>\n\t\t\t\t<div class=\"elementor-element elementor-element-94338a5 elementor-widget elementor-widget-text-editor\" data-id=\"94338a5\" data-element_type=\"widget\" data-e-type=\"widget\" data-widget_type=\"text-editor.default\">\n\t\t\t\t<div class=\"elementor-widget-container\">\n\t\t\t\t\t\t\t\t\t<p>Tous les prix sont bas\u00e9s sur 2 invit\u00e9s et comprennent les taxes. Les clients suppl\u00e9mentaires sont de 10 euros par personne et par nuit. S\u00e9jour minimum de trois nuits. Le nettoyage final sera factur\u00e9 si le s\u00e9jour est inf\u00e9rieur \u00e0 5 nuits.  <\/p><p>Inclus dans les prix ci-dessus est l\u2019acc\u00e8s gratuit \u00e0 toutes les commodit\u00e9s \u00e0 Costa Natura tels que la piscine, jacuzzi et sauna. Vous pouvez \u00e9galement vous inscrire \u00e0 des activit\u00e9s telles que le yoga, les pilates et l&rsquo;aquagym lorsqu&rsquo;elles sont disponibles. Pendant les mois d&rsquo;\u00e9t\u00e9, des \u00e9v\u00e9nements sp\u00e9ciaux sont organis\u00e9s quotidiennement pour les enfants.  <\/p>\t\t\t\t\t\t\t\t<\/div>\n\t\t\t\t<\/div>\n\t\t\t\t<div class=\"elementor-element elementor-element-7706fca elementor-widget elementor-widget-heading\" data-id=\"7706fca\" data-element_type=\"widget\" data-e-type=\"widget\" data-widget_type=\"heading.default\">\n\t\t\t\t<div class=\"elementor-widget-container\">\n\t\t\t\t\t<h4 class=\"elementor-heading-title elementor-size-default\">Offre Long S\u00e9jour - de novembre \u00e0 mars<\/h4>\t\t\t\t<\/div>\n\t\t\t\t<\/div>\n\t\t\t\t<section class=\"elementor-section elementor-inner-section elementor-element elementor-element-725cdcc elementor-section-boxed elementor-section-height-default elementor-section-height-default\" data-id=\"725cdcc\" data-element_type=\"section\" data-e-type=\"section\">\n\t\t\t\t\t\t<div class=\"elementor-container elementor-column-gap-default\">\n\t\t\t\t\t<div class=\"elementor-column elementor-col-50 elementor-inner-column elementor-element elementor-element-bece634\" data-id=\"bece634\" data-element_type=\"column\" data-e-type=\"column\">\n\t\t\t<div class=\"elementor-widget-wrap elementor-element-populated\">\n\t\t\t\t\t\t<div class=\"elementor-element elementor-element-7cbcea2 elementor-widget elementor-widget-html\" data-id=\"7cbcea2\" data-element_type=\"widget\" data-e-type=\"widget\" data-widget_type=\"html.default\">\n\t\t\t\t<div class=\"elementor-widget-container\">\n\t\t\t\t\t<table>\n<thead>\n<tr>\n<th id=\"HEADER\">Mois<\/th>\n<th id=\"HEADER\">Prix par nuit <br> (minimum 30 jours)<\/th>\n<\/tr>\n<\/thead>\n<tbody>\n<tr>\n<td>Novembre<\/td>\n<td>57 \u20ac<\/td>\n<\/tr>\n<tr>\n<td>D\u00e9cembre<\/td>\n<td>57 \u20ac<\/td>\n<\/tr>\n\n<\/tbody>\n<\/table>\t\t\t\t<\/div>\n\t\t\t\t<\/div>\n\t\t\t\t\t<\/div>\n\t\t<\/div>\n\t\t\t\t<div class=\"elementor-column elementor-col-50 elementor-inner-column elementor-element elementor-element-757cd4e\" data-id=\"757cd4e\" data-element_type=\"column\" data-e-type=\"column\">\n\t\t\t<div class=\"elementor-widget-wrap elementor-element-populated\">\n\t\t\t\t\t\t<div class=\"elementor-element elementor-element-2eba84f elementor-widget elementor-widget-html\" data-id=\"2eba84f\" data-element_type=\"widget\" data-e-type=\"widget\" data-widget_type=\"html.default\">\n\t\t\t\t<div class=\"elementor-widget-container\">\n\t\t\t\t\t<table>\n<thead>\n<tr>\n<th id=\"HEADER\">Mois<\/th>\n<th id=\"HEADER\">Prix par nuit <br> (minimum 30 jours)<\/th>\n<\/tr>\n<\/thead>\n<tbody>\n\n<tr>\n<td>Janvier<\/td>\n<td>57 \u20ac<\/td>\n<\/tr>\n<tr>\n<td>F\u00e9vrier<\/td>\n<td>57 \u20ac<\/td>\n<\/tr>\n<tr>\n<td>Mars<\/td>\n<td>57 \u20ac<\/td>\n<\/tr>\n<\/tbody>\n<\/table>\t\t\t\t<\/div>\n\t\t\t\t<\/div>\n\t\t\t\t\t<\/div>\n\t\t<\/div>\n\t\t\t\t\t<\/div>\n\t\t<\/section>\n\t\t\t\t\t<\/div>\n\t\t<\/div>\n\t\t\t\t\t<\/div>\n\t\t<\/section>\n\t\t\t\t<section class=\"elementor-section elementor-top-section elementor-element elementor-element-dfe3e7c elementor-section-boxed elementor-section-height-default elementor-section-height-default\" data-id=\"dfe3e7c\" data-element_type=\"section\" data-e-type=\"section\">\n\t\t\t\t\t\t<div class=\"elementor-container elementor-column-gap-default\">\n\t\t\t\t\t<div class=\"elementor-column elementor-col-100 elementor-top-column elementor-element elementor-element-773ffd8\" data-id=\"773ffd8\" data-element_type=\"column\" data-e-type=\"column\">\n\t\t\t<div class=\"elementor-widget-wrap elementor-element-populated\">\n\t\t\t\t\t\t<div class=\"elementor-element elementor-element-8099d16 elementor-widget elementor-widget-html\" data-id=\"8099d16\" data-element_type=\"widget\" data-e-type=\"widget\" data-widget_type=\"html.default\">\n\t\t\t\t<div class=\"elementor-widget-container\">\n\t\t\t\t\t<div class=\"elementor-element elementor-element-2a11e70 elementor-widget elementor-align-center elementor-widget-button\" data-id=\"2a11e70\">\n\t\t\t\t<div class=\"elementor-widget-container\">\n\t\t\t\t\t<div class=\"elementor-button-wrapper\">\n\t\t\t<a href=\"https:\/\/costanatura.com\/accommodation\/apartment-41\/\" class=\"elementor-button-link elementor-button elementor-size-md\" target=\"_blank\" role=\"button\">\n\t\t\t\t\t\t<span class=\"elementor-button-content-wrapper\">\n\t\t\t\t\t\t<span class=\"elementor-button-text\">R\u00e9servez maintenant<\/span>\n\t\t<\/span>\n\t\t\t\t\t<\/a>\n\t\t<\/div>\n\t\t\t\t<\/div>\n\t\t\t\t<\/div>\t\t\t\t<\/div>\n\t\t\t\t<\/div>\n\t\t\t\t\t<\/div>\n\t\t<\/div>\n\t\t\t\t\t<\/div>\n\t\t<\/section>\n\t\t\t\t<\/div>\n\t\t","protected":false},"excerpt":{"rendered":"<p>Les tarifs de location pour la saison 2026\/2027 :\u00a0 Mois Prix par nuit Janvier 91 \u20ac F\u00e9vrier 91 \u20ac Mars 121 \u20ac Avril 121 \u20ac Mai 154 \u20ac Juin 154 \u20ac Mois Prix par nuit Juillet 186 \u20ac Ao\u00fbt 186 \u20ac Septembre 186 \u20ac Octobre 154 \u20ac Novembre 91 \u20ac D\u00e9cembre 91 \u20ac Tous les &hellip; <a href=\"https:\/\/costanatura41.com\/fr\/tarifs\/\" class=\"more-link\">Continue reading<span class=\"screen-reader-text\"> \u00ab\u00a0Tarifs\u00a0\u00bb<\/span><\/a><\/p>\n","protected":false},"author":7,"featured_media":0,"parent":0,"menu_order":0,"comment_status":"closed","ping_status":"closed","template":"template-full-width-page.php","meta":{"_monsterinsights_skip_tracking":false,"_monsterinsights_sitenote_active":false,"_monsterinsights_sitenote_note":"","_monsterinsights_sitenote_category":0,"jetpack_post_was_ever_published":false,"footnotes":""},"class_list":["post-2280","page","type-page","status-publish","hentry"],"yoast_head":"<!-- This site is optimized with the Yoast SEO plugin v27.1.1 - https:\/\/yoast.com\/product\/yoast-seo-wordpress\/ -->\n<title>Tarifs de location - COSTANATURA 41<\/title>\n<meta name=\"description\" content=\"Tarifs de location pour l&#039;appartement 41 pour la saison.\" \/>\n<meta name=\"robots\" content=\"index, follow, max-snippet:-1, max-image-preview:large, max-video-preview:-1\" \/>\n<link rel=\"canonical\" href=\"https:\/\/costanatura41.com\/fr\/tarifs\/\" \/>\n<meta property=\"og:locale\" content=\"fr_FR\" \/>\n<meta property=\"og:type\" content=\"article\" \/>\n<meta property=\"og:title\" content=\"Tarifs de location - COSTANATURA 41\" \/>\n<meta property=\"og:description\" content=\"Tarifs de location pour l&#039;appartement 41 pour la saison.\" \/>\n<meta property=\"og:url\" content=\"https:\/\/costanatura41.com\/fr\/tarifs\/\" \/>\n<meta property=\"og:site_name\" content=\"COSTANATURA 41\" \/>\n<meta property=\"article:modified_time\" content=\"2026-02-22T18:46:18+00:00\" \/>\n<meta name=\"twitter:card\" content=\"summary_large_image\" \/>\n<meta name=\"twitter:label1\" content=\"Dur\u00e9e de lecture estim\u00e9e\" \/>\n\t<meta name=\"twitter:data1\" content=\"1 minute\" \/>\n<script type=\"application\/ld+json\" class=\"yoast-schema-graph\">{\"@context\":\"https:\/\/schema.org\",\"@graph\":[{\"@type\":\"WebPage\",\"@id\":\"https:\/\/costanatura41.com\/fr\/tarifs\/\",\"url\":\"https:\/\/costanatura41.com\/fr\/tarifs\/\",\"name\":\"Tarifs de location - COSTANATURA 41\",\"isPartOf\":{\"@id\":\"https:\/\/costanatura41.com\/fr\/#website\"},\"datePublished\":\"2020-04-11T15:21:47+00:00\",\"dateModified\":\"2026-02-22T18:46:18+00:00\",\"description\":\"Tarifs de location pour l'appartement 41 pour la saison.\",\"breadcrumb\":{\"@id\":\"https:\/\/costanatura41.com\/fr\/tarifs\/#breadcrumb\"},\"inLanguage\":\"fr-FR\",\"potentialAction\":[{\"@type\":\"ReadAction\",\"target\":[\"https:\/\/costanatura41.com\/fr\/tarifs\/\"]}]},{\"@type\":\"BreadcrumbList\",\"@id\":\"https:\/\/costanatura41.com\/fr\/tarifs\/#breadcrumb\",\"itemListElement\":[{\"@type\":\"ListItem\",\"position\":1,\"name\":\"Home\",\"item\":\"https:\/\/costanatura41.com\/fr\/\"},{\"@type\":\"ListItem\",\"position\":2,\"name\":\"Tarifs\"}]},{\"@type\":\"WebSite\",\"@id\":\"https:\/\/costanatura41.com\/fr\/#website\",\"url\":\"https:\/\/costanatura41.com\/fr\/\",\"name\":\"Costanatura 41\",\"description\":\"Naturist Holiday Rent\",\"publisher\":{\"@id\":\"https:\/\/costanatura41.com\/fr\/#organization\"},\"potentialAction\":[{\"@type\":\"SearchAction\",\"target\":{\"@type\":\"EntryPoint\",\"urlTemplate\":\"https:\/\/costanatura41.com\/fr\/?s={search_term_string}\"},\"query-input\":{\"@type\":\"PropertyValueSpecification\",\"valueRequired\":true,\"valueName\":\"search_term_string\"}}],\"inLanguage\":\"fr-FR\"},{\"@type\":\"Organization\",\"@id\":\"https:\/\/costanatura41.com\/fr\/#organization\",\"name\":\"Costa Natura Apartment 41\",\"url\":\"https:\/\/costanatura41.com\/fr\/\",\"logo\":{\"@type\":\"ImageObject\",\"inLanguage\":\"fr-FR\",\"@id\":\"https:\/\/costanatura41.com\/fr\/#\/schema\/logo\/image\/\",\"url\":\"\",\"contentUrl\":\"\",\"caption\":\"Costa Natura Apartment 41\"},\"image\":{\"@id\":\"https:\/\/costanatura41.com\/fr\/#\/schema\/logo\/image\/\"}}]}<\/script>\n<!-- \/ Yoast SEO plugin. -->","yoast_head_json":{"title":"Tarifs de location - COSTANATURA 41","description":"Tarifs de location pour l'appartement 41 pour la saison.","robots":{"index":"index","follow":"follow","max-snippet":"max-snippet:-1","max-image-preview":"max-image-preview:large","max-video-preview":"max-video-preview:-1"},"canonical":"https:\/\/costanatura41.com\/fr\/tarifs\/","og_locale":"fr_FR","og_type":"article","og_title":"Tarifs de location - COSTANATURA 41","og_description":"Tarifs de location pour l'appartement 41 pour la saison.","og_url":"https:\/\/costanatura41.com\/fr\/tarifs\/","og_site_name":"COSTANATURA 41","article_modified_time":"2026-02-22T18:46:18+00:00","twitter_card":"summary_large_image","twitter_misc":{"Dur\u00e9e de lecture estim\u00e9e":"1 minute"},"schema":{"@context":"https:\/\/schema.org","@graph":[{"@type":"WebPage","@id":"https:\/\/costanatura41.com\/fr\/tarifs\/","url":"https:\/\/costanatura41.com\/fr\/tarifs\/","name":"Tarifs de location - COSTANATURA 41","isPartOf":{"@id":"https:\/\/costanatura41.com\/fr\/#website"},"datePublished":"2020-04-11T15:21:47+00:00","dateModified":"2026-02-22T18:46:18+00:00","description":"Tarifs de location pour l'appartement 41 pour la saison.","breadcrumb":{"@id":"https:\/\/costanatura41.com\/fr\/tarifs\/#breadcrumb"},"inLanguage":"fr-FR","potentialAction":[{"@type":"ReadAction","target":["https:\/\/costanatura41.com\/fr\/tarifs\/"]}]},{"@type":"BreadcrumbList","@id":"https:\/\/costanatura41.com\/fr\/tarifs\/#breadcrumb","itemListElement":[{"@type":"ListItem","position":1,"name":"Home","item":"https:\/\/costanatura41.com\/fr\/"},{"@type":"ListItem","position":2,"name":"Tarifs"}]},{"@type":"WebSite","@id":"https:\/\/costanatura41.com\/fr\/#website","url":"https:\/\/costanatura41.com\/fr\/","name":"Costanatura 41","description":"Naturist Holiday Rent","publisher":{"@id":"https:\/\/costanatura41.com\/fr\/#organization"},"potentialAction":[{"@type":"SearchAction","target":{"@type":"EntryPoint","urlTemplate":"https:\/\/costanatura41.com\/fr\/?s={search_term_string}"},"query-input":{"@type":"PropertyValueSpecification","valueRequired":true,"valueName":"search_term_string"}}],"inLanguage":"fr-FR"},{"@type":"Organization","@id":"https:\/\/costanatura41.com\/fr\/#organization","name":"Costa Natura Apartment 41","url":"https:\/\/costanatura41.com\/fr\/","logo":{"@type":"ImageObject","inLanguage":"fr-FR","@id":"https:\/\/costanatura41.com\/fr\/#\/schema\/logo\/image\/","url":"","contentUrl":"","caption":"Costa Natura Apartment 41"},"image":{"@id":"https:\/\/costanatura41.com\/fr\/#\/schema\/logo\/image\/"}}]}},"jetpack_sharing_enabled":true,"jetpack_shortlink":"https:\/\/wp.me\/PaF7DC-AM","jetpack-related-posts":[{"id":2268,"url":"https:\/\/costanatura41.com\/fr\/le-resort\/piscine\/","url_meta":{"origin":2280,"position":0},"title":"Piscine","author":"Costa Natura 41","date":"11 avril 2020","format":false,"excerpt":"La grande piscine d\u2019eau sal\u00e9e est chauff\u00e9e \u00e0 l\u2019\u00e9nergie solaire et ouverte tout au long de l\u2019ann\u00e9e. Il y a aussi une petite piscine pour tout-petits. Pendant la journ\u00e9e, la piscine et ses environs sont utilis\u00e9s pour l\u2019exercice, le plaisir et les jeux, l\u2019a\u00e9robic aquatique, les bains de soleil et\u2026","rel":"","context":"Article similaire","block_context":{"text":"Article similaire","link":""},"img":{"alt_text":"","src":"https:\/\/i0.wp.com\/costanatura41.com\/wp-content\/uploads\/sites\/18\/2019\/08\/costanatura-pool-view-2.jpg?fit=1200%2C900&ssl=1&resize=350%2C200","width":350,"height":200,"srcset":"https:\/\/i0.wp.com\/costanatura41.com\/wp-content\/uploads\/sites\/18\/2019\/08\/costanatura-pool-view-2.jpg?fit=1200%2C900&ssl=1&resize=350%2C200 1x, https:\/\/i0.wp.com\/costanatura41.com\/wp-content\/uploads\/sites\/18\/2019\/08\/costanatura-pool-view-2.jpg?fit=1200%2C900&ssl=1&resize=525%2C300 1.5x, https:\/\/i0.wp.com\/costanatura41.com\/wp-content\/uploads\/sites\/18\/2019\/08\/costanatura-pool-view-2.jpg?fit=1200%2C900&ssl=1&resize=700%2C400 2x, https:\/\/i0.wp.com\/costanatura41.com\/wp-content\/uploads\/sites\/18\/2019\/08\/costanatura-pool-view-2.jpg?fit=1200%2C900&ssl=1&resize=1050%2C600 3x"},"classes":[]},{"id":2177,"url":"https:\/\/costanatura41.com\/es\/tarifas\/","url_meta":{"origin":2280,"position":1},"title":"Tarifas","author":"Costa Natura 41","date":"2 avril 2020","format":false,"excerpt":"Las tarifas de alquiler para la temporada 2026\/2027 :\u00a0 Mes Precio por noche Enero 91 \u20ac Febrero 91 \u20ac Marzo 121 \u20ac Abril 121 \u20ac Mayo 154 \u20ac Junio 154 \u20ac Mes Precio por noche Julio 186 \u20ac Agosto 186 \u20ac Septiembre 186 \u20ac Octubre 154 \u20ac Noviembre 91 \u20ac\u2026","rel":"","context":"Article similaire","block_context":{"text":"Article similaire","link":""},"img":{"alt_text":"","src":"","width":0,"height":0},"classes":[]},{"id":750,"url":"https:\/\/costanatura41.com\/rates\/","url_meta":{"origin":2280,"position":2},"title":"Rates","author":"Costa Natura 41","date":"10 ao\u00fbt 2019","format":false,"excerpt":"The rental rates for the 2026\/2027 season:\u00a0 Month Price per night January 91 \u20ac February 91 \u20ac March 121 \u20ac April 121 \u20ac May 154 \u20ac June 154 \u20ac Month Price per night July 186 \u20ac August 186 \u20ac September 186 \u20ac October 154 \u20ac November 91 \u20ac December 91\u2026","rel":"","context":"Article similaire","block_context":{"text":"Article similaire","link":""},"img":{"alt_text":"","src":"","width":0,"height":0},"classes":[]},{"id":2495,"url":"https:\/\/costanatura41.com\/de\/preise\/","url_meta":{"origin":2280,"position":3},"title":"Preise","author":"Costa Natura 41","date":"18 avril 2020","format":false,"excerpt":"Die Mietpreise f\u00fcr die Saison 2026\/2027 :\u00a0 Monat Preis pro Nacht Januar 91 \u20ac Februar 91 \u20ac M\u00e4rz 121 \u20ac April 121 \u20ac Mai 154 \u20ac Juni 154 \u20ac Monat Preis pro Nacht Juli 186 \u20ac August 186 \u20ac September 186 \u20ac Oktober 154 \u20ac November 91 \u20ac Dezember 91\u2026","rel":"","context":"Article similaire","block_context":{"text":"Article similaire","link":""},"img":{"alt_text":"","src":"","width":0,"height":0},"classes":[]},{"id":2276,"url":"https:\/\/costanatura41.com\/fr\/","url_meta":{"origin":2280,"position":4},"title":"Appartement de vacances Naturist dans le sud de l\u2019Espagne","author":"Costa Natura 41","date":"11 avril 2025","format":false,"excerpt":"R\u00e9servez maintenant Costa Natura 41 - Votre appartement de vacances Naturist dans le sud de l\u2019Espagne Bienvenue dans ce fabuleux appartement dans le sud de l\u2019Espagne. Ici, vous pouvez profiter d\u2019une f\u00eate naturiste combin\u00e9e avec toutes les commodit\u00e9s de la vie moderne.Surtout, il a \u00e9t\u00e9 enti\u00e8rement r\u00e9nov\u00e9 en 2019 \u00e0\u2026","rel":"","context":"Article similaire","block_context":{"text":"Article similaire","link":""},"img":{"alt_text":"","src":"https:\/\/i0.wp.com\/costanatura41.com\/wp-content\/uploads\/sites\/18\/2022\/07\/cn-pool-view-3-4.jpg?fit=1200%2C900&ssl=1&resize=350%2C200","width":350,"height":200,"srcset":"https:\/\/i0.wp.com\/costanatura41.com\/wp-content\/uploads\/sites\/18\/2022\/07\/cn-pool-view-3-4.jpg?fit=1200%2C900&ssl=1&resize=350%2C200 1x, https:\/\/i0.wp.com\/costanatura41.com\/wp-content\/uploads\/sites\/18\/2022\/07\/cn-pool-view-3-4.jpg?fit=1200%2C900&ssl=1&resize=525%2C300 1.5x, https:\/\/i0.wp.com\/costanatura41.com\/wp-content\/uploads\/sites\/18\/2022\/07\/cn-pool-view-3-4.jpg?fit=1200%2C900&ssl=1&resize=700%2C400 2x, https:\/\/i0.wp.com\/costanatura41.com\/wp-content\/uploads\/sites\/18\/2022\/07\/cn-pool-view-3-4.jpg?fit=1200%2C900&ssl=1&resize=1050%2C600 3x"},"classes":[]},{"id":2283,"url":"https:\/\/costanatura41.com\/fr\/naturisme\/","url_meta":{"origin":2280,"position":5},"title":"Naturisme","author":"Costa Natura 41","date":"11 avril 2020","format":false,"excerpt":"Le naturisme est un choix de mode de vie. La F\u00e9d\u00e9ration Naturiste Internationale(INF)d\u00e9finit ainsi le naturisme : \u00ab C\u2019est un mode de vie en harmonie avec la nature, exprim\u00e9 par la nudit\u00e9 sociale, li\u00e9 au respect de soi, \u00e0 la tol\u00e9rance des points de vue divergents avec le respect de\u2026","rel":"","context":"Article similaire","block_context":{"text":"Article similaire","link":""},"img":{"alt_text":"Plage naturiste en face de Costa Natura vue du c\u00f4t\u00e9 nord.","src":"https:\/\/i0.wp.com\/costanatura41.com\/wp-content\/uploads\/sites\/18\/2019\/09\/beach-view-2.jpg?resize=350%2C200&ssl=1","width":350,"height":200},"classes":[]}],"_links":{"self":[{"href":"https:\/\/costanatura41.com\/fr\/wp-json\/wp\/v2\/pages\/2280","targetHints":{"allow":["GET"]}}],"collection":[{"href":"https:\/\/costanatura41.com\/fr\/wp-json\/wp\/v2\/pages"}],"about":[{"href":"https:\/\/costanatura41.com\/fr\/wp-json\/wp\/v2\/types\/page"}],"author":[{"embeddable":true,"href":"https:\/\/costanatura41.com\/fr\/wp-json\/wp\/v2\/users\/7"}],"replies":[{"embeddable":true,"href":"https:\/\/costanatura41.com\/fr\/wp-json\/wp\/v2\/comments?post=2280"}],"version-history":[{"count":6,"href":"https:\/\/costanatura41.com\/fr\/wp-json\/wp\/v2\/pages\/2280\/revisions"}],"predecessor-version":[{"id":4644,"href":"https:\/\/costanatura41.com\/fr\/wp-json\/wp\/v2\/pages\/2280\/revisions\/4644"}],"wp:attachment":[{"href":"https:\/\/costanatura41.com\/fr\/wp-json\/wp\/v2\/media?parent=2280"}],"curies":[{"name":"wp","href":"https:\/\/api.w.org\/{rel}","templated":true}]}}