{"id":2440,"date":"2020-04-12T10:23:36","date_gmt":"2020-04-12T10:23:36","guid":{"rendered":"https:\/\/costanatura41.com\/le-quartier\/marche-et-randonnee\/"},"modified":"2025-11-27T20:02:54","modified_gmt":"2025-11-27T20:02:54","slug":"marche-et-randonnee","status":"publish","type":"page","link":"https:\/\/costanatura41.com\/fr\/le-quartier\/marche-et-randonnee\/","title":{"rendered":"Marche et randonn\u00e9e"},"content":{"rendered":"\n<p>L\u2019Andalousie offre une multitude d\u2019options de marche et de randonn\u00e9e. El Caminito del Rey n\u2019est pas pour le c\u0153ur feinte! Une option plus facile est le Paseo Maritimo \u00e0 Estepona.<\/p>\n\n\n\n<!--more voir les d\u00e9tails-->\n\n\n\n<h2 class=\"wp-block-heading\">El Caminito del Rey<\/h2>\n\n\n\n<p>El Caminito del Rey est une passerelle, \u00e9pingl\u00e9e le long des murs escarp\u00e9s d\u2019une gorge \u00e9troite \u00e0 El Chorro, dans la province de Malaga.<br> Avant d\u2019\u00eatre enti\u00e8rement r\u00e9nov\u00e9 et rouvert en 2015, il \u00e9tait consid\u00e9r\u00e9 comme le chemin le plus dangereux du monde.<\/p>\n\n\n\n<div class=\"wp-block-jetpack-tiled-gallery aligncenter is-style-rectangular\"><div class=\"tiled-gallery__gallery\"><div class=\"tiled-gallery__row\"><div class=\"tiled-gallery__col\"><figure class=\"tiled-gallery__item\"><img decoding=\"async\" role=\"button\" tabindex=\"0\" aria-label=\"Ouvrir l\u2019image 1 sur 2 en plein \u00e9cran\"srcset=\"https:\/\/i0.wp.com\/costanatura41.com\/wp-content\/uploads\/sites\/18\/2019\/08\/el-caminito-del-rey-2.jpg?strip=info&#038;w=600&#038;ssl=1 600w,https:\/\/i0.wp.com\/costanatura41.com\/wp-content\/uploads\/sites\/18\/2019\/08\/el-caminito-del-rey-2.jpg?strip=info&#038;w=900&#038;ssl=1 900w,https:\/\/i0.wp.com\/costanatura41.com\/wp-content\/uploads\/sites\/18\/2019\/08\/el-caminito-del-rey-2.jpg?strip=info&#038;w=1200&#038;ssl=1 1200w,https:\/\/i0.wp.com\/costanatura41.com\/wp-content\/uploads\/sites\/18\/2019\/08\/el-caminito-del-rey-2.jpg?strip=info&#038;w=1400&#038;ssl=1 1400w\" alt=\"\" data-height=\"840\" data-id=\"667\" data-link=\"https:\/\/costanatura41.com\/neighborhood\/walking-hiking\/el-caminito-del-rey-2\/\" data-url=\"https:\/\/costanatura41.com\/wp-content\/uploads\/sites\/18\/2019\/08\/el-caminito-del-rey-2.jpg\" data-width=\"1400\" src=\"https:\/\/i0.wp.com\/costanatura41.com\/wp-content\/uploads\/sites\/18\/2019\/08\/el-caminito-del-rey-2.jpg?ssl=1\"><\/figure><\/div><div class=\"tiled-gallery__col\"><figure class=\"tiled-gallery__item\"><img decoding=\"async\" role=\"button\" tabindex=\"0\" aria-label=\"Ouvrir l\u2019image 2 sur 2 en plein \u00e9cran\"srcset=\"https:\/\/i2.wp.com\/costanatura41.com\/wp-content\/uploads\/sites\/18\/2019\/08\/el-caminito-del-rey-1.jpg?strip=info&#038;w=600&#038;ssl=1 600w,https:\/\/i2.wp.com\/costanatura41.com\/wp-content\/uploads\/sites\/18\/2019\/08\/el-caminito-del-rey-1.jpg?strip=info&#038;w=900&#038;ssl=1 900w,https:\/\/i2.wp.com\/costanatura41.com\/wp-content\/uploads\/sites\/18\/2019\/08\/el-caminito-del-rey-1.jpg?strip=info&#038;w=1200&#038;ssl=1 1200w,https:\/\/i2.wp.com\/costanatura41.com\/wp-content\/uploads\/sites\/18\/2019\/08\/el-caminito-del-rey-1.jpg?strip=info&#038;w=1500&#038;ssl=1 1500w,https:\/\/i2.wp.com\/costanatura41.com\/wp-content\/uploads\/sites\/18\/2019\/08\/el-caminito-del-rey-1.jpg?strip=info&#038;w=1600&#038;ssl=1 1600w\" alt=\"\" data-height=\"900\" data-id=\"633\" data-link=\"https:\/\/costanatura41.com\/el-caminito-del-rey-1\/\" data-url=\"https:\/\/costanatura41.com\/wp-content\/uploads\/sites\/18\/2019\/08\/el-caminito-del-rey-1.jpg\" data-width=\"1600\" src=\"https:\/\/i2.wp.com\/costanatura41.com\/wp-content\/uploads\/sites\/18\/2019\/08\/el-caminito-del-rey-1.jpg?ssl=1\"><\/figure><\/div><\/div><\/div><\/div>\n\n\n\n<a href=\"https:\/\/goo.gl\/maps\/enLhfqAaaT3De2NR9\" class=\"more-link\" target=\"_blank\" rel=\"noopener noreferrer\">Afficher l\u2019emplacement<\/a>\n\n\n\n<hr class=\"wp-block-separator has-css-opacity\"\/>\n\n\n\n<h2 class=\"wp-block-heading\">Peintures murales<\/h2>\n\n\n\n<p>Un choix plus facile est de marcher dans les rues d\u2019Estepona et profiter des peintures murales \u00e9tonnantes ornant les c\u00f4t\u00e9s de nombreux b\u00e2timents.<\/p>\n\n\n\n<div class=\"wp-block-jetpack-tiled-gallery aligncenter is-style-rectangular\"><div class=\"\"><div class=\"tiled-gallery__gallery\"><div class=\"tiled-gallery__row\"><div class=\"tiled-gallery__col\" style=\"flex-basis:50.00000%\"><figure class=\"tiled-gallery__item\"><img decoding=\"async\" role=\"button\" tabindex=\"0\" aria-label=\"Ouvrir l\u2019image 1 sur 2 en plein \u00e9cran\"srcset=\"https:\/\/i0.wp.com\/costanatura41.com\/wp-content\/uploads\/sites\/18\/2019\/08\/estepona-walls-1.jpg?strip=info&#038;w=600&#038;ssl=1 600w,https:\/\/i0.wp.com\/costanatura41.com\/wp-content\/uploads\/sites\/18\/2019\/08\/estepona-walls-1.jpg?strip=info&#038;w=900&#038;ssl=1 900w,https:\/\/i0.wp.com\/costanatura41.com\/wp-content\/uploads\/sites\/18\/2019\/08\/estepona-walls-1.jpg?strip=info&#038;w=1200&#038;ssl=1 1200w,https:\/\/i0.wp.com\/costanatura41.com\/wp-content\/uploads\/sites\/18\/2019\/08\/estepona-walls-1.jpg?strip=info&#038;w=1500&#038;ssl=1 1500w,https:\/\/i0.wp.com\/costanatura41.com\/wp-content\/uploads\/sites\/18\/2019\/08\/estepona-walls-1.jpg?strip=info&#038;w=1800&#038;ssl=1 1800w,https:\/\/i0.wp.com\/costanatura41.com\/wp-content\/uploads\/sites\/18\/2019\/08\/estepona-walls-1.jpg?strip=info&#038;w=2000&#038;ssl=1 2000w\" alt=\"\" data-height=\"1920\" data-id=\"595\" data-link=\"https:\/\/costanatura41.com\/estepona-walls-1\/\" data-url=\"https:\/\/costanatura41.com\/wp-content\/uploads\/sites\/18\/2019\/08\/estepona-walls-1.jpg\" data-width=\"2560\" src=\"https:\/\/i0.wp.com\/costanatura41.com\/wp-content\/uploads\/sites\/18\/2019\/08\/estepona-walls-1.jpg?ssl=1\" data-amp-layout=\"responsive\"\/><\/figure><\/div><div class=\"tiled-gallery__col\" style=\"flex-basis:50.00000%\"><figure class=\"tiled-gallery__item\"><img decoding=\"async\" role=\"button\" tabindex=\"0\" aria-label=\"Ouvrir l\u2019image 2 sur 2 en plein \u00e9cran\"srcset=\"https:\/\/i0.wp.com\/costanatura41.com\/wp-content\/uploads\/sites\/18\/2019\/05\/estepona-7.jpg?strip=info&#038;w=600&#038;ssl=1 600w,https:\/\/i0.wp.com\/costanatura41.com\/wp-content\/uploads\/sites\/18\/2019\/05\/estepona-7.jpg?strip=info&#038;w=900&#038;ssl=1 900w,https:\/\/i0.wp.com\/costanatura41.com\/wp-content\/uploads\/sites\/18\/2019\/05\/estepona-7.jpg?strip=info&#038;w=1200&#038;ssl=1 1200w,https:\/\/i0.wp.com\/costanatura41.com\/wp-content\/uploads\/sites\/18\/2019\/05\/estepona-7.jpg?strip=info&#038;w=1500&#038;ssl=1 1500w,https:\/\/i0.wp.com\/costanatura41.com\/wp-content\/uploads\/sites\/18\/2019\/05\/estepona-7.jpg?strip=info&#038;w=1800&#038;ssl=1 1800w,https:\/\/i0.wp.com\/costanatura41.com\/wp-content\/uploads\/sites\/18\/2019\/05\/estepona-7.jpg?strip=info&#038;w=2000&#038;ssl=1 2000w\" alt=\"\" data-height=\"1920\" data-id=\"352\" data-link=\"https:\/\/costanatura41.com\/estepona-7\/\" data-url=\"https:\/\/costanatura41.com\/wp-content\/uploads\/sites\/18\/2019\/05\/estepona-7.jpg\" data-width=\"2560\" src=\"https:\/\/i0.wp.com\/costanatura41.com\/wp-content\/uploads\/sites\/18\/2019\/05\/estepona-7.jpg?ssl=1\" data-amp-layout=\"responsive\"\/><\/figure><\/div><\/div><\/div><\/div><\/div>\n\n\n\n<a href=\"https:\/\/goo.gl\/maps\/i6ddqa1KSBHeinHe8\" class=\"more-link\" target=\"_blank\" rel=\"noopener noreferrer\">Afficher l\u2019emplacement<\/a>\n","protected":false},"excerpt":{"rendered":"<p>L\u2019Andalousie offre une multitude d\u2019options de marche et de randonn\u00e9e. El Caminito del Rey n\u2019est pas pour le c\u0153ur feinte! Une option plus facile est le Paseo Maritimo \u00e0 Estepona.<\/p>\n","protected":false},"author":7,"featured_media":1298,"parent":2277,"menu_order":3,"comment_status":"closed","ping_status":"closed","template":"template-boxed-page.php","meta":{"_monsterinsights_skip_tracking":false,"_monsterinsights_sitenote_active":false,"_monsterinsights_sitenote_note":"","_monsterinsights_sitenote_category":0,"jetpack_post_was_ever_published":false,"footnotes":""},"class_list":["post-2440","page","type-page","status-publish","has-post-thumbnail","hentry"],"yoast_head":"<!-- This site is optimized with the Yoast SEO plugin v27.3 - https:\/\/yoast.com\/product\/yoast-seo-wordpress\/ -->\n<title>Marche et randonn\u00e9e - COSTANATURA 41<\/title>\n<meta name=\"robots\" content=\"index, follow, max-snippet:-1, max-image-preview:large, max-video-preview:-1\" \/>\n<link rel=\"canonical\" href=\"https:\/\/costanatura41.com\/fr\/le-quartier\/marche-et-randonnee\/\" \/>\n<meta property=\"og:locale\" content=\"fr_FR\" \/>\n<meta property=\"og:type\" content=\"article\" \/>\n<meta property=\"og:title\" content=\"Marche et randonn\u00e9e - COSTANATURA 41\" \/>\n<meta property=\"og:description\" content=\"L\u2019Andalousie offre une multitude d\u2019options de marche et de randonn\u00e9e. El Caminito del Rey n\u2019est pas pour le c\u0153ur feinte! Une option plus facile est le Paseo Maritimo \u00e0 Estepona.\" \/>\n<meta property=\"og:url\" content=\"https:\/\/costanatura41.com\/fr\/le-quartier\/marche-et-randonnee\/\" \/>\n<meta property=\"og:site_name\" content=\"COSTANATURA 41\" \/>\n<meta property=\"article:modified_time\" content=\"2025-11-27T20:02:54+00:00\" \/>\n<meta property=\"og:image\" content=\"https:\/\/costanatura41.com\/wp-content\/uploads\/sites\/18\/2019\/08\/el-caminito-del-rey-2.jpg\" \/>\n\t<meta property=\"og:image:width\" content=\"1400\" \/>\n\t<meta property=\"og:image:height\" content=\"840\" \/>\n\t<meta property=\"og:image:type\" content=\"image\/jpeg\" \/>\n<meta name=\"twitter:card\" content=\"summary_large_image\" \/>\n<meta name=\"twitter:label1\" content=\"Dur\u00e9e de lecture estim\u00e9e\" \/>\n\t<meta name=\"twitter:data1\" content=\"2 minutes\" \/>\n<script type=\"application\/ld+json\" class=\"yoast-schema-graph\">{\"@context\":\"https:\\\/\\\/schema.org\",\"@graph\":[{\"@type\":\"WebPage\",\"@id\":\"https:\\\/\\\/costanatura41.com\\\/fr\\\/le-quartier\\\/marche-et-randonnee\\\/\",\"url\":\"https:\\\/\\\/costanatura41.com\\\/fr\\\/le-quartier\\\/marche-et-randonnee\\\/\",\"name\":\"Marche et randonn\u00e9e - COSTANATURA 41\",\"isPartOf\":{\"@id\":\"https:\\\/\\\/costanatura41.com\\\/fr\\\/#website\"},\"primaryImageOfPage\":{\"@id\":\"https:\\\/\\\/costanatura41.com\\\/fr\\\/le-quartier\\\/marche-et-randonnee\\\/#primaryimage\"},\"image\":{\"@id\":\"https:\\\/\\\/costanatura41.com\\\/fr\\\/le-quartier\\\/marche-et-randonnee\\\/#primaryimage\"},\"thumbnailUrl\":\"https:\\\/\\\/i0.wp.com\\\/costanatura41.com\\\/wp-content\\\/uploads\\\/sites\\\/18\\\/2019\\\/08\\\/el-caminito-del-rey-2.jpg?fit=1400%2C840&ssl=1\",\"datePublished\":\"2020-04-12T10:23:36+00:00\",\"dateModified\":\"2025-11-27T20:02:54+00:00\",\"breadcrumb\":{\"@id\":\"https:\\\/\\\/costanatura41.com\\\/fr\\\/le-quartier\\\/marche-et-randonnee\\\/#breadcrumb\"},\"inLanguage\":\"fr-FR\",\"potentialAction\":[{\"@type\":\"ReadAction\",\"target\":[\"https:\\\/\\\/costanatura41.com\\\/fr\\\/le-quartier\\\/marche-et-randonnee\\\/\"]}]},{\"@type\":\"ImageObject\",\"inLanguage\":\"fr-FR\",\"@id\":\"https:\\\/\\\/costanatura41.com\\\/fr\\\/le-quartier\\\/marche-et-randonnee\\\/#primaryimage\",\"url\":\"https:\\\/\\\/i0.wp.com\\\/costanatura41.com\\\/wp-content\\\/uploads\\\/sites\\\/18\\\/2019\\\/08\\\/el-caminito-del-rey-2.jpg?fit=1400%2C840&ssl=1\",\"contentUrl\":\"https:\\\/\\\/i0.wp.com\\\/costanatura41.com\\\/wp-content\\\/uploads\\\/sites\\\/18\\\/2019\\\/08\\\/el-caminito-del-rey-2.jpg?fit=1400%2C840&ssl=1\",\"width\":1400,\"height\":840},{\"@type\":\"BreadcrumbList\",\"@id\":\"https:\\\/\\\/costanatura41.com\\\/fr\\\/le-quartier\\\/marche-et-randonnee\\\/#breadcrumb\",\"itemListElement\":[{\"@type\":\"ListItem\",\"position\":1,\"name\":\"Home\",\"item\":\"https:\\\/\\\/costanatura41.com\\\/fr\\\/\"},{\"@type\":\"ListItem\",\"position\":2,\"name\":\"Le quartier\",\"item\":\"https:\\\/\\\/costanatura41.com\\\/fr\\\/le-quartier\\\/\"},{\"@type\":\"ListItem\",\"position\":3,\"name\":\"Marche et randonn\u00e9e\"}]},{\"@type\":\"WebSite\",\"@id\":\"https:\\\/\\\/costanatura41.com\\\/fr\\\/#website\",\"url\":\"https:\\\/\\\/costanatura41.com\\\/fr\\\/\",\"name\":\"Costanatura 41\",\"description\":\"Naturist Holiday Rent\",\"publisher\":{\"@id\":\"https:\\\/\\\/costanatura41.com\\\/fr\\\/#organization\"},\"potentialAction\":[{\"@type\":\"SearchAction\",\"target\":{\"@type\":\"EntryPoint\",\"urlTemplate\":\"https:\\\/\\\/costanatura41.com\\\/fr\\\/?s={search_term_string}\"},\"query-input\":{\"@type\":\"PropertyValueSpecification\",\"valueRequired\":true,\"valueName\":\"search_term_string\"}}],\"inLanguage\":\"fr-FR\"},{\"@type\":\"Organization\",\"@id\":\"https:\\\/\\\/costanatura41.com\\\/fr\\\/#organization\",\"name\":\"Costa Natura Apartment 41\",\"url\":\"https:\\\/\\\/costanatura41.com\\\/fr\\\/\",\"logo\":{\"@type\":\"ImageObject\",\"inLanguage\":\"fr-FR\",\"@id\":\"https:\\\/\\\/costanatura41.com\\\/fr\\\/#\\\/schema\\\/logo\\\/image\\\/\",\"url\":\"\",\"contentUrl\":\"\",\"caption\":\"Costa Natura Apartment 41\"},\"image\":{\"@id\":\"https:\\\/\\\/costanatura41.com\\\/fr\\\/#\\\/schema\\\/logo\\\/image\\\/\"}}]}<\/script>\n<!-- \/ Yoast SEO plugin. -->","yoast_head_json":{"title":"Marche et randonn\u00e9e - COSTANATURA 41","robots":{"index":"index","follow":"follow","max-snippet":"max-snippet:-1","max-image-preview":"max-image-preview:large","max-video-preview":"max-video-preview:-1"},"canonical":"https:\/\/costanatura41.com\/fr\/le-quartier\/marche-et-randonnee\/","og_locale":"fr_FR","og_type":"article","og_title":"Marche et randonn\u00e9e - COSTANATURA 41","og_description":"L\u2019Andalousie offre une multitude d\u2019options de marche et de randonn\u00e9e. El Caminito del Rey n\u2019est pas pour le c\u0153ur feinte! Une option plus facile est le Paseo Maritimo \u00e0 Estepona.","og_url":"https:\/\/costanatura41.com\/fr\/le-quartier\/marche-et-randonnee\/","og_site_name":"COSTANATURA 41","article_modified_time":"2025-11-27T20:02:54+00:00","og_image":[{"width":1400,"height":840,"url":"https:\/\/costanatura41.com\/wp-content\/uploads\/sites\/18\/2019\/08\/el-caminito-del-rey-2.jpg","type":"image\/jpeg"}],"twitter_card":"summary_large_image","twitter_misc":{"Dur\u00e9e de lecture estim\u00e9e":"2 minutes"},"schema":{"@context":"https:\/\/schema.org","@graph":[{"@type":"WebPage","@id":"https:\/\/costanatura41.com\/fr\/le-quartier\/marche-et-randonnee\/","url":"https:\/\/costanatura41.com\/fr\/le-quartier\/marche-et-randonnee\/","name":"Marche et randonn\u00e9e - COSTANATURA 41","isPartOf":{"@id":"https:\/\/costanatura41.com\/fr\/#website"},"primaryImageOfPage":{"@id":"https:\/\/costanatura41.com\/fr\/le-quartier\/marche-et-randonnee\/#primaryimage"},"image":{"@id":"https:\/\/costanatura41.com\/fr\/le-quartier\/marche-et-randonnee\/#primaryimage"},"thumbnailUrl":"https:\/\/i0.wp.com\/costanatura41.com\/wp-content\/uploads\/sites\/18\/2019\/08\/el-caminito-del-rey-2.jpg?fit=1400%2C840&ssl=1","datePublished":"2020-04-12T10:23:36+00:00","dateModified":"2025-11-27T20:02:54+00:00","breadcrumb":{"@id":"https:\/\/costanatura41.com\/fr\/le-quartier\/marche-et-randonnee\/#breadcrumb"},"inLanguage":"fr-FR","potentialAction":[{"@type":"ReadAction","target":["https:\/\/costanatura41.com\/fr\/le-quartier\/marche-et-randonnee\/"]}]},{"@type":"ImageObject","inLanguage":"fr-FR","@id":"https:\/\/costanatura41.com\/fr\/le-quartier\/marche-et-randonnee\/#primaryimage","url":"https:\/\/i0.wp.com\/costanatura41.com\/wp-content\/uploads\/sites\/18\/2019\/08\/el-caminito-del-rey-2.jpg?fit=1400%2C840&ssl=1","contentUrl":"https:\/\/i0.wp.com\/costanatura41.com\/wp-content\/uploads\/sites\/18\/2019\/08\/el-caminito-del-rey-2.jpg?fit=1400%2C840&ssl=1","width":1400,"height":840},{"@type":"BreadcrumbList","@id":"https:\/\/costanatura41.com\/fr\/le-quartier\/marche-et-randonnee\/#breadcrumb","itemListElement":[{"@type":"ListItem","position":1,"name":"Home","item":"https:\/\/costanatura41.com\/fr\/"},{"@type":"ListItem","position":2,"name":"Le quartier","item":"https:\/\/costanatura41.com\/fr\/le-quartier\/"},{"@type":"ListItem","position":3,"name":"Marche et randonn\u00e9e"}]},{"@type":"WebSite","@id":"https:\/\/costanatura41.com\/fr\/#website","url":"https:\/\/costanatura41.com\/fr\/","name":"Costanatura 41","description":"Naturist Holiday Rent","publisher":{"@id":"https:\/\/costanatura41.com\/fr\/#organization"},"potentialAction":[{"@type":"SearchAction","target":{"@type":"EntryPoint","urlTemplate":"https:\/\/costanatura41.com\/fr\/?s={search_term_string}"},"query-input":{"@type":"PropertyValueSpecification","valueRequired":true,"valueName":"search_term_string"}}],"inLanguage":"fr-FR"},{"@type":"Organization","@id":"https:\/\/costanatura41.com\/fr\/#organization","name":"Costa Natura Apartment 41","url":"https:\/\/costanatura41.com\/fr\/","logo":{"@type":"ImageObject","inLanguage":"fr-FR","@id":"https:\/\/costanatura41.com\/fr\/#\/schema\/logo\/image\/","url":"","contentUrl":"","caption":"Costa Natura Apartment 41"},"image":{"@id":"https:\/\/costanatura41.com\/fr\/#\/schema\/logo\/image\/"}}]}},"jetpack_sharing_enabled":true,"jetpack_shortlink":"https:\/\/wp.me\/PaF7DC-Dm","jetpack-related-posts":[{"id":2167,"url":"https:\/\/costanatura41.com\/es\/el-barrio\/caminar-y-caminar\/","url_meta":{"origin":2440,"position":0},"title":"Caminar y caminar","author":"Costa Natura 41","date":"2 avril 2020","format":false,"excerpt":"Andaluc\u00eda ofrece una gran variedad de opciones de senderismo y senderismo. \u00a1El Caminito del Rey no es para los de coraz\u00f3n! Una opci\u00f3n m\u00e1s f\u00e1cil es el Paseo Mar\u00edtimo en Estepona. El Caminito del Rey El Caminito del Rey es una pasarela, anclada a lo largo de las escarpadas paredes\u2026","rel":"","context":"Article similaire","block_context":{"text":"Article similaire","link":""},"img":{"alt_text":"","src":"https:\/\/i0.wp.com\/costanatura41.com\/wp-content\/uploads\/sites\/18\/2019\/08\/el-caminito-del-rey-2.jpg?fit=1200%2C720&ssl=1&resize=350%2C200","width":350,"height":200,"srcset":"https:\/\/i0.wp.com\/costanatura41.com\/wp-content\/uploads\/sites\/18\/2019\/08\/el-caminito-del-rey-2.jpg?fit=1200%2C720&ssl=1&resize=350%2C200 1x, https:\/\/i0.wp.com\/costanatura41.com\/wp-content\/uploads\/sites\/18\/2019\/08\/el-caminito-del-rey-2.jpg?fit=1200%2C720&ssl=1&resize=525%2C300 1.5x, https:\/\/i0.wp.com\/costanatura41.com\/wp-content\/uploads\/sites\/18\/2019\/08\/el-caminito-del-rey-2.jpg?fit=1200%2C720&ssl=1&resize=700%2C400 2x, https:\/\/i0.wp.com\/costanatura41.com\/wp-content\/uploads\/sites\/18\/2019\/08\/el-caminito-del-rey-2.jpg?fit=1200%2C720&ssl=1&resize=1050%2C600 3x"},"classes":[]},{"id":76,"url":"https:\/\/costanatura41.com\/neighborhood\/walking-hiking\/","url_meta":{"origin":2440,"position":1},"title":"Walking and Hiking","author":"Costa Natura 41","date":"19 juillet 2018","format":false,"excerpt":"Andalusia offers a wealth of walking and hiking options. El Caminito del Rey is not for the feint-hearted! An easier option is the Paseo Maritimo in Estepona. El Caminito del Rey El Caminito del Rey is a walkway, pinned along the steep walls of a narrow gorge in El Chorro,\u2026","rel":"","context":"Article similaire","block_context":{"text":"Article similaire","link":""},"img":{"alt_text":"","src":"https:\/\/i0.wp.com\/costanatura41.com\/wp-content\/uploads\/sites\/18\/2019\/08\/el-caminito-del-rey-2.jpg?fit=1200%2C720&ssl=1&resize=350%2C200","width":350,"height":200,"srcset":"https:\/\/i0.wp.com\/costanatura41.com\/wp-content\/uploads\/sites\/18\/2019\/08\/el-caminito-del-rey-2.jpg?fit=1200%2C720&ssl=1&resize=350%2C200 1x, https:\/\/i0.wp.com\/costanatura41.com\/wp-content\/uploads\/sites\/18\/2019\/08\/el-caminito-del-rey-2.jpg?fit=1200%2C720&ssl=1&resize=525%2C300 1.5x, https:\/\/i0.wp.com\/costanatura41.com\/wp-content\/uploads\/sites\/18\/2019\/08\/el-caminito-del-rey-2.jpg?fit=1200%2C720&ssl=1&resize=700%2C400 2x, https:\/\/i0.wp.com\/costanatura41.com\/wp-content\/uploads\/sites\/18\/2019\/08\/el-caminito-del-rey-2.jpg?fit=1200%2C720&ssl=1&resize=1050%2C600 3x"},"classes":[]},{"id":2489,"url":"https:\/\/costanatura41.com\/de\/die-nachbarschaft\/wandern\/","url_meta":{"origin":2440,"position":2},"title":"Wandern und Wandern","author":"Costa Natura 41","date":"18 avril 2020","format":false,"excerpt":"Andalusien bietet eine F\u00fclle von Wander- und Wanderm\u00f6glichkeiten. El Caminito del Rey ist nichts f\u00fcr Feint-Herz! Eine einfachere Option ist der Paseo Maritimo in Estepona. El Caminito del Rey El Caminito del Rey ist ein Gehweg, der an den steilen Mauern einer engen Schlucht in El Chorro in der Provinz\u2026","rel":"","context":"Article similaire","block_context":{"text":"Article similaire","link":""},"img":{"alt_text":"","src":"https:\/\/i0.wp.com\/costanatura41.com\/wp-content\/uploads\/sites\/18\/2019\/08\/el-caminito-del-rey-1.jpg?fit=1200%2C675&ssl=1&resize=350%2C200","width":350,"height":200,"srcset":"https:\/\/i0.wp.com\/costanatura41.com\/wp-content\/uploads\/sites\/18\/2019\/08\/el-caminito-del-rey-1.jpg?fit=1200%2C675&ssl=1&resize=350%2C200 1x, https:\/\/i0.wp.com\/costanatura41.com\/wp-content\/uploads\/sites\/18\/2019\/08\/el-caminito-del-rey-1.jpg?fit=1200%2C675&ssl=1&resize=525%2C300 1.5x, https:\/\/i0.wp.com\/costanatura41.com\/wp-content\/uploads\/sites\/18\/2019\/08\/el-caminito-del-rey-1.jpg?fit=1200%2C675&ssl=1&resize=700%2C400 2x, https:\/\/i0.wp.com\/costanatura41.com\/wp-content\/uploads\/sites\/18\/2019\/08\/el-caminito-del-rey-1.jpg?fit=1200%2C675&ssl=1&resize=1050%2C600 3x"},"classes":[]},{"id":2166,"url":"https:\/\/costanatura41.com\/es\/el-barrio\/cafes-y-restaurantes\/","url_meta":{"origin":2440,"position":3},"title":"Caf\u00e9s y restaurantes","author":"Costa Natura 41","date":"2 avril 2020","format":false,"excerpt":"Estepona est\u00e1 a poca distancia en coche de la Costa Natura. Cuenta con una gran variedad de cafeter\u00edas y restaurantes en el casco antiguo, el puerto y el centro de la ciudad. La Casa del Rey La Casa del Rey es un bar-gastro con un ambiente muy agradable. Tienen asientos\u2026","rel":"","context":"Article similaire","block_context":{"text":"Article similaire","link":""},"img":{"alt_text":"","src":"https:\/\/i0.wp.com\/costanatura41.com\/wp-content\/uploads\/sites\/18\/2019\/05\/estepona-restaurant-1.jpg?fit=1200%2C900&ssl=1&resize=350%2C200","width":350,"height":200,"srcset":"https:\/\/i0.wp.com\/costanatura41.com\/wp-content\/uploads\/sites\/18\/2019\/05\/estepona-restaurant-1.jpg?fit=1200%2C900&ssl=1&resize=350%2C200 1x, https:\/\/i0.wp.com\/costanatura41.com\/wp-content\/uploads\/sites\/18\/2019\/05\/estepona-restaurant-1.jpg?fit=1200%2C900&ssl=1&resize=525%2C300 1.5x, https:\/\/i0.wp.com\/costanatura41.com\/wp-content\/uploads\/sites\/18\/2019\/05\/estepona-restaurant-1.jpg?fit=1200%2C900&ssl=1&resize=700%2C400 2x, https:\/\/i0.wp.com\/costanatura41.com\/wp-content\/uploads\/sites\/18\/2019\/05\/estepona-restaurant-1.jpg?fit=1200%2C900&ssl=1&resize=1050%2C600 3x"},"classes":[]},{"id":2271,"url":"https:\/\/costanatura41.com\/fr\/le-quartier\/cafes-et-restaurants\/","url_meta":{"origin":2440,"position":4},"title":"Caf\u00e9s et restaurants","author":"Costa Natura 41","date":"11 avril 2020","format":false,"excerpt":"Estepona est \u00e0 seulement une courte distance en voiture de Costa Natura. Il dispose d\u2019une grande vari\u00e9t\u00e9 de caf\u00e9s et restaurants dans la vieille ville, le port et le centre-ville. La Casa del Rey La Casa del Rey est un bar-bar \u00e0 vin avec une atmosph\u00e8re tr\u00e8s agr\u00e9able. Ils ont\u2026","rel":"","context":"Article similaire","block_context":{"text":"Article similaire","link":""},"img":{"alt_text":"","src":"https:\/\/i0.wp.com\/costanatura41.com\/wp-content\/uploads\/sites\/18\/2019\/05\/estepona-restaurant-1.jpg?fit=1200%2C900&ssl=1&resize=350%2C200","width":350,"height":200,"srcset":"https:\/\/i0.wp.com\/costanatura41.com\/wp-content\/uploads\/sites\/18\/2019\/05\/estepona-restaurant-1.jpg?fit=1200%2C900&ssl=1&resize=350%2C200 1x, https:\/\/i0.wp.com\/costanatura41.com\/wp-content\/uploads\/sites\/18\/2019\/05\/estepona-restaurant-1.jpg?fit=1200%2C900&ssl=1&resize=525%2C300 1.5x, https:\/\/i0.wp.com\/costanatura41.com\/wp-content\/uploads\/sites\/18\/2019\/05\/estepona-restaurant-1.jpg?fit=1200%2C900&ssl=1&resize=700%2C400 2x, https:\/\/i0.wp.com\/costanatura41.com\/wp-content\/uploads\/sites\/18\/2019\/05\/estepona-restaurant-1.jpg?fit=1200%2C900&ssl=1&resize=1050%2C600 3x"},"classes":[]},{"id":2174,"url":"https:\/\/costanatura41.com\/es\/el-barrio\/","url_meta":{"origin":2440,"position":5},"title":"El barrio","author":"Costa Natura 41","date":"2 avril 2020","format":false,"excerpt":"Costa Natura se encuentra en las afueras del sur de Estepona. En marea baja, un paseo de 45 minutos a lo largo de la playa le llevar\u00e1 al puerto. Otros 10-15 minutos le llevar\u00e1n al centro de la ciudad. Tambi\u00e9n se puede tomar el autob\u00fas justo fuera del complejo o\u2026","rel":"","context":"Article similaire","block_context":{"text":"Article similaire","link":""},"img":{"alt_text":"","src":"","width":0,"height":0},"classes":[]}],"_links":{"self":[{"href":"https:\/\/costanatura41.com\/fr\/wp-json\/wp\/v2\/pages\/2440","targetHints":{"allow":["GET"]}}],"collection":[{"href":"https:\/\/costanatura41.com\/fr\/wp-json\/wp\/v2\/pages"}],"about":[{"href":"https:\/\/costanatura41.com\/fr\/wp-json\/wp\/v2\/types\/page"}],"author":[{"embeddable":true,"href":"https:\/\/costanatura41.com\/fr\/wp-json\/wp\/v2\/users\/7"}],"replies":[{"embeddable":true,"href":"https:\/\/costanatura41.com\/fr\/wp-json\/wp\/v2\/comments?post=2440"}],"version-history":[{"count":0,"href":"https:\/\/costanatura41.com\/fr\/wp-json\/wp\/v2\/pages\/2440\/revisions"}],"up":[{"embeddable":true,"href":"https:\/\/costanatura41.com\/fr\/wp-json\/wp\/v2\/pages\/2277"}],"wp:featuredmedia":[{"embeddable":true,"href":"https:\/\/costanatura41.com\/fr\/wp-json\/wp\/v2\/media\/1298"}],"wp:attachment":[{"href":"https:\/\/costanatura41.com\/fr\/wp-json\/wp\/v2\/media?parent=2440"}],"curies":[{"name":"wp","href":"https:\/\/api.w.org\/{rel}","templated":true}]}}