{"id":3430,"date":"2022-07-22T05:27:14","date_gmt":"2022-07-22T05:27:14","guid":{"rendered":"https:\/\/costanatura41.com\/invite\/chauffage-au-sol\/"},"modified":"2025-12-27T21:26:58","modified_gmt":"2025-12-27T21:26:58","slug":"chauffage-au-sol","status":"publish","type":"page","link":"https:\/\/costanatura41.com\/fr\/invite\/chauffage-au-sol\/","title":{"rendered":"Chauffage au sol"},"content":{"rendered":"","protected":true},"excerpt":{"rendered":"","protected":true},"author":7,"featured_media":0,"parent":3424,"menu_order":1,"comment_status":"closed","ping_status":"closed","template":"template-boxed-page.php","meta":{"_monsterinsights_skip_tracking":false,"_monsterinsights_sitenote_active":false,"_monsterinsights_sitenote_note":"","_monsterinsights_sitenote_category":0,"jetpack_post_was_ever_published":false,"footnotes":""},"class_list":["post-3430","page","type-page","status-publish","post-password-required","hentry"],"yoast_head":"<!-- This site is optimized with the Yoast SEO plugin v27.4 - https:\/\/yoast.com\/product\/yoast-seo-wordpress\/ -->\n<title>Chauffage au sol - COSTANATURA 41<\/title>\n<meta name=\"robots\" content=\"noindex, nofollow\" \/>\n<meta property=\"og:locale\" content=\"fr_FR\" \/>\n<meta property=\"og:type\" content=\"article\" \/>\n<meta property=\"og:title\" content=\"Chauffage au sol - COSTANATURA 41\" \/>\n<meta property=\"og:description\" content=\"Il n\u2019y a pas d\u2019extrait, car cette publication est prot\u00e9g\u00e9e.\" \/>\n<meta property=\"og:url\" content=\"https:\/\/costanatura41.com\/fr\/invite\/chauffage-au-sol\/\" \/>\n<meta property=\"og:site_name\" content=\"COSTANATURA 41\" \/>\n<meta property=\"article:modified_time\" content=\"2025-12-27T21:26:58+00:00\" \/>\n<meta name=\"twitter:card\" content=\"summary_large_image\" \/>\n<script type=\"application\/ld+json\" class=\"yoast-schema-graph\">{\"@context\":\"https:\\\/\\\/schema.org\",\"@graph\":[{\"@type\":\"WebPage\",\"@id\":\"https:\\\/\\\/costanatura41.com\\\/fr\\\/invite\\\/chauffage-au-sol\\\/\",\"url\":\"https:\\\/\\\/costanatura41.com\\\/fr\\\/invite\\\/chauffage-au-sol\\\/\",\"name\":\"Chauffage au sol - COSTANATURA 41\",\"isPartOf\":{\"@id\":\"https:\\\/\\\/costanatura41.com\\\/fr\\\/#website\"},\"datePublished\":\"2022-07-22T05:27:14+00:00\",\"dateModified\":\"2025-12-27T21:26:58+00:00\",\"breadcrumb\":{\"@id\":\"https:\\\/\\\/costanatura41.com\\\/fr\\\/invite\\\/chauffage-au-sol\\\/#breadcrumb\"},\"inLanguage\":\"fr-FR\"},{\"@type\":\"WebSite\",\"@id\":\"https:\\\/\\\/costanatura41.com\\\/fr\\\/#website\",\"url\":\"https:\\\/\\\/costanatura41.com\\\/fr\\\/\",\"name\":\"Costanatura 41\",\"description\":\"Naturist Holiday Rent\",\"publisher\":{\"@id\":\"https:\\\/\\\/costanatura41.com\\\/fr\\\/#organization\"},\"potentialAction\":[{\"@type\":\"SearchAction\",\"target\":{\"@type\":\"EntryPoint\",\"urlTemplate\":\"https:\\\/\\\/costanatura41.com\\\/fr\\\/?s={search_term_string}\"},\"query-input\":{\"@type\":\"PropertyValueSpecification\",\"valueRequired\":true,\"valueName\":\"search_term_string\"}}],\"inLanguage\":\"fr-FR\"},{\"@type\":\"Organization\",\"@id\":\"https:\\\/\\\/costanatura41.com\\\/fr\\\/#organization\",\"name\":\"Costa Natura Apartment 41\",\"url\":\"https:\\\/\\\/costanatura41.com\\\/fr\\\/\",\"logo\":{\"@type\":\"ImageObject\",\"inLanguage\":\"fr-FR\",\"@id\":\"https:\\\/\\\/costanatura41.com\\\/fr\\\/#\\\/schema\\\/logo\\\/image\\\/\",\"url\":\"\",\"contentUrl\":\"\",\"caption\":\"Costa Natura Apartment 41\"},\"image\":{\"@id\":\"https:\\\/\\\/costanatura41.com\\\/fr\\\/#\\\/schema\\\/logo\\\/image\\\/\"}}]}<\/script>\n<!-- \/ Yoast SEO plugin. -->","yoast_head_json":{"title":"Chauffage au sol - COSTANATURA 41","robots":{"index":"noindex","follow":"nofollow"},"og_locale":"fr_FR","og_type":"article","og_title":"Chauffage au sol - COSTANATURA 41","og_description":"Il n\u2019y a pas d\u2019extrait, car cette publication est prot\u00e9g\u00e9e.","og_url":"https:\/\/costanatura41.com\/fr\/invite\/chauffage-au-sol\/","og_site_name":"COSTANATURA 41","article_modified_time":"2025-12-27T21:26:58+00:00","twitter_card":"summary_large_image","schema":{"@context":"https:\/\/schema.org","@graph":[{"@type":"WebPage","@id":"https:\/\/costanatura41.com\/fr\/invite\/chauffage-au-sol\/","url":"https:\/\/costanatura41.com\/fr\/invite\/chauffage-au-sol\/","name":"Chauffage au sol - COSTANATURA 41","isPartOf":{"@id":"https:\/\/costanatura41.com\/fr\/#website"},"datePublished":"2022-07-22T05:27:14+00:00","dateModified":"2025-12-27T21:26:58+00:00","breadcrumb":{"@id":"https:\/\/costanatura41.com\/fr\/invite\/chauffage-au-sol\/#breadcrumb"},"inLanguage":"fr-FR"},{"@type":"WebSite","@id":"https:\/\/costanatura41.com\/fr\/#website","url":"https:\/\/costanatura41.com\/fr\/","name":"Costanatura 41","description":"Naturist Holiday Rent","publisher":{"@id":"https:\/\/costanatura41.com\/fr\/#organization"},"potentialAction":[{"@type":"SearchAction","target":{"@type":"EntryPoint","urlTemplate":"https:\/\/costanatura41.com\/fr\/?s={search_term_string}"},"query-input":{"@type":"PropertyValueSpecification","valueRequired":true,"valueName":"search_term_string"}}],"inLanguage":"fr-FR"},{"@type":"Organization","@id":"https:\/\/costanatura41.com\/fr\/#organization","name":"Costa Natura Apartment 41","url":"https:\/\/costanatura41.com\/fr\/","logo":{"@type":"ImageObject","inLanguage":"fr-FR","@id":"https:\/\/costanatura41.com\/fr\/#\/schema\/logo\/image\/","url":"","contentUrl":"","caption":"Costa Natura Apartment 41"},"image":{"@id":"https:\/\/costanatura41.com\/fr\/#\/schema\/logo\/image\/"}}]}},"jetpack_sharing_enabled":true,"jetpack_shortlink":"https:\/\/wp.me\/PaF7DC-Tk","jetpack-related-posts":[{"id":2276,"url":"https:\/\/costanatura41.com\/fr\/","url_meta":{"origin":3430,"position":0},"title":"Appartement de vacances Naturist dans le sud de l\u2019Espagne","author":"Costa Natura 41","date":"11 avril 2025","format":false,"excerpt":"R\u00e9servez maintenant Costa Natura 41 - Votre appartement de vacances Naturist dans le sud de l\u2019Espagne Bienvenue dans ce fabuleux appartement dans le sud de l\u2019Espagne. Ici, vous pouvez profiter d\u2019une f\u00eate naturiste combin\u00e9e avec toutes les commodit\u00e9s de la vie moderne.Surtout, il a \u00e9t\u00e9 enti\u00e8rement r\u00e9nov\u00e9 en 2019 \u00e0\u2026","rel":"","context":"Article similaire","block_context":{"text":"Article similaire","link":""},"img":{"alt_text":"","src":"https:\/\/i0.wp.com\/costanatura41.com\/wp-content\/uploads\/sites\/18\/2022\/07\/cn-pool-view-3-4.jpg?fit=1200%2C900&ssl=1&resize=350%2C200","width":350,"height":200,"srcset":"https:\/\/i0.wp.com\/costanatura41.com\/wp-content\/uploads\/sites\/18\/2022\/07\/cn-pool-view-3-4.jpg?fit=1200%2C900&ssl=1&resize=350%2C200 1x, https:\/\/i0.wp.com\/costanatura41.com\/wp-content\/uploads\/sites\/18\/2022\/07\/cn-pool-view-3-4.jpg?fit=1200%2C900&ssl=1&resize=525%2C300 1.5x, https:\/\/i0.wp.com\/costanatura41.com\/wp-content\/uploads\/sites\/18\/2022\/07\/cn-pool-view-3-4.jpg?fit=1200%2C900&ssl=1&resize=700%2C400 2x, https:\/\/i0.wp.com\/costanatura41.com\/wp-content\/uploads\/sites\/18\/2022\/07\/cn-pool-view-3-4.jpg?fit=1200%2C900&ssl=1&resize=1050%2C600 3x"},"classes":[]},{"id":2281,"url":"https:\/\/costanatura41.com\/fr\/le-resort\/equipments-sportifs\/","url_meta":{"origin":3430,"position":1},"title":"Installations de formation et terrain de jeu","author":"Costa Natura 41","date":"11 avril 2020","format":false,"excerpt":"Costa Natura offre une vari\u00e9t\u00e9 de fa\u00e7ons de rester actif et de s'amuser. Entra\u00eene-toi dans la salle de sport int\u00e9rieure, participe \u00e0 un match de volley, profite d'une partie de p\u00e9tanque au bord de mer, ou explore le littoral en kayak. Il y a aussi une aire de jeux ext\u00e9rieure\u2026","rel":"","context":"Article similaire","block_context":{"text":"Article similaire","link":""},"img":{"alt_text":"","src":"https:\/\/i0.wp.com\/costanatura41.com\/wp-content\/uploads\/sites\/18\/2019\/08\/cn-petanque-2.jpg?fit=1200%2C900&ssl=1&resize=350%2C200","width":350,"height":200,"srcset":"https:\/\/i0.wp.com\/costanatura41.com\/wp-content\/uploads\/sites\/18\/2019\/08\/cn-petanque-2.jpg?fit=1200%2C900&ssl=1&resize=350%2C200 1x, https:\/\/i0.wp.com\/costanatura41.com\/wp-content\/uploads\/sites\/18\/2019\/08\/cn-petanque-2.jpg?fit=1200%2C900&ssl=1&resize=525%2C300 1.5x, https:\/\/i0.wp.com\/costanatura41.com\/wp-content\/uploads\/sites\/18\/2019\/08\/cn-petanque-2.jpg?fit=1200%2C900&ssl=1&resize=700%2C400 2x, https:\/\/i0.wp.com\/costanatura41.com\/wp-content\/uploads\/sites\/18\/2019\/08\/cn-petanque-2.jpg?fit=1200%2C900&ssl=1&resize=1050%2C600 3x"},"classes":[]},{"id":2164,"url":"https:\/\/costanatura41.com\/es\/el-resort\/piscina\/","url_meta":{"origin":3430,"position":2},"title":"Piscina","author":"Costa Natura 41","date":"2 avril 2020","format":false,"excerpt":"La gran piscina de agua salada est\u00e1 climatizada por energ\u00eda solar y est\u00e1 abierta durante todo el a\u00f1o. Tambi\u00e9n hay una peque\u00f1a piscina para ni\u00f1os peque\u00f1os. Durante el d\u00eda, la piscina y los alrededores se utilizan para hacer ejercicio, divertirse y jugar, hacer aer\u00f3bic acu\u00e1tico, tomar el sol y conectarse\u2026","rel":"","context":"Article similaire","block_context":{"text":"Article similaire","link":""},"img":{"alt_text":"","src":"https:\/\/i0.wp.com\/costanatura41.com\/wp-content\/uploads\/sites\/18\/2019\/08\/costanatura-pool-view-2.jpg?fit=1200%2C900&ssl=1&resize=350%2C200","width":350,"height":200,"srcset":"https:\/\/i0.wp.com\/costanatura41.com\/wp-content\/uploads\/sites\/18\/2019\/08\/costanatura-pool-view-2.jpg?fit=1200%2C900&ssl=1&resize=350%2C200 1x, https:\/\/i0.wp.com\/costanatura41.com\/wp-content\/uploads\/sites\/18\/2019\/08\/costanatura-pool-view-2.jpg?fit=1200%2C900&ssl=1&resize=525%2C300 1.5x, https:\/\/i0.wp.com\/costanatura41.com\/wp-content\/uploads\/sites\/18\/2019\/08\/costanatura-pool-view-2.jpg?fit=1200%2C900&ssl=1&resize=700%2C400 2x, https:\/\/i0.wp.com\/costanatura41.com\/wp-content\/uploads\/sites\/18\/2019\/08\/costanatura-pool-view-2.jpg?fit=1200%2C900&ssl=1&resize=1050%2C600 3x"},"classes":[]},{"id":2269,"url":"https:\/\/costanatura41.com\/fr\/le-resort\/","url_meta":{"origin":3430,"position":3},"title":"Le Resort","author":"Costa Natura 41","date":"11 avril 2020","format":false,"excerpt":"Costa Natura est un village de vill\u00e9giature naturiste avec 200 appartements dans un beau jardin m\u00e9diterran\u00e9en bien entretenu. Il est situ\u00e9 juste sur la plage de Costa Natura, la premi\u00e8re plage naturiste d\u2019Espagne. Le complexe dispose d\u2019une grande piscine d\u2019eau sal\u00e9e, d\u2019un restaurant au bord de la mer, d\u2019une salle\u2026","rel":"","context":"Article similaire","block_context":{"text":"Article similaire","link":""},"img":{"alt_text":"","src":"","width":0,"height":0},"classes":[]},{"id":2161,"url":"https:\/\/costanatura41.com\/es\/el-resort\/restaurante\/","url_meta":{"origin":3430,"position":4},"title":"Restaurante","author":"Costa Natura 41","date":"2 avril 2020","format":false,"excerpt":"Costa Natura tiene su propio restaurante que sirve comida y bebida durante todo el d\u00eda. Los men\u00fas para el almuerzo y la cena ofrecen una variedad de opciones, tanto locales como internacionales. Es un gran lugar para socializar y un par de d\u00edas a la semana hay entretenimiento por la\u2026","rel":"","context":"Article similaire","block_context":{"text":"Article similaire","link":""},"img":{"alt_text":"Restaurante en Costa Natura visto desde el lado de la piscina.","src":"https:\/\/i0.wp.com\/costanatura41.com\/wp-content\/uploads\/sites\/18\/2019\/08\/costanatura-pool-view-4.jpg?fit=1200%2C900&ssl=1&resize=350%2C200","width":350,"height":200,"srcset":"https:\/\/i0.wp.com\/costanatura41.com\/wp-content\/uploads\/sites\/18\/2019\/08\/costanatura-pool-view-4.jpg?fit=1200%2C900&ssl=1&resize=350%2C200 1x, https:\/\/i0.wp.com\/costanatura41.com\/wp-content\/uploads\/sites\/18\/2019\/08\/costanatura-pool-view-4.jpg?fit=1200%2C900&ssl=1&resize=525%2C300 1.5x, https:\/\/i0.wp.com\/costanatura41.com\/wp-content\/uploads\/sites\/18\/2019\/08\/costanatura-pool-view-4.jpg?fit=1200%2C900&ssl=1&resize=700%2C400 2x, https:\/\/i0.wp.com\/costanatura41.com\/wp-content\/uploads\/sites\/18\/2019\/08\/costanatura-pool-view-4.jpg?fit=1200%2C900&ssl=1&resize=1050%2C600 3x"},"classes":[]},{"id":2172,"url":"https:\/\/costanatura41.com\/es\/apartamento-de-vacaciones-naturista-en-el-sur-de-espana\/","url_meta":{"origin":3430,"position":5},"title":"Apartamento de vacaciones naturista en el sur de Espa\u00f1a","author":"Costa Natura 41","date":"2 avril 2025","format":false,"excerpt":"Reserve ahora Costa Natura 41 - Tu apartamento de vacaciones naturista en el sur de Espa\u00f1a Bienvenido a este fabuloso apartamento en el sur de Espa\u00f1a. Aqu\u00ed podr\u00e1 disfrutar de unas vacaciones naturistas combinadas con todas las comodidades de la vida moderna.Sobre todo, fue completamente renovado en 2019 a un\u2026","rel":"","context":"Article similaire","block_context":{"text":"Article similaire","link":""},"img":{"alt_text":"","src":"https:\/\/i0.wp.com\/costanatura41.com\/wp-content\/uploads\/sites\/18\/2022\/07\/cn-pool-view-3-4.jpg?fit=1200%2C900&ssl=1&resize=350%2C200","width":350,"height":200,"srcset":"https:\/\/i0.wp.com\/costanatura41.com\/wp-content\/uploads\/sites\/18\/2022\/07\/cn-pool-view-3-4.jpg?fit=1200%2C900&ssl=1&resize=350%2C200 1x, https:\/\/i0.wp.com\/costanatura41.com\/wp-content\/uploads\/sites\/18\/2022\/07\/cn-pool-view-3-4.jpg?fit=1200%2C900&ssl=1&resize=525%2C300 1.5x, https:\/\/i0.wp.com\/costanatura41.com\/wp-content\/uploads\/sites\/18\/2022\/07\/cn-pool-view-3-4.jpg?fit=1200%2C900&ssl=1&resize=700%2C400 2x, https:\/\/i0.wp.com\/costanatura41.com\/wp-content\/uploads\/sites\/18\/2022\/07\/cn-pool-view-3-4.jpg?fit=1200%2C900&ssl=1&resize=1050%2C600 3x"},"classes":[]}],"_links":{"self":[{"href":"https:\/\/costanatura41.com\/fr\/wp-json\/wp\/v2\/pages\/3430","targetHints":{"allow":["GET"]}}],"collection":[{"href":"https:\/\/costanatura41.com\/fr\/wp-json\/wp\/v2\/pages"}],"about":[{"href":"https:\/\/costanatura41.com\/fr\/wp-json\/wp\/v2\/types\/page"}],"author":[{"embeddable":true,"href":"https:\/\/costanatura41.com\/fr\/wp-json\/wp\/v2\/users\/7"}],"replies":[{"embeddable":true,"href":"https:\/\/costanatura41.com\/fr\/wp-json\/wp\/v2\/comments?post=3430"}],"version-history":[{"count":1,"href":"https:\/\/costanatura41.com\/fr\/wp-json\/wp\/v2\/pages\/3430\/revisions"}],"predecessor-version":[{"id":4615,"href":"https:\/\/costanatura41.com\/fr\/wp-json\/wp\/v2\/pages\/3430\/revisions\/4615"}],"up":[{"embeddable":true,"href":"https:\/\/costanatura41.com\/fr\/wp-json\/wp\/v2\/pages\/3424"}],"wp:attachment":[{"href":"https:\/\/costanatura41.com\/fr\/wp-json\/wp\/v2\/media?parent=3430"}],"curies":[{"name":"wp","href":"https:\/\/api.w.org\/{rel}","templated":true}]}}